{"id":3899,"date":"2026-04-03T06:18:26","date_gmt":"2026-04-03T06:18:26","guid":{"rendered":"https:\/\/lyfilter.com\/"},"modified":"2026-05-08T01:25:10","modified_gmt":"2026-05-08T01:25:10","slug":"sanitary-filter-housing-stainless-for-industry-iso-9001-with-good-price","status":"publish","type":"product","link":"https:\/\/lyfilter.com\/it\/sanitary-filter-housing-stainless-for-industry-iso-9001-with-good-price\/","title":{"rendered":"Involucro del filtro sanitario inossidabile per l'industria ISO 9001 con il buon prezzo"},"content":{"rendered":"<p><b>Dettagli del prodotto Custodia per filtro sanitario inossidabile<\/b><\/p>\n<p>&nbsp;<\/p>\n<p><b>Specifiche del prodotto<\/b><\/p>\n<p>Materiale: Acciaio inossidabile<\/p>\n<p>&nbsp;<\/p>\n<p><b>Introduzione al prodotto<\/b><\/p>\n<p><a href=\"https:\/\/lyfilter.com\/it\/\">Filtro Lvyuan<\/a>\u00a0Le custodie per filtri sanitari inossidabili sono prodotte con materiali di ultima generazione, poich\u00e9 siamo sempre al passo con gli ultimi sviluppi tecnologici. In base alle richieste dei clienti, i nostri tecnici hanno migliorato con successo l'alloggiamento del filtro sanitario inossidabile. Grazie all'eccellente qualit\u00e0 e alla buona reputazione, la scala di produzione di Guangzhou Lvyuan Water Purification Equipment Co., Ltd. si sta espandendo.<\/p>\n<p><strong>Filtro per gas ad alta pressione in acciaio inox<\/strong><\/p>\n<p>Il filtro ad alta pressione \u00e8 utilizzato per filtrare le impurit\u00e0 solide e liquide nell'aria compressa ad alta pressione I filtri ad alta pressione sono adatti a filtrare le impurit\u00e0 solide e liquide nell'aria compressa ad alta pressione. Il filtro ad alta pressione in lega di alluminio pu\u00f2 gestire fino a 50 barg di aria compressa, mentre il filtro ad alta pressione in acciaio inox pu\u00f2 gestire fino a 350 barg di aria compressa.<\/p>","protected":false},"excerpt":{"rendered":"<table>\n<thead>\n<tr>\n<th>Campo<\/th>\n<th>Valore<\/th>\n<\/tr>\n<\/thead>\n<tbody>\n<tr>\n<td>Condizione<\/td>\n<td>Nuovo<\/td>\n<\/tr>\n<tr>\n<td>Industrie applicabili<\/td>\n<td>Alberghi, Negozi di abbigliamento, Negozi di materiali da costruzione, Impianti di produzione, Negozi di riparazione di macchinari, Fabbrica di alimenti e bevande, Aziende agricole, Ristoranti, Uso domestico, Vendita al dettaglio, Negozio di alimentari, Negozi di stampa, Lavori edili, Energia e miniere, Negozi di alimenti e bevande<\/td>\n<\/tr>\n<tr>\n<td>Servizio post garanzia<\/td>\n<td>Assistenza online<\/td>\n<\/tr>\n<tr>\n<td>Sede del servizio locale<\/td>\n<td>nessuno<\/td>\n<\/tr>\n<tr>\n<td>Posizione dello showroom<\/td>\n<td>nessuno<\/td>\n<\/tr>\n<tr>\n<td>Video uscita-ispezione<\/td>\n<td>Fornito<\/td>\n<\/tr>\n<tr>\n<td>Rapporto di prova del macchinario<\/td>\n<td>Fornito<\/td>\n<\/tr>\n<tr>\n<td>Tipo di marketing<\/td>\n<td>Prodotto ordinario<\/td>\n<\/tr>\n<tr>\n<td>Garanzia dei componenti principali<\/td>\n<td>1 anno<\/td>\n<\/tr>\n<tr>\n<td>Componenti principali<\/td>\n<td>Recipiente a pressione<\/td>\n<\/tr>\n<tr>\n<td>Luogo di origine<\/td>\n<td>Guangdong, Cina<\/td>\n<\/tr>\n<tr>\n<td>Nome del marchio<\/td>\n<td>Lvyuan\/OEM<\/td>\n<\/tr>\n<tr>\n<td>Garanzia<\/td>\n<td>1 anno<\/td>\n<\/tr>\n<tr>\n<td>Servizio post-vendita fornito<\/td>\n<td>Assistenza online<\/td>\n<\/tr>\n<tr>\n<td>Nome del prodotto<\/td>\n<td>Filtro da 0,22 micron<\/td>\n<\/tr>\n<tr>\n<td>Tasso di micron<\/td>\n<td>Da 0,1 a 300 micron<\/td>\n<\/tr>\n<tr>\n<td>Dimensione OEM<\/td>\n<td>Disponibile<\/td>\n<\/tr>\n<tr>\n<td>Lunghezza<\/td>\n<td>5\u2033, 10\u2033, 20\u2033, 30\u2033, 40\u2033, 50\u201d, 60\u201d pollici<\/td>\n<\/tr>\n<tr>\n<td>Acciaio inox Materiale<\/td>\n<td>304, 316, 316L<\/td>\n<\/tr>\n<tr>\n<td>Modulo di interfaccia<\/td>\n<td>222, 226, 215, M36, M24, M22, M20 interfaccia filettatura<\/td>\n<\/tr>\n<tr>\n<td>Strato<\/td>\n<td>filtro a cartuccia pieghettato\/mesh<\/td>\n<\/tr>\n<tr>\n<td>Utilizzo<\/td>\n<td>filtrazione di gas e liquidi<\/td>\n<\/tr>\n<tr>\n<td>Resistenza al calore<\/td>\n<td>-200 - 500 gradi<\/td>\n<\/tr>\n<tr>\n<td>Pressione di lavoro<\/td>\n<td>Da 0,1 a 30Mpa<\/td>\n<\/tr>\n<tr>\n<td>Capacit\u00e0 di approvvigionamento<\/td>\n<td>5000 pezzo\/pezzi al giorno cartuccia del filtro dell'olio<\/td>\n<\/tr>\n<tr>\n<td>Porta di partenza<\/td>\n<td>Guangzhou<\/td>\n<\/tr>\n<tr>\n<td>Pagamento<\/td>\n<td>T\/T, garanzia di commercio di Alibaba, paypal<\/td>\n<\/tr>\n<tr>\n<td>Certificazione<\/td>\n<td>ISO 9001<\/td>\n<\/tr>\n<tr>\n<td>Marchio<\/td>\n<td>OEM\/Lvyuan<\/td>\n<\/tr>\n<\/tbody>\n<\/table>","protected":false},"featured_media":3903,"comment_status":"open","ping_status":"closed","template":"","meta":{"_gspb_post_css":""},"product_brand":[],"product_cat":[15],"product_tag":[1289,1084,1303,1302,34,1136],"class_list":{"0":"post-3899","1":"product","2":"type-product","3":"status-publish","4":"has-post-thumbnail","6":"product_cat-stainless-steel-filter-housing","7":"product_tag-hygienic-filtration-housing","8":"product_tag-industrial-filter-housing","9":"product_tag-iso-9001-filter-housing","10":"product_tag-sanitary-stainless-filter-housing","11":"product_tag-stainless-steel-filter-housing","12":"product_tag-water-filter-locks","14":"first","15":"instock","16":"shipping-taxable","17":"product-type-simple"},"_links":{"self":[{"href":"https:\/\/lyfilter.com\/it\/wp-json\/wp\/v2\/product\/3899","targetHints":{"allow":["GET"]}}],"collection":[{"href":"https:\/\/lyfilter.com\/it\/wp-json\/wp\/v2\/product"}],"about":[{"href":"https:\/\/lyfilter.com\/it\/wp-json\/wp\/v2\/types\/product"}],"replies":[{"embeddable":true,"href":"https:\/\/lyfilter.com\/it\/wp-json\/wp\/v2\/comments?post=3899"}],"wp:featuredmedia":[{"embeddable":true,"href":"https:\/\/lyfilter.com\/it\/wp-json\/wp\/v2\/media\/3903"}],"wp:attachment":[{"href":"https:\/\/lyfilter.com\/it\/wp-json\/wp\/v2\/media?parent=3899"}],"wp:term":[{"taxonomy":"product_brand","embeddable":true,"href":"https:\/\/lyfilter.com\/it\/wp-json\/wp\/v2\/product_brand?post=3899"},{"taxonomy":"product_cat","embeddable":true,"href":"https:\/\/lyfilter.com\/it\/wp-json\/wp\/v2\/product_cat?post=3899"},{"taxonomy":"product_tag","embeddable":true,"href":"https:\/\/lyfilter.com\/it\/wp-json\/wp\/v2\/product_tag?post=3899"}],"curies":[{"name":"wp","href":"https:\/\/api.w.org\/{rel}","templated":true}]}}