{"id":3882,"date":"2026-04-03T06:03:47","date_gmt":"2026-04-03T06:03:47","guid":{"rendered":"https:\/\/lyfilter.com\/"},"modified":"2026-04-03T06:03:47","modified_gmt":"2026-04-03T06:03:47","slug":"lvyuan-filter-activated-carbon-block-filter-made-in-china-for-sea-water","status":"publish","type":"product","link":"https:\/\/lyfilter.com\/it\/lvyuan-filter-activated-carbon-block-filter-made-in-china-for-sea-water\/","title":{"rendered":"Filtro Lvyuan Filtro a blocchi di carbone attivo fatto in Cina per l'acqua di mare"},"content":{"rendered":"<p><b>Vantaggi dell'azienda<\/b><br \/>\n<b>1.<\/b>\u00a0<a href=\"https:\/\/lyfilter.com\/it\/\">Filtro Lvyuan<\/a>\u00a0\u00e8 realizzato con materiali di buona qualit\u00e0 e splendidamente lavorati da operai specializzati. Ha trovato una variet\u00e0 di applicazioni che vanno dall'industria, ai processi chimici, agli alimenti e alle bevande, ai cosmetici e all'acqua.<br \/>\n<b>2.<\/b> La produzione standardizzata di Lvyuan viene effettuata in stretta conformit\u00e0 con gli standard nazionali e un sistema completo di controllo della qualit\u00e0 \u00e8 stato istituito per condurre una rigorosa supervisione della qualit\u00e0 e test su tutti i collegamenti importanti della produzione del prodotto per garantire che il filtro finale a blocchi di carbone attivo che lascia la fabbrica sono tutti prodotti di alta qualit\u00e0 che soddisfano gli standard nazionali Prodotti accessori.<br \/>\n<b>3.<\/b>\u00a0Il prodotto ha il vantaggio della resistenza all'invecchiamento. I problemi di invecchiamento dovuti all'ossidazione termica sono stati risolti con l'adozione di vari modificatori e agenti del processo di formazione. Pu\u00f2 fornire analisi e risultati accurati per le applicazioni di cromatografia ionica sensibile.<\/p>\n<div class=\"pro_aliData\">\n<div class=\"detail-box\">\n<div class=\"scc-wrapper detail-module module-cspu\" data-module=\"cspu\"><\/div>\n<div class=\"scc-wrapper detail-module module-productPackagingAndQuickDetail\" data-spm=\"prilinga1e\">\n<div class=\"widget-detail-overview\">\n<div class=\"do-title\">Panoramica<\/div>\n<div id=\"car-parts-model\"><\/div>\n<div class=\"do-content\">\n<div class=\"do-overview\">\n<div class=\"do-entry do-entry-separate\">\n<div class=\"do-entry-title\">Dettagli rapidi<\/div>\n<div class=\"do-entry-list\">\n<dl id=\"224439040\" class=\"do-entry-item\">\n<dt class=\"do-entry-item\"><span class=\"attr-name J-attr-name\" title=\"Industrie applicabili\">Industrie applicabili:<\/span><\/dt>\n<dd class=\"do-entry-item-val\">\n<div class=\"ellipsis\" title=\"Alberghi, Negozi di abbigliamento, Negozi di materiali da costruzione, Impianti di produzione, Negozi di riparazione di macchinari, Fabbrica di alimenti e bevande, Aziende agricole, Ristoranti, Uso domestico, Vendita al dettaglio, Negozio di alimentari, Negozi di stampa, Lavori di costruzione, Energia e miniere, Negozi di alimenti e bevande, Azienda pubblicitaria\">Alberghi, Negozi di abbigliamento, Negozi di materiali da costruzione, Impianti di produzione, Negozi di riparazione di macchinari, Fabbrica di alimenti e bevande, Aziende agricole, Ristoranti, Uso domestico, Vendita al dettaglio, Negozio di alimentari, Negozi di stampa, Lavori di costruzione, Energia e miniere, Negozi di alimenti e bevande, Azienda pubblicitaria<\/div>\n<\/dd>\n<\/dl>\n<\/div>\n<\/div>\n<\/div>\n<\/div>\n<\/div>\n<\/div>\n<\/div>\n<\/div>","protected":false},"excerpt":{"rendered":"<table>\n<thead>\n<tr>\n<th>Luogo di origine<\/th>\n<th>Guangdong, Cina<\/th>\n<\/tr>\n<\/thead>\n<tbody>\n<tr>\n<td>Nome del marchio<\/td>\n<td>LVYUAN\/OEM<\/td>\n<\/tr>\n<tr>\n<td>Materiale<\/td>\n<td>SINTERIZZATO, carbone di cocco attivo sinterizzato<\/td>\n<\/tr>\n<tr>\n<td>Peso<\/td>\n<td>OEM<\/td>\n<\/tr>\n<tr>\n<td>Dimensione<\/td>\n<td>OEM<\/td>\n<\/tr>\n<tr>\n<td>Potenza<\/td>\n<td>0<\/td>\n<\/tr>\n<tr>\n<td>Garanzia<\/td>\n<td>Non disponibile<\/td>\n<\/tr>\n<tr>\n<td>Nome del prodotto<\/td>\n<td>Miglior prezzo ompressed sinterizzazione 5 micron carbone acqua filtro cartuccia<\/td>\n<\/tr>\n<tr>\n<td>Certificazione<\/td>\n<td>SGS<\/td>\n<\/tr>\n<tr>\n<td>Lunghezza<\/td>\n<td>10-1050 mm<\/td>\n<\/tr>\n<tr>\n<td>OD<\/td>\n<td>14-121 mm<\/td>\n<\/tr>\n<tr>\n<td>ID<\/td>\n<td>6-50 mm<\/td>\n<\/tr>\n<tr>\n<td>Tasso di micron<\/td>\n<td>0,5-20um<\/td>\n<\/tr>\n<tr>\n<td>Valore dello iodio<\/td>\n<td>fino a 1000<\/td>\n<\/tr>\n<tr>\n<td>Portata<\/td>\n<td>\u2264300L\/h<\/td>\n<\/tr>\n<tr>\n<td>Servizio post-vendita fornito<\/td>\n<td>Assistenza online<\/td>\n<\/tr>\n<tr>\n<td>Unit\u00e0 di vendita<\/td>\n<td>Articolo singolo<\/td>\n<\/tr>\n<tr>\n<td>Dimensione della confezione singola<\/td>\n<td>30X5X5 cm<\/td>\n<\/tr>\n<tr>\n<td>Peso lordo singolo<\/td>\n<td>2.000 kg<\/td>\n<\/tr>\n<tr>\n<td>Tipo di confezione<\/td>\n<td>53x33x33cm, 64x33x33cm<\/td>\n<\/tr>\n<tr>\n<td>Tempi di consegna<\/td>\n<td>1 - 100 Pezzi: 3 giorni; 101 - 500 Pezzi: 5 giorni; 501 - 1000 Pezzi: 7 giorni; &gt;1000 Pezzi: Da negoziare<\/td>\n<\/tr>\n<\/tbody>\n<\/table>","protected":false},"featured_media":3883,"comment_status":"open","ping_status":"closed","template":"","meta":{"_gspb_post_css":""},"product_brand":[],"product_cat":[17],"product_tag":[1292,1294,1295,1291,1293,1136],"class_list":{"0":"post-3882","1":"product","2":"type-product","3":"status-publish","4":"has-post-thumbnail","6":"product_cat-sediment-filter","7":"product_tag-activated-carbon-water-filter","8":"product_tag-china-made-water-filter","9":"product_tag-desalination-filter-element","10":"product_tag-lvyuan-carbon-block-filter","11":"product_tag-sea-water-filter-cartridge","12":"product_tag-water-filter-locks","14":"first","15":"instock","16":"shipping-taxable","17":"product-type-simple"},"_links":{"self":[{"href":"https:\/\/lyfilter.com\/it\/wp-json\/wp\/v2\/product\/3882","targetHints":{"allow":["GET"]}}],"collection":[{"href":"https:\/\/lyfilter.com\/it\/wp-json\/wp\/v2\/product"}],"about":[{"href":"https:\/\/lyfilter.com\/it\/wp-json\/wp\/v2\/types\/product"}],"replies":[{"embeddable":true,"href":"https:\/\/lyfilter.com\/it\/wp-json\/wp\/v2\/comments?post=3882"}],"wp:featuredmedia":[{"embeddable":true,"href":"https:\/\/lyfilter.com\/it\/wp-json\/wp\/v2\/media\/3883"}],"wp:attachment":[{"href":"https:\/\/lyfilter.com\/it\/wp-json\/wp\/v2\/media?parent=3882"}],"wp:term":[{"taxonomy":"product_brand","embeddable":true,"href":"https:\/\/lyfilter.com\/it\/wp-json\/wp\/v2\/product_brand?post=3882"},{"taxonomy":"product_cat","embeddable":true,"href":"https:\/\/lyfilter.com\/it\/wp-json\/wp\/v2\/product_cat?post=3882"},{"taxonomy":"product_tag","embeddable":true,"href":"https:\/\/lyfilter.com\/it\/wp-json\/wp\/v2\/product_tag?post=3882"}],"curies":[{"name":"wp","href":"https:\/\/api.w.org\/{rel}","templated":true}]}}