{"id":3875,"date":"2026-04-03T05:59:25","date_gmt":"2026-04-03T05:59:25","guid":{"rendered":"https:\/\/lyfilter.com\/"},"modified":"2026-04-03T05:59:25","modified_gmt":"2026-04-03T05:59:25","slug":"durable-sanitary-filter-housing-for-industry","status":"publish","type":"product","link":"https:\/\/lyfilter.com\/it\/durable-sanitary-filter-housing-for-industry\/","title":{"rendered":"Alloggiamento del filtro sanitario durevole per l'industria"},"content":{"rendered":"<p><b>Dettagli del prodotto della custodia del filtro sanitario<\/b><\/p>\n<p>&nbsp;<\/p>\n<p><b>Introduzione al prodotto<\/b><\/p>\n<p><a href=\"https:\/\/lyfilter.com\/it\/\">Filtro Lvyuan<\/a>\u00a0L'alloggiamento del filtro sanitario \u00e8 prodotto da specialisti tecnici e personale dedicato. Il prodotto \u00e8 garantito dal nostro team di controllo qualit\u00e0 ed \u00e8 di alta qualit\u00e0 e durevole. Guangzhou Lvyuan Water Purification Equipment Co., Ltd. mantiene una cooperazione a lungo termine con i clienti perseguendo la promessa di onest\u00e0 e servizio.<\/p>\n<div class=\"pro_aliData\">\n<div class=\"detail-box\">\n<div class=\"scc-wrapper detail-module module-cspu\" data-module=\"cspu\"><\/div>\n<div class=\"scc-wrapper detail-module module-productPackagingAndQuickDetail\" data-spm=\"prilinga1e\">\n<div class=\"widget-detail-overview\">\n<div class=\"do-title\">Panoramica<\/div>\n<div id=\"car-parts-model\"><\/div>\n<div class=\"do-content\">\n<div class=\"do-overview\">\n<div class=\"do-entry do-entry-separate\">\n<div class=\"do-entry-title\">Dettagli rapidi<\/div>\n<div class=\"do-entry-list\">\n<dl id=\"224439040\" class=\"do-entry-item\">\n<dt class=\"do-entry-item\"><span class=\"attr-name J-attr-name\" title=\"Industrie applicabili\">Industrie applicabili:<\/span><\/dt>\n<dd class=\"do-entry-item-val\">\n<div class=\"ellipsis\" title=\"Alberghi, Negozi di abbigliamento, Negozi di materiali da costruzione, Impianti di produzione, Negozi di riparazione di macchinari, Fabbrica di alimenti e bevande, Aziende agricole, Ristoranti, Uso domestico, Vendita al dettaglio, Negozio di alimentari, Negozi di stampa, Lavori di costruzione, Energia e miniere, Negozi di alimenti e bevande, Azienda pubblicitaria\">Alberghi, Negozi di abbigliamento, Negozi di materiali da costruzione, Impianti di produzione, Negozi di riparazione di macchinari, Fabbrica di alimenti e bevande, Aziende agricole, Ristoranti, Uso domestico, Vendita al dettaglio, Negozio di alimentari, Negozi di stampa, Lavori di costruzione, Energia e miniere, Negozi di alimenti e bevande, Azienda pubblicitaria<\/div>\n<\/dd>\n<\/dl>\n<\/div>\n<\/div>\n<\/div>\n<\/div>\n<\/div>\n<\/div>\n<\/div>\n<\/div>","protected":false},"excerpt":{"rendered":"<table>\n<thead>\n<tr>\n<th>Luogo di origine<\/th>\n<th>Guangdong, Cina<\/th>\n<\/tr>\n<\/thead>\n<tbody>\n<tr>\n<td>Nome del marchio<\/td>\n<td>LVYUAN\/OEM<\/td>\n<\/tr>\n<tr>\n<td>Garanzia<\/td>\n<td>1 anno<\/td>\n<\/tr>\n<tr>\n<td>Servizio post-vendita fornito<\/td>\n<td>Assistenza online<\/td>\n<\/tr>\n<tr>\n<td>Nome dell'articolo<\/td>\n<td>Filtro a sacco in acciaio inox quattro (4) Stadio macchina di filtrazione dell'olio<\/td>\n<\/tr>\n<tr>\n<td>Materiale<\/td>\n<td>SS304 \/ SS316L<\/td>\n<\/tr>\n<tr>\n<td>Materiale del sacco filtrante<\/td>\n<td>BORSA PE\/BORSA PE<\/td>\n<\/tr>\n<tr>\n<td>Quantit\u00e0 di filtri a sacco<\/td>\n<td>Alloggiamento del filtro a sacco singolo<\/td>\n<\/tr>\n<tr>\n<td>Trattamento della superficie<\/td>\n<td>Lucidato e sabbiato<\/td>\n<\/tr>\n<tr>\n<td>O-ring di tenuta<\/td>\n<td>Silastico\/NBR\/EPDM\/Viton<\/td>\n<\/tr>\n<tr>\n<td>Tipo di tappo superiore installato<\/td>\n<td>Tipo di morsetto\/tipo di bullone<\/td>\n<\/tr>\n<tr>\n<td>Tipo di ingresso e uscita<\/td>\n<td>Filettatura interna\/Flangia<\/td>\n<\/tr>\n<tr>\n<td>Tipo di connettore<\/td>\n<td>222\/226\/DOE<\/td>\n<\/tr>\n<tr>\n<td>Metodo di imballaggio<\/td>\n<td>Scatola standard per l'esportazione<\/td>\n<\/tr>\n<tr>\n<td>Unit\u00e0 di vendita<\/td>\n<td>Articolo singolo<\/td>\n<\/tr>\n<tr>\n<td>Dimensione della confezione singola<\/td>\n<td>75X50X75 cm<\/td>\n<\/tr>\n<tr>\n<td>Peso lordo singolo<\/td>\n<td>30.000 kg<\/td>\n<\/tr>\n<tr>\n<td>Tipo di confezione<\/td>\n<td>304 316L acciaio inox sacchetto filtro cartuccia quattro (4) Fase multi sacchetto macchina di filtrazione dell'olio per l'industria alimentare filtro olio: Imballaggio: Scatola standard di esportazione\/come richiesto<\/td>\n<\/tr>\n<tr>\n<td>Tempi di consegna<\/td>\n<td>1 - 10 unit\u00e0: 5 giorni; 11 - 100 Unit\u00e0: 10 giorni; &gt;100 Unit\u00e0: Da negoziare<\/td>\n<\/tr>\n<\/tbody>\n<\/table>","protected":false},"featured_media":3877,"comment_status":"open","ping_status":"closed","template":"","meta":{"_gspb_post_css":""},"product_brand":[],"product_cat":[15],"product_tag":[1290,1289,1084,79,34,1136],"class_list":{"0":"post-3875","1":"product","2":"type-product","3":"status-publish","4":"has-post-thumbnail","6":"product_cat-stainless-steel-filter-housing","7":"product_tag-durable-sanitary-housing","8":"product_tag-hygienic-filtration-housing","9":"product_tag-industrial-filter-housing","10":"product_tag-sanitary-filter-housing","11":"product_tag-stainless-steel-filter-housing","12":"product_tag-water-filter-locks","14":"first","15":"instock","16":"shipping-taxable","17":"product-type-simple"},"_links":{"self":[{"href":"https:\/\/lyfilter.com\/it\/wp-json\/wp\/v2\/product\/3875","targetHints":{"allow":["GET"]}}],"collection":[{"href":"https:\/\/lyfilter.com\/it\/wp-json\/wp\/v2\/product"}],"about":[{"href":"https:\/\/lyfilter.com\/it\/wp-json\/wp\/v2\/types\/product"}],"replies":[{"embeddable":true,"href":"https:\/\/lyfilter.com\/it\/wp-json\/wp\/v2\/comments?post=3875"}],"wp:featuredmedia":[{"embeddable":true,"href":"https:\/\/lyfilter.com\/it\/wp-json\/wp\/v2\/media\/3877"}],"wp:attachment":[{"href":"https:\/\/lyfilter.com\/it\/wp-json\/wp\/v2\/media?parent=3875"}],"wp:term":[{"taxonomy":"product_brand","embeddable":true,"href":"https:\/\/lyfilter.com\/it\/wp-json\/wp\/v2\/product_brand?post=3875"},{"taxonomy":"product_cat","embeddable":true,"href":"https:\/\/lyfilter.com\/it\/wp-json\/wp\/v2\/product_cat?post=3875"},{"taxonomy":"product_tag","embeddable":true,"href":"https:\/\/lyfilter.com\/it\/wp-json\/wp\/v2\/product_tag?post=3875"}],"curies":[{"name":"wp","href":"https:\/\/api.w.org\/{rel}","templated":true}]}}