{"id":3872,"date":"2026-04-03T04:02:47","date_gmt":"2026-04-03T04:02:47","guid":{"rendered":"https:\/\/lyfilter.com\/"},"modified":"2026-04-03T04:02:47","modified_gmt":"2026-04-03T04:02:47","slug":"safe-ro-water-filtration-plant-wholesale-for-water-purification","status":"publish","type":"product","link":"https:\/\/lyfilter.com\/it\/safe-ro-water-filtration-plant-wholesale-for-water-purification\/","title":{"rendered":"Impianto di filtrazione dell'acqua Ro sicuro all'ingrosso per la purificazione dell'acqua"},"content":{"rendered":"<p><b>Vantaggi dell'azienda<\/b><br \/>\n<b>1.<\/b>\u00a0L'impianto di filtrazione dell'acqua ro \u00e8 progettato da designer professionisti con una ricca esperienza nel settore. Tutti i suoi elementi sono realizzati con materiali conformi alla FDA per il contatto con alimenti e bevande.<br \/>\n<b>2.<\/b>\u00a0Lvyuan cerca di mantenere i prezzi il pi\u00f9 bassi possibile. \u00c8 disponibile con un'ampia gamma di lunghezze per alloggiamenti standard e a flusso totale.<br \/>\n<b>3.<\/b>\u00a0Il prodotto ha una tenuta efficace. La guarnizione idraulica e le altre guarnizioni a molla collaborano efficacemente per migliorare l'ermeticit\u00e0. \u00c8 inoltre in grado di filtrare particolato, organismi microbici, ossido ferrico e altre impurit\u00e0.<br \/>\n<b>4.<\/b>\u00a0Il prodotto non \u00e8 soggetto a deformazioni permanenti. La sua robusta struttura metallica garantisce che non si deformi a causa di movimenti meccanici ad alta sensibilit\u00e0. Il media filtrante \u00e8 incollato termicamente per evitare il rilascio di fibre e garantire una portata costante.<br \/>\n<b>5.<\/b>\u00a0Il prodotto \u00e8 in grado di resistere a una certa usura. La sua azione meccanica non comporta facilmente la perdita di materiale dalla superficie. Sono disponibili configurazioni personalizzate dei tappi terminali per soddisfare requisiti specifici.<\/p>\n<div class=\"pro_aliData\">\n<div class=\"detail-box\">\n<div class=\"scc-wrapper detail-module module-cspu\" data-module=\"cspu\"><\/div>\n<\/div>\n<\/div>","protected":false},"excerpt":{"rendered":"<table>\n<thead>\n<tr>\n<th>Tipo<\/th>\n<th>Macchina di riempimento, macchina per il confezionamento di liquidi<\/th>\n<\/tr>\n<\/thead>\n<tbody>\n<tr>\n<td>Condizione<\/td>\n<td>Nuovo<\/td>\n<\/tr>\n<tr>\n<td>Applicazione<\/td>\n<td>Bevanda, Acqua<\/td>\n<\/tr>\n<tr>\n<td>Tipo di imballaggio<\/td>\n<td>Sacchetti, buste, bustine di film<\/td>\n<\/tr>\n<tr>\n<td>Materiale di imballaggio<\/td>\n<td>plastica<\/td>\n<\/tr>\n<tr>\n<td>Grado automatico<\/td>\n<td>Automatico<\/td>\n<\/tr>\n<tr>\n<td>Tipo di trasmissione<\/td>\n<td>Elettrico<\/td>\n<\/tr>\n<tr>\n<td>Tensione<\/td>\n<td>220V\/50Hz<\/td>\n<\/tr>\n<tr>\n<td>Luogo di origine<\/td>\n<td>Guangdong, Cina<\/td>\n<\/tr>\n<tr>\n<td>Nome del marchio<\/td>\n<td>OEM\/Lvyuan<\/td>\n<\/tr>\n<tr>\n<td>Dimensione(L<em>W<\/em>H)<\/td>\n<td>dipende<\/td>\n<\/tr>\n<tr>\n<td>Peso<\/td>\n<td>dipende<\/td>\n<\/tr>\n<tr>\n<td>Certificazione<\/td>\n<td>ISO9001, CE<\/td>\n<\/tr>\n<tr>\n<td>Garanzia<\/td>\n<td>1 anno<\/td>\n<\/tr>\n<tr>\n<td>Servizio post-vendita fornito<\/td>\n<td>Assistenza online<\/td>\n<\/tr>\n<tr>\n<td>Nome del prodotto<\/td>\n<td>prezzo della macchina per il confezionamento di sacchetti d'acqua<\/td>\n<\/tr>\n<tr>\n<td>Volume di riempimento<\/td>\n<td>100 - 6000 ml, come da richiesta<\/td>\n<\/tr>\n<tr>\n<td>Funzione<\/td>\n<td>Riempimento Sigillatura Formatura<\/td>\n<\/tr>\n<tr>\n<td>Sistema di acqua pura RO<\/td>\n<td>disponibile per l'opzione<\/td>\n<\/tr>\n<tr>\n<td>potenza<\/td>\n<td>360W<\/td>\n<\/tr>\n<tr>\n<td>Materiale della macchina<\/td>\n<td>Acciaio inox<\/td>\n<\/tr>\n<tr>\n<td>Capacit\u00e0 di produzione<\/td>\n<td>300-2200 sacchi all'ora<\/td>\n<\/tr>\n<tr>\n<td>Personalizzazione<\/td>\n<td>Accettare<\/td>\n<\/tr>\n<tr>\n<td>Materiale del sacchetto di plastica<\/td>\n<td>Pellicola PE<\/td>\n<\/tr>\n<tr>\n<td>Capacit\u00e0 di approvvigionamento<\/td>\n<td>100 pezzo\/pezzi al mese macchina di imballaggio di riempimento dell'acqua della bustina<\/td>\n<\/tr>\n<\/tbody>\n<\/table>","protected":false},"featured_media":3874,"comment_status":"open","ping_status":"closed","template":"","meta":{"_gspb_post_css":""},"product_brand":[],"product_cat":[1284],"product_tag":[636,1288,1285,1136,1286,1287],"class_list":{"0":"post-3872","1":"product","2":"type-product","3":"status-publish","4":"has-post-thumbnail","6":"product_cat-dust-cover-ro-water-purifier","7":"product_tag-industrial-water-treatment","8":"product_tag-reverse-osmosis-filtration","9":"product_tag-ro-water-filtration-plant","10":"product_tag-water-filter-locks","11":"product_tag-water-purification-system","12":"product_tag-wholesale-water-filter-plant","14":"first","15":"instock","16":"shipping-taxable","17":"product-type-simple"},"_links":{"self":[{"href":"https:\/\/lyfilter.com\/it\/wp-json\/wp\/v2\/product\/3872","targetHints":{"allow":["GET"]}}],"collection":[{"href":"https:\/\/lyfilter.com\/it\/wp-json\/wp\/v2\/product"}],"about":[{"href":"https:\/\/lyfilter.com\/it\/wp-json\/wp\/v2\/types\/product"}],"replies":[{"embeddable":true,"href":"https:\/\/lyfilter.com\/it\/wp-json\/wp\/v2\/comments?post=3872"}],"wp:featuredmedia":[{"embeddable":true,"href":"https:\/\/lyfilter.com\/it\/wp-json\/wp\/v2\/media\/3874"}],"wp:attachment":[{"href":"https:\/\/lyfilter.com\/it\/wp-json\/wp\/v2\/media?parent=3872"}],"wp:term":[{"taxonomy":"product_brand","embeddable":true,"href":"https:\/\/lyfilter.com\/it\/wp-json\/wp\/v2\/product_brand?post=3872"},{"taxonomy":"product_cat","embeddable":true,"href":"https:\/\/lyfilter.com\/it\/wp-json\/wp\/v2\/product_cat?post=3872"},{"taxonomy":"product_tag","embeddable":true,"href":"https:\/\/lyfilter.com\/it\/wp-json\/wp\/v2\/product_tag?post=3872"}],"curies":[{"name":"wp","href":"https:\/\/api.w.org\/{rel}","templated":true}]}}