{"id":3864,"date":"2026-04-03T03:58:57","date_gmt":"2026-04-03T03:58:57","guid":{"rendered":"https:\/\/lyfilter.com\/"},"modified":"2026-04-03T03:58:57","modified_gmt":"2026-04-03T03:58:57","slug":"durable-sintered-plastic-filter-manufacturing-for-manufacturing","status":"publish","type":"product","link":"https:\/\/lyfilter.com\/it\/durable-sintered-plastic-filter-manufacturing-for-manufacturing\/","title":{"rendered":"Produzione di filtri in plastica sinterizzati durevoli per la produzione"},"content":{"rendered":"<p><b>Dettagli del prodotto del filtro in plastica sinterizzata<\/b><\/p>\n<p>&nbsp;<\/p>\n<p><b>Informazioni sul prodotto<\/b><\/p>\n<p>Utilizzando i materiali pi\u00f9 pregiati, un metodo di produzione avanzato, la lavorazione di\u00a0<a href=\"https:\/\/lyfilter.com\/it\/\">Filtro Lvyuan<\/a>\u00a0Il filtro in plastica sinterizzata \u00e8 all'avanguardia nel settore. La qualit\u00e0 di questo prodotto \u00e8 garantita da attrezzature di produzione avanzate e da un perfetto sistema di garanzia della qualit\u00e0. Guangzhou Lvyuan Water Purification Equipment Co., Ltd. ha aderito allo scopo di fornire servizi di qualit\u00e0.<\/p>","protected":false},"excerpt":{"rendered":"<table>\n<thead>\n<tr>\n<th>Condizione<\/th>\n<th>Nuovo<\/th>\n<\/tr>\n<\/thead>\n<tbody>\n<tr>\n<td>Industrie applicabili<\/td>\n<td>Alberghi, Negozi di abbigliamento, Negozi di materiali da costruzione, Impianti di produzione, Negozi di riparazione di macchinari, Fabbrica di alimenti e bevande, Aziende agricole, Ristoranti, Uso domestico, Vendita al dettaglio, Negozio di alimentari, Negozi di stampa, Lavori edili, Energia e miniere, Negozi di alimenti e bevande<\/td>\n<\/tr>\n<tr>\n<td>Servizio post garanzia<\/td>\n<td>Assistenza online<\/td>\n<\/tr>\n<tr>\n<td>Sede del servizio locale<\/td>\n<td>nessuno<\/td>\n<\/tr>\n<tr>\n<td>Posizione dello showroom<\/td>\n<td>nessuno<\/td>\n<\/tr>\n<tr>\n<td>Video uscita-ispezione<\/td>\n<td>Fornito<\/td>\n<\/tr>\n<tr>\n<td>Rapporto di prova del macchinario<\/td>\n<td>Fornito<\/td>\n<\/tr>\n<tr>\n<td>Tipo di marketing<\/td>\n<td>Prodotto ordinario<\/td>\n<\/tr>\n<tr>\n<td>Garanzia dei componenti principali<\/td>\n<td>1 anno<\/td>\n<\/tr>\n<tr>\n<td>Componenti principali<\/td>\n<td>Recipiente a pressione<\/td>\n<\/tr>\n<tr>\n<td>Luogo di origine<\/td>\n<td>Guangdong, Cina<\/td>\n<\/tr>\n<tr>\n<td>Nome del marchio<\/td>\n<td>Lvyuan\/OEM<\/td>\n<\/tr>\n<tr>\n<td>Garanzia<\/td>\n<td>1 anno<\/td>\n<\/tr>\n<tr>\n<td>Servizio post-vendita fornito<\/td>\n<td>Assistenza online<\/td>\n<\/tr>\n<tr>\n<td>Parole chiave<\/td>\n<td>tubo filtrante per polveri sinterizzate<\/td>\n<\/tr>\n<tr>\n<td>Diametro<\/td>\n<td>Domanda del cliente<\/td>\n<\/tr>\n<tr>\n<td>Materiale<\/td>\n<td>acciaio inox<\/td>\n<\/tr>\n<tr>\n<td>Forma<\/td>\n<td>cilindro<\/td>\n<\/tr>\n<tr>\n<td>Utilizzo<\/td>\n<td>trattamento dell'acqua<\/td>\n<\/tr>\n<tr>\n<td>Applicazione<\/td>\n<td>industria<\/td>\n<\/tr>\n<tr>\n<td>Colore<\/td>\n<td>scheggia<\/td>\n<\/tr>\n<tr>\n<td>Imballaggio<\/td>\n<td>scatola di carta<\/td>\n<\/tr>\n<tr>\n<td>lunghezza<\/td>\n<td>10\/20\/30\/40 pollici<\/td>\n<\/tr>\n<tr>\n<td>Vantaggio<\/td>\n<td>riutilizzo<\/td>\n<\/tr>\n<tr>\n<td>Capacit\u00e0 di approvvigionamento<\/td>\n<td>10000 pezzo\/pezzi al mese<\/td>\n<\/tr>\n<\/tbody>\n<\/table>","protected":false},"featured_media":3869,"comment_status":"open","ping_status":"closed","template":"","meta":{"_gspb_post_css":""},"product_brand":[],"product_cat":[22],"product_tag":[1282,1280,1281,1283,1277,1136],"class_list":{"0":"post-3864","1":"product","2":"type-product","3":"status-publish","4":"has-post-thumbnail","6":"product_cat-sintered-filter-cartridge","7":"product_tag-durable-plastic-filter","8":"product_tag-industrial-filtration-filter","9":"product_tag-manufacturing-filter-element","10":"product_tag-particle-retention-filter","11":"product_tag-sintered-plastic-filter","12":"product_tag-water-filter-locks","14":"first","15":"instock","16":"shipping-taxable","17":"product-type-simple"},"_links":{"self":[{"href":"https:\/\/lyfilter.com\/it\/wp-json\/wp\/v2\/product\/3864","targetHints":{"allow":["GET"]}}],"collection":[{"href":"https:\/\/lyfilter.com\/it\/wp-json\/wp\/v2\/product"}],"about":[{"href":"https:\/\/lyfilter.com\/it\/wp-json\/wp\/v2\/types\/product"}],"replies":[{"embeddable":true,"href":"https:\/\/lyfilter.com\/it\/wp-json\/wp\/v2\/comments?post=3864"}],"wp:featuredmedia":[{"embeddable":true,"href":"https:\/\/lyfilter.com\/it\/wp-json\/wp\/v2\/media\/3869"}],"wp:attachment":[{"href":"https:\/\/lyfilter.com\/it\/wp-json\/wp\/v2\/media?parent=3864"}],"wp:term":[{"taxonomy":"product_brand","embeddable":true,"href":"https:\/\/lyfilter.com\/it\/wp-json\/wp\/v2\/product_brand?post=3864"},{"taxonomy":"product_cat","embeddable":true,"href":"https:\/\/lyfilter.com\/it\/wp-json\/wp\/v2\/product_cat?post=3864"},{"taxonomy":"product_tag","embeddable":true,"href":"https:\/\/lyfilter.com\/it\/wp-json\/wp\/v2\/product_tag?post=3864"}],"curies":[{"name":"wp","href":"https:\/\/api.w.org\/{rel}","templated":true}]}}