{"id":3858,"date":"2026-04-03T03:55:59","date_gmt":"2026-04-03T03:55:59","guid":{"rendered":"https:\/\/lyfilter.com\/"},"modified":"2026-04-03T03:55:59","modified_gmt":"2026-04-03T03:55:59","slug":"efficient-sintered-plastic-filter-factory-direct-supply-for-water-purification","status":"publish","type":"product","link":"https:\/\/lyfilter.com\/it\/efficient-sintered-plastic-filter-factory-direct-supply-for-water-purification\/","title":{"rendered":"Fornitura diretta della fabbrica del filtro di plastica sinterizzato efficiente per la depurazione dell'acqua"},"content":{"rendered":"<p><b>Vantaggi dell'azienda<\/b><br \/>\n<b>1.<\/b>\u00a0La particolare composizione del filtro in plastica sinterizzata gli consente di ottenere buone prestazioni come . Con un gran numero di fori di fissaggio conici all'interno, ha un'elevata capacit\u00e0 di trattenere lo sporco.<br \/>\n<b>2.<\/b>\u00a0Con la nostra continua innovazione, il prodotto si adatter\u00e0 meglio alla domanda del mercato, il che significa che vanta una promettente prospettiva di mercato. La guarnizione ad anello a forma di stella rende il\u00a0<a href=\"https:\/\/lyfilter.com\/it\/products.html\/\">elemento filtrante<\/a>\u00a0Facile da smontare e da manutenere<br \/>\n<b>3.<\/b> Il prodotto ha il vantaggio di una forte compatibilit\u00e0. Pu\u00f2 lavorare perfettamente con altri sistemi meccanici per ottenere i migliori risultati. Pu\u00f2 controllare efficacemente la precisione di filtrazione<\/p>\n<div class=\"pro_aliData\">\n<div class=\"detail-box\">\n<div class=\"scc-wrapper detail-module module-productPackagingAndQuickDetail\" data-spm=\"prilinga1e\">\n<div class=\"widget-detail-overview\">\n<div class=\"do-content\">\n<div class=\"do-overview\">\n<div class=\"do-entry do-entry-separate\">\n<div class=\"do-entry-list\">\n<dl id=\"224439040\" class=\"do-entry-item\">\n<dt class=\"do-entry-item\"><span class=\"attr-name J-attr-name\" title=\"Industrie applicabili\">Industrie applicabili:<\/span><\/dt>\n<dd class=\"do-entry-item-val\">\n<div class=\"ellipsis\" title=\"Impianto di produzione, fabbrica di alimenti e bevande, trattamento delle acque\">Impianto di produzione, fabbrica di alimenti e bevande, trattamento delle acque<\/div>\n<\/dd>\n<\/dl>\n<\/div>\n<\/div>\n<\/div>\n<\/div>\n<\/div>\n<\/div>\n<\/div>\n<\/div>","protected":false},"excerpt":{"rendered":"<table>\n<thead>\n<tr>\n<th>Servizio post garanzia<\/th>\n<th>Assistenza online<\/th>\n<\/tr>\n<\/thead>\n<tbody>\n<tr>\n<td>Sede del servizio locale<\/td>\n<td>nessuno<\/td>\n<\/tr>\n<tr>\n<td>Posizione dello showroom<\/td>\n<td>nessuno<\/td>\n<\/tr>\n<tr>\n<td>Luogo di origine<\/td>\n<td>Guangdong, Cina<\/td>\n<\/tr>\n<tr>\n<td>Nome del marchio<\/td>\n<td>Lvyuan o OEM\/ODM<\/td>\n<\/tr>\n<tr>\n<td>Materiale<\/td>\n<td>carbone di cocco, carbone di cocco, carbone di carbone<\/td>\n<\/tr>\n<tr>\n<td>Peso<\/td>\n<td>personalizzato<\/td>\n<\/tr>\n<tr>\n<td>Dimensione<\/td>\n<td>personalizzato, personalizzato<\/td>\n<\/tr>\n<tr>\n<td>Potenza<\/td>\n<td>0<\/td>\n<\/tr>\n<tr>\n<td>Garanzia<\/td>\n<td>Non disponibile<\/td>\n<\/tr>\n<tr>\n<td>Parole chiave<\/td>\n<td>alloggiamento della cartuccia del filtro a carbone<\/td>\n<\/tr>\n<tr>\n<td>Servizio post-vendita fornito<\/td>\n<td>Assistenza online<\/td>\n<\/tr>\n<tr>\n<td>Caratteristica<\/td>\n<td>Rimuovere l'odore, il sedimento, l'odore, ecc.<\/td>\n<\/tr>\n<tr>\n<td>Applicazione<\/td>\n<td>Prefiltrazione<\/td>\n<\/tr>\n<tr>\n<td>Colore<\/td>\n<td>Nero\/grigio<\/td>\n<\/tr>\n<tr>\n<td>Tipo<\/td>\n<td>Parti del filtro dell'acqua<\/td>\n<\/tr>\n<tr>\n<td>Diametro<\/td>\n<td>personalizzato<\/td>\n<\/tr>\n<tr>\n<td>tasso di micron<\/td>\n<td>5\/10\/25 micron<\/td>\n<\/tr>\n<tr>\n<td>Capacit\u00e0 di approvvigionamento<\/td>\n<td>500 pezzi\/pezzi a settimana<\/td>\n<\/tr>\n<\/tbody>\n<\/table>","protected":false},"featured_media":3860,"comment_status":"open","ping_status":"closed","template":"","meta":{"_gspb_post_css":""},"product_brand":[],"product_cat":[22],"product_tag":[1278,334,1279,1277,1136,1182],"class_list":{"0":"post-3858","1":"product","2":"type-product","3":"status-publish","4":"has-post-thumbnail","6":"product_cat-sintered-filter-cartridge","7":"product_tag-factory-direct-water-filter","8":"product_tag-industrial-water-filter","9":"product_tag-plastic-filter-element","10":"product_tag-sintered-plastic-filter","11":"product_tag-water-filter-locks","12":"product_tag-water-purification-filter","14":"first","15":"instock","16":"shipping-taxable","17":"product-type-simple"},"_links":{"self":[{"href":"https:\/\/lyfilter.com\/it\/wp-json\/wp\/v2\/product\/3858","targetHints":{"allow":["GET"]}}],"collection":[{"href":"https:\/\/lyfilter.com\/it\/wp-json\/wp\/v2\/product"}],"about":[{"href":"https:\/\/lyfilter.com\/it\/wp-json\/wp\/v2\/types\/product"}],"replies":[{"embeddable":true,"href":"https:\/\/lyfilter.com\/it\/wp-json\/wp\/v2\/comments?post=3858"}],"wp:featuredmedia":[{"embeddable":true,"href":"https:\/\/lyfilter.com\/it\/wp-json\/wp\/v2\/media\/3860"}],"wp:attachment":[{"href":"https:\/\/lyfilter.com\/it\/wp-json\/wp\/v2\/media?parent=3858"}],"wp:term":[{"taxonomy":"product_brand","embeddable":true,"href":"https:\/\/lyfilter.com\/it\/wp-json\/wp\/v2\/product_brand?post=3858"},{"taxonomy":"product_cat","embeddable":true,"href":"https:\/\/lyfilter.com\/it\/wp-json\/wp\/v2\/product_cat?post=3858"},{"taxonomy":"product_tag","embeddable":true,"href":"https:\/\/lyfilter.com\/it\/wp-json\/wp\/v2\/product_tag?post=3858"}],"curies":[{"name":"wp","href":"https:\/\/api.w.org\/{rel}","templated":true}]}}