{"id":3822,"date":"2026-04-03T03:32:07","date_gmt":"2026-04-03T03:32:07","guid":{"rendered":"https:\/\/lyfilter.com\/"},"modified":"2026-04-03T03:32:07","modified_gmt":"2026-04-03T03:32:07","slug":"lvyuan-carbon-block-filter-cartridge-factory-for-desalination","status":"publish","type":"product","link":"https:\/\/lyfilter.com\/it\/lvyuan-carbon-block-filter-cartridge-factory-for-desalination\/","title":{"rendered":"Fabbrica della cartuccia del filtro del blocco del carbonio di Lvyuan per desalinizzazione"},"content":{"rendered":"<p><b>Vantaggi dell'azienda<\/b><br \/>\n<b>1.<\/b>\u00a0Supportata da un team tecnico professionale, la nostra cartuccia filtrante a blocco di carbonio gode di una reputazione molto pi\u00f9 elevata rispetto al passato. \u00c8 adatta all'uso con campioni acquosi e solventi organici grazie alla sua ampia compatibilit\u00e0 chimica.<br \/>\n<b>2.<\/b>\u00a0Le persone sensibili ai metalli non avranno problemi con questo prodotto, poich\u00e9 non \u00e8 irritante. Pu\u00f2 controllare efficacemente la precisione di filtrazione<br \/>\n<b>3.<\/b>\u00a0Grazie all'implementazione di un rigoroso sistema di gestione della qualit\u00e0, la qualit\u00e0 dei prodotti \u00e8 stata migliorata. Intrappola le particelle pi\u00f9 grandi negli strati esterni e cattura quelle pi\u00f9 piccole nello strato profondo.<br \/>\n<b>4.<\/b>\u00a0Questo prodotto \u00e8 la prima scelta dei clienti, la sua durata \u00e8 lunga e la sua praticit\u00e0 \u00e8 forte. Essendo saldato termicamente, i suoi tappi non sono soggetti a crepe o cadute.<br \/>\n<b>5.<\/b>\u00a0Le prestazioni stabili a lungo termine del prodotto nell'industria hanno un grande vantaggio. Il suo mezzo filtrante \u00e8 personalizzabile in base alla diversa qualit\u00e0 dell'acqua nell'applicazione.<\/p>","protected":false},"excerpt":{"rendered":"<table>\n<thead>\n<tr>\n<th>Industrie applicabili<\/th>\n<th>Impianto di produzione, fabbrica di alimenti e bevande, trattamento delle acque<\/th>\n<\/tr>\n<\/thead>\n<tbody>\n<tr>\n<td>Servizio post garanzia<\/td>\n<td>Assistenza online<\/td>\n<\/tr>\n<tr>\n<td>Sede del servizio locale<\/td>\n<td>nessuno<\/td>\n<\/tr>\n<tr>\n<td>Posizione dello showroom<\/td>\n<td>nessuno<\/td>\n<\/tr>\n<tr>\n<td>Luogo di origine<\/td>\n<td>Guangdong, Cina<\/td>\n<\/tr>\n<tr>\n<td>Nome del marchio<\/td>\n<td>Lvyuan o OEM\/ODM<\/td>\n<\/tr>\n<tr>\n<td>Materiale<\/td>\n<td>carbone di cocco, carbone di cocco, carbone di carbone<\/td>\n<\/tr>\n<tr>\n<td>Peso<\/td>\n<td>personalizzato<\/td>\n<\/tr>\n<tr>\n<td>Dimensione<\/td>\n<td>personalizzato, personalizzato<\/td>\n<\/tr>\n<tr>\n<td>Potenza<\/td>\n<td>0<\/td>\n<\/tr>\n<tr>\n<td>Garanzia<\/td>\n<td>Non disponibile<\/td>\n<\/tr>\n<tr>\n<td>Parole chiave<\/td>\n<td>prefiltro a carbone<\/td>\n<\/tr>\n<tr>\n<td>Servizio post-vendita fornito<\/td>\n<td>Assistenza online<\/td>\n<\/tr>\n<tr>\n<td>Caratteristica<\/td>\n<td>Rimuovere l'odore, il sedimento, l'odore, ecc.<\/td>\n<\/tr>\n<tr>\n<td>Applicazione<\/td>\n<td>Prefiltrazione<\/td>\n<\/tr>\n<tr>\n<td>Colore<\/td>\n<td>Nero\/grigio<\/td>\n<\/tr>\n<tr>\n<td>Tipo<\/td>\n<td>Parti del filtro dell'acqua<\/td>\n<\/tr>\n<tr>\n<td>Diametro<\/td>\n<td>personalizzato<\/td>\n<\/tr>\n<tr>\n<td>tasso di micron<\/td>\n<td>5\/10\/25 micron<\/td>\n<\/tr>\n<tr>\n<td>Capacit\u00e0 di approvvigionamento<\/td>\n<td>500 pezzi\/pezzi a settimana<\/td>\n<\/tr>\n<\/tbody>\n<\/table>","protected":false},"featured_media":3826,"comment_status":"open","ping_status":"closed","template":"","meta":{"_gspb_post_css":""},"product_brand":[],"product_cat":[1202],"product_tag":[1259,1244,1260,1258,1136,1182],"class_list":{"0":"post-3822","1":"product","2":"type-product","3":"status-publish","4":"has-post-thumbnail","6":"product_cat-filter-cartridge","7":"product_tag-carbon-block-water-filter","8":"product_tag-desalination-filter-cartridge","9":"product_tag-factory-direct-filter-cartridge","10":"product_tag-lvyuan-carbon-block-filter-cartridge","11":"product_tag-water-filter-locks","12":"product_tag-water-purification-filter","14":"first","15":"instock","16":"shipping-taxable","17":"product-type-simple"},"_links":{"self":[{"href":"https:\/\/lyfilter.com\/it\/wp-json\/wp\/v2\/product\/3822","targetHints":{"allow":["GET"]}}],"collection":[{"href":"https:\/\/lyfilter.com\/it\/wp-json\/wp\/v2\/product"}],"about":[{"href":"https:\/\/lyfilter.com\/it\/wp-json\/wp\/v2\/types\/product"}],"replies":[{"embeddable":true,"href":"https:\/\/lyfilter.com\/it\/wp-json\/wp\/v2\/comments?post=3822"}],"wp:featuredmedia":[{"embeddable":true,"href":"https:\/\/lyfilter.com\/it\/wp-json\/wp\/v2\/media\/3826"}],"wp:attachment":[{"href":"https:\/\/lyfilter.com\/it\/wp-json\/wp\/v2\/media?parent=3822"}],"wp:term":[{"taxonomy":"product_brand","embeddable":true,"href":"https:\/\/lyfilter.com\/it\/wp-json\/wp\/v2\/product_brand?post=3822"},{"taxonomy":"product_cat","embeddable":true,"href":"https:\/\/lyfilter.com\/it\/wp-json\/wp\/v2\/product_cat?post=3822"},{"taxonomy":"product_tag","embeddable":true,"href":"https:\/\/lyfilter.com\/it\/wp-json\/wp\/v2\/product_tag?post=3822"}],"curies":[{"name":"wp","href":"https:\/\/api.w.org\/{rel}","templated":true}]}}