{"id":3820,"date":"2026-04-03T03:26:35","date_gmt":"2026-04-03T03:26:35","guid":{"rendered":"https:\/\/lyfilter.com\/"},"modified":"2026-04-03T03:26:35","modified_gmt":"2026-04-03T03:26:35","slug":"ss-cartridge-filter-housing-for-industry-oem-lvyuan-factory-direct-supply","status":"publish","type":"product","link":"https:\/\/lyfilter.com\/it\/ss-cartridge-filter-housing-for-industry-oem-lvyuan-factory-direct-supply\/","title":{"rendered":"Alloggiamento del filtro della cartuccia degli SS per il rifornimento diretto della fabbrica di Oem\/Lvyuan dell'industria"},"content":{"rendered":"<p><b>Dettagli del prodotto Custodia del filtro a cartuccia ss<\/b><\/p>\n<p>&nbsp;<\/p>\n<p><b>Specifiche del prodotto<\/b><\/p>\n<p>Disponibilit\u00e0: OEM<\/p>\n<p>&nbsp;<\/p>\n<p><b>Panoramica del prodotto<\/b><\/p>\n<p>Il macchinario di Lvyuan Water Purification Equipment \u00e8 profondamente apprezzato dalla maggior parte dei clienti per i seguenti vantaggi: design ragionevole e innovativo, struttura compatta, prestazioni stabili e facilit\u00e0 di funzionamento e installazione. La produzione di\u00a0<a href=\"https:\/\/lyfilter.com\/it\/\">Filtro Lvyuan<\/a>\u00a0Il filtro a cartuccia ss \u00e8 altamente standardizzato ed efficiente. Il prodotto viene ripetutamente testato per garantire la massima qualit\u00e0. Il volume effettivo delle esportazioni di questo prodotto ha superato il piano.<\/p>\n<p>&nbsp;<\/p>\n<p><b>Informazioni sul prodotto<\/b><\/p>\n<p>Dopo il miglioramento, l'alloggiamento del filtro a cartuccia ss prodotto da Lvyuan Water Purification Equipment \u00e8 pi\u00f9 brillante nei seguenti aspetti.<\/p>\n<p><strong>In acciaio inox Alloggiamento del filtro a cartuccia autopulente<\/strong><\/p>\n<p>Il filtro di pulizia automatico \u00e8 una speciale apparecchiatura di filtraggio che utilizza il filtro a griglia per intercettare le impurit\u00e0 solide e il particolato nell'acqua, riducendo cos\u00ec la torbidit\u00e0 dell'acqua e migliorandone la qualit\u00e0. L'acqua entra nel filtro attraverso l'ingresso dell'acqua e il filtro della macchina intercetta le impurit\u00e0 presenti nell'acqua. Quando la sporcizia sullo schermo del filtro raggiunge un certo livello, il sistema apre automaticamente la valvola di scarico e il meccanismo di scarico delle acque reflue nel corpo per pulire le impurit\u00e0 sullo schermo del filtro e rimuoverle dal corpo. Durante il periodo di scarico, le acque reflue scorrono continuamente.<\/p>","protected":false},"excerpt":{"rendered":"<table>\n<thead>\n<tr>\n<th>Capacit\u00e0 di produzione<\/th>\n<th>10000 unit\u00e0\/mese<\/th>\n<\/tr>\n<\/thead>\n<tbody>\n<tr>\n<td>Pagamento<\/td>\n<td>T\/T, garanzia di commercio di Alibaba, paypal<\/td>\n<\/tr>\n<tr>\n<td>Certificazione<\/td>\n<td>ISO 9001<\/td>\n<\/tr>\n<tr>\n<td>Marchio<\/td>\n<td>OEM\/Lvyuan<\/td>\n<\/tr>\n<\/tbody>\n<\/table>","protected":false},"featured_media":3821,"comment_status":"open","ping_status":"closed","template":"","meta":{"_gspb_post_css":""},"product_brand":[],"product_cat":[1135],"product_tag":[1084,1186,1256,1255,1257,1136],"class_list":{"0":"post-3820","1":"product","2":"type-product","3":"status-publish","4":"has-post-thumbnail","6":"product_cat-stainless-steel-bag-filter-housing","7":"product_tag-industrial-filter-housing","8":"product_tag-lvyuan-filter-housing","9":"product_tag-oem-filter-supply","10":"product_tag-ss-cartridge-filter-housing","11":"product_tag-stainless-steel-cartridge-filter","12":"product_tag-water-filter-locks","14":"first","15":"instock","16":"shipping-taxable","17":"product-type-simple"},"_links":{"self":[{"href":"https:\/\/lyfilter.com\/it\/wp-json\/wp\/v2\/product\/3820","targetHints":{"allow":["GET"]}}],"collection":[{"href":"https:\/\/lyfilter.com\/it\/wp-json\/wp\/v2\/product"}],"about":[{"href":"https:\/\/lyfilter.com\/it\/wp-json\/wp\/v2\/types\/product"}],"replies":[{"embeddable":true,"href":"https:\/\/lyfilter.com\/it\/wp-json\/wp\/v2\/comments?post=3820"}],"wp:featuredmedia":[{"embeddable":true,"href":"https:\/\/lyfilter.com\/it\/wp-json\/wp\/v2\/media\/3821"}],"wp:attachment":[{"href":"https:\/\/lyfilter.com\/it\/wp-json\/wp\/v2\/media?parent=3820"}],"wp:term":[{"taxonomy":"product_brand","embeddable":true,"href":"https:\/\/lyfilter.com\/it\/wp-json\/wp\/v2\/product_brand?post=3820"},{"taxonomy":"product_cat","embeddable":true,"href":"https:\/\/lyfilter.com\/it\/wp-json\/wp\/v2\/product_cat?post=3820"},{"taxonomy":"product_tag","embeddable":true,"href":"https:\/\/lyfilter.com\/it\/wp-json\/wp\/v2\/product_tag?post=3820"}],"curies":[{"name":"wp","href":"https:\/\/api.w.org\/{rel}","templated":true}]}}