{"id":3793,"date":"2026-04-03T03:09:43","date_gmt":"2026-04-03T03:09:43","guid":{"rendered":"https:\/\/lyfilter.com\/"},"modified":"2026-04-03T03:09:43","modified_gmt":"2026-04-03T03:09:43","slug":"sintered-ss-filter-ly-hfpl-by-lvyuan-filter","status":"publish","type":"product","link":"https:\/\/lyfilter.com\/it\/sintered-ss-filter-ly-hfpl-by-lvyuan-filter\/","title":{"rendered":"Filtro SS sinterizzato LY-HFPL di Lvyuan Filter"},"content":{"rendered":"<p><b>Dettagli del prodotto del filtro sinterizzato ss<\/b><\/p>\n<p>&nbsp;<\/p>\n<p><b>Dettaglio rapido<\/b><\/p>\n<p>Attrezzatura per la depurazione dell'acqua Lvyuan \u2018s\u00a0<a href=\"https:\/\/lyfilter.com\/it\/products.html\/\">cartucce filtranti per acqua<\/a>,I filtri a cartuccia, i filtri a cartuccia sono caratterizzati da una struttura ragionevole, un design innovativo e una qualit\u00e0 affidabile. Con un rumore ridotto, sono facili da usare e stabili durante il funzionamento.\u00a0<a href=\"https:\/\/lyfilter.com\/it\/\">Filtro Lvyuan<\/a>\u00a0Il filtro ss sinterizzato \u00e8 sviluppato con un processo produttivo efficiente. Il tempo di produzione di ogni prodotto \u00e8 notevolmente ottimizzato e la perdita e lo spreco di materie prime sono efficacemente ridotti. Il prodotto \u00e8 passato attraverso un controllo di qualit\u00e0 estremamente severo e un'ispezione sulla base di un piano di controllo di qualit\u00e0. Questo piano viene eseguito rigorosamente per garantire l'alta qualit\u00e0 del prodotto. Guangzhou Lvyuan Water Purification Equipment Co., Ltd. pu\u00f2 fornire un'ispezione completa per l'intero processo di produzione per garantire la qualit\u00e0.<\/p>\n<p>&nbsp;<\/p>\n<p><b>Introduzione al prodotto<\/b><\/p>\n<p>Rispetto al filtro sinterizzato ss dei colleghi, il filtro sinterizzato ss di Lvyuan Water Purification Equipment presenta i seguenti vantaggi.<\/p>\n<div>\n<div>\n<div id=\"myybv\">\n<h3>Filtro chimico ospedaliero 0,45 5 1 10 microns PE polietilene polvere filtro sinterizzato<\/h3>\n<\/div>\n<div id=\"moyu5\">\n<p>La nostra azienda produce filtri sinterizzati in polietilene ad altissimo peso molecolare, con un peso molecolare superiore a 3 milioni di particelle sinterizzate. I materiali microporosi sono ampiamente applicati per il trattamento dei gas di scarico e delle acque reflue grazie al loro buon rapporto qualit\u00e0-prezzo. Aggiungendo materiali funzionali di vario tipo, come ad esempio il carbone attivo, alle materie prime plastiche convenzionali, \u00e8 possibile rimuovere efficacemente le sostanze nocive per l'ambiente presenti nei gas e nei liquidi, come odori particolari, sostanze organiche ecc. I whisker di titanato di potassio, ad esempio, sono in grado di scambiare gli ioni di metalli pesanti contenuti nelle acque reflue e hanno quindi ottime prestazioni nel trattamento delle acque reflue.<\/p>\n<\/div>\n<\/div>\n<\/div>","protected":false},"excerpt":{"rendered":"<table>\n<thead>\n<tr>\n<th>Porta di partenza<\/th>\n<th>Capacit\u00e0 di produzione<\/th>\n<th>Modello<\/th>\n<th>Tempi di consegna<\/th>\n<th>Certificazione<\/th>\n<\/tr>\n<\/thead>\n<tbody>\n<tr>\n<td>Guangzhou<\/td>\n<td>10000 unit\u00e0\/mese<\/td>\n<td>LY-HFPL<\/td>\n<td>Entro 7 giorni lavorativi<\/td>\n<td>ISO 9001<\/td>\n<\/tr>\n<\/tbody>\n<\/table>","protected":false},"featured_media":3794,"comment_status":"open","ping_status":"closed","template":"","meta":{"_gspb_post_css":""},"product_brand":[],"product_cat":[22],"product_tag":[38,1242,1241,1240,1243,1136],"class_list":{"0":"post-3793","1":"product","2":"type-product","3":"status-publish","4":"has-post-thumbnail","6":"product_cat-sintered-filter-cartridge","7":"product_tag-industrial-water-filtration","8":"product_tag-lvyuan-filter","9":"product_tag-ly-hfpl-filter","10":"product_tag-sintered-ss-filter","11":"product_tag-stainless-steel-water-filter","12":"product_tag-water-filter-locks","14":"first","15":"instock","16":"shipping-taxable","17":"product-type-simple"},"_links":{"self":[{"href":"https:\/\/lyfilter.com\/it\/wp-json\/wp\/v2\/product\/3793","targetHints":{"allow":["GET"]}}],"collection":[{"href":"https:\/\/lyfilter.com\/it\/wp-json\/wp\/v2\/product"}],"about":[{"href":"https:\/\/lyfilter.com\/it\/wp-json\/wp\/v2\/types\/product"}],"replies":[{"embeddable":true,"href":"https:\/\/lyfilter.com\/it\/wp-json\/wp\/v2\/comments?post=3793"}],"wp:featuredmedia":[{"embeddable":true,"href":"https:\/\/lyfilter.com\/it\/wp-json\/wp\/v2\/media\/3794"}],"wp:attachment":[{"href":"https:\/\/lyfilter.com\/it\/wp-json\/wp\/v2\/media?parent=3793"}],"wp:term":[{"taxonomy":"product_brand","embeddable":true,"href":"https:\/\/lyfilter.com\/it\/wp-json\/wp\/v2\/product_brand?post=3793"},{"taxonomy":"product_cat","embeddable":true,"href":"https:\/\/lyfilter.com\/it\/wp-json\/wp\/v2\/product_cat?post=3793"},{"taxonomy":"product_tag","embeddable":true,"href":"https:\/\/lyfilter.com\/it\/wp-json\/wp\/v2\/product_tag?post=3793"}],"curies":[{"name":"wp","href":"https:\/\/api.w.org\/{rel}","templated":true}]}}