{"id":3786,"date":"2026-04-03T03:04:25","date_gmt":"2026-04-03T03:04:25","guid":{"rendered":"https:\/\/lyfilter.com\/"},"modified":"2026-04-03T03:04:25","modified_gmt":"2026-04-03T03:04:25","slug":"sintered-filter-cartridges-for-food-factory-price","status":"publish","type":"product","link":"https:\/\/lyfilter.com\/it\/sintered-filter-cartridges-for-food-factory-price\/","title":{"rendered":"Cartucce filtranti sinterizzate per il prezzo di fabbrica degli alimenti"},"content":{"rendered":"<p><b>Vantaggi dell'azienda<\/b><\/p>\n<p>- Filtro Lvyuan\u00a0<a href=\"https:\/\/lyfilter.com\/it\/sintered-filter-cartridge.html\/\">cartuccia filtrante sinterizzata<\/a>\u00e8 delicatamente realizzato dai nostri abili professionisti utilizzando le moderne tecnologie.<\/p>\n<p>- La sua qualit\u00e0 pu\u00f2 essere garantita con l'attuazione di rigorosi test di qualit\u00e0.<\/p>\n<p>- Con un rigoroso sistema di controllo della qualit\u00e0, Guangzhou Lvyuan Water Purification Equipment Co., Ltd. si dedica a fornire ai clienti prodotti e servizi di qualit\u00e0.<\/p>\n<p>&nbsp;<\/p>\n<div class=\"pro_aliData\">\n<div class=\"detail-box\">\n<div class=\"scc-wrapper detail-module module-cspu\" data-module=\"cspu\"><\/div>\n<div class=\"scc-wrapper detail-module module-productPackagingAndQuickDetail\" data-spm=\"prilinga1e\">\n<div class=\"widget-detail-overview\">\n<div class=\"do-title\">Panoramica<\/div>\n<div id=\"car-parts-model\"><\/div>\n<div class=\"do-content\">\n<div class=\"do-overview\">\n<div class=\"do-entry do-entry-separate\">\n<div class=\"do-entry-title\">Dettagli rapidi<\/div>\n<div class=\"do-entry-list\">\n<dl id=\"100005642\" class=\"do-entry-item\">\n<dt class=\"do-entry-item\"><span class=\"attr-name J-attr-name\" title=\"Condizione\">Condizioni:<\/span><\/dt>\n<dd class=\"do-entry-item-val\">\n<div class=\"ellipsis\" title=\"Nuovo\">Nuovo<\/div>\n<\/dd>\n<\/dl>\n<dl id=\"100008167\" class=\"do-entry-item\">\n<dt class=\"do-entry-item\"><span class=\"attr-name J-attr-name\" title=\"Garanzia\">Garanzia:<\/span><\/dt>\n<dd class=\"do-entry-item-val\">\n<div class=\"ellipsis\" title=\"6 mesi\">6 mesi<\/div>\n<\/dd>\n<\/dl>\n<dl id=\"224439040\" class=\"do-entry-item\">\n<dt class=\"do-entry-item\"><span class=\"attr-name J-attr-name\" title=\"Industrie applicabili\">Industrie applicabili:<\/span><\/dt>\n<dd class=\"do-entry-item-val\">\n<div class=\"ellipsis\" title=\"Alberghi, Negozi di abbigliamento, Negozi di materiali da costruzione, Impianti di produzione, Negozi di riparazione di macchinari, Fabbrica di alimenti e bevande, Aziende agricole, Ristoranti, Uso domestico, Vendita al dettaglio, Negozio di alimentari, Negozi di stampa, Lavori di costruzione, Energia e miniere, Negozi di alimenti e bevande, Azienda pubblicitaria\">Alberghi, Negozi di abbigliamento, Negozi di materiali da costruzione, Impianti di produzione, Negozi di riparazione di macchinari, Fabbrica di alimenti e bevande, Aziende agricole, Ristoranti, Uso domestico, Vendita al dettaglio, Negozio di alimentari, Negozi di stampa, Lavori di costruzione, Energia e miniere, Negozi di alimenti e bevande, Azienda pubblicitaria<\/div>\n<\/dd>\n<\/dl>\n<\/div>\n<\/div>\n<\/div>\n<\/div>\n<\/div>\n<\/div>\n<\/div>\n<\/div>","protected":false},"excerpt":{"rendered":"<table>\n<thead>\n<tr>\n<th>Servizio post garanzia<\/th>\n<th>Assistenza online<\/th>\n<th>Sede del servizio locale<\/th>\n<th>nessuno<\/th>\n<\/tr>\n<\/thead>\n<tbody>\n<tr>\n<td>Posizione dello showroom<\/td>\n<td>nessuno<\/td>\n<td>Video uscita-ispezione<\/td>\n<td>Fornito<\/td>\n<\/tr>\n<tr>\n<td>Rapporto di prova del macchinario<\/td>\n<td>Fornito<\/td>\n<td>Tipo di marketing<\/td>\n<td>Prodotto ordinario<\/td>\n<\/tr>\n<tr>\n<td>Garanzia dei componenti principali<\/td>\n<td>1 anno<\/td>\n<td>Componenti principali<\/td>\n<td>Recipiente a pressione<\/td>\n<\/tr>\n<tr>\n<td>Luogo di origine<\/td>\n<td>Guangdong, Cina<\/td>\n<td>Nome del marchio<\/td>\n<td>Lvyuan\/OEM<\/td>\n<\/tr>\n<tr>\n<td>Utilizzo<\/td>\n<td>Filtro per liquidi, trattamento dell'acqua<\/td>\n<td>Tipo<\/td>\n<td>Elementi filtranti<\/td>\n<\/tr>\n<tr>\n<td>Materiale<\/td>\n<td>Fibra metallica, rete in acciaio inox<\/td>\n<td>Caratteristica<\/td>\n<td>buona permeabilit\u00e0<\/td>\n<\/tr>\n<tr>\n<td>Lunghezza<\/td>\n<td>10\/20\/30\/40 pollici o personalizzato<\/td>\n<td>Forma<\/td>\n<td>cilindro<\/td>\n<\/tr>\n<tr>\n<td>Applicazione<\/td>\n<td>industria<\/td>\n<td>Colore<\/td>\n<td>scheggia<\/td>\n<\/tr>\n<tr>\n<td>Imballaggio<\/td>\n<td>scatola di carta<\/td>\n<td>tasso di rimozione<\/td>\n<td>Da 2 a 200\u03bcm<\/td>\n<\/tr>\n<tr>\n<td>Vantaggio<\/td>\n<td>riutilizzo<\/td>\n<td>Capacit\u00e0 di approvvigionamento<\/td>\n<td>1000 pezzo\/pezzi al mese<\/td>\n<\/tr>\n<\/tbody>\n<\/table>","protected":false},"featured_media":3787,"comment_status":"open","ping_status":"closed","template":"","meta":{"_gspb_post_css":""},"product_brand":[],"product_cat":[22],"product_tag":[1235,1238,334,1215,1239,1237],"class_list":{"0":"post-3786","1":"product","2":"type-product","3":"status-publish","4":"has-post-thumbnail","6":"product_cat-sintered-filter-cartridge","7":"product_tag-factory-price-filter-cartridge","8":"product_tag-food-processing-filter","9":"product_tag-industrial-water-filter","10":"product_tag-replacement-filter-cartridge","11":"product_tag-reusable-sintered-filter","12":"product_tag-sintered-filter-cartridge","14":"first","15":"instock","16":"shipping-taxable","17":"product-type-simple"},"_links":{"self":[{"href":"https:\/\/lyfilter.com\/it\/wp-json\/wp\/v2\/product\/3786","targetHints":{"allow":["GET"]}}],"collection":[{"href":"https:\/\/lyfilter.com\/it\/wp-json\/wp\/v2\/product"}],"about":[{"href":"https:\/\/lyfilter.com\/it\/wp-json\/wp\/v2\/types\/product"}],"replies":[{"embeddable":true,"href":"https:\/\/lyfilter.com\/it\/wp-json\/wp\/v2\/comments?post=3786"}],"wp:featuredmedia":[{"embeddable":true,"href":"https:\/\/lyfilter.com\/it\/wp-json\/wp\/v2\/media\/3787"}],"wp:attachment":[{"href":"https:\/\/lyfilter.com\/it\/wp-json\/wp\/v2\/media?parent=3786"}],"wp:term":[{"taxonomy":"product_brand","embeddable":true,"href":"https:\/\/lyfilter.com\/it\/wp-json\/wp\/v2\/product_brand?post=3786"},{"taxonomy":"product_cat","embeddable":true,"href":"https:\/\/lyfilter.com\/it\/wp-json\/wp\/v2\/product_cat?post=3786"},{"taxonomy":"product_tag","embeddable":true,"href":"https:\/\/lyfilter.com\/it\/wp-json\/wp\/v2\/product_tag?post=3786"}],"curies":[{"name":"wp","href":"https:\/\/api.w.org\/{rel}","templated":true}]}}