{"id":3760,"date":"2026-04-03T02:32:44","date_gmt":"2026-04-03T02:32:44","guid":{"rendered":"https:\/\/lyfilter.com\/"},"modified":"2026-04-03T02:32:44","modified_gmt":"2026-04-03T02:32:44","slug":"bag-filter-housing-oem-odm-by-lvyuan-filter","status":"publish","type":"product","link":"https:\/\/lyfilter.com\/it\/bag-filter-housing-oem-odm-by-lvyuan-filter\/","title":{"rendered":"Alloggiamento del filtro a sacco OEM\/ODM da Lvyuan Filter"},"content":{"rendered":"<div class=\"unit-detail-html-tabs__content-attr\">\n<div class=\"unit-product-attrparam\">\n<div class=\"unit-product-attrparam__items row\">\n<div class=\"col-12 col-md-6\">\n<div class=\"unit-product-attrparam__item\"><\/div>\n<\/div>\n<\/div>\n<\/div>\n<\/div>\n<div class=\"unit-detail-html-tabs__content-featuresAttr\"><b>Specifiche del prodotto<\/b><\/div>\n<div class=\"unit-detail-html-tabs__content-html\">\n<p>Disponibilit\u00e0: OEM\/ODM<\/p>\n<p>Materiale: Acciaio inossidabile<\/p>\n<p><b>Informazioni sul prodotto<\/b><\/p>\n<p>In termini di design, il\u00a0<a href=\"https:\/\/lyfilter.com\/it\/\">Filtro Lvyuan<\/a>\u00a0L'alloggiamento del filtro a sacco \u00e8 molto attraente e competitivo. Il prodotto ha superato la certificazione internazionale di qualit\u00e0 per garantire prodotti di alta qualit\u00e0. Guangzhou Lvyuan Water Purification Equipment Co., Ltd. fissa un obiettivo elevato sulla qualit\u00e0 dei prodotti e sul servizio.<\/p>\n<div id=\"module-74E4U0f4f3b0a\">\n<div class=\"ce-d-flex ce-flex-wrap\">\n<div class=\"ce-col-12\">\n<div id=\"unit-zzuNfqHeIMdKBT5\">\n<div class=\"ce-text_item\">\n<div class=\"ce-text\" data-qb-tmp-id=\"lt-270764\" data-gramm=\"false\">\n<div>\n<div class=\"ce-d-flex ce-flex-wrap\">\n<div class=\"ce-col-12\">\n<div id=\"unit-adi8SlZ2NA87g7x\">\n<div class=\"ce-text_item\">\n<div class=\"ce-text\">\n<p><strong>Alloggiamenti per filtri sanitari ad alte prestazioni in acciaio inossidabile<\/strong><\/p>\n<p>&nbsp;<\/p>\n<p>Caratteristiche degli alloggiamenti per filtri sanitari in acciaio inossidabile<\/p>\n<p>&nbsp;<\/p>\n<ul>\n<li>Design igienico: I nostri alloggiamenti per filtri sanitari in acciaio inox sono realizzati con un design igienico, che garantisce che il processo di filtrazione mantenga la purezza dei vostri prodotti.<\/li>\n<li>Resistenza alla corrosione: Costruiti con acciaio inossidabile di alta qualit\u00e0, questi alloggiamenti offrono un'eccezionale resistenza alla corrosione, rendendoli ideali per l'uso in ambienti difficili.<\/li>\n<li>Facilit\u00e0 di pulizia: Le superfici lisce e lucide dei nostri alloggiamenti per filtri sanitari facilitano la pulizia, consentendo una manutenzione rapida ed efficiente.<\/li>\n<li>Materiale per uso alimentare: Realizzati in acciaio inossidabile per uso alimentare, i nostri alloggiamenti per filtri sono conformi agli standard industriali e sono quindi adatti ad applicazioni nel settore alimentare e delle bevande.<\/li>\n<li>Opzioni personalizzabili: Adattate questi alloggiamenti per filtri alle vostre esigenze specifiche. Scegliete tra varie dimensioni, configurazioni e tipi di connessione per soddisfare le vostre esigenze di filtrazione.<\/li>\n<li>Integrit\u00e0 della tenuta: Il design dell'alloggiamento garantisce una tenuta sicura, evitando perdite o contaminazioni durante il processo di filtrazione.<\/li>\n<li>Conformit\u00e0 agli standard: I nostri alloggiamenti per filtri sanitari rispettano gli standard e le normative del settore, garantendo la massima tranquillit\u00e0 in termini di sicurezza e qualit\u00e0 del prodotto.<\/li>\n<li>Ampia gamma di applicazioni: Che si tratti di prodotti farmaceutici, cosmetici, alimentari o di altri settori industriali, questi\u00a0<a href=\"https:\/\/lyfilter.com\/it\/stainless-steel-filter-housing.html\/\">alloggiamento del filtro in acciaio inox<\/a>offrono soluzioni di filtrazione versatili e affidabili.<\/li>\n<li>Costruzione durevole: Grazie alla costruzione robusta e ai materiali durevoli, i nostri alloggiamenti per filtri sanitari sono costruiti per resistere ai rigori del funzionamento continuo in ambienti difficili.<\/li>\n<li>Facile installazione: Progettati per un'installazione semplice, questi alloggiamenti per filtri sono dotati di funzioni che semplificano il processo di installazione, assicurando tempi di inattivit\u00e0 minimi per le vostre operazioni.<\/li>\n<\/ul>\n<\/div>\n<\/div>\n<\/div>\n<\/div>\n<\/div>\n<\/div>\n<\/div>\n<\/div>\n<\/div>\n<\/div>\n<\/div>\n<\/div>\n<\/div>","protected":false},"excerpt":{"rendered":"<table>\n<thead>\n<tr>\n<th>Capacit\u00e0 di produzione<\/th>\n<th>Modello<\/th>\n<th>Marchio<\/th>\n<\/tr>\n<\/thead>\n<tbody>\n<tr>\n<td>10000 unit\u00e0\/mese<\/td>\n<td>LY-FB<\/td>\n<td>OEM\/Lvyuan<\/td>\n<\/tr>\n<\/tbody>\n<\/table>","protected":false},"featured_media":3766,"comment_status":"open","ping_status":"closed","template":"","meta":{"_gspb_post_css":""},"product_brand":[],"product_cat":[15],"product_tag":[],"class_list":{"0":"post-3760","1":"product","2":"type-product","3":"status-publish","4":"has-post-thumbnail","6":"product_cat-stainless-steel-filter-housing","8":"first","9":"instock","10":"shipping-taxable","11":"product-type-simple"},"_links":{"self":[{"href":"https:\/\/lyfilter.com\/it\/wp-json\/wp\/v2\/product\/3760","targetHints":{"allow":["GET"]}}],"collection":[{"href":"https:\/\/lyfilter.com\/it\/wp-json\/wp\/v2\/product"}],"about":[{"href":"https:\/\/lyfilter.com\/it\/wp-json\/wp\/v2\/types\/product"}],"replies":[{"embeddable":true,"href":"https:\/\/lyfilter.com\/it\/wp-json\/wp\/v2\/comments?post=3760"}],"wp:featuredmedia":[{"embeddable":true,"href":"https:\/\/lyfilter.com\/it\/wp-json\/wp\/v2\/media\/3766"}],"wp:attachment":[{"href":"https:\/\/lyfilter.com\/it\/wp-json\/wp\/v2\/media?parent=3760"}],"wp:term":[{"taxonomy":"product_brand","embeddable":true,"href":"https:\/\/lyfilter.com\/it\/wp-json\/wp\/v2\/product_brand?post=3760"},{"taxonomy":"product_cat","embeddable":true,"href":"https:\/\/lyfilter.com\/it\/wp-json\/wp\/v2\/product_cat?post=3760"},{"taxonomy":"product_tag","embeddable":true,"href":"https:\/\/lyfilter.com\/it\/wp-json\/wp\/v2\/product_tag?post=3760"}],"curies":[{"name":"wp","href":"https:\/\/api.w.org\/{rel}","templated":true}]}}