{"id":3743,"date":"2026-04-03T02:18:27","date_gmt":"2026-04-03T02:18:27","guid":{"rendered":"https:\/\/lyfilter.com\/"},"modified":"2026-04-03T02:23:02","modified_gmt":"2026-04-03T02:23:02","slug":"high-quality-water-filter-cartridge-manufacturers-for-water","status":"publish","type":"product","link":"https:\/\/lyfilter.com\/it\/high-quality-water-filter-cartridge-manufacturers-for-water\/","title":{"rendered":"Produttori di cartucce del filtro dell'acqua di alta qualit\u00e0 per l'acqua"},"content":{"rendered":"<p>Progettati per garantire prestazioni sicure, questi blocchi per filtri dell'acqua si abbinano a cartucce di qualit\u00e0 per favorire un flusso pi\u00f9 pulito e una tenuta pi\u00f9 stabile. Contribuiscono a ridurre i movimenti, migliorano l'affidabilit\u00e0 e si adattano bene alla filtrazione domestica o commerciale leggera.<\/p>","protected":false},"excerpt":{"rendered":"<table>\n<thead>\n<tr>\n<th>Luogo di origine<\/th>\n<th>Cina<\/th>\n<th>Nome del marchio<\/th>\n<th>Lvyuan\/OEM<\/th>\n<\/tr>\n<\/thead>\n<tbody>\n<tr>\n<td>Numero di modello<\/td>\n<td>LY-PLF-01<\/td>\n<td>Potenza (W)<\/td>\n<td>0<\/td>\n<\/tr>\n<tr>\n<td>Tensione (V)<\/td>\n<td>0<\/td>\n<td>Servizio post-vendita fornito<\/td>\n<td>nessuno<\/td>\n<\/tr>\n<tr>\n<td>Garanzia<\/td>\n<td>nessuno<\/td>\n<td>Tipo<\/td>\n<td>Osmosi inversa<\/td>\n<\/tr>\n<tr>\n<td>Certificazione<\/td>\n<td>GS<\/td>\n<td>Utilizzo<\/td>\n<td>Prefiltrazione domestica<\/td>\n<\/tr>\n<tr>\n<td>Applicazione<\/td>\n<td>Auto, RV, Outdoor, Hotel, Garage, Commerciale, Domestico<\/td>\n<td>Fonte di alimentazione<\/td>\n<td>Manuale<\/td>\n<\/tr>\n<tr>\n<td>Nome<\/td>\n<td>elemento di alimentazione del filtro<\/td>\n<td>Materiale della membrana filtrante<\/td>\n<td>PP\/PVDF\/PTFE\/PES\/Nylon<\/td>\n<\/tr>\n<tr>\n<td>Lunghezza<\/td>\n<td>5 \/ 10 \/ 20 \/ 30 \/ 40 \/ 50 \/ 60 pollici<\/td>\n<td>Conettore<\/td>\n<td>Fin\/222\/226\/215\/DOE\/Thread<\/td>\n<\/tr>\n<tr>\n<td>Micron<\/td>\n<td>0.22\/0.5\/1\/3\/5\/10\/25\/50\/75\/100\/150<\/td>\n<td>Metodo di sigillatura<\/td>\n<td>Saldatura a caldo<\/td>\n<\/tr>\n<tr>\n<td>Diametro<\/td>\n<td>70 mm\/OEM<\/td>\n<td>Nucleo interno<\/td>\n<td>PP\/SS\/OEM<\/td>\n<\/tr>\n<tr>\n<td>MOQ<\/td>\n<td>Al momento non \u00e8 previsto un numero limitato di<\/td>\n<td>Capacit\u00e0 di approvvigionamento<\/td>\n<td>5000 pezzo\/pezzi a settimana<\/td>\n<\/tr>\n<\/tbody>\n<\/table>\n<p>&nbsp;<\/p>","protected":false},"featured_media":3744,"comment_status":"open","ping_status":"closed","template":"","meta":{"_gspb_post_css":""},"product_brand":[],"product_cat":[1202],"product_tag":[1213,1217,1215,1214,1136,1216],"class_list":{"0":"post-3743","1":"product","2":"type-product","3":"status-publish","4":"has-post-thumbnail","6":"product_cat-filter-cartridge","7":"product_tag-high-quality-water-filter-cartridge","8":"product_tag-household-water-filter-parts","9":"product_tag-replacement-filter-cartridge","10":"product_tag-water-filter-cartridge-manufacturers","11":"product_tag-water-filter-locks","12":"product_tag-water-filtration-supplies","14":"first","15":"instock","16":"shipping-taxable","17":"product-type-simple"},"_links":{"self":[{"href":"https:\/\/lyfilter.com\/it\/wp-json\/wp\/v2\/product\/3743","targetHints":{"allow":["GET"]}}],"collection":[{"href":"https:\/\/lyfilter.com\/it\/wp-json\/wp\/v2\/product"}],"about":[{"href":"https:\/\/lyfilter.com\/it\/wp-json\/wp\/v2\/types\/product"}],"replies":[{"embeddable":true,"href":"https:\/\/lyfilter.com\/it\/wp-json\/wp\/v2\/comments?post=3743"}],"wp:featuredmedia":[{"embeddable":true,"href":"https:\/\/lyfilter.com\/it\/wp-json\/wp\/v2\/media\/3744"}],"wp:attachment":[{"href":"https:\/\/lyfilter.com\/it\/wp-json\/wp\/v2\/media?parent=3743"}],"wp:term":[{"taxonomy":"product_brand","embeddable":true,"href":"https:\/\/lyfilter.com\/it\/wp-json\/wp\/v2\/product_brand?post=3743"},{"taxonomy":"product_cat","embeddable":true,"href":"https:\/\/lyfilter.com\/it\/wp-json\/wp\/v2\/product_cat?post=3743"},{"taxonomy":"product_tag","embeddable":true,"href":"https:\/\/lyfilter.com\/it\/wp-json\/wp\/v2\/product_tag?post=3743"}],"curies":[{"name":"wp","href":"https:\/\/api.w.org\/{rel}","templated":true}]}}