{"id":3724,"date":"2026-04-03T02:06:25","date_gmt":"2026-04-03T02:06:25","guid":{"rendered":"https:\/\/lyfilter.com\/"},"modified":"2026-04-03T02:06:25","modified_gmt":"2026-04-03T02:06:25","slug":"customized-activated-carbon-block-filter-series-for-water-purification","status":"publish","type":"product","link":"https:\/\/lyfilter.com\/it\/customized-activated-carbon-block-filter-series-for-water-purification\/","title":{"rendered":"Serie di filtri a blocco a carbone attivo su misura per la depurazione dell'acqua"},"content":{"rendered":"<p>Costruita per un'acqua pi\u00f9 pulita e prestazioni pi\u00f9 costanti, questa serie di filtri a blocco a carboni attivi personalizzati aiuta a ridurre le impurit\u00e0, a migliorare il gusto e a sostenere una depurazione quotidiana affidabile per gli impianti residenziali e commerciali.<\/p>","protected":false},"excerpt":{"rendered":"<table>\n<thead>\n<tr>\n<th>Sezione<\/th>\n<th>Campo<\/th>\n<th>Valore<\/th>\n<\/tr>\n<\/thead>\n<tbody>\n<tr>\n<td>Vantaggi dell'azienda<\/td>\n<td>1<\/td>\n<td>I test necessari per il filtro Lvyuan sono stati rigorosamente condotti. \u00c8 stato testato in termini di sicurezza, compatibilit\u00e0 elettromagnetica, vibrazioni, affidabilit\u00e0 e durata. Sono disponibili configurazioni personalizzate del tappo terminale per soddisfare requisiti specifici.<\/td>\n<\/tr>\n<tr>\n<td>Vantaggi dell'azienda<\/td>\n<td>2<\/td>\n<td>Esistono diversi mercati per questo prodotto destinato all'uso con proiettori digitali, proiettori cinematografici, lavagne luminose e proiettori di diapositive. Non contiene leganti, agenti, solventi, materiali antistatici o agenti umidificanti.<\/td>\n<\/tr>\n<tr>\n<td>Vantaggi dell'azienda<\/td>\n<td>3<\/td>\n<td>Test rigorosi: le sue prestazioni attuali sono state testate da terzi. \u00c8 anche pronto per essere testato dagli utenti e sar\u00e0 costantemente aggiornato. Intrappola le particelle pi\u00f9 grandi negli strati esterni e cattura quelle pi\u00f9 piccole nello strato profondo.<\/td>\n<\/tr>\n<tr>\n<td>Panoramica<\/td>\n<td>Industrie applicabili<\/td>\n<td>Alberghi, Negozi di abbigliamento, Negozi di materiali da costruzione, Impianti di produzione, Negozi di riparazione di macchinari, Fabbrica di alimenti e bevande, Aziende agricole, Ristoranti, Uso domestico, Vendita al dettaglio, Negozio di alimentari, Negozi di stampa, Lavori di costruzione, Energia e miniere, Negozi di alimenti e bevande, Azienda pubblicitaria<\/td>\n<\/tr>\n<tr>\n<td>Panoramica<\/td>\n<td>Servizio post garanzia<\/td>\n<td>Assistenza online<\/td>\n<\/tr>\n<tr>\n<td>Panoramica<\/td>\n<td>Sede del servizio locale<\/td>\n<td>nessuno<\/td>\n<\/tr>\n<tr>\n<td>Panoramica<\/td>\n<td>Posizione dello showroom<\/td>\n<td>nessuno<\/td>\n<\/tr>\n<tr>\n<td>Panoramica<\/td>\n<td>Video uscita-ispezione<\/td>\n<td>Fornito<\/td>\n<\/tr>\n<tr>\n<td>Panoramica<\/td>\n<td>Rapporto di prova del macchinario<\/td>\n<td>Fornito<\/td>\n<\/tr>\n<tr>\n<td>Panoramica<\/td>\n<td>Tipo di marketing<\/td>\n<td>Prodotto ordinario<\/td>\n<\/tr>\n<tr>\n<td>Panoramica<\/td>\n<td>Garanzia dei componenti principali<\/td>\n<td>1 anno<\/td>\n<\/tr>\n<tr>\n<td>Panoramica<\/td>\n<td>Componenti principali<\/td>\n<td>Recipiente a pressione<\/td>\n<\/tr>\n<tr>\n<td>Panoramica<\/td>\n<td>Condizione<\/td>\n<td>Nuovo<\/td>\n<\/tr>\n<tr>\n<td>Panoramica<\/td>\n<td>Luogo di origine<\/td>\n<td>Guangdong, Cina<\/td>\n<\/tr>\n<tr>\n<td>Panoramica<\/td>\n<td>Nome del marchio<\/td>\n<td>LVYUAN\/OEM<\/td>\n<\/tr>\n<tr>\n<td>Panoramica<\/td>\n<td>Garanzia<\/td>\n<td>6 mesi<\/td>\n<\/tr>\n<tr>\n<td>Panoramica<\/td>\n<td>Servizio post-vendita fornito<\/td>\n<td>Assistenza online, Assistenza online<\/td>\n<\/tr>\n<tr>\n<td>Panoramica<\/td>\n<td>Nome del prodotto<\/td>\n<td>cartuccia filtrante al carbonio per sinterizzazione<\/td>\n<\/tr>\n<tr>\n<td>Panoramica<\/td>\n<td>Certificazione<\/td>\n<td>ISO<\/td>\n<\/tr>\n<tr>\n<td>Panoramica<\/td>\n<td>Materiale<\/td>\n<td>Carbone di cocco attivo sinterizzato<\/td>\n<\/tr>\n<tr>\n<td>Panoramica<\/td>\n<td>Lunghezza<\/td>\n<td>10-1050 mm<\/td>\n<\/tr>\n<tr>\n<td>Panoramica<\/td>\n<td>OD<\/td>\n<td>14-121 mm<\/td>\n<\/tr>\n<tr>\n<td>Panoramica<\/td>\n<td>ID<\/td>\n<td>6-50 mm<\/td>\n<\/tr>\n<tr>\n<td>Panoramica<\/td>\n<td>Tasso di micron<\/td>\n<td>0,5-20um<\/td>\n<\/tr>\n<tr>\n<td>Panoramica<\/td>\n<td>Valore dello iodio<\/td>\n<td>fino a 1000<\/td>\n<\/tr>\n<tr>\n<td>Panoramica<\/td>\n<td>Portata<\/td>\n<td>\u2264300L\/h<\/td>\n<\/tr>\n<tr>\n<td>Capacit\u00e0 di approvvigionamento<\/td>\n<td>Capacit\u00e0 di approvvigionamento<\/td>\n<td>500 pezzo\/pezzi al giorno<\/td>\n<\/tr>\n<\/tbody>\n<\/table>","protected":false},"featured_media":3726,"comment_status":"open","ping_status":"closed","template":"","meta":{"_gspb_post_css":""},"product_brand":[],"product_cat":[18],"product_tag":[1073,1204,1203,38,357,1182],"class_list":{"0":"post-3724","1":"product","2":"type-product","3":"status-publish","4":"has-post-thumbnail","6":"product_cat-sintered-metal-filters","7":"product_tag-activated-carbon-block-filter","8":"product_tag-clean-water-filter","9":"product_tag-customized-carbon-filter","10":"product_tag-industrial-water-filtration","11":"product_tag-water-filter-cartridge","12":"product_tag-water-purification-filter","14":"first","15":"instock","16":"shipping-taxable","17":"product-type-simple"},"_links":{"self":[{"href":"https:\/\/lyfilter.com\/it\/wp-json\/wp\/v2\/product\/3724","targetHints":{"allow":["GET"]}}],"collection":[{"href":"https:\/\/lyfilter.com\/it\/wp-json\/wp\/v2\/product"}],"about":[{"href":"https:\/\/lyfilter.com\/it\/wp-json\/wp\/v2\/types\/product"}],"replies":[{"embeddable":true,"href":"https:\/\/lyfilter.com\/it\/wp-json\/wp\/v2\/comments?post=3724"}],"wp:featuredmedia":[{"embeddable":true,"href":"https:\/\/lyfilter.com\/it\/wp-json\/wp\/v2\/media\/3726"}],"wp:attachment":[{"href":"https:\/\/lyfilter.com\/it\/wp-json\/wp\/v2\/media?parent=3724"}],"wp:term":[{"taxonomy":"product_brand","embeddable":true,"href":"https:\/\/lyfilter.com\/it\/wp-json\/wp\/v2\/product_brand?post=3724"},{"taxonomy":"product_cat","embeddable":true,"href":"https:\/\/lyfilter.com\/it\/wp-json\/wp\/v2\/product_cat?post=3724"},{"taxonomy":"product_tag","embeddable":true,"href":"https:\/\/lyfilter.com\/it\/wp-json\/wp\/v2\/product_tag?post=3724"}],"curies":[{"name":"wp","href":"https:\/\/api.w.org\/{rel}","templated":true}]}}