{"id":3702,"date":"2026-04-02T12:04:34","date_gmt":"2026-04-02T12:04:34","guid":{"rendered":"https:\/\/lyfilter.com\/"},"modified":"2026-04-02T12:04:34","modified_gmt":"2026-04-02T12:04:34","slug":"industrial-stainless-steel-single-core-304-316l-liquid-filter-cartridge-housing-with-big-blue-ss-mesh-water-filter-30-microns","status":"publish","type":"product","link":"https:\/\/lyfilter.com\/it\/industrial-stainless-steel-single-core-304-316l-liquid-filter-cartridge-housing-with-big-blue-ss-mesh-water-filter-30-microns\/","title":{"rendered":"Alloggiamento della cartuccia del filtro liquido del singolo nucleo 304 316L dell'acciaio inossidabile industriale con il grande filtro dell'acqua blu della maglia degli SS 30 micron"},"content":{"rendered":"<p>Questo alloggiamento del filtro in acciaio inox a nucleo singolo \u00e8 stato realizzato per una filtrazione costante dei liquidi in ambienti industriali. Con le opzioni 304 e 316L e un filtro a maglia blu ss, supporta un flusso pulito, una lunga durata e prestazioni quotidiane affidabili.<\/p>","protected":false},"excerpt":{"rendered":"<table>\n<thead>\n<tr>\n<th>Campo<\/th>\n<th>Valore<\/th>\n<\/tr>\n<\/thead>\n<tbody>\n<tr>\n<td>Industrie applicabili<\/td>\n<td>Alberghi, Negozi di abbigliamento, Negozi di materiali da costruzione, Impianti di produzione, Negozi di riparazione di macchinari, Fabbrica di alimenti e bevande, Aziende agricole, Ristoranti, Uso domestico, Vendita al dettaglio, Negozio di alimentari, Negozi di stampa, Lavori di costruzione, Energia e miniere, Negozi di alimenti e bevande, Azienda pubblicitaria<\/td>\n<\/tr>\n<tr>\n<td>Luogo di origine<\/td>\n<td>Guangdong, Cina<\/td>\n<\/tr>\n<tr>\n<td>Nome del marchio<\/td>\n<td>Personalizzato<\/td>\n<\/tr>\n<tr>\n<td>Materiale<\/td>\n<td>Personalizzato<\/td>\n<\/tr>\n<tr>\n<td>Peso<\/td>\n<td>Personalizzato<\/td>\n<\/tr>\n<tr>\n<td>Dimensione<\/td>\n<td>Personalizzato<\/td>\n<\/tr>\n<tr>\n<td>Potenza<\/td>\n<td>Personalizzato<\/td>\n<\/tr>\n<tr>\n<td>Garanzia<\/td>\n<td>Non disponibile<\/td>\n<\/tr>\n<tr>\n<td>Nome dell'articolo<\/td>\n<td>Alloggiamento della cartuccia del filtro per liquidi in acciaio inox a nucleo singolo 304 316L<\/td>\n<\/tr>\n<tr>\n<td>Lunghezza della cartuccia filtrante<\/td>\n<td>10\u2033 20\u2033 30\u2033 40\u2033<\/td>\n<\/tr>\n<tr>\n<td>Acciaio inox<\/td>\n<td>SUS304, SUS316L<\/td>\n<\/tr>\n<tr>\n<td>Quantit\u00e0 di filtri a cartuccia<\/td>\n<td>Nucleo singolo<\/td>\n<\/tr>\n<tr>\n<td>Trattamento della superficie<\/td>\n<td>Lucidato e sabbiato<\/td>\n<\/tr>\n<tr>\n<td>O-ring di tenuta<\/td>\n<td>Silastico\/NBR\/EPDM\/Viton<\/td>\n<\/tr>\n<tr>\n<td>Tipo di tappo superiore installato<\/td>\n<td>Tipo di morsetto<\/td>\n<\/tr>\n<tr>\n<td>Tipo di connettore<\/td>\n<td>222\/226\/DOE<\/td>\n<\/tr>\n<tr>\n<td>Tipo di ingresso e uscita<\/td>\n<td>Filettatura interna<\/td>\n<\/tr>\n<tr>\n<td>Metodo di imballaggio<\/td>\n<td>Scatola standard per l'esportazione<\/td>\n<\/tr>\n<tr>\n<td>Servizio post-vendita fornito<\/td>\n<td>Assistenza online<\/td>\n<\/tr>\n<tr>\n<td>Unit\u00e0 di vendita<\/td>\n<td>Articolo singolo<\/td>\n<\/tr>\n<tr>\n<td>Dimensione della confezione singola<\/td>\n<td>50X25X25 cm<\/td>\n<\/tr>\n<tr>\n<td>Peso lordo singolo<\/td>\n<td>6.000 kg<\/td>\n<\/tr>\n<tr>\n<td>Tipo di confezione<\/td>\n<td>Cartuccia filtrante per liquidi in acciaio inox 304 316L a nucleo singolo con filtro per acqua a maglia blu 30 micron: Imballaggio: Scatola standard di esportazione\/come richiesto<\/td>\n<\/tr>\n<tr>\n<td>Tempi di consegna<\/td>\n<td>1 - 10 Unit\u00e0: 7 giorni; 11 - 100 Unit\u00e0: 15 giorni; &gt;100 Unit\u00e0: Da negoziare<\/td>\n<\/tr>\n<\/tbody>\n<\/table>","protected":false},"featured_media":3705,"comment_status":"open","ping_status":"closed","template":"","meta":{"_gspb_post_css":""},"product_brand":[],"product_cat":[15],"product_tag":[1192,1190,1191,1143,1189,34],"class_list":{"0":"post-3702","1":"product","2":"type-product","3":"status-publish","4":"has-post-thumbnail","6":"product_cat-stainless-steel-filter-housing","7":"product_tag-30-micron-water-filter","8":"product_tag-304-316l-cartridge-housing","9":"product_tag-big-blue-ss-mesh-filter","10":"product_tag-industrial-liquid-filter","11":"product_tag-single-core-filter-housing","12":"product_tag-stainless-steel-filter-housing","14":"first","15":"instock","16":"shipping-taxable","17":"product-type-simple"},"_links":{"self":[{"href":"https:\/\/lyfilter.com\/it\/wp-json\/wp\/v2\/product\/3702","targetHints":{"allow":["GET"]}}],"collection":[{"href":"https:\/\/lyfilter.com\/it\/wp-json\/wp\/v2\/product"}],"about":[{"href":"https:\/\/lyfilter.com\/it\/wp-json\/wp\/v2\/types\/product"}],"replies":[{"embeddable":true,"href":"https:\/\/lyfilter.com\/it\/wp-json\/wp\/v2\/comments?post=3702"}],"wp:featuredmedia":[{"embeddable":true,"href":"https:\/\/lyfilter.com\/it\/wp-json\/wp\/v2\/media\/3705"}],"wp:attachment":[{"href":"https:\/\/lyfilter.com\/it\/wp-json\/wp\/v2\/media?parent=3702"}],"wp:term":[{"taxonomy":"product_brand","embeddable":true,"href":"https:\/\/lyfilter.com\/it\/wp-json\/wp\/v2\/product_brand?post=3702"},{"taxonomy":"product_cat","embeddable":true,"href":"https:\/\/lyfilter.com\/it\/wp-json\/wp\/v2\/product_cat?post=3702"},{"taxonomy":"product_tag","embeddable":true,"href":"https:\/\/lyfilter.com\/it\/wp-json\/wp\/v2\/product_tag?post=3702"}],"curies":[{"name":"wp","href":"https:\/\/api.w.org\/{rel}","templated":true}]}}