{"id":3700,"date":"2026-04-02T11:15:04","date_gmt":"2026-04-02T11:15:04","guid":{"rendered":"https:\/\/lyfilter.com\/"},"modified":"2026-04-02T11:15:04","modified_gmt":"2026-04-02T11:15:04","slug":"lvyuan-filter-cartridge-filter-housing-ss316-for-factory","status":"publish","type":"product","link":"https:\/\/lyfilter.com\/it\/lvyuan-filter-cartridge-filter-housing-ss316-for-factory\/","title":{"rendered":"Lvyuan filtro cartuccia filtro alloggiamento SS316 per la fabbrica"},"content":{"rendered":"","protected":false},"excerpt":{"rendered":"<table>\n<thead>\n<tr>\n<th>Campo<\/th>\n<th>Valore<\/th>\n<\/tr>\n<\/thead>\n<tbody>\n<tr>\n<td>Industrie applicabili<\/td>\n<td>Alberghi, Negozi di abbigliamento, Negozi di materiali da costruzione, Impianti di produzione, Negozi di riparazione di macchinari, Fabbrica di alimenti e bevande, Aziende agricole, Ristoranti, Uso domestico, Vendita al dettaglio, Negozio di alimentari, Negozi di stampa, Lavori di costruzione, Energia e miniere, Negozi di alimenti e bevande, Azienda pubblicitaria<\/td>\n<\/tr>\n<tr>\n<td>Luogo di origine<\/td>\n<td>Guangdong, Cina<\/td>\n<\/tr>\n<tr>\n<td>Nome del marchio<\/td>\n<td>LVYUAN\/OEM<\/td>\n<\/tr>\n<tr>\n<td>Garanzia<\/td>\n<td>1 anno<\/td>\n<\/tr>\n<tr>\n<td>Servizio post-vendita fornito<\/td>\n<td>Assistenza online<\/td>\n<\/tr>\n<tr>\n<td>Nome dell'articolo<\/td>\n<td>Macchine per la filtrazione di sacchi singoli\/doppi 304 316L in acciaio inossidabile<\/td>\n<\/tr>\n<tr>\n<td>Materiale<\/td>\n<td>SS304 \/ SS316L<\/td>\n<\/tr>\n<tr>\n<td>Materiale del sacco filtrante<\/td>\n<td>BORSA PE\/BORSA PE<\/td>\n<\/tr>\n<tr>\n<td>Quantit\u00e0 di filtri a sacco<\/td>\n<td>Alloggiamento del filtro a sacco singolo<\/td>\n<\/tr>\n<tr>\n<td>Trattamento della superficie<\/td>\n<td>Lucidato e sabbiato<\/td>\n<\/tr>\n<tr>\n<td>O-ring di tenuta<\/td>\n<td>Silastico\/NBR\/EPDM\/Viton<\/td>\n<\/tr>\n<tr>\n<td>Tipo di tappo superiore installato<\/td>\n<td>Tipo di morsetto\/tipo di bullone<\/td>\n<\/tr>\n<tr>\n<td>Tipo di ingresso e uscita<\/td>\n<td>Filettatura interna\/Flangia<\/td>\n<\/tr>\n<tr>\n<td>Tipo di connettore<\/td>\n<td>222\/226\/DOE<\/td>\n<\/tr>\n<tr>\n<td>Metodo di imballaggio<\/td>\n<td>Scatola standard per l'esportazione<\/td>\n<\/tr>\n<tr>\n<td>Unit\u00e0 di vendita<\/td>\n<td>Articolo singolo<\/td>\n<\/tr>\n<tr>\n<td>Dimensione della confezione singola<\/td>\n<td>75X50X75 cm<\/td>\n<\/tr>\n<tr>\n<td>Peso lordo singolo<\/td>\n<td>30.000 kg<\/td>\n<\/tr>\n<tr>\n<td>Tipo di confezione<\/td>\n<td>singolo\/due sacchi 304 316L macchina filtro a sacchetto in acciaio inox con filtro a sacchetto olio liquido 10 micron 7\u00d732 pollici: Imballaggio: Scatola standard dell'esportazione\/come richiesto<\/td>\n<\/tr>\n<tr>\n<td>Tempi di consegna<\/td>\n<td>1 - 10 unit\u00e0: 5 giorni; 11 - 100 Unit\u00e0: 10 giorni; &gt;100 Unit\u00e0: Da negoziare<\/td>\n<\/tr>\n<\/tbody>\n<\/table>","protected":false},"featured_media":3701,"comment_status":"open","ping_status":"closed","template":"","meta":{"_gspb_post_css":""},"product_brand":[],"product_cat":[15],"product_tag":[1187,1188,38,1186,1185,34],"class_list":{"0":"post-3700","1":"product","2":"type-product","3":"status-publish","4":"has-post-thumbnail","6":"product_cat-stainless-steel-filter-housing","7":"product_tag-factory-water-filter","8":"product_tag-filter-cartridge-housing","9":"product_tag-industrial-water-filtration","10":"product_tag-lvyuan-filter-housing","11":"product_tag-ss316-filter-housing","12":"product_tag-stainless-steel-filter-housing","14":"first","15":"instock","16":"shipping-taxable","17":"product-type-simple"},"_links":{"self":[{"href":"https:\/\/lyfilter.com\/it\/wp-json\/wp\/v2\/product\/3700","targetHints":{"allow":["GET"]}}],"collection":[{"href":"https:\/\/lyfilter.com\/it\/wp-json\/wp\/v2\/product"}],"about":[{"href":"https:\/\/lyfilter.com\/it\/wp-json\/wp\/v2\/types\/product"}],"replies":[{"embeddable":true,"href":"https:\/\/lyfilter.com\/it\/wp-json\/wp\/v2\/comments?post=3700"}],"wp:featuredmedia":[{"embeddable":true,"href":"https:\/\/lyfilter.com\/it\/wp-json\/wp\/v2\/media\/3701"}],"wp:attachment":[{"href":"https:\/\/lyfilter.com\/it\/wp-json\/wp\/v2\/media?parent=3700"}],"wp:term":[{"taxonomy":"product_brand","embeddable":true,"href":"https:\/\/lyfilter.com\/it\/wp-json\/wp\/v2\/product_brand?post=3700"},{"taxonomy":"product_cat","embeddable":true,"href":"https:\/\/lyfilter.com\/it\/wp-json\/wp\/v2\/product_cat?post=3700"},{"taxonomy":"product_tag","embeddable":true,"href":"https:\/\/lyfilter.com\/it\/wp-json\/wp\/v2\/product_tag?post=3700"}],"curies":[{"name":"wp","href":"https:\/\/api.w.org\/{rel}","templated":true}]}}