{"id":3691,"date":"2026-04-02T11:03:42","date_gmt":"2026-04-02T11:03:42","guid":{"rendered":"https:\/\/lyfilter.com\/"},"modified":"2026-04-02T11:03:42","modified_gmt":"2026-04-02T11:03:42","slug":"lvyuan-efficient-activated-carbon-filter-element-factory-for-water","status":"publish","type":"product","link":"https:\/\/lyfilter.com\/it\/lvyuan-efficient-activated-carbon-filter-element-factory-for-water\/","title":{"rendered":"Fabbrica efficiente dell'elemento filtrante del carbone attivo di Lvyuan per l'acqua"},"content":{"rendered":"<p><b>1.<\/b>\u00a0La produzione della cartuccia filtrante per sedimenti Lvyuan consiste nell'applicazione di varie parti meccaniche di base. Si tratta di ingranaggi, cuscinetti, elementi di fissaggio, molle, guarnizioni, giunti e cos\u00ec via. La matrice di fibre autoportanti consente un design senza nucleo, economico e resistente.<br \/>\n<b>2.<\/b>\u00a0Lvyuan Water Purification Equipment \u00e8 in grado di soddisfare la domanda del mercato con la massima efficienza. Il mezzo filtrante presenta una porosit\u00e0 diversa in tutta la sua profondit\u00e0<br \/>\n<b>3.<\/b>\u00a0Prodotto nel nostro stabilimento tecnologicamente avanzato, il prodotto \u00e8 di qualit\u00e0 garantita. Il media filtrante \u00e8 incollato termicamente per evitare il rilascio di fibre e garantire una portata costante.<\/p>","protected":false},"excerpt":{"rendered":"<table>\n<thead>\n<tr>\n<th>Articolo<\/th>\n<th>Dettagli<\/th>\n<\/tr>\n<\/thead>\n<tbody>\n<tr>\n<td>Luogo di origine<\/td>\n<td>Cina<\/td>\n<\/tr>\n<tr>\n<td>Nome del marchio<\/td>\n<td>Lvyuan\/OEM<\/td>\n<\/tr>\n<tr>\n<td>Numero di modello<\/td>\n<td>LY-PLF-01<\/td>\n<\/tr>\n<tr>\n<td>Potenza (W)<\/td>\n<td>0<\/td>\n<\/tr>\n<tr>\n<td>Tensione (V)<\/td>\n<td>0<\/td>\n<\/tr>\n<tr>\n<td>Servizio post-vendita fornito<\/td>\n<td>nessuno<\/td>\n<\/tr>\n<tr>\n<td>Garanzia<\/td>\n<td>nessuno<\/td>\n<\/tr>\n<tr>\n<td>Tipo<\/td>\n<td>Osmosi inversa<\/td>\n<\/tr>\n<tr>\n<td>Certificazione<\/td>\n<td>GS<\/td>\n<\/tr>\n<tr>\n<td>Utilizzo<\/td>\n<td>Prefiltrazione domestica<\/td>\n<\/tr>\n<tr>\n<td>Applicazione<\/td>\n<td>Auto, RV, Outdoor, Hotel, Garage, Commerciale, Domestico<\/td>\n<\/tr>\n<tr>\n<td>Fonte di alimentazione<\/td>\n<td>Manuale<\/td>\n<\/tr>\n<tr>\n<td>Nome<\/td>\n<td>elemento filtrante per acqua in pp<\/td>\n<\/tr>\n<tr>\n<td>Materiale della membrana filtrante<\/td>\n<td>PP\/PVDF\/PTFE\/PES\/Nylon<\/td>\n<\/tr>\n<tr>\n<td>Lunghezza<\/td>\n<td>5 \/ 10 \/ 20 \/ 30 \/ 40 \/ 50 \/ 60 pollici<\/td>\n<\/tr>\n<tr>\n<td>Conettore<\/td>\n<td>Fin\/222\/226\/215\/DOE\/Thread<\/td>\n<\/tr>\n<tr>\n<td>Micron<\/td>\n<td>0.22\/0.5\/1\/3\/5\/10\/25\/50\/75\/100\/150<\/td>\n<\/tr>\n<tr>\n<td>Metodo di sigillatura<\/td>\n<td>Saldatura a caldo<\/td>\n<\/tr>\n<tr>\n<td>Diametro<\/td>\n<td>70 mm\/OEM<\/td>\n<\/tr>\n<tr>\n<td>Nucleo interno<\/td>\n<td>PP\/SS\/OEM<\/td>\n<\/tr>\n<tr>\n<td>MOQ<\/td>\n<td>Al momento non \u00e8 previsto un numero limitato di<\/td>\n<\/tr>\n<tr>\n<td>Capacit\u00e0 di approvvigionamento<\/td>\n<td>5000 pezzo\/pezzi a settimana<\/td>\n<\/tr>\n<\/tbody>\n<\/table>","protected":false},"featured_media":3693,"comment_status":"open","ping_status":"closed","template":"","meta":{"_gspb_post_css":""},"product_brand":[],"product_cat":[20],"product_tag":[1177,1178,1180,1179,1176,866],"class_list":{"0":"post-3691","1":"product","2":"type-product","3":"status-publish","4":"has-post-thumbnail","6":"product_cat-high-flow-filter-cartridge","7":"product_tag-activated-carbon-filter-element","8":"product_tag-carbon-water-filter-factory","9":"product_tag-efficient-carbon-filter","10":"product_tag-household-water-filter-element","11":"product_tag-lvyuan-water-filter","12":"product_tag-water-filtration-cartridge","14":"first","15":"instock","16":"shipping-taxable","17":"product-type-simple"},"_links":{"self":[{"href":"https:\/\/lyfilter.com\/it\/wp-json\/wp\/v2\/product\/3691","targetHints":{"allow":["GET"]}}],"collection":[{"href":"https:\/\/lyfilter.com\/it\/wp-json\/wp\/v2\/product"}],"about":[{"href":"https:\/\/lyfilter.com\/it\/wp-json\/wp\/v2\/types\/product"}],"replies":[{"embeddable":true,"href":"https:\/\/lyfilter.com\/it\/wp-json\/wp\/v2\/comments?post=3691"}],"wp:featuredmedia":[{"embeddable":true,"href":"https:\/\/lyfilter.com\/it\/wp-json\/wp\/v2\/media\/3693"}],"wp:attachment":[{"href":"https:\/\/lyfilter.com\/it\/wp-json\/wp\/v2\/media?parent=3691"}],"wp:term":[{"taxonomy":"product_brand","embeddable":true,"href":"https:\/\/lyfilter.com\/it\/wp-json\/wp\/v2\/product_brand?post=3691"},{"taxonomy":"product_cat","embeddable":true,"href":"https:\/\/lyfilter.com\/it\/wp-json\/wp\/v2\/product_cat?post=3691"},{"taxonomy":"product_tag","embeddable":true,"href":"https:\/\/lyfilter.com\/it\/wp-json\/wp\/v2\/product_tag?post=3691"}],"curies":[{"name":"wp","href":"https:\/\/api.w.org\/{rel}","templated":true}]}}