{"id":3688,"date":"2026-04-02T10:59:19","date_gmt":"2026-04-02T10:59:19","guid":{"rendered":"https:\/\/lyfilter.com\/"},"modified":"2026-04-02T11:02:01","modified_gmt":"2026-04-02T11:02:01","slug":"string-wound-sediment-water-filter-upplier","status":"publish","type":"product","link":"https:\/\/lyfilter.com\/it\/string-wound-sediment-water-filter-upplier\/","title":{"rendered":"Filtro per l'acqua a sedimento con filo avvolto"},"content":{"rendered":"<p><b>Dettagli del prodotto del filtro dell'acqua a sedimenti avvolti a corda<\/b><\/p>\n<p>&nbsp;<\/p>\n<p><b>Dettaglio rapido<\/b><\/p>\n<p>Il filtro dell'acqua a sedimenti avvolti a corde \u00e8 stabile nelle prestazioni e affidabile nella qualit\u00e0. \u00c8 caratterizzato dai seguenti vantaggi: alta precisione, alta efficienza, alta flessibilit\u00e0, bassa abrasione, ecc. Pu\u00f2 essere ampiamente utilizzato in diversi settori.\u00a0<a href=\"https:\/\/lyfilter.com\/it\/\">Filtro Lvyuan<\/a>Il filtro dell'acqua a sedimenti avvolti su corde \u00e8 prodotto utilizzando la tecnologia avanzata a livello internazionale. Il filtro dell'acqua a sedimenti avvolti su corde ha prestazioni eccellenti, qualit\u00e0 stabile e affidabile. Il filtro dell'acqua a sedimenti avvolti su corde \u00e8 utilizzato in molti campi, tra cui i ricambi automobilistici, i ricambi metallici, i materiali da costruzione, i prodotti in acciaio inossidabile e altri. Grazie alla sua economicit\u00e0, il prodotto sta diventando sempre pi\u00f9 popolare in questo campo.<\/p>","protected":false},"excerpt":{"rendered":"<table>\n<thead>\n<tr>\n<th>Articolo<\/th>\n<th>Dettagli<\/th>\n<\/tr>\n<\/thead>\n<tbody>\n<tr>\n<td>Luogo di origine<\/td>\n<td>Guangdong, Cina<\/td>\n<\/tr>\n<tr>\n<td>Nome del marchio<\/td>\n<td>Lvyuan \/ OEM<\/td>\n<\/tr>\n<tr>\n<td>Numero di modello<\/td>\n<td>Serie LY-SW<\/td>\n<\/tr>\n<tr>\n<td>Nome del prodotto<\/td>\n<td>Filtro a cartuccia da 5 micron<\/td>\n<\/tr>\n<tr>\n<td>Tasso di micron<\/td>\n<td>Cartuccia filtrante da 1, 3, 5, 10 micron<\/td>\n<\/tr>\n<tr>\n<td>Materiale<\/td>\n<td>PP \/ Cotone \/ fibra di vetro<\/td>\n<\/tr>\n<tr>\n<td>Nucleo interno<\/td>\n<td>PP o acciaio inox<\/td>\n<\/tr>\n<tr>\n<td>Lunghezza<\/td>\n<td>5\u2033, 10\u2033, 20\u2033, 30\u2033, 40\u2033, 50\u201d pollici<\/td>\n<\/tr>\n<tr>\n<td>Materiale della guarnizione\/anello<\/td>\n<td>Silicio \/ EPDM \/ Viton<\/td>\n<\/tr>\n<tr>\n<td>Utilizzo<\/td>\n<td>filtro per liquidi, parti del filtro per acqua<\/td>\n<\/tr>\n<tr>\n<td>Diametro interno<\/td>\n<td>28, 30 mm<\/td>\n<\/tr>\n<tr>\n<td>Diametro esterno<\/td>\n<td>60~62 mm, Jumbo 110~115 mm<\/td>\n<\/tr>\n<tr>\n<td>Certificazione<\/td>\n<td>CE SGS ISO<\/td>\n<\/tr>\n<tr>\n<td>Capacit\u00e0 di approvvigionamento<\/td>\n<td>5000 pezzi al giorno 5 micron filtro a cartuccia<\/td>\n<\/tr>\n<\/tbody>\n<\/table>","protected":false},"featured_media":3690,"comment_status":"open","ping_status":"closed","template":"","meta":{"_gspb_post_css":""},"product_brand":[],"product_cat":[1095],"product_tag":[1172,1175,1176,1174,1171,1173],"class_list":{"0":"post-3688","1":"product","2":"type-product","3":"status-publish","4":"has-post-thumbnail","6":"product_cat-string-wound-filter-cartridge","7":"product_tag-5-micron-cartridge-filter","8":"product_tag-industrial-water-filter-parts","9":"product_tag-lvyuan-water-filter","10":"product_tag-pp-cotton-filter-cartridge","11":"product_tag-string-wound-sediment-water-filter","12":"product_tag-water-filter-cartridge-supplier","14":"first","15":"instock","16":"shipping-taxable","17":"product-type-simple"},"_links":{"self":[{"href":"https:\/\/lyfilter.com\/it\/wp-json\/wp\/v2\/product\/3688","targetHints":{"allow":["GET"]}}],"collection":[{"href":"https:\/\/lyfilter.com\/it\/wp-json\/wp\/v2\/product"}],"about":[{"href":"https:\/\/lyfilter.com\/it\/wp-json\/wp\/v2\/types\/product"}],"replies":[{"embeddable":true,"href":"https:\/\/lyfilter.com\/it\/wp-json\/wp\/v2\/comments?post=3688"}],"wp:featuredmedia":[{"embeddable":true,"href":"https:\/\/lyfilter.com\/it\/wp-json\/wp\/v2\/media\/3690"}],"wp:attachment":[{"href":"https:\/\/lyfilter.com\/it\/wp-json\/wp\/v2\/media?parent=3688"}],"wp:term":[{"taxonomy":"product_brand","embeddable":true,"href":"https:\/\/lyfilter.com\/it\/wp-json\/wp\/v2\/product_brand?post=3688"},{"taxonomy":"product_cat","embeddable":true,"href":"https:\/\/lyfilter.com\/it\/wp-json\/wp\/v2\/product_cat?post=3688"},{"taxonomy":"product_tag","embeddable":true,"href":"https:\/\/lyfilter.com\/it\/wp-json\/wp\/v2\/product_tag?post=3688"}],"curies":[{"name":"wp","href":"https:\/\/api.w.org\/{rel}","templated":true}]}}