{"id":2592,"date":"2026-01-08T07:13:58","date_gmt":"2026-01-08T07:13:58","guid":{"rendered":"https:\/\/lyfilter.com\/?post_type=product&#038;p=2592"},"modified":"2026-01-08T07:13:59","modified_gmt":"2026-01-08T07:13:59","slug":"ss-304-316-stainless-steel-filter-bag","status":"publish","type":"product","link":"https:\/\/lyfilter.com\/it\/ss-304-316-stainless-steel-filter-bag\/","title":{"rendered":"SS 304 316 Sacchetto filtrante in acciaio inox"},"content":{"rendered":"<div class=\"unit-detail-html-tabs__content-attr\">\n<div class=\"unit-product-attrparam\">\n<div class=\"unit-product-attrparam__items row\">\n<div class=\"col-12 col-md-6\">\n<div class=\"unit-product-attrparam__item\">\n<div class=\"unit-product-attrparam__label\">\n<table>\n<thead>\n<tr>\n<th>Materiale<\/th>\n<th>Acciaio inox<\/th>\n<\/tr>\n<\/thead>\n<tbody>\n<tr>\n<td>Disponibilit\u00e0<\/td>\n<td>OEM<\/td>\n<\/tr>\n<\/tbody>\n<\/table>\n<\/div>\n<\/div>\n<\/div>\n<\/div>\n<\/div>\n<\/div>\n<div class=\"unit-detail-html-tabs__content-featuresAttr\"><\/div>\n<div class=\"unit-detail-html-tabs__content-html\">\n<p><strong>SS 304 316 Sacchetto filtrante in acciaio inox<\/strong><\/p>\n<p>MATERIALE FILTRANTE PREFERITO IN ACCIAIO INOX 304<\/p>\n<p>Il sacchetto in acciaio stainiess fiter \u00e8 realizzato con materiale indeformabile in acciaio inox filato SUS304 o SUS316 e tessuto in una rete secondo le specifiche indicate. La tessitura costituisce una superficie liscia, facile da pulire e utilizzabile pi\u00f9 volte. Allo stesso tempo, \u00e8 adatta alla filtrazione di alcuni liquidi con un elevato contenuto di impurit\u00e0, riducendo cos\u00ec il costo della filtrazione.<\/p>\n<p>ECCIPIENTI DI QUALIT\u00c0 SUPERIORE<\/p>\n<p>Gli accessori di buona qualit\u00e0 sono una condizione indispensabile per la produzione di buoni sacchi filtranti. Solo attraverso il nostro rigoroso controllo dei fornitori \u00e8 possibile selezionare accessori di buona qualit\u00e0 e solo dopo aver superato i test di fluorescenza e di plastificazione possono essere utilizzati per produrre sacchi filtranti.<\/p>\n<p><img decoding=\"async\" src=\"https:\/\/img.yfisher.com\/m6076\/1725732616tgn\/jpg70-t3-scale100.webp\" alt=\"SS 304 316 Sacchetto filtrante in acciaio inox 2\" data-lazy=\"2\" title=\"\"><\/p>\n<p><img decoding=\"async\" src=\"https:\/\/img.yfisher.com\/m6076\/1725732616e42\/jpg70-t3-scale100.webp\" alt=\"SS 304 316 Sacchetto filtrante in acciaio inox 3\" data-lazy=\"2\" title=\"\"><\/p>\n<p><img decoding=\"async\" src=\"https:\/\/img.yfisher.com\/m6076\/1725732616srt\/jpg70-t3-scale100.webp\" alt=\"SS 304 316 Sacchetto filtrante in acciaio inox 4\" data-lazy=\"2\" title=\"\"><\/p>\n<p><img decoding=\"async\" src=\"https:\/\/img.yfisher.com\/m6076\/1725732616e74\/jpg70-t3-scale100.webp\" alt=\"SS 304 316 Sacchetto filtrante in acciaio inox 5\" data-lazy=\"2\" title=\"\"><\/p>\n<p><img decoding=\"async\" src=\"https:\/\/img.yfisher.com\/m6076\/1725732616zjv\/jpg70-t3-scale100.webp\" alt=\"SS 304 316 Sacchetto filtrante in acciaio inox 6\" data-lazy=\"2\" title=\"\"><\/p>\n<\/div>","protected":false},"excerpt":{"rendered":"<p>Material Stainless Steel Availability OEM SS 304 316 Stainless Steel Filter Bag PREFERRED 304 STAINLESS STEEL FILTER MATERIAL The stainiess steel fiter bag is made of non-deformable stainless steel spun SUS304 or SUS316 material and woven into a mesh according to the specified specifications, After heat setting, it becomes a monofilament mesh. The weaving constitutes [&hellip;]<\/p>\n","protected":false},"featured_media":2594,"comment_status":"open","ping_status":"closed","template":"","meta":{"_gspb_post_css":""},"product_brand":[],"product_cat":[1054],"product_tag":[],"class_list":{"0":"post-2592","1":"product","2":"type-product","3":"status-publish","4":"has-post-thumbnail","6":"product_cat-filter-bag","8":"first","9":"instock","10":"shipping-taxable","11":"product-type-simple"},"_links":{"self":[{"href":"https:\/\/lyfilter.com\/it\/wp-json\/wp\/v2\/product\/2592","targetHints":{"allow":["GET"]}}],"collection":[{"href":"https:\/\/lyfilter.com\/it\/wp-json\/wp\/v2\/product"}],"about":[{"href":"https:\/\/lyfilter.com\/it\/wp-json\/wp\/v2\/types\/product"}],"replies":[{"embeddable":true,"href":"https:\/\/lyfilter.com\/it\/wp-json\/wp\/v2\/comments?post=2592"}],"wp:featuredmedia":[{"embeddable":true,"href":"https:\/\/lyfilter.com\/it\/wp-json\/wp\/v2\/media\/2594"}],"wp:attachment":[{"href":"https:\/\/lyfilter.com\/it\/wp-json\/wp\/v2\/media?parent=2592"}],"wp:term":[{"taxonomy":"product_brand","embeddable":true,"href":"https:\/\/lyfilter.com\/it\/wp-json\/wp\/v2\/product_brand?post=2592"},{"taxonomy":"product_cat","embeddable":true,"href":"https:\/\/lyfilter.com\/it\/wp-json\/wp\/v2\/product_cat?post=2592"},{"taxonomy":"product_tag","embeddable":true,"href":"https:\/\/lyfilter.com\/it\/wp-json\/wp\/v2\/product_tag?post=2592"}],"curies":[{"name":"wp","href":"https:\/\/api.w.org\/{rel}","templated":true}]}}