{"id":2549,"date":"2026-01-07T06:14:53","date_gmt":"2026-01-07T06:14:53","guid":{"rendered":"https:\/\/lyfilter.com\/?post_type=product&#038;p=2549"},"modified":"2026-01-07T06:14:54","modified_gmt":"2026-01-07T06:14:54","slug":"lvyuan-manufacturer-stainless-steel-wire-mesh-for-filters-strainers-and-separations","status":"publish","type":"product","link":"https:\/\/lyfilter.com\/it\/lvyuan-manufacturer-stainless-steel-wire-mesh-for-filters-strainers-and-separations\/","title":{"rendered":"Lvyuan produttore Rete metallica in acciaio inox per filtri, filtri e separazioni"},"content":{"rendered":"<div class=\"unit-detail-html-tabs__content-attr\">\n<div class=\"unit-product-attrparam\">\n<div class=\"unit-product-attrparam__items row\">\n<div class=\"col-12 col-md-6\">\n<div class=\"unit-product-attrparam__item\">\n<div class=\"unit-product-attrparam__label\">\n<table>\n<thead>\n<tr>\n<th>Capacit\u00e0 di approvvigionamento<\/th>\n<th>1000000pc\/mese<\/th>\n<\/tr>\n<\/thead>\n<tbody>\n<tr>\n<td>Materiale<\/td>\n<td>pe<\/td>\n<\/tr>\n<tr>\n<td>Disponibilit\u00e0<\/td>\n<td>OEM\/ODM<\/td>\n<\/tr>\n<\/tbody>\n<\/table>\n<\/div>\n<\/div>\n<\/div>\n<\/div>\n<\/div>\n<\/div>\n<div class=\"unit-detail-html-tabs__content-html\">\n<p><strong>Lvyuan produttore Rete metallica in acciaio inox per filtri, filtri e separazioni<\/strong><\/p>\n<p>&nbsp;<\/p>\n<p>La nostra rete metallica in acciaio inox \u00e8 ideale per filtri, colini e applicazioni di separazione che richiedono robustezza, resistenza chimica e aperture di precisione:<\/p>\n<p>- Costruito in acciaio inox 304 o 316 per resistere alla corrosione;<\/p>\n<p>- Aperture a maglie strette da 10 micron a 4 mm per la filtrazione di particelle fini;<\/p>\n<p>- Disponibile in versione quadrata liscia o con trama olandese ritorta;<\/p>\n<p>- Resiste a pressioni elevate e a temperature fino a 500\u00b0C;<\/p>\n<p>- Impedisce l'intasamento grazie alla superficie liscia e non assorbente del filo; ;<\/p>\n<p>- Sono disponibili tessuti personalizzati per le vostre specifiche esigenze di separazione particellare o molecolare;<\/p>\n<p>- Disponibile in fogli, rotoli, dischi e barre per adattarsi all'alloggiamento del filtro;<\/p>\n<p>- Soddisfa i requisiti sanitari per la filtrazione di prodotti alimentari, farmaceutici e chimici;<\/p>\n<p>Grazie all'eccellente compatibilit\u00e0 chimica e alle propriet\u00e0 di pulizia, le nostre reti metalliche inossidabili superano gli altri materiali filtranti. Scoprite di pi\u00f9 sui nostri tessuti in filo d'acciaio inossidabile per la filtrazione!<\/p>\n<\/div>","protected":false},"excerpt":{"rendered":"<table>\n<thead>\n<tr>\n<th>Capacit\u00e0 di produzione<\/th>\n<th>10000 unit\u00e0\/mese<\/th>\n<\/tr>\n<\/thead>\n<tbody>\n<tr>\n<td>Luogo di origine<\/td>\n<td>Guangdong, Cina<\/td>\n<\/tr>\n<tr>\n<td>Pagamento<\/td>\n<td>T\/T, Western Union, assicurazione del commercio di Alibaba<\/td>\n<\/tr>\n<tr>\n<td>MOQ<\/td>\n<td>1 pezzo<\/td>\n<\/tr>\n<tr>\n<td>Modello<\/td>\n<td>LY-FB<\/td>\n<\/tr>\n<tr>\n<td>Tempi di consegna<\/td>\n<td>Entro 7 giorni lavorativi<\/td>\n<\/tr>\n<tr>\n<td>Certificazione<\/td>\n<td>ISO 9001<\/td>\n<\/tr>\n<tr>\n<td>Marchio<\/td>\n<td>OEM\/Lvyuan<\/td>\n<\/tr>\n<tr>\n<td>Porta di partenza<\/td>\n<td>Guangzhou<\/td>\n<\/tr>\n<\/tbody>\n<\/table>","protected":false},"featured_media":2558,"comment_status":"open","ping_status":"closed","template":"","meta":{"_gspb_post_css":""},"product_brand":[],"product_cat":[17,18],"product_tag":[279,266,260,258,282,971],"class_list":{"0":"post-2549","1":"product","2":"type-product","3":"status-publish","4":"has-post-thumbnail","6":"product_cat-sediment-filter","7":"product_cat-sintered-metal-filters","8":"product_tag-alibaba-trade-assurance","9":"product_tag-guangzhou","10":"product_tag-iso-9001","11":"product_tag-ly-fb","12":"product_tag-oem-lvyuan","13":"product_tag-western-union","15":"first","16":"instock","17":"shipping-taxable","18":"product-type-simple"},"_links":{"self":[{"href":"https:\/\/lyfilter.com\/it\/wp-json\/wp\/v2\/product\/2549","targetHints":{"allow":["GET"]}}],"collection":[{"href":"https:\/\/lyfilter.com\/it\/wp-json\/wp\/v2\/product"}],"about":[{"href":"https:\/\/lyfilter.com\/it\/wp-json\/wp\/v2\/types\/product"}],"replies":[{"embeddable":true,"href":"https:\/\/lyfilter.com\/it\/wp-json\/wp\/v2\/comments?post=2549"}],"wp:featuredmedia":[{"embeddable":true,"href":"https:\/\/lyfilter.com\/it\/wp-json\/wp\/v2\/media\/2558"}],"wp:attachment":[{"href":"https:\/\/lyfilter.com\/it\/wp-json\/wp\/v2\/media?parent=2549"}],"wp:term":[{"taxonomy":"product_brand","embeddable":true,"href":"https:\/\/lyfilter.com\/it\/wp-json\/wp\/v2\/product_brand?post=2549"},{"taxonomy":"product_cat","embeddable":true,"href":"https:\/\/lyfilter.com\/it\/wp-json\/wp\/v2\/product_cat?post=2549"},{"taxonomy":"product_tag","embeddable":true,"href":"https:\/\/lyfilter.com\/it\/wp-json\/wp\/v2\/product_tag?post=2549"}],"curies":[{"name":"wp","href":"https:\/\/api.w.org\/{rel}","templated":true}]}}