{"id":2525,"date":"2026-01-07T03:54:51","date_gmt":"2026-01-07T03:54:51","guid":{"rendered":"https:\/\/lyfilter.com\/?post_type=product&#038;p=2525"},"modified":"2026-04-24T23:43:14","modified_gmt":"2026-04-24T23:43:14","slug":"lvyuan-customized-micron-high-flow-filter-cartridge","status":"publish","type":"product","link":"https:\/\/lyfilter.com\/it\/lvyuan-customized-micron-high-flow-filter-cartridge\/","title":{"rendered":"Lvyuan ha personalizzato la cartuccia del filtro ad alto flusso di Micron"},"content":{"rendered":"<div class=\"unit-detail-html-tabs__content-attr\">\n<div class=\"unit-product-attrparam\">\n<div class=\"unit-product-attrparam__items row\">\n<div class=\"col-12 col-md-6\">\n<div class=\"unit-product-attrparam__item\">\n<div class=\"unit-product-attrparam__label\">\n<table>\n<thead>\n<tr>\n<th><strong>Attributo<\/strong><\/th>\n<th><strong>Dettagli<\/strong><\/th>\n<\/tr>\n<\/thead>\n<tbody>\n<tr>\n<td><strong>Capacit\u00e0 di approvvigionamento<\/strong><\/td>\n<td>1000000pc\/mese<\/td>\n<\/tr>\n<tr>\n<td><strong>Disponibilit\u00e0<\/strong><\/td>\n<td>OEM\/ODM<\/td>\n<\/tr>\n<\/tbody>\n<\/table>\n<\/div>\n<\/div>\n<\/div>\n<\/div>\n<\/div>\n<\/div>\n<div class=\"unit-detail-html-tabs__content-html\">\n<p><strong>Lvyuan ha personalizzato la cartuccia del filtro ad alto flusso di Micron<\/strong><\/p>\n<p>Le cartucce filtranti della serie High Flow sono progettate per la filtrazione ad alta portata in applicazioni industriali complesse. Grazie alla geometria ottimizzata delle pieghe e alla struttura robusta, questi filtri offrono una capacit\u00e0 di flusso fino a 3 volte superiore rispetto alle cartucce standard, per una massima produttivit\u00e0.<\/p>\n<p>Costruite con pi\u00f9 strati di media in polipropilene finemente pieghettato, le cartucce ad alto flusso presentano una maggiore superficie e capacit\u00e0 di carico in profondit\u00e0 per gestire carichi di contaminanti pesanti. La formulazione proprietaria del media consente un flusso elevato con una bassa perdita di pressione.<\/p>\n<p>L'anima centrale in polipropilene garantisce resistenza e stabilit\u00e0, mentre le guarnizioni integrate sigillano efficacemente la cartuccia all'interno dell'alloggiamento. I tappi terminali in polipropilene in un unico pezzo eliminano i potenziali punti di perdita.<\/p>\n<p>Grazie all'elevata capacit\u00e0 di trattenere lo sporco e all'efficienza fino a 99,9% al micron nominale, le cartucce filtranti ad alto flusso mantengono la portata del processo pi\u00f9 a lungo tra una sostituzione e l'altra. L'ampia compatibilit\u00e0 chimica ne consente l'uso in molte applicazioni.<\/p>\n<p>Le cartucce ad alto flusso sono disponibili con diversi valori di micron da 1 a 800 micron. L'ingombro di 2,5 pollici e il design ad alta portata ne fanno una soluzione ideale per fluidi ad alta velocit\u00e0 e flussi di processo di grande volume.<\/p>\n<p>Le portate che vanno da 250 a 1250 GPM offrono flessibilit\u00e0 nella gestione delle applicazioni industriali pi\u00f9 difficili e delle operazioni di produzione ad alta produttivit\u00e0. Le cartucce ad alto flusso offrono una filtrazione a portata estrema in un pacchetto economico e resistente.<\/p>\n<\/div>","protected":false},"excerpt":{"rendered":"<table>\n<thead>\n<tr>\n<th><strong>Attributo<\/strong><\/th>\n<th><strong>Dettagli<\/strong><\/th>\n<\/tr>\n<\/thead>\n<tbody>\n<tr>\n<td><strong>Capacit\u00e0 di produzione<\/strong><\/td>\n<td>10000 unit\u00e0\/mese<\/td>\n<\/tr>\n<tr>\n<td><strong>Pagamento<\/strong><\/td>\n<td>T\/T, garanzia di commercio di Alibaba<\/td>\n<\/tr>\n<tr>\n<td><strong>MOQ<\/strong><\/td>\n<td>1 pezzo<\/td>\n<\/tr>\n<tr>\n<td><strong>Modello<\/strong><\/td>\n<td>LY-FB<\/td>\n<\/tr>\n<tr>\n<td><strong>Tempi di consegna<\/strong><\/td>\n<td>Entro 7 giorni lavorativi<\/td>\n<\/tr>\n<tr>\n<td><strong>Certificazione<\/strong><\/td>\n<td>ISO 9001<\/td>\n<\/tr>\n<tr>\n<td><strong>Marchio<\/strong><\/td>\n<td>OEM\/Lvyuan<\/td>\n<\/tr>\n<\/tbody>\n<\/table>","protected":false},"featured_media":2531,"comment_status":"open","ping_status":"closed","template":"","meta":{"_gspb_post_css":""},"product_brand":[],"product_cat":[17],"product_tag":[978,977,266,260,258,259],"class_list":{"0":"post-2525","1":"product","2":"type-product","3":"status-publish","4":"has-post-thumbnail","6":"product_cat-sediment-filter","7":"product_tag-alibaba","8":"product_tag-filter-element","9":"product_tag-guangzhou","10":"product_tag-iso-9001","11":"product_tag-ly-fb","12":"product_tag-oem","14":"first","15":"instock","16":"shipping-taxable","17":"product-type-simple"},"_links":{"self":[{"href":"https:\/\/lyfilter.com\/it\/wp-json\/wp\/v2\/product\/2525","targetHints":{"allow":["GET"]}}],"collection":[{"href":"https:\/\/lyfilter.com\/it\/wp-json\/wp\/v2\/product"}],"about":[{"href":"https:\/\/lyfilter.com\/it\/wp-json\/wp\/v2\/types\/product"}],"replies":[{"embeddable":true,"href":"https:\/\/lyfilter.com\/it\/wp-json\/wp\/v2\/comments?post=2525"}],"wp:featuredmedia":[{"embeddable":true,"href":"https:\/\/lyfilter.com\/it\/wp-json\/wp\/v2\/media\/2531"}],"wp:attachment":[{"href":"https:\/\/lyfilter.com\/it\/wp-json\/wp\/v2\/media?parent=2525"}],"wp:term":[{"taxonomy":"product_brand","embeddable":true,"href":"https:\/\/lyfilter.com\/it\/wp-json\/wp\/v2\/product_brand?post=2525"},{"taxonomy":"product_cat","embeddable":true,"href":"https:\/\/lyfilter.com\/it\/wp-json\/wp\/v2\/product_cat?post=2525"},{"taxonomy":"product_tag","embeddable":true,"href":"https:\/\/lyfilter.com\/it\/wp-json\/wp\/v2\/product_tag?post=2525"}],"curies":[{"name":"wp","href":"https:\/\/api.w.org\/{rel}","templated":true}]}}