{"id":2505,"date":"2026-01-07T03:31:27","date_gmt":"2026-01-07T03:31:27","guid":{"rendered":"https:\/\/lyfilter.com\/?post_type=product&#038;p=2505"},"modified":"2026-01-07T03:31:28","modified_gmt":"2026-01-07T03:31:28","slug":"lvyuan-0-2-to-5-microns-needle-filter","status":"publish","type":"product","link":"https:\/\/lyfilter.com\/it\/lvyuan-0-2-to-5-microns-needle-filter\/","title":{"rendered":"Filtro ad ago Lvyuan da 0,2 a 5 micron"},"content":{"rendered":"<div class=\"unit-detail-html-tabs__content-attr\">\n<div class=\"unit-product-attrparam\">\n<div class=\"unit-product-attrparam__items row\">\n<div class=\"col-12 col-md-6\">\n<div class=\"unit-product-attrparam__item\">\n<div class=\"unit-product-attrparam__label\">\n<table>\n<thead>\n<tr>\n<th>articolo<\/th>\n<th>dettagli<\/th>\n<\/tr>\n<\/thead>\n<tbody>\n<tr>\n<td>Capacit\u00e0 di approvvigionamento<\/td>\n<td>1000000pc\/mese<\/td>\n<\/tr>\n<tr>\n<td>Materiale<\/td>\n<td>PTFE\/PE<\/td>\n<\/tr>\n<tr>\n<td>Disponibilit\u00e0<\/td>\n<td>OEM\/ODM<\/td>\n<\/tr>\n<\/tbody>\n<\/table>\n<\/div>\n<\/div>\n<\/div>\n<\/div>\n<\/div>\n<\/div>\n<div class=\"unit-detail-html-tabs__content-html\">\n<p>Il filtro ad ago \u00e8 un tipo di filtro comunemente utilizzato nelle applicazioni mediche per rimuovere particelle o impurit\u00e0 da fluidi come farmaci o sangue. Di seguito sono riportate alcune specifiche di un filtro ad ago:<\/p>\n<ol>\n<li>Dimensione dei pori: I filtri ad ago hanno in genere dimensioni dei pori comprese tra 0,2 e 5 micron, a seconda dell'applicazione. La dimensione dei pori del filtro viene scelta in base alle dimensioni delle particelle da rimuovere e alla portata desiderata.<\/li>\n<li>Materiale: I filtri ad ago sono realizzati in diversi materiali, tra cui polipropilene, nylon, PTFE e PVDF. Il materiale utilizzato per il filtro viene scelto in base a fattori quali la compatibilit\u00e0 chimica con il fluido da filtrare, la stabilit\u00e0 termica e la resistenza meccanica.<\/li>\n<li>Alloggiamento: L'alloggiamento del filtro ad ago \u00e8 in genere realizzato in polipropilene o in un altro materiale plastico. L'alloggiamento \u00e8 progettato per adattarsi a una siringa o a un altro dispositivo di somministrazione e per fornire una tenuta intorno alla membrana del filtro.<\/li>\n<li>Area di filtrazione: L'area di filtrazione del filtro ad ago \u00e8 tipicamente piccola, da pochi centimetri quadrati a pochi millimetri quadrati. Ci\u00f2 consente di ottenere un'elevata efficienza di filtrazione in un formato compatto.<\/li>\n<li>Portata: La portata del filtro ad ago dipende dalla dimensione dei pori, dal materiale della membrana e dalla viscosit\u00e0 del fluido da filtrare. In generale, le dimensioni dei pori pi\u00f9 piccole e i fluidi pi\u00f9 densi comportano una portata inferiore.<\/li>\n<li>Sterilizzazione: I filtri ad ago vengono comunemente sterilizzati con radiazioni gamma o gas di ossido di etilene per garantire che siano privi di contaminanti prima dell'uso.<\/li>\n<\/ol>\n<p>In generale, le specifiche di un filtro ad ago dipendono dall'applicazione specifica e dai requisiti dell'utente.<\/p>\n<p><img decoding=\"async\" src=\"https:\/\/img.yfisher.com\/m6076\/1725732767nbs\/jpg70-t3-scale100.webp\" alt=\"Filtro ad ago Lvyuan da 0,2 a 5 micron 6\" data-lazy=\"2\" title=\"\"><\/p>\n<\/div>","protected":false},"excerpt":{"rendered":"<table>\n<thead>\n<tr>\n<th>articolo<\/th>\n<th>dettagli<\/th>\n<\/tr>\n<\/thead>\n<tbody>\n<tr>\n<td>modello<\/td>\n<td>Filtro ad ago<\/td>\n<\/tr>\n<tr>\n<td>marchio<\/td>\n<td>OEM\/Lvyuan<\/td>\n<\/tr>\n<tr>\n<td>porta di avvio<\/td>\n<td>Guangzhou<\/td>\n<\/tr>\n<tr>\n<td>capacit\u00e0 produttiva<\/td>\n<td>10000 unit\u00e0\/mese<\/td>\n<\/tr>\n<tr>\n<td>luogo di origine<\/td>\n<td>Guangdong, Cina<\/td>\n<\/tr>\n<tr>\n<td>pagamento<\/td>\n<td>T\/T, garanzia di commercio di Alibaba, paypal<\/td>\n<\/tr>\n<tr>\n<td>moq<\/td>\n<td>1 pezzo<\/td>\n<\/tr>\n<tr>\n<td>tempi di consegna<\/td>\n<td>Entro 7 giorni lavorativi<\/td>\n<\/tr>\n<tr>\n<td>certificazione<\/td>\n<td>ISO 9001<\/td>\n<\/tr>\n<\/tbody>\n<\/table>","protected":false},"featured_media":2512,"comment_status":"open","ping_status":"closed","template":"","meta":{"_gspb_post_css":""},"product_brand":[],"product_cat":[24,25],"product_tag":[956,279,964,260,975,976],"class_list":{"0":"post-2505","1":"product","2":"type-product","3":"status-publish","4":"has-post-thumbnail","6":"product_cat-sintered-porous-plastic","7":"product_cat-medical-filters","8":"product_tag-1-piece-moq","9":"product_tag-alibaba-trade-assurance","10":"product_tag-guangdong-manufacturer","11":"product_tag-iso-9001","12":"product_tag-needle-filter","13":"product_tag-oem-needle-filter","15":"first","16":"instock","17":"shipping-taxable","18":"product-type-simple"},"_links":{"self":[{"href":"https:\/\/lyfilter.com\/it\/wp-json\/wp\/v2\/product\/2505","targetHints":{"allow":["GET"]}}],"collection":[{"href":"https:\/\/lyfilter.com\/it\/wp-json\/wp\/v2\/product"}],"about":[{"href":"https:\/\/lyfilter.com\/it\/wp-json\/wp\/v2\/types\/product"}],"replies":[{"embeddable":true,"href":"https:\/\/lyfilter.com\/it\/wp-json\/wp\/v2\/comments?post=2505"}],"wp:featuredmedia":[{"embeddable":true,"href":"https:\/\/lyfilter.com\/it\/wp-json\/wp\/v2\/media\/2512"}],"wp:attachment":[{"href":"https:\/\/lyfilter.com\/it\/wp-json\/wp\/v2\/media?parent=2505"}],"wp:term":[{"taxonomy":"product_brand","embeddable":true,"href":"https:\/\/lyfilter.com\/it\/wp-json\/wp\/v2\/product_brand?post=2505"},{"taxonomy":"product_cat","embeddable":true,"href":"https:\/\/lyfilter.com\/it\/wp-json\/wp\/v2\/product_cat?post=2505"},{"taxonomy":"product_tag","embeddable":true,"href":"https:\/\/lyfilter.com\/it\/wp-json\/wp\/v2\/product_tag?post=2505"}],"curies":[{"name":"wp","href":"https:\/\/api.w.org\/{rel}","templated":true}]}}