{"id":2499,"date":"2026-01-07T03:28:21","date_gmt":"2026-01-07T03:28:21","guid":{"rendered":"https:\/\/lyfilter.com\/?post_type=product&#038;p=2499"},"modified":"2026-01-07T03:28:21","modified_gmt":"2026-01-07T03:28:21","slug":"factory-price-porous-plastic-sintered-pa-membrane-filter-with-screw-connector","status":"publish","type":"product","link":"https:\/\/lyfilter.com\/it\/factory-price-porous-plastic-sintered-pa-membrane-filter-with-screw-connector\/","title":{"rendered":"Prezzo di fabbrica Plastica porosa sinterizzata PA Filtro a membrana con connettore a vite"},"content":{"rendered":"<div class=\"unit-detail-html-tabs__content-attr\">\n<div class=\"unit-product-attrparam\">\n<div class=\"unit-product-attrparam__items row\">\n<div class=\"col-12 col-md-6\">\n<div class=\"unit-product-attrparam__item\">\n<div class=\"unit-product-attrparam__label\">\n<table>\n<thead>\n<tr>\n<th>articolo<\/th>\n<th>dettagli<\/th>\n<\/tr>\n<\/thead>\n<tbody>\n<tr>\n<td>capacit\u00e0 di fornitura<\/td>\n<td>1000000 pc\/mese<\/td>\n<\/tr>\n<tr>\n<td>materiale<\/td>\n<td>pe<\/td>\n<\/tr>\n<tr>\n<td>disponibilit\u00e0<\/td>\n<td>oem<\/td>\n<\/tr>\n<\/tbody>\n<\/table>\n<\/div>\n<\/div>\n<\/div>\n<\/div>\n<\/div>\n<\/div>\n<div class=\"unit-detail-html-tabs__content-featuresAttr\"><\/div>\n<div class=\"unit-detail-html-tabs__content-html\">\n<p><strong>Prezzo di fabbrica Plastica porosa sinterizzata PA Filtro a membrana con connettore a vite<\/strong><\/p>\n<p><strong>Descrizione del prodotto<\/strong><\/p>\n<p>L'elemento filtrante sinterizzato in PA \u00e8 realizzato con polietilene ad alta molecolarit\u00e0 di alta qualit\u00e0 come materia prima principale e fibra di carbonio attraverso una formula scientifica di sinterizzazione. Struttura compatta, robusta, leggera, in grado di sopportare un'elevata pressione di filtrazione, non tossica e insapore e con una buona resistenza alla corrosione di solventi acidi e alcalini.<\/p>\n<p>1. Caratteristiche del prodotto dell'elemento filtrante sinterizzato microporoso in PA:<\/p>\n<p>1. Resistente alla corrosione di acidi e alcali forti e alla dissoluzione di solventi organici;<\/p>\n<p>2. L'eccellente robustezza e la resistenza all'usura ne garantiscono la durata;<\/p>\n<p>3. La superficie della luce esterna rende difficile l'adesione delle impurit\u00e0;<\/p>\n<p>4. Il backflushing e il backflushing sono facili da riutilizzare;<\/p>\n<p>5. Buona resistenza, l'elemento filtrante non si rompe facilmente;<\/p>\n<p>6. Nessun fenomeno di trebbiatura, forte resistenza alla pressione.<\/p>\n<p>&nbsp;<\/p>\n<p><strong>Specifiche tecniche<\/strong><\/p>\n<p>Diameter: \u222e20\u222e25\u222e30\u222e35\u222e38\u222e45\u222e50\u222e60<\/p>\n<p>Dimensioni del connettore: M20-M22-M24-M26-M30<\/p>\n<p>Materiale del giunto: polipropilene, acciaio inox 316<\/p>\n<p>Lunghezza: 5\u203310\u203320\u203330\u203340\u203360\u203380\u2033.<\/p>\n<p>Precisione di filtrazione: 0,5um-100um<\/p>\n<p><strong>Condizioni operative<\/strong><\/p>\n<p>0-40\u2103 differenza di pressione massima di esercizio 6bar<\/p>\n<p>60 \u2103 differenza di pressione massima di esercizio 5bar<\/p>\n<p>80\u2103 differenza di pressione massima di esercizio 4,5 bar<\/p>\n<p>120\u2103 differenza di pressione massima di esercizio 4bar<\/p>\n<p>&nbsp;<\/p>\n<p><strong>Metodo di rigenerazione del bastone del filtro PA:<\/strong><\/p>\n<p>&nbsp;<\/p>\n<ul>\n<li>Metodo fisico: Poich\u00e9 l'asta del filtro ha buone propriet\u00e0 meccaniche e non si rompe, \u00e8 possibile utilizzare aria compressa da 0,6 Mpa per il back blowing e la rimozione delle scorie. Il controsoffiaggio svolge anche un ruolo nella rigenerazione dei pori capillari, ma si accumula nello strato filtrante dopo l'uso a lungo termine. Le particelle fini influiscono sulla velocit\u00e0 di filtrazione e in questo momento \u00e8 necessario effettuare una rigenerazione chimica.\n<p>&nbsp;<\/li>\n<li>Metodo chimico: Immergere l'asta filtrante PA intasata in una soluzione acida o alcalina con una concentrazione di 5%-10% per neutralizzare i micromateriali intasati nello strato filtrante, quindi riavvolgerla con acqua o aria per pulirla, per ripristinare l'effetto filtrante dell'asta filtrante.<\/li>\n<\/ul>\n<p><strong><br \/>\n<\/strong><\/p>\n<p><img decoding=\"async\" src=\"https:\/\/img.yfisher.com\/m6076\/1725732764rbg\/jpg70-t3-scale100.webp\" alt=\"Prezzo di fabbrica Plastica porosa sinterizzata PA Filtro a membrana con connettore a vite 6\" data-lazy=\"2\" title=\"\"><\/p>\n<\/div>","protected":false},"excerpt":{"rendered":"<table>\n<thead>\n<tr>\n<th>articolo<\/th>\n<th>dettagli<\/th>\n<\/tr>\n<\/thead>\n<tbody>\n<tr>\n<td>porta di avvio<\/td>\n<td>Guangzhou<\/td>\n<\/tr>\n<tr>\n<td>capacit\u00e0 produttiva<\/td>\n<td>10000 unit\u00e0\/mese<\/td>\n<\/tr>\n<tr>\n<td>luogo di origine<\/td>\n<td>Guangdong, Cina<\/td>\n<\/tr>\n<tr>\n<td>pagamento<\/td>\n<td>D\/P, T\/T, garanzia di commercio di Alibaba, paypal<\/td>\n<\/tr>\n<tr>\n<td>moq<\/td>\n<td>1 pezzo<\/td>\n<\/tr>\n<tr>\n<td>tempi di consegna<\/td>\n<td>Entro 7 giorni lavorativi<\/td>\n<\/tr>\n<tr>\n<td>certificazione<\/td>\n<td>ISO 9001<\/td>\n<\/tr>\n<tr>\n<td>marchio<\/td>\n<td>OEM\/Lvyuan<\/td>\n<\/tr>\n<\/tbody>\n<\/table>","protected":false},"featured_media":2506,"comment_status":"open","ping_status":"closed","template":"","meta":{"_gspb_post_css":""},"product_brand":[],"product_cat":[24],"product_tag":[956,279,974,964,260,288],"class_list":{"0":"post-2499","1":"product","2":"type-product","3":"status-publish","4":"has-post-thumbnail","6":"product_cat-sintered-porous-plastic","7":"product_tag-1-piece-moq","8":"product_tag-alibaba-trade-assurance","9":"product_tag-dp-payment","10":"product_tag-guangdong-manufacturer","11":"product_tag-iso-9001","12":"product_tag-paypal","14":"first","15":"instock","16":"shipping-taxable","17":"product-type-simple"},"_links":{"self":[{"href":"https:\/\/lyfilter.com\/it\/wp-json\/wp\/v2\/product\/2499","targetHints":{"allow":["GET"]}}],"collection":[{"href":"https:\/\/lyfilter.com\/it\/wp-json\/wp\/v2\/product"}],"about":[{"href":"https:\/\/lyfilter.com\/it\/wp-json\/wp\/v2\/types\/product"}],"replies":[{"embeddable":true,"href":"https:\/\/lyfilter.com\/it\/wp-json\/wp\/v2\/comments?post=2499"}],"wp:featuredmedia":[{"embeddable":true,"href":"https:\/\/lyfilter.com\/it\/wp-json\/wp\/v2\/media\/2506"}],"wp:attachment":[{"href":"https:\/\/lyfilter.com\/it\/wp-json\/wp\/v2\/media?parent=2499"}],"wp:term":[{"taxonomy":"product_brand","embeddable":true,"href":"https:\/\/lyfilter.com\/it\/wp-json\/wp\/v2\/product_brand?post=2499"},{"taxonomy":"product_cat","embeddable":true,"href":"https:\/\/lyfilter.com\/it\/wp-json\/wp\/v2\/product_cat?post=2499"},{"taxonomy":"product_tag","embeddable":true,"href":"https:\/\/lyfilter.com\/it\/wp-json\/wp\/v2\/product_tag?post=2499"}],"curies":[{"name":"wp","href":"https:\/\/api.w.org\/{rel}","templated":true}]}}