{"id":2468,"date":"2026-01-07T03:06:51","date_gmt":"2026-01-07T03:06:51","guid":{"rendered":"https:\/\/lyfilter.com\/?post_type=product&#038;p=2468"},"modified":"2026-01-07T03:06:51","modified_gmt":"2026-01-07T03:06:51","slug":"factory-price-vacuum-feeding-pe-filter-element","status":"publish","type":"product","link":"https:\/\/lyfilter.com\/it\/factory-price-vacuum-feeding-pe-filter-element\/","title":{"rendered":"Prezzo di fabbrica Alimentazione a vuoto Elemento filtrante PE"},"content":{"rendered":"<div class=\"unit-detail-html-tabs__content-attr\">\n<div class=\"unit-product-attrparam\">\n<div class=\"unit-product-attrparam__items row\">\n<div class=\"col-12 col-md-6\">\n<div class=\"unit-product-attrparam__item\">\n<div class=\"unit-product-attrparam__label\">\n<table>\n<thead>\n<tr>\n<th>articolo<\/th>\n<th>dettagli<\/th>\n<\/tr>\n<\/thead>\n<tbody>\n<tr>\n<td>capacit\u00e0 di fornitura<\/td>\n<td>1000000 pc\/mese<\/td>\n<\/tr>\n<tr>\n<td>materiale<\/td>\n<td>pe<\/td>\n<\/tr>\n<tr>\n<td>disponibilit\u00e0<\/td>\n<td>oem<\/td>\n<\/tr>\n<\/tbody>\n<\/table>\n<\/div>\n<\/div>\n<\/div>\n<\/div>\n<\/div>\n<\/div>\n<div class=\"unit-detail-html-tabs__content-featuresAttr\"><\/div>\n<div class=\"unit-detail-html-tabs__content-html\">\n<p>Le caratteristiche dell'elemento filtrante in PE per alimentazione sottovuoto: distribuzione uniforme dei pori, forte resistenza agli acidi e agli alcali, buone propriet\u00e0 meccaniche, forte resistenza all'erosione dei solventi organici, possibilit\u00e0 di utilizzare il metodo di deslagging automatico o manuale, possibilit\u00e0 di recuperare le particelle solide mediante scarico a secco delle scorie, nessuna necessit\u00e0 di sostituire frequentemente l'elemento filtrante, funzionamento automatico, basso costo di filtrazione, ecc. Parametri dell'elemento filtrante sinterizzato PE dell'alimentatore a vuoto: Gamma di precisione: 0,2-140um, gamma di lunghezza: 120mm-200mm-300mm-400mm-500mm-600mm Diametri comuni: \u03a620mm \u03a630\u03a638 \u03a640 \u03a650\u03a660 \u03a665\u03a670 Specifiche connettore filettato: M20-M22-M26-M30 Dado: singolo o doppio.<\/p>\n<p>&nbsp;<\/p>\n<div class=\"table-responsive\">\n<table data-sort=\"sortDisabled\">\n<tbody>\n<tr class=\"firstRow\">\n<td valign=\"top\" width=\"288\">Diametro esterno\/interno (mm)<\/td>\n<td valign=\"top\" width=\"288\">Lunghezza<\/td>\n<td valign=\"top\" width=\"288\">Apertura (mm)<\/td>\n<td valign=\"top\" width=\"288\">Osservazioni<\/td>\n<\/tr>\n<tr>\n<td valign=\"top\" width=\"288\">50\/35<\/td>\n<td valign=\"top\" width=\"288\">120<\/td>\n<td valign=\"top\" width=\"288\">0.5-10<\/td>\n<td colspan=\"1\" rowspan=\"6\" valign=\"top\" width=\"288\">Giunto in materiale polipropilene M26, asta centrale in acciaio inox 304 che rinforza e fissa 2 tappi terminali, dadi singoli e doppi e guarnizioni O-ring singole e doppie, precisione convenzionale 5 micron.<\/td>\n<\/tr>\n<tr>\n<td valign=\"top\" width=\"288\">50\/35<\/td>\n<td valign=\"top\" width=\"288\">200<\/td>\n<td valign=\"top\" width=\"288\">0.5-10<\/td>\n<\/tr>\n<tr>\n<td valign=\"top\" width=\"288\">50\/35<\/td>\n<td valign=\"top\" width=\"288\">300<\/td>\n<td valign=\"top\" width=\"288\">0.5-10<\/td>\n<\/tr>\n<tr>\n<td valign=\"top\" width=\"288\">50\/35<\/td>\n<td valign=\"top\" width=\"288\">400<\/td>\n<td valign=\"top\" width=\"288\">0.5-10<\/td>\n<\/tr>\n<tr>\n<td valign=\"top\" width=\"288\">50\/35<\/td>\n<td valign=\"top\" width=\"288\">500<\/td>\n<td valign=\"top\" width=\"288\">0.5-10<\/td>\n<\/tr>\n<tr>\n<td valign=\"top\" width=\"288\">50\/35<\/td>\n<td valign=\"top\" width=\"288\">600<\/td>\n<td valign=\"top\" width=\"288\">0.5-10<\/td>\n<\/tr>\n<tr>\n<td valign=\"top\" width=\"288\">60\/35<\/td>\n<td valign=\"top\" width=\"288\">300<\/td>\n<td valign=\"top\" width=\"288\">0.5-10<\/td>\n<td colspan=\"1\" rowspan=\"3\" valign=\"top\" width=\"288\">\nRaccordo in polipropilene M30, doppio dado e 1 rondella.<\/td>\n<\/tr>\n<tr>\n<td valign=\"top\" width=\"288\">60\/35<\/td>\n<td valign=\"top\" width=\"288\">400<\/td>\n<td valign=\"top\" width=\"288\">0.5-10<\/td>\n<\/tr>\n<tr>\n<td valign=\"top\" width=\"288\">60\/35<\/td>\n<td valign=\"top\" width=\"288\">500<\/td>\n<td valign=\"top\" width=\"288\">0.5-10<\/td>\n<\/tr>\n<\/tbody>\n<\/table>\n<\/div>\n<div class=\"table-responsive\">\n<table>\n<tbody>\n<tr class=\"firstRow\">\n<td valign=\"top\" width=\"226\">Modello No.<\/td>\n<td valign=\"top\" width=\"219\">Area trasversale effettiva mm3<\/td>\n<td valign=\"top\" width=\"202\">Conduttanza acustica (dm3\/s.bar)<\/td>\n<td valign=\"top\" width=\"157\">Flusso consigliato<\/td>\n<td valign=\"top\" width=\"226\">Qualit\u00e0 g<\/td>\n<\/tr>\n<tr>\n<td valign=\"top\" width=\"226\">AN05-M5<\/td>\n<td valign=\"top\" width=\"239\">5<\/td>\n<td valign=\"top\" width=\"222\">1<\/td>\n<td valign=\"top\" width=\"157\">inferiore a 0,4<\/td>\n<td valign=\"top\" width=\"226\">0.5<\/td>\n<\/tr>\n<tr>\n<td valign=\"top\" width=\"226\">AN10-01<\/td>\n<td valign=\"top\" width=\"239\">10<\/td>\n<td valign=\"top\" width=\"222\">2<\/td>\n<td valign=\"top\" width=\"157\">inferiore a 0,8<\/td>\n<td valign=\"top\" width=\"226\">1<\/td>\n<\/tr>\n<tr>\n<td valign=\"top\" width=\"226\">AN10-02<\/td>\n<td valign=\"top\" width=\"239\">15<\/td>\n<td valign=\"top\" width=\"222\">3<\/td>\n<td valign=\"top\" width=\"157\">inferiore a 1,0<\/td>\n<td valign=\"top\" width=\"226\">2.5<\/td>\n<\/tr>\n<tr>\n<td valign=\"top\" width=\"226\">AN10-02<\/td>\n<td valign=\"top\" width=\"239\">35<\/td>\n<td valign=\"top\" width=\"222\">7<\/td>\n<td valign=\"top\" width=\"157\">inferiore a 3.0<\/td>\n<td valign=\"top\" width=\"226\">4<\/td>\n<\/tr>\n<tr>\n<td valign=\"top\" width=\"226\">AN10-03<\/td>\n<td valign=\"top\" width=\"239\">60<\/td>\n<td valign=\"top\" width=\"222\">12<\/td>\n<td valign=\"top\" width=\"157\">inferiore a 5,0<\/td>\n<td valign=\"top\" width=\"226\">5.5<\/td>\n<\/tr>\n<tr>\n<td valign=\"top\" width=\"226\">AN10-04<\/td>\n<td valign=\"top\" width=\"239\">90<\/td>\n<td valign=\"top\" width=\"222\">18<\/td>\n<td valign=\"top\" width=\"157\">inferiore a 8,0<\/td>\n<td valign=\"top\" width=\"226\">8.5<\/td>\n<\/tr>\n<\/tbody>\n<\/table>\n<\/div>\n<p><img decoding=\"async\" src=\"https:\/\/img.yfisher.com\/m6076\/1725732751nol\/jpg70-t3-scale100.webp\" alt=\"Prezzo di fabbrica Alimentazione a vuoto Elemento filtrante PE 6\" data-lazy=\"2\" title=\"\"><\/p>\n<div class=\"table-responsive\">\n<table data-sort=\"sortDisabled\">\n<tbody>\n<tr class=\"firstRow\">\n<td colspan=\"5\" rowspan=\"1\" align=\"center\" valign=\"top\"><strong>Tabella di confronto delle filettature<\/strong><\/td>\n<\/tr>\n<tr>\n<td valign=\"top\" width=\"226\">Articolo n.<\/td>\n<td valign=\"top\" width=\"226\">\u00a0Misura britannica<\/td>\n<td valign=\"top\" width=\"226\">Indicare lo standard<\/td>\n<td valign=\"top\" width=\"226\">Diametro della filettatura esterna mm<\/td>\n<td valign=\"top\" width=\"226\">Diametro della filettatura interna<\/td>\n<\/tr>\n<tr>\n<td valign=\"top\" width=\"226\">PSL-01<\/td>\n<td valign=\"top\" width=\"226\">G1\/8<\/td>\n<td valign=\"top\" width=\"226\">DN6<\/td>\n<td valign=\"top\" width=\"226\">9.5\u00b10.2<\/td>\n<td valign=\"top\" width=\"226\">8.8\u00b10.3<\/td>\n<\/tr>\n<tr>\n<td valign=\"top\" width=\"226\">PSL-02<\/td>\n<td valign=\"top\" width=\"226\">G1\/4<\/td>\n<td valign=\"top\" width=\"226\">DN8<\/td>\n<td valign=\"top\" width=\"226\">12.5\u00b10.3<\/td>\n<td valign=\"top\" width=\"226\">11.5\u00b10.3<\/td>\n<\/tr>\n<tr>\n<td valign=\"top\" width=\"226\">PSL-03<\/td>\n<td valign=\"top\" width=\"226\">G3\/8<\/td>\n<td valign=\"top\" width=\"226\">DN10<\/td>\n<td valign=\"top\" width=\"226\">16.2\u00b10.3<\/td>\n<td valign=\"top\" width=\"226\">15.3\u00b10.3<\/td>\n<\/tr>\n<tr>\n<td valign=\"top\" width=\"226\">PSL-04<\/td>\n<td valign=\"top\" width=\"226\">G1\/2<\/td>\n<td valign=\"top\" width=\"226\">DN15<\/td>\n<td valign=\"top\" width=\"226\">20.3\u00b10.3<\/td>\n<td valign=\"top\" width=\"226\">19.5\u00b10.3<\/td>\n<\/tr>\n<tr>\n<td valign=\"top\" width=\"226\">PSL-06<\/td>\n<td valign=\"top\" width=\"226\">G3\/4<\/td>\n<td valign=\"top\" width=\"226\">DN20<\/td>\n<td valign=\"top\" width=\"226\">25.\u00b10.3<\/td>\n<td valign=\"top\" width=\"226\">24.0\u00b10.3<\/td>\n<\/tr>\n<tr>\n<td valign=\"top\" width=\"226\">PSL-10<\/td>\n<td valign=\"top\" width=\"226\">G1<\/td>\n<td valign=\"top\" width=\"226\">DN25<\/td>\n<td valign=\"top\" width=\"226\">32.5\u00b10.3<\/td>\n<td valign=\"top\" width=\"226\">30.5\u00b10.3<\/td>\n<\/tr>\n<\/tbody>\n<\/table>\n<\/div>\n<p>&nbsp;<\/p>\n<div class=\"table-responsive\">\n<table data-sort=\"sortDisabled\">\n<tbody>\n<tr class=\"firstRow\">\n<td colspan=\"2\" rowspan=\"1\" align=\"center\" valign=\"top\"><strong>Specifiche del filo<\/strong><\/td>\n<\/tr>\n<tr>\n<td valign=\"top\">1\u5206<\/td>\n<td valign=\"top\">1\/8<\/td>\n<\/tr>\n<tr>\n<td valign=\"top\">2\u5206<\/td>\n<td valign=\"top\">1\/4<\/td>\n<\/tr>\n<tr>\n<td valign=\"top\">3\u5206<\/td>\n<td valign=\"top\">3\/8<\/td>\n<\/tr>\n<tr>\n<td valign=\"top\">4\u5206<\/td>\n<td valign=\"top\">1\/2<\/td>\n<\/tr>\n<tr>\n<td valign=\"top\">6\u5206<\/td>\n<td valign=\"top\">3\/4<\/td>\n<\/tr>\n<tr>\n<td valign=\"top\">1\u5bf8<\/td>\n<td valign=\"top\">G1<\/td>\n<\/tr>\n<\/tbody>\n<\/table>\n<\/div>\n<p>&nbsp;<\/p>\n<p><img decoding=\"async\" src=\"https:\/\/img.yfisher.com\/m6076\/1725732751v30\/jpg70-t3-scale100.webp\" alt=\"Prezzo di fabbrica Alimentazione a vuoto PE elemento filtrante 7\" data-lazy=\"2\" title=\"\"><\/p>\n<\/div>","protected":false},"excerpt":{"rendered":"<table>\n<thead>\n<tr>\n<th>articolo<\/th>\n<th>dettagli<\/th>\n<\/tr>\n<\/thead>\n<tbody>\n<tr>\n<td>porta di avvio<\/td>\n<td>Guangzhou<\/td>\n<\/tr>\n<tr>\n<td>capacit\u00e0 produttiva<\/td>\n<td>10000 unit\u00e0\/mese<\/td>\n<\/tr>\n<tr>\n<td>luogo di origine<\/td>\n<td>Guangdong, Cina<\/td>\n<\/tr>\n<tr>\n<td>pagamento<\/td>\n<td>T\/T, garanzia di commercio di Alibaba, paypal<\/td>\n<\/tr>\n<tr>\n<td>moq<\/td>\n<td>1 pezzo<\/td>\n<\/tr>\n<tr>\n<td>tempi di consegna<\/td>\n<td>entro 7 giorni lavorativi<\/td>\n<\/tr>\n<tr>\n<td>certificazione<\/td>\n<td>ISO 9001<\/td>\n<\/tr>\n<tr>\n<td>marchio<\/td>\n<td>OEM\/Lvyuan<\/td>\n<\/tr>\n<\/tbody>\n<\/table>","protected":false},"featured_media":2475,"comment_status":"open","ping_status":"closed","template":"","meta":{"_gspb_post_css":""},"product_brand":[],"product_cat":[24],"product_tag":[956,279,964,260,968,965],"class_list":{"0":"post-2468","1":"product","2":"type-product","3":"status-publish","4":"has-post-thumbnail","6":"product_cat-sintered-porous-plastic","7":"product_tag-1-piece-moq","8":"product_tag-alibaba-trade-assurance","9":"product_tag-guangdong-manufacturer","10":"product_tag-iso-9001","11":"product_tag-oem-paper-tubes","12":"product_tag-paper-tubes","14":"first","15":"instock","16":"shipping-taxable","17":"product-type-simple"},"_links":{"self":[{"href":"https:\/\/lyfilter.com\/it\/wp-json\/wp\/v2\/product\/2468","targetHints":{"allow":["GET"]}}],"collection":[{"href":"https:\/\/lyfilter.com\/it\/wp-json\/wp\/v2\/product"}],"about":[{"href":"https:\/\/lyfilter.com\/it\/wp-json\/wp\/v2\/types\/product"}],"replies":[{"embeddable":true,"href":"https:\/\/lyfilter.com\/it\/wp-json\/wp\/v2\/comments?post=2468"}],"wp:featuredmedia":[{"embeddable":true,"href":"https:\/\/lyfilter.com\/it\/wp-json\/wp\/v2\/media\/2475"}],"wp:attachment":[{"href":"https:\/\/lyfilter.com\/it\/wp-json\/wp\/v2\/media?parent=2468"}],"wp:term":[{"taxonomy":"product_brand","embeddable":true,"href":"https:\/\/lyfilter.com\/it\/wp-json\/wp\/v2\/product_brand?post=2468"},{"taxonomy":"product_cat","embeddable":true,"href":"https:\/\/lyfilter.com\/it\/wp-json\/wp\/v2\/product_cat?post=2468"},{"taxonomy":"product_tag","embeddable":true,"href":"https:\/\/lyfilter.com\/it\/wp-json\/wp\/v2\/product_tag?post=2468"}],"curies":[{"name":"wp","href":"https:\/\/api.w.org\/{rel}","templated":true}]}}