{"id":2449,"date":"2026-01-07T02:53:49","date_gmt":"2026-01-07T02:53:49","guid":{"rendered":"https:\/\/lyfilter.com\/?post_type=product&#038;p=2449"},"modified":"2026-01-07T02:53:49","modified_gmt":"2026-01-07T02:53:49","slug":"pneumatic-components1-8-1-4-3-8-1-2-3-4-bsp-male-thread-plastic-silencer-pneumatic-black-blue-air-quick-exhaust-muffler","status":"publish","type":"product","link":"https:\/\/lyfilter.com\/it\/pneumatic-components1-8-1-4-3-8-1-2-3-4-bsp-male-thread-plastic-silencer-pneumatic-black-blue-air-quick-exhaust-muffler\/","title":{"rendered":"Componenti pneumatici1\/8 1\/4 3\/8 1\/2 3\/4 BSP filetto maschio Silenziatore in plastica Pneumatico Nero blu Aria scarico rapido silenziatore"},"content":{"rendered":"<div class=\"unit-detail-html-tabs__content-attr\">\n<div class=\"unit-product-attrparam\">\n<div class=\"unit-product-attrparam__items row\">\n<div class=\"col-12 col-md-6\">\n<div class=\"unit-product-attrparam__item\">\n<div class=\"unit-product-attrparam__label\">\n<table>\n<thead>\n<tr>\n<th>articolo<\/th>\n<th>dettagli<\/th>\n<\/tr>\n<\/thead>\n<tbody>\n<tr>\n<td>capacit\u00e0 di fornitura<\/td>\n<td>1000000 pc\/mese<\/td>\n<\/tr>\n<tr>\n<td>materiale<\/td>\n<td>pe<\/td>\n<\/tr>\n<tr>\n<td>disponibilit\u00e0<\/td>\n<td>oem<\/td>\n<\/tr>\n<\/tbody>\n<\/table>\n<\/div>\n<\/div>\n<\/div>\n<\/div>\n<\/div>\n<\/div>\n<div class=\"unit-detail-html-tabs__content-featuresAttr\"><\/div>\n<div class=\"unit-detail-html-tabs__content-html\">\n<p><strong>Componenti pneumatici1\/8 1\/4 3\/8 1\/2 3\/4 BSP filettatura maschio Silenziatore in plastica Pneumatico Nero blu Aria scarico rapido silenziatore<\/strong><\/p>\n<p>Descrizione del prodotto:<\/p>\n<p>1. Scopo della marmitta La marmitta, nota anche come silenziatore, \u00e8 un prodotto fonoassorbente e antirumore molto diffuso. Il silenziatore \u00e8 anche un prodotto in grado non solo di far passare il flusso d'aria, ma anche di ridurre il rumore. La marmitta \u00e8 ampiamente utilizzata in varie marmitte per le emissioni di vapore delle caldaie nei settori dell'energia elettrica, petrolchimico, metallurgico e in altri settori industriali.<\/p>\n<p>2. Nel processo di produzione industriale moderna e nell'uso delle apparecchiature, il silenziatore pu\u00f2 ridurre efficacemente il rumore delle apparecchiature pneumatiche e fornire il miglior equilibrio tra riduzione del rumore e contropressione accettabile nel sistema pneumatico. In generale, i silenziatori sono disponibili in un'ampia gamma di dimensioni per adattarsi alla maggior parte delle valvole standard e sono dotati di robuste filettature integrate per garantire un facile assemblaggio alle apparecchiature pneumatiche.<\/p>\n<ul>\n<li>Elevata porosit\u00e0 per garantire un maggiore flusso per unit\u00e0 di superficie;<\/li>\n<li>Superficie esterna liscia, le impurit\u00e0 non aderiscono facilmente, il lavaggio posteriore \u00e8 facile e accurato;<\/li>\n<li>Capacit\u00e0 antivegetativa: le piccole dimensioni del filtro impediscono alle impurit\u00e0 di essere trattenute nel corpo del filtro;<\/li>\n<li>Resistenza alla corrosione di acidi e alcali forti, resistenza ai solventi organici; 5. Eccellenti propriet\u00e0 meccaniche; 6. Nessun rilascio di particelle. 7. Ampia gamma di prodotti e ampio campo di applicazione<\/li>\n<\/ul>\n<p><strong>Specifiche:\u00a0<\/strong><\/p>\n<p>La lunghezza di 1\/8 \u00e8 di circa 37 mm, la filettatura direttamente: 9,5-10 mm, diametro del foro interno 6 mm.<\/p>\n<p>La lunghezza del corpo piccolo 1\/4 \u00e8 di circa 41 mm, il diametro della filettatura: 12-12,5 mm, il diametro del foro interno 8 mm.<\/p>\n<p>1\/4 La lunghezza generale \u00e8 di circa 63 mm, il diametro della filettatura: 12-12,5 mm, il diametro del foro interno 8 mm.<\/p>\n<p>La lunghezza di 3\/8 \u00e8 di circa 82 mm, il diametro della filettatura: 16-16,2 mm, il diametro del foro interno: 10 mm.<\/p>\n<p>La lunghezza di 1\/2 \u00e8 di circa 91 mm, il diametro della filettatura: 20-20,3 mm, il diametro del foro interno 12 mm.<\/p>\n<p><img decoding=\"async\" src=\"https:\/\/img.yfisher.com\/m6076\/1725732744cbe\/jpg70-t3-scale100.webp\" alt=\"Componenti pneumatici1\/8 1\/4 3\/8 1\/2 3\/4 BSP filetto maschio Silenziatore in plastica Pneumatico Nero blu Aria scarico rapido Silenziatore 6\" data-lazy=\"2\" title=\"\"><\/p>\n<\/div>","protected":false},"excerpt":{"rendered":"<table>\n<thead>\n<tr>\n<th>articolo<\/th>\n<th>dettagli<\/th>\n<\/tr>\n<\/thead>\n<tbody>\n<tr>\n<td>porta di avvio<\/td>\n<td>Guangzhou<\/td>\n<\/tr>\n<tr>\n<td>capacit\u00e0 produttiva<\/td>\n<td>10000 unit\u00e0\/mese<\/td>\n<\/tr>\n<tr>\n<td>pagamento<\/td>\n<td>T\/T, assicurazione del commercio di Alibaba, paypal, OA<\/td>\n<\/tr>\n<tr>\n<td>moq<\/td>\n<td>1 pezzo<\/td>\n<\/tr>\n<tr>\n<td>tempi di consegna<\/td>\n<td>entro 7 giorni lavorativi<\/td>\n<\/tr>\n<tr>\n<td>certificazione<\/td>\n<td>ISO 9001<\/td>\n<\/tr>\n<tr>\n<td>marchio<\/td>\n<td>OEM\/Lvyuan<\/td>\n<\/tr>\n<\/tbody>\n<\/table>","protected":false},"featured_media":2457,"comment_status":"open","ping_status":"closed","template":"","meta":{"_gspb_post_css":""},"product_brand":[],"product_cat":[24,26],"product_tag":[956,279,262,260,955,965],"class_list":{"0":"post-2449","1":"product","2":"type-product","3":"status-publish","4":"has-post-thumbnail","6":"product_cat-sintered-porous-plastic","7":"product_cat-plastic-silencer","8":"product_tag-1-piece-moq","9":"product_tag-alibaba-trade-assurance","10":"product_tag-guangzhou-port","11":"product_tag-iso-9001","12":"product_tag-oem-packaging","13":"product_tag-paper-tubes","15":"first","16":"instock","17":"shipping-taxable","18":"product-type-simple"},"_links":{"self":[{"href":"https:\/\/lyfilter.com\/it\/wp-json\/wp\/v2\/product\/2449","targetHints":{"allow":["GET"]}}],"collection":[{"href":"https:\/\/lyfilter.com\/it\/wp-json\/wp\/v2\/product"}],"about":[{"href":"https:\/\/lyfilter.com\/it\/wp-json\/wp\/v2\/types\/product"}],"replies":[{"embeddable":true,"href":"https:\/\/lyfilter.com\/it\/wp-json\/wp\/v2\/comments?post=2449"}],"wp:featuredmedia":[{"embeddable":true,"href":"https:\/\/lyfilter.com\/it\/wp-json\/wp\/v2\/media\/2457"}],"wp:attachment":[{"href":"https:\/\/lyfilter.com\/it\/wp-json\/wp\/v2\/media?parent=2449"}],"wp:term":[{"taxonomy":"product_brand","embeddable":true,"href":"https:\/\/lyfilter.com\/it\/wp-json\/wp\/v2\/product_brand?post=2449"},{"taxonomy":"product_cat","embeddable":true,"href":"https:\/\/lyfilter.com\/it\/wp-json\/wp\/v2\/product_cat?post=2449"},{"taxonomy":"product_tag","embeddable":true,"href":"https:\/\/lyfilter.com\/it\/wp-json\/wp\/v2\/product_tag?post=2449"}],"curies":[{"name":"wp","href":"https:\/\/api.w.org\/{rel}","templated":true}]}}