{"id":2432,"date":"2026-01-07T02:37:41","date_gmt":"2026-01-07T02:37:41","guid":{"rendered":"https:\/\/lyfilter.com\/?post_type=product&#038;p=2432"},"modified":"2026-01-07T02:37:41","modified_gmt":"2026-01-07T02:37:41","slug":"factory-price-sintered-copper-powder-filter","status":"publish","type":"product","link":"https:\/\/lyfilter.com\/it\/factory-price-sintered-copper-powder-filter\/","title":{"rendered":"Prezzo di fabbrica Filtro in polvere di rame sinterizzato"},"content":{"rendered":"<div class=\"unit-detail-html-tabs__content-attr\">\n<div class=\"unit-product-attrparam\">\n<div class=\"unit-product-attrparam__items row\">\n<div class=\"col-12 col-md-6\">\n<div class=\"unit-product-attrparam__item\">\n<div class=\"unit-product-attrparam__label\">\n<table>\n<thead>\n<tr>\n<th>articolo<\/th>\n<th>dettagli<\/th>\n<\/tr>\n<\/thead>\n<tbody>\n<tr>\n<td>capacit\u00e0 di fornitura<\/td>\n<td>1000000 pc\/mese<\/td>\n<\/tr>\n<tr>\n<td>materiale<\/td>\n<td>rame<\/td>\n<\/tr>\n<tr>\n<td>disponibilit\u00e0<\/td>\n<td>oem<\/td>\n<\/tr>\n<\/tbody>\n<\/table>\n<\/div>\n<\/div>\n<\/div>\n<\/div>\n<\/div>\n<\/div>\n<div class=\"unit-detail-html-tabs__content-featuresAttr\"><\/div>\n<div class=\"unit-detail-html-tabs__content-html\">\n<p>L'elemento filtrante sinterizzato in polvere di rame ha buone prestazioni di filtrazione permeazione e un'elevata precisione di filtrazione, pu\u00f2 resistere meglio alla pressione termica e agli urti, ha un'elevata resistenza, una buona plasticit\u00e0, resistenza all'ossidazione e alla corrosione. Buon assemblaggio, pu\u00f2 essere saldato, incollato e lavorato; forte capacit\u00e0 di rigenerazione, lunga durata; varia porosit\u00e0 (28%-50%), dimensione dei pori (4u-160U) e precisione di filtrazione (0,2um-100um), canali incrociati, possono essere utilizzati a 300 alte temperature, resistenti al rapido raffreddamento e al rapido riscaldamento. Rispetto ai filtri in carta, rete metallica in rame e altri tessuti in fibra, ha prestazioni superiori ed \u00e8 facile da montare, smontare e pulire. Viene utilizzato principalmente per filtrare gas, liquidi e olio combustibile. \u00c8 ampiamente utilizzato nell'industria petrolifera, chimica, automobilistica, dei trattori, aeronautica e navale. \u00c8 ampiamente diffuso in tutto il mondo e trova largo impiego anche negli elementi filtranti dei circuiti pneumatici e idraulici. La cartuccia filtrante in polvere di rame sinterizzata \u00e8 in grado di filtrare l'olio, l'acqua e le impurit\u00e0 presenti nell'aria, oltre a ridurre il rumore. Nel dispositivo di autosalvataggio ad aria compressa, la sua alimentazione d'aria adotta generalmente la conduttura dell'aria compressa della miniera, che svolge funzioni quali la decompressione, la riduzione del rumore, la regolazione del flusso, la filtrazione dell'olio e dell'acqua, ecc. per fornire aria fresca al personale. Gli elementi filtranti in rame sinterizzato hanno funzioni di filtrazione dell'aria e riduzione del rumore e sono ampiamente utilizzati nei processori di sorgenti d'aria per componenti pneumatici.<\/p>\n<p><img decoding=\"async\" src=\"https:\/\/img.yfisher.com\/m6076\/1725732736yr2\/jpg70-t3-scale100.webp\" alt=\"Prezzo di fabbrica Filtro a polvere di rame sinterizzato 6\" data-lazy=\"2\" title=\"\"><\/p>\n<p><img decoding=\"async\" src=\"https:\/\/img.yfisher.com\/m6076\/1725732736po4\/jpg70-t3-scale100.webp\" alt=\"Prezzo di fabbrica Filtro in polvere di rame sinterizzato 7\" data-lazy=\"2\" title=\"\"><\/p>\n<p><img decoding=\"async\" src=\"https:\/\/img.yfisher.com\/m6076\/1725732736q6z\/jpg70-t3-scale100.webp\" alt=\"Prezzo di fabbrica Filtro in polvere di rame sinterizzato 8\" data-lazy=\"2\" title=\"\"><\/p>\n<p><img decoding=\"async\" src=\"https:\/\/img.yfisher.com\/m6076\/1725732736a4m\/jpg70-t3-scale100.webp\" alt=\"Prezzo di fabbrica Filtro in polvere di rame sinterizzato 9\" data-lazy=\"2\" title=\"\"><\/p>\n<p><img decoding=\"async\" src=\"https:\/\/img.yfisher.com\/m6076\/1725732736s7d\/jpg70-t3-scale100.webp\" alt=\"Prezzo di fabbrica Filtro in polvere di rame sinterizzato 10\" data-lazy=\"2\" title=\"\"><\/p>\n<p><img decoding=\"async\" src=\"https:\/\/img.yfisher.com\/m6076\/17257327365t1\/jpg70-t3-scale100.webp\" alt=\"Prezzo di fabbrica Filtro in polvere di rame sinterizzato 11\" data-lazy=\"2\" title=\"\"><\/p>\n<p><img decoding=\"async\" src=\"https:\/\/img.yfisher.com\/m6076\/1725732736b3t\/jpg70-t3-scale100.webp\" alt=\"Prezzo di fabbrica Filtro in polvere di rame sinterizzato 12\" data-lazy=\"2\" title=\"\"><\/p>\n<\/div>","protected":false},"excerpt":{"rendered":"<table>\n<thead>\n<tr>\n<th>articolo<\/th>\n<th>dettagli<\/th>\n<\/tr>\n<\/thead>\n<tbody>\n<tr>\n<td>porta di avvio<\/td>\n<td>Guangzhou<\/td>\n<\/tr>\n<tr>\n<td>capacit\u00e0 produttiva<\/td>\n<td>10000 unit\u00e0\/mese<\/td>\n<\/tr>\n<tr>\n<td>luogo di origine<\/td>\n<td>Guangdong, Cina<\/td>\n<\/tr>\n<tr>\n<td>pagamento<\/td>\n<td>T\/T, garanzia di commercio di Alibaba, paypal<\/td>\n<\/tr>\n<tr>\n<td>moq<\/td>\n<td>1 pezzo<\/td>\n<\/tr>\n<tr>\n<td>certificazione<\/td>\n<td>ISO 9001<\/td>\n<\/tr>\n<tr>\n<td>marchio<\/td>\n<td>OEM\/Lvyuan<\/td>\n<\/tr>\n<\/tbody>\n<\/table>","protected":false},"featured_media":2439,"comment_status":"open","ping_status":"closed","template":"","meta":{"_gspb_post_css":""},"product_brand":[],"product_cat":[17,18],"product_tag":[956,279,964,260,955,965],"class_list":{"0":"post-2432","1":"product","2":"type-product","3":"status-publish","4":"has-post-thumbnail","6":"product_cat-sediment-filter","7":"product_cat-sintered-metal-filters","8":"product_tag-1-piece-moq","9":"product_tag-alibaba-trade-assurance","10":"product_tag-guangdong-manufacturer","11":"product_tag-iso-9001","12":"product_tag-oem-packaging","13":"product_tag-paper-tubes","15":"first","16":"instock","17":"shipping-taxable","18":"product-type-simple"},"_links":{"self":[{"href":"https:\/\/lyfilter.com\/it\/wp-json\/wp\/v2\/product\/2432","targetHints":{"allow":["GET"]}}],"collection":[{"href":"https:\/\/lyfilter.com\/it\/wp-json\/wp\/v2\/product"}],"about":[{"href":"https:\/\/lyfilter.com\/it\/wp-json\/wp\/v2\/types\/product"}],"replies":[{"embeddable":true,"href":"https:\/\/lyfilter.com\/it\/wp-json\/wp\/v2\/comments?post=2432"}],"wp:featuredmedia":[{"embeddable":true,"href":"https:\/\/lyfilter.com\/it\/wp-json\/wp\/v2\/media\/2439"}],"wp:attachment":[{"href":"https:\/\/lyfilter.com\/it\/wp-json\/wp\/v2\/media?parent=2432"}],"wp:term":[{"taxonomy":"product_brand","embeddable":true,"href":"https:\/\/lyfilter.com\/it\/wp-json\/wp\/v2\/product_brand?post=2432"},{"taxonomy":"product_cat","embeddable":true,"href":"https:\/\/lyfilter.com\/it\/wp-json\/wp\/v2\/product_cat?post=2432"},{"taxonomy":"product_tag","embeddable":true,"href":"https:\/\/lyfilter.com\/it\/wp-json\/wp\/v2\/product_tag?post=2432"}],"curies":[{"name":"wp","href":"https:\/\/api.w.org\/{rel}","templated":true}]}}