{"id":2419,"date":"2026-01-07T02:33:33","date_gmt":"2026-01-07T02:33:33","guid":{"rendered":"https:\/\/lyfilter.com\/?post_type=product&#038;p=2419"},"modified":"2026-01-07T02:33:33","modified_gmt":"2026-01-07T02:33:33","slug":"oem-micro-316-stainless-steel-filter-cartridge-sintered-metal-powder-filter-element","status":"publish","type":"product","link":"https:\/\/lyfilter.com\/it\/oem-micro-316-stainless-steel-filter-cartridge-sintered-metal-powder-filter-element\/","title":{"rendered":"Micro cartuccia del filtro dell'acciaio inossidabile dell'OEM 316 Elemento filtrante sinterizzato della polvere del metallo"},"content":{"rendered":"<div class=\"unit-detail-html-tabs__content-attr\">\n<div class=\"unit-product-attrparam\">\n<div class=\"unit-product-attrparam__items row\">\n<div class=\"col-12 col-md-6\">\n<div class=\"unit-product-attrparam__item\">\n<div class=\"unit-product-attrparam__label\">\n<table>\n<thead>\n<tr>\n<th>articolo<\/th>\n<th>dettagli<\/th>\n<\/tr>\n<\/thead>\n<tbody>\n<tr>\n<td>capacit\u00e0 di fornitura<\/td>\n<td>1000000 pc\/mese<\/td>\n<\/tr>\n<tr>\n<td>materiale<\/td>\n<td>acciaio inox<\/td>\n<\/tr>\n<tr>\n<td>disponibilit\u00e0<\/td>\n<td>oem<\/td>\n<\/tr>\n<\/tbody>\n<\/table>\n<\/div>\n<\/div>\n<\/div>\n<\/div>\n<\/div>\n<\/div>\n<div class=\"unit-detail-html-tabs__content-featuresAttr\"><\/div>\n<div class=\"unit-detail-html-tabs__content-html\">\n<p>L'elemento filtrante in polvere metallica sinterizzata in acciaio inox ha le caratteristiche di pori lisci, facilit\u00e0 di pulizia, resistenza alle alte temperature, resistenza alla corrosione, assenza di spargimento della rete metallica e lungo ciclo di filtrazione. Il feltro sinterizzato in fibra d'acciaio inossidabile \u00e8 un materiale filtrante poroso e profondo realizzato in fibra d'acciaio inossidabile sinterizzata ad alta temperatura. Il suo nucleo a onde ripiegate ha le caratteristiche di elevata porosit\u00e0, buona permeabilit\u00e0 all'aria, forte capacit\u00e0 di trattenere lo sporco e forte capacit\u00e0 di rigenerazione. Principali caratteristiche: grande area di filtrazione (5-10 volte quella dei normali elementi filtranti cilindrici), ampia gamma di precisione di filtrazione (1-300um) Principali metodi di connessione: interfaccia standard (come 222, 220, 226), interfaccia rapida, connessione filettata, connessione a flangia, connessione a tirante, interfaccia speciale personalizzata. Viene utilizzato principalmente nella filtrazione di polimeri ad alta molecolarit\u00e0 e nel trattamento di acqua e olio, gas ad alta temperatura, prodotti farmaceutici e altri mezzi.<\/p>\n<p><img decoding=\"async\" src=\"https:\/\/img.yfisher.com\/m6076\/1725732731zgv\/jpg70-t3-scale100.webp\" alt=\"Micro cartuccia del filtro dell&#039;acciaio inossidabile dell&#039;OEM 316 Elemento filtrante sinterizzato della polvere del metallo 6\" data-lazy=\"2\" title=\"\"><\/p>\n<p><img decoding=\"async\" src=\"https:\/\/img.yfisher.com\/m6076\/1725732731pwm\/jpg70-t3-scale100.webp\" alt=\"Micro cartuccia del filtro dell&#039;acciaio inossidabile dell&#039;OEM 316 Elemento filtrante sinterizzato della polvere del metallo 7\" data-lazy=\"2\" title=\"\"><\/p>\n<p><img decoding=\"async\" src=\"https:\/\/img.yfisher.com\/m6076\/1725732731sr3\/jpg70-t3-scale100.webp\" alt=\"Micro cartuccia del filtro dell&#039;acciaio inossidabile dell&#039;OEM 316 Elemento filtrante sinterizzato della polvere del metallo 8\" data-lazy=\"2\" title=\"\"><\/p>\n<p><img decoding=\"async\" src=\"https:\/\/img.yfisher.com\/m6076\/1725732731hc6\/jpg70-t3-scale100.webp\" alt=\"Micro cartuccia del filtro dell&#039;acciaio inossidabile dell&#039;OEM 316 Elemento filtrante sinterizzato della polvere del metallo 9\" data-lazy=\"2\" title=\"\"><\/p>\n<p><img decoding=\"async\" src=\"https:\/\/img.yfisher.com\/m6076\/172573273176j\/jpg70-t3-scale100.webp\" alt=\"Micro cartuccia del filtro dell&#039;acciaio inossidabile dell&#039;OEM 316 Elemento filtrante sinterizzato della polvere del metallo 10\" data-lazy=\"2\" title=\"\"><\/p>\n<p><img decoding=\"async\" src=\"https:\/\/img.yfisher.com\/m6076\/1725732731t9s\/jpg70-t3-scale100.webp\" alt=\"Micro cartuccia del filtro dell&#039;acciaio inossidabile dell&#039;OEM 316 Elemento filtrante sinterizzato della polvere del metallo 11\" data-lazy=\"2\" title=\"\"><\/p>\n<\/div>","protected":false},"excerpt":{"rendered":"<table>\n<thead>\n<tr>\n<th>articolo<\/th>\n<th>dettagli<\/th>\n<\/tr>\n<\/thead>\n<tbody>\n<tr>\n<td>porta di avvio<\/td>\n<td>Guangzhou<\/td>\n<\/tr>\n<tr>\n<td>capacit\u00e0 produttiva<\/td>\n<td>10000 unit\u00e0\/mese<\/td>\n<\/tr>\n<tr>\n<td>luogo di origine<\/td>\n<td>Guangdong, Cina<\/td>\n<\/tr>\n<tr>\n<td>pagamento<\/td>\n<td>T\/T, garanzia di commercio di Alibaba, paypal<\/td>\n<\/tr>\n<tr>\n<td>moq<\/td>\n<td>1 pezzo<\/td>\n<\/tr>\n<tr>\n<td>tempi di consegna<\/td>\n<td>Entro 7 giorni lavorativi<\/td>\n<\/tr>\n<tr>\n<td>certificazione<\/td>\n<td>ISO 9001<\/td>\n<\/tr>\n<\/tbody>\n<\/table>","protected":false},"featured_media":2427,"comment_status":"open","ping_status":"closed","template":"","meta":{"_gspb_post_css":""},"product_brand":[],"product_cat":[17,18],"product_tag":[956,279,969,970,260,965],"class_list":{"0":"post-2419","1":"product","2":"type-product","3":"status-publish","4":"has-post-thumbnail","6":"product_cat-sediment-filter","7":"product_cat-sintered-metal-filters","8":"product_tag-1-piece-moq","9":"product_tag-alibaba-trade-assurance","10":"product_tag-custom-packaging","11":"product_tag-guangdong-factory","12":"product_tag-iso-9001","13":"product_tag-paper-tubes","15":"first","16":"instock","17":"shipping-taxable","18":"product-type-simple"},"_links":{"self":[{"href":"https:\/\/lyfilter.com\/it\/wp-json\/wp\/v2\/product\/2419","targetHints":{"allow":["GET"]}}],"collection":[{"href":"https:\/\/lyfilter.com\/it\/wp-json\/wp\/v2\/product"}],"about":[{"href":"https:\/\/lyfilter.com\/it\/wp-json\/wp\/v2\/types\/product"}],"replies":[{"embeddable":true,"href":"https:\/\/lyfilter.com\/it\/wp-json\/wp\/v2\/comments?post=2419"}],"wp:featuredmedia":[{"embeddable":true,"href":"https:\/\/lyfilter.com\/it\/wp-json\/wp\/v2\/media\/2427"}],"wp:attachment":[{"href":"https:\/\/lyfilter.com\/it\/wp-json\/wp\/v2\/media?parent=2419"}],"wp:term":[{"taxonomy":"product_brand","embeddable":true,"href":"https:\/\/lyfilter.com\/it\/wp-json\/wp\/v2\/product_brand?post=2419"},{"taxonomy":"product_cat","embeddable":true,"href":"https:\/\/lyfilter.com\/it\/wp-json\/wp\/v2\/product_cat?post=2419"},{"taxonomy":"product_tag","embeddable":true,"href":"https:\/\/lyfilter.com\/it\/wp-json\/wp\/v2\/product_tag?post=2419"}],"curies":[{"name":"wp","href":"https:\/\/api.w.org\/{rel}","templated":true}]}}