{"id":2414,"date":"2026-01-07T02:31:13","date_gmt":"2026-01-07T02:31:13","guid":{"rendered":"https:\/\/lyfilter.com\/?post_type=product&#038;p=2414"},"modified":"2026-01-07T02:31:13","modified_gmt":"2026-01-07T02:31:13","slug":"factory-price-stainless-steel-filter-cartridge-ss-filter-element","status":"publish","type":"product","link":"https:\/\/lyfilter.com\/it\/factory-price-stainless-steel-filter-cartridge-ss-filter-element\/","title":{"rendered":"Prezzo di fabbrica Cartuccia filtrante in acciaio inox Elemento filtrante SS"},"content":{"rendered":"<div class=\"unit-detail-html-tabs__content-attr\">\n<div class=\"unit-product-attrparam\">\n<div class=\"unit-product-attrparam__items row\">\n<div class=\"col-12 col-md-6\">\n<div class=\"unit-product-attrparam__item\">\n<div class=\"unit-product-attrparam__label\">\n<table>\n<thead>\n<tr>\n<th>articolo<\/th>\n<th>dettagli<\/th>\n<\/tr>\n<\/thead>\n<tbody>\n<tr>\n<td>capacit\u00e0 di fornitura<\/td>\n<td>1000000 pc\/mese<\/td>\n<\/tr>\n<tr>\n<td>materiale<\/td>\n<td>acciaio inox<\/td>\n<\/tr>\n<\/tbody>\n<\/table>\n<\/div>\n<\/div>\n<\/div>\n<\/div>\n<\/div>\n<\/div>\n<div class=\"unit-detail-html-tabs__content-featuresAttr\"><\/div>\n<div class=\"unit-detail-html-tabs__content-html\">\n<p>L'elemento filtrante SS della cartuccia in acciaio inox ha ottime prestazioni di filtrazione e pu\u00f2 esercitare una prestazione di filtrazione superficiale uniforme per la dimensione delle particelle di filtrazione di 2-200um. Il materiale filtrante principale adotta una rete multistrato in acciaio inox sinterizzato e la precisione di filtrazione \u00e8 di 0,5-200um. Le sue dimensioni possono essere elaborate in base ai requisiti dell'utente.<\/p>\n<p>Porosit\u00e0 (28%-50%), dimensione dei pori (4u-160u) e precisione di filtrazione (0,2um-100um), canali incrociati, resistenza alle alte temperature, rapido raffreddamento e rapida resistenza al calore. Anti-corrosione. \u00c8 adatto a una variet\u00e0 di mezzi corrosivi come acidi e alcali. L'elemento filtrante in acciaio inox pu\u00f2 resistere alla corrosione generale acido-base e organica, ed \u00e8 particolarmente adatto per la filtrazione di gas contenenti zolfo. Ha un'elevata resistenza e una buona tenacit\u00e0. \u00c8 adatto ad ambienti ad alta pressione. Pu\u00f2 essere saldato, facile da caricare e scaricare. La forma stabile dei pori e la distribuzione uniforme garantiscono prestazioni di filtrazione stabili. Buone prestazioni di rigenerazione. Dopo ripetute operazioni di pulizia e rigenerazione, le prestazioni di filtrazione recuperano pi\u00f9 di 90%.<\/p>\n<p><img decoding=\"async\" src=\"https:\/\/img.yfisher.com\/m6076\/17257327258i7\/jpg70-t3-scale100.webp\" alt=\"Prezzo di fabbrica Cartuccia filtrante in acciaio inox Elemento filtrante SS 6\" data-lazy=\"2\" title=\"\"><\/p>\n<p><img decoding=\"async\" src=\"https:\/\/img.yfisher.com\/m6076\/1725732725fg4\/jpg70-t3-scale100.webp\" alt=\"Prezzo di fabbrica Cartuccia filtro SS in acciaio inox elemento filtrante 7\" data-lazy=\"2\" title=\"\"><\/p>\n<p><img decoding=\"async\" src=\"https:\/\/img.yfisher.com\/m6076\/17257327251x3\/jpg70-t3-scale100.webp\" alt=\"Prezzo di fabbrica Cartuccia filtrante in acciaio inox Elemento filtrante SS 8\" data-lazy=\"2\" title=\"\"><\/p>\n<p><img decoding=\"async\" src=\"https:\/\/img.yfisher.com\/m6076\/1725732725vxe\/jpg70-t3-scale100.webp\" alt=\"Prezzo di fabbrica Cartuccia filtrante in acciaio inox Elemento filtrante SS 9\" data-lazy=\"2\" title=\"\"><\/p>\n<p><img decoding=\"async\" src=\"https:\/\/img.yfisher.com\/m6076\/172573272535g\/jpg70-t3-scale100.webp\" alt=\"Prezzo di fabbrica Cartuccia filtrante in acciaio inox Elemento filtrante SS 10\" data-lazy=\"2\" title=\"\"><\/p>\n<p><img decoding=\"async\" src=\"https:\/\/img.yfisher.com\/m6076\/1725732725ieq\/jpg70-t3-scale100.webp\" alt=\"Prezzo di fabbrica Cartuccia filtrante in acciaio inox Elemento filtrante SS 11\" data-lazy=\"2\" title=\"\"><\/p>\n<\/div>","protected":false},"excerpt":{"rendered":"<table>\n<thead>\n<tr>\n<th>articolo<\/th>\n<th>dettagli<\/th>\n<\/tr>\n<\/thead>\n<tbody>\n<tr>\n<td>porta di avvio<\/td>\n<td>Guangzhou<\/td>\n<\/tr>\n<tr>\n<td>capacit\u00e0 produttiva<\/td>\n<td>10000 unit\u00e0\/mese<\/td>\n<\/tr>\n<tr>\n<td>luogo di origine<\/td>\n<td>Guangdong, Cina<\/td>\n<\/tr>\n<tr>\n<td>pagamento<\/td>\n<td>Western Union, Alibaba Trade Assurance, paypal<\/td>\n<\/tr>\n<tr>\n<td>moq<\/td>\n<td>1 pezzo<\/td>\n<\/tr>\n<tr>\n<td>tempi di consegna<\/td>\n<td>Entro 7 giorni lavorativi<\/td>\n<\/tr>\n<tr>\n<td>certificazione<\/td>\n<td>ISO 9001<\/td>\n<\/tr>\n<tr>\n<td>marchio<\/td>\n<td>OEM\/Lvyuan<\/td>\n<\/tr>\n<\/tbody>\n<\/table>","protected":false},"featured_media":2421,"comment_status":"open","ping_status":"closed","template":"","meta":{"_gspb_post_css":""},"product_brand":[],"product_cat":[17,18],"product_tag":[956,964,260,968,965,971],"class_list":{"0":"post-2414","1":"product","2":"type-product","3":"status-publish","4":"has-post-thumbnail","6":"product_cat-sediment-filter","7":"product_cat-sintered-metal-filters","8":"product_tag-1-piece-moq","9":"product_tag-guangdong-manufacturer","10":"product_tag-iso-9001","11":"product_tag-oem-paper-tubes","12":"product_tag-paper-tubes","13":"product_tag-western-union","15":"first","16":"instock","17":"shipping-taxable","18":"product-type-simple"},"_links":{"self":[{"href":"https:\/\/lyfilter.com\/it\/wp-json\/wp\/v2\/product\/2414","targetHints":{"allow":["GET"]}}],"collection":[{"href":"https:\/\/lyfilter.com\/it\/wp-json\/wp\/v2\/product"}],"about":[{"href":"https:\/\/lyfilter.com\/it\/wp-json\/wp\/v2\/types\/product"}],"replies":[{"embeddable":true,"href":"https:\/\/lyfilter.com\/it\/wp-json\/wp\/v2\/comments?post=2414"}],"wp:featuredmedia":[{"embeddable":true,"href":"https:\/\/lyfilter.com\/it\/wp-json\/wp\/v2\/media\/2421"}],"wp:attachment":[{"href":"https:\/\/lyfilter.com\/it\/wp-json\/wp\/v2\/media?parent=2414"}],"wp:term":[{"taxonomy":"product_brand","embeddable":true,"href":"https:\/\/lyfilter.com\/it\/wp-json\/wp\/v2\/product_brand?post=2414"},{"taxonomy":"product_cat","embeddable":true,"href":"https:\/\/lyfilter.com\/it\/wp-json\/wp\/v2\/product_cat?post=2414"},{"taxonomy":"product_tag","embeddable":true,"href":"https:\/\/lyfilter.com\/it\/wp-json\/wp\/v2\/product_tag?post=2414"}],"curies":[{"name":"wp","href":"https:\/\/api.w.org\/{rel}","templated":true}]}}