{"id":2382,"date":"2026-01-07T02:17:33","date_gmt":"2026-01-07T02:17:33","guid":{"rendered":"https:\/\/lyfilter.com\/?post_type=product&#038;p=2382"},"modified":"2026-01-07T02:19:16","modified_gmt":"2026-01-07T02:19:16","slug":"wholesale-polypropylene-pp-meltblown-filter-element","status":"publish","type":"product","link":"https:\/\/lyfilter.com\/it\/wholesale-polypropylene-pp-meltblown-filter-element\/","title":{"rendered":"all'ingrosso Elemento filtrante in polipropilene PP meltblown"},"content":{"rendered":"<div class=\"unit-detail-html-tabs__content-attr\">\n<div class=\"unit-product-attrparam\">\n<div class=\"unit-product-attrparam__items row\">\n<div class=\"col-12 col-md-6\">\n<div class=\"unit-product-attrparam__item\">\n<div class=\"unit-product-attrparam__label\">\n<table>\n<thead>\n<tr>\n<th>capacit\u00e0 di fornitura<\/th>\n<th>1000000 pc\/mese<\/th>\n<\/tr>\n<\/thead>\n<tbody>\n<tr>\n<td>materiale<\/td>\n<td>acciaio inox<\/td>\n<\/tr>\n<tr>\n<td>disponibilit\u00e0<\/td>\n<td>oem<\/td>\n<\/tr>\n<\/tbody>\n<\/table>\n<\/div>\n<\/div>\n<\/div>\n<\/div>\n<\/div>\n<\/div>\n<div class=\"unit-detail-html-tabs__content-html\">\n<p><strong>all'ingrosso Elemento filtrante in polipropilene PP meltblown<\/strong><\/p>\n<p>Caratteristiche dell'elemento filtrante in pp<\/p>\n<p>(1) L'apertura del filtro \u00e8 compatta e uniforme e l'efficienza di filtrazione \u00e8 elevata. Poich\u00e9 le particelle si depositano nel canale del filtro, anche le particelle pi\u00f9 piccole del canale possono essere bloccate e l'efficienza di filtrazione \u00e8 elevata.<\/p>\n<p>(2), elevata pulizia, nessun inquinamento della qualit\u00e0 dell'acqua.<\/p>\n<p>(3), resistente alla corrosione di reagenti chimici come acidi e alcali e solventi organici.<\/p>\n<p>(4), forte, quando la pressione di ingresso e di uscita del filtro \u00e8 0,4mpaQuando, l'elemento filtrante non \u00e8 deformato.<\/p>\n<p>Modo d'uso<\/p>\n<p>1. Industria elettronica e dell'energia: acqua pura, gas, fluido elettrico, piastra di filo da stampa, ecc.<\/p>\n<p>2. Industria chimica, industria petrolchimica: solvente, rivestimento, fango magnetico, detergente, cera liquida, ecc.<\/p>\n<p>3. Industria farmaceutica: acqua ospedaliera, iniezione farmaceutica, liquido medio, ecc.<\/p>\n<p>4.Industria alimentare: Alimenti, bevande, acqua potabile, alcol, ecc.<\/p>\n<p><img decoding=\"async\" src=\"https:\/\/img.yfisher.com\/m6076\/1725732712feb\/jpg70-t3-scale100.webp\" alt=\"all&#039;ingrosso Elemento filtrante meltblown in polipropilene PP 6\" data-lazy=\"2\" title=\"\"><\/p>\n<p><img decoding=\"async\" src=\"https:\/\/img.yfisher.com\/m6076\/1725732712xo8\/jpg70-t3-scale100.webp\" alt=\"all&#039;ingrosso Elemento filtrante meltblown in polipropilene PP 7\" data-lazy=\"2\" title=\"\"><\/p>\n<p><img decoding=\"async\" src=\"https:\/\/img.yfisher.com\/m6076\/1725732712txe\/jpg70-t3-scale100.webp\" alt=\"all&#039;ingrosso Elemento filtrante meltblown in polipropilene PP 8\" data-lazy=\"2\" title=\"\"><\/p>\n<p><img decoding=\"async\" src=\"https:\/\/img.yfisher.com\/m6076\/1725732712acw\/jpg70-t3-scale100.webp\" alt=\"all&#039;ingrosso Elemento filtrante meltblown in polipropilene PP 9\" data-lazy=\"2\" title=\"\"><\/p>\n<p><img decoding=\"async\" src=\"https:\/\/img.yfisher.com\/m6076\/1725732713t1y\/jpg70-t3-scale100.webp\" alt=\"all&#039;ingrosso Elemento filtrante meltblown in polipropilene PP 10\" data-lazy=\"2\" title=\"\"><\/p>\n<p><img decoding=\"async\" src=\"https:\/\/img.yfisher.com\/m6076\/1725732713fzx\/jpg70-t3-scale100.webp\" alt=\"all&#039;ingrosso Elemento filtrante meltblown in polipropilene PP 11\" data-lazy=\"2\" title=\"\"><\/p>\n<\/div>","protected":false},"excerpt":{"rendered":"<table>\n<thead>\n<tr>\n<th>articolo<\/th>\n<th>dettagli<\/th>\n<\/tr>\n<\/thead>\n<tbody>\n<tr>\n<td>porta di avvio<\/td>\n<td>guangzhou<\/td>\n<\/tr>\n<tr>\n<td>capacit\u00e0 produttiva<\/td>\n<td>10000 unit\u00e0\/mese<\/td>\n<\/tr>\n<tr>\n<td>luogo di origine<\/td>\n<td>guangdong, cina<\/td>\n<\/tr>\n<tr>\n<td>pagamento<\/td>\n<td>t\/t, assicurazione del commercio di alibaba, paypal<\/td>\n<\/tr>\n<tr>\n<td>moq<\/td>\n<td>1 pezzo<\/td>\n<\/tr>\n<tr>\n<td>tempi di consegna<\/td>\n<td>entro 7 giorni lavorativi<\/td>\n<\/tr>\n<tr>\n<td>certificazione<\/td>\n<td>iso 9001<\/td>\n<\/tr>\n<tr>\n<td>marchio<\/td>\n<td>oem\/lvyuan<\/td>\n<\/tr>\n<\/tbody>\n<\/table>","protected":false},"featured_media":2390,"comment_status":"open","ping_status":"closed","template":"","meta":{"_gspb_post_css":""},"product_brand":[],"product_cat":[17],"product_tag":[956,279,964,260,968,965],"class_list":{"0":"post-2382","1":"product","2":"type-product","3":"status-publish","4":"has-post-thumbnail","6":"product_cat-sediment-filter","7":"product_tag-1-piece-moq","8":"product_tag-alibaba-trade-assurance","9":"product_tag-guangdong-manufacturer","10":"product_tag-iso-9001","11":"product_tag-oem-paper-tubes","12":"product_tag-paper-tubes","14":"first","15":"instock","16":"shipping-taxable","17":"product-type-simple"},"_links":{"self":[{"href":"https:\/\/lyfilter.com\/it\/wp-json\/wp\/v2\/product\/2382","targetHints":{"allow":["GET"]}}],"collection":[{"href":"https:\/\/lyfilter.com\/it\/wp-json\/wp\/v2\/product"}],"about":[{"href":"https:\/\/lyfilter.com\/it\/wp-json\/wp\/v2\/types\/product"}],"replies":[{"embeddable":true,"href":"https:\/\/lyfilter.com\/it\/wp-json\/wp\/v2\/comments?post=2382"}],"wp:featuredmedia":[{"embeddable":true,"href":"https:\/\/lyfilter.com\/it\/wp-json\/wp\/v2\/media\/2390"}],"wp:attachment":[{"href":"https:\/\/lyfilter.com\/it\/wp-json\/wp\/v2\/media?parent=2382"}],"wp:term":[{"taxonomy":"product_brand","embeddable":true,"href":"https:\/\/lyfilter.com\/it\/wp-json\/wp\/v2\/product_brand?post=2382"},{"taxonomy":"product_cat","embeddable":true,"href":"https:\/\/lyfilter.com\/it\/wp-json\/wp\/v2\/product_cat?post=2382"},{"taxonomy":"product_tag","embeddable":true,"href":"https:\/\/lyfilter.com\/it\/wp-json\/wp\/v2\/product_tag?post=2382"}],"curies":[{"name":"wp","href":"https:\/\/api.w.org\/{rel}","templated":true}]}}