{"id":2375,"date":"2026-01-07T02:15:40","date_gmt":"2026-01-07T02:15:40","guid":{"rendered":"https:\/\/lyfilter.com\/?post_type=product&#038;p=2375"},"modified":"2026-01-07T02:20:34","modified_gmt":"2026-01-07T02:20:34","slug":"1-3-5-10-25-50-75-100-micron-micro-porous-pe-sintered-filter-element","status":"publish","type":"product","link":"https:\/\/lyfilter.com\/it\/1-3-5-10-25-50-75-100-micron-micro-porous-pe-sintered-filter-element\/","title":{"rendered":"1 3 5 10 25 50 75 100 Micron Elemento filtrante sinterizzato in PE microporoso"},"content":{"rendered":"<div class=\"unit-detail-html-tabs__content-attr\">\n<div class=\"unit-product-attrparam\">\n<div class=\"unit-product-attrparam__items row\">\n<div class=\"col-12 col-md-6\">\n<div class=\"unit-product-attrparam__item\">\n<div class=\"unit-product-attrparam__label\">\n<table>\n<thead>\n<tr>\n<th>capacit\u00e0 di fornitura<\/th>\n<th>1000000 pc\/mese<\/th>\n<\/tr>\n<\/thead>\n<tbody>\n<tr>\n<td>materiale<\/td>\n<td>acciaio inox<\/td>\n<\/tr>\n<tr>\n<td>disponibilit\u00e0<\/td>\n<td>oem<\/td>\n<\/tr>\n<\/tbody>\n<\/table>\n<\/div>\n<\/div>\n<\/div>\n<\/div>\n<\/div>\n<\/div>\n<div class=\"unit-detail-html-tabs__content-featuresAttr\"><\/div>\n<div class=\"unit-detail-html-tabs__content-html\">\n<p><strong>1 3 5 10 25 50 75 100 Micron Elemento filtrante sinterizzato in PE microporoso<\/strong><\/p>\n<p>Descrizione del prodotto<\/p>\n<p>Il tubo filtrante sinterizzato \u00e8 un elemento filtrante microporoso formato dalla sinterizzazione di materiali in polvere. Il materiale del tubo filtrante \u00e8 ceramica, sabbia di vetro, plastica (polietilene o cloruro di polivinile) e cos\u00ec via.<\/p>\n<p>Categoria di prodotto<\/p>\n<p>(1) I tubi filtranti in plastica sono adatti alla filtrazione di vari liquidi, acqua industriale e acqua potabile. Esistono pi\u00f9 di 10 specifiche di questo tipo di tubo microporoso, il cui diametro esterno \u00e8 di 24-150 mm, il diametro interno corrispondente \u00e8 di 8-120 mm, la lunghezza \u00e8 per lo pi\u00f9 di 1000 mm e l'area di filtrazione effettiva di ogni tubo filtrante \u00e8 di 0,039-0,3 m2.<\/p>\n<p>(2) Tubo filtrante in ceramica Il tubo filtrante in ceramica sinterizzata utilizza un tubo filtrante in ceramica sinterizzata come elemento filtrante, che pu\u00f2 essere composto da un singolo tubo filtrante o da pi\u00f9 tubi filtranti. La capacit\u00e0 di trattamento dell'acqua di un singolo tubo filtrante \u00e8 di 600-1500L\/h ed \u00e8 generalmente adatto a pressioni di lavoro inferiori a 0,3MPa. .<\/p>\n<p><img decoding=\"async\" src=\"https:\/\/img.yfisher.com\/m6076\/1725732710wdr\/jpg70-t3-scale100.webp\" alt=\"1 3 5 10 25 50 75 100 Micron Elemento filtrante sinterizzato in PE microporoso 6\" data-lazy=\"2\" title=\"\"><\/p>\n<p><img decoding=\"async\" src=\"https:\/\/img.yfisher.com\/m6076\/1725732710h6t\/jpg70-t3-scale100.webp\" alt=\"1 3 5 10 25 50 75 100 Micron Elemento filtrante sinterizzato in PE microporoso 7\" data-lazy=\"2\" title=\"\"><\/p>\n<p><img decoding=\"async\" src=\"https:\/\/img.yfisher.com\/m6076\/1725732710vyt\/jpg70-t3-scale100.webp\" alt=\"1 3 5 10 25 50 75 100 Micron Elemento filtrante sinterizzato in PE microporoso 8\" data-lazy=\"2\" title=\"\"><\/p>\n<p><img decoding=\"async\" src=\"https:\/\/img.yfisher.com\/m6076\/1725732710zc9\/jpg70-t3-scale100.webp\" alt=\"1 3 5 10 25 50 75 100 Micron Elemento filtrante sinterizzato in PE microporoso 9\" data-lazy=\"2\" title=\"\"><\/p>\n<p><img decoding=\"async\" src=\"https:\/\/img.yfisher.com\/m6076\/1725732710nqy\/jpg70-t3-scale100.webp\" alt=\"1 3 5 10 25 50 75 100 Micron Elemento filtrante sinterizzato in PE microporoso 10\" data-lazy=\"2\" title=\"\"><\/p>\n<p><img decoding=\"async\" src=\"https:\/\/img.yfisher.com\/m6076\/1725732710vj4\/jpg70-t3-scale100.webp\" alt=\"1 3 5 10 25 50 75 100 Micron Elemento filtrante sinterizzato in PE microporoso 11\" data-lazy=\"2\" title=\"\"><\/p>\n<p><img decoding=\"async\" src=\"https:\/\/img.yfisher.com\/m6076\/17257327104dp\/jpg70-t3-scale100.webp\" alt=\"1 3 5 10 25 50 75 100 Micron Elemento filtrante sinterizzato in PE microporoso 12\" data-lazy=\"2\" title=\"\"><\/p>\n<\/div>","protected":false},"excerpt":{"rendered":"<table>\n<thead>\n<tr>\n<th>articolo<\/th>\n<th>dettagli<\/th>\n<\/tr>\n<\/thead>\n<tbody>\n<tr>\n<td>porta di avvio<\/td>\n<td>Guangzhou<\/td>\n<\/tr>\n<tr>\n<td>capacit\u00e0 produttiva<\/td>\n<td>10000 unit\u00e0\/mese<\/td>\n<\/tr>\n<tr>\n<td>luogo di origine<\/td>\n<td>Guangdong, Cina<\/td>\n<\/tr>\n<tr>\n<td>pagamento<\/td>\n<td>T\/T, garanzia di commercio di Alibaba<\/td>\n<\/tr>\n<tr>\n<td>moq<\/td>\n<td>1 pezzo<\/td>\n<\/tr>\n<tr>\n<td>tempi di consegna<\/td>\n<td>Entro 7 giorni lavorativi<\/td>\n<\/tr>\n<tr>\n<td>certificazione<\/td>\n<td>ISO 9001<\/td>\n<\/tr>\n<tr>\n<td>marchio<\/td>\n<td>OEM\/Lvyuan<\/td>\n<\/tr>\n<\/tbody>\n<\/table>","protected":false},"featured_media":2384,"comment_status":"open","ping_status":"closed","template":"","meta":{"_gspb_post_css":""},"product_brand":[],"product_cat":[17],"product_tag":[956,279,964,260,955,965],"class_list":{"0":"post-2375","1":"product","2":"type-product","3":"status-publish","4":"has-post-thumbnail","6":"product_cat-sediment-filter","7":"product_tag-1-piece-moq","8":"product_tag-alibaba-trade-assurance","9":"product_tag-guangdong-manufacturer","10":"product_tag-iso-9001","11":"product_tag-oem-packaging","12":"product_tag-paper-tubes","14":"first","15":"instock","16":"shipping-taxable","17":"product-type-simple"},"_links":{"self":[{"href":"https:\/\/lyfilter.com\/it\/wp-json\/wp\/v2\/product\/2375","targetHints":{"allow":["GET"]}}],"collection":[{"href":"https:\/\/lyfilter.com\/it\/wp-json\/wp\/v2\/product"}],"about":[{"href":"https:\/\/lyfilter.com\/it\/wp-json\/wp\/v2\/types\/product"}],"replies":[{"embeddable":true,"href":"https:\/\/lyfilter.com\/it\/wp-json\/wp\/v2\/comments?post=2375"}],"wp:featuredmedia":[{"embeddable":true,"href":"https:\/\/lyfilter.com\/it\/wp-json\/wp\/v2\/media\/2384"}],"wp:attachment":[{"href":"https:\/\/lyfilter.com\/it\/wp-json\/wp\/v2\/media?parent=2375"}],"wp:term":[{"taxonomy":"product_brand","embeddable":true,"href":"https:\/\/lyfilter.com\/it\/wp-json\/wp\/v2\/product_brand?post=2375"},{"taxonomy":"product_cat","embeddable":true,"href":"https:\/\/lyfilter.com\/it\/wp-json\/wp\/v2\/product_cat?post=2375"},{"taxonomy":"product_tag","embeddable":true,"href":"https:\/\/lyfilter.com\/it\/wp-json\/wp\/v2\/product_tag?post=2375"}],"curies":[{"name":"wp","href":"https:\/\/api.w.org\/{rel}","templated":true}]}}