{"id":2361,"date":"2026-01-07T02:10:59","date_gmt":"2026-01-07T02:10:59","guid":{"rendered":"https:\/\/lyfilter.com\/?post_type=product&#038;p=2361"},"modified":"2026-01-07T02:10:59","modified_gmt":"2026-01-07T02:10:59","slug":"single-cartridge-stainless-steel-filter-housing","status":"publish","type":"product","link":"https:\/\/lyfilter.com\/it\/single-cartridge-stainless-steel-filter-housing\/","title":{"rendered":"Alloggiamento del filtro in acciaio inox a cartuccia singola"},"content":{"rendered":"<div class=\"unit-detail-html-tabs__content-attr\">\n<div class=\"unit-product-attrparam\">\n<div class=\"unit-product-attrparam__items row\">\n<div class=\"col-12 col-md-6\">\n<div class=\"unit-product-attrparam__item\">\n<div class=\"unit-product-attrparam__label\">\n<table>\n<thead>\n<tr>\n<th>capacit\u00e0 di fornitura<\/th>\n<th>1000000 pc\/mese<\/th>\n<\/tr>\n<\/thead>\n<tbody>\n<tr>\n<td>materiale<\/td>\n<td>acciaio inox<\/td>\n<\/tr>\n<tr>\n<td>disponibilit\u00e0<\/td>\n<td>oem<\/td>\n<\/tr>\n<\/tbody>\n<\/table>\n<\/div>\n<\/div>\n<\/div>\n<\/div>\n<\/div>\n<\/div>\n<div class=\"unit-detail-html-tabs__content-featuresAttr\"><\/div>\n<div class=\"unit-detail-html-tabs__content-html\">\n<p><strong>Alloggiamento del filtro in acciaio inox a cartuccia singola<\/strong><\/p>\n<p>Il filtro a nucleo singolo si divide in due tipi: filtrazione di liquidi e gas, e le dimensioni possono essere suddivise in 5\u2033, 10\u2033, 20\u2033, 30\u2033 e 40\u2033, ecc. La pressione di esercizio \u00e8 generalmente di 0,1Mpa-0,4Mpa. A causa delle diverse dimensioni dei pori degli elementi filtranti, anche le portate sono diverse. Ad esempio, lo standard per la filtrazione di acque caotiche da 0,2um-0,4um \u00e8 di 300-500 kg\/h. Per esempio, per filtrare 5t\/h di acqua sterile, si pu\u00f2 scegliere un filtro a 7 elementi da 0,2 um e 30 pollici. Se nel filtro sono presenti molte impurit\u00e0 e c'\u00e8 viscosit\u00e0, \u00e8 necessario aggiungere un dispositivo di prefiltrazione. La filtrazione dei gas \u00e8 leggermente diversa dalla filtrazione dei liquidi e il volume di filtrazione \u00e8 calcolato come gas cubo al minuto. Elemento filtrante da 10 pollici, diametro dei pori \u03c60,22 um, pressione di 0,12 Mpa, differenza di pressione di 0,01 Mpa, portata di 4-6m3\/min, ampiamente utilizzato nell'industria della fermentazione.<\/p>\n<p><img decoding=\"async\" src=\"https:\/\/img.yfisher.com\/m6076\/17257326863q0\/jpg70-t3-scale100.webp\" alt=\"Alloggiamento del filtro in acciaio inox a cartuccia singola 6\" data-lazy=\"2\" title=\"\"><\/p>\n<p><img decoding=\"async\" src=\"https:\/\/img.yfisher.com\/m6076\/17257326860zb\/jpg70-t3-scale100.webp\" alt=\"Alloggiamento del filtro in acciaio inox a cartuccia singola 7\" data-lazy=\"2\" title=\"\"><\/p>\n<p><img decoding=\"async\" src=\"https:\/\/img.yfisher.com\/m6076\/1725732686ltg\/jpg70-t3-scale100.webp\" alt=\"Alloggiamento del filtro in acciaio inox a cartuccia singola 8\" data-lazy=\"2\" title=\"\"><\/p>\n<p><img decoding=\"async\" src=\"https:\/\/img.yfisher.com\/m6076\/17257326861ct\/jpg70-t3-scale100.webp\" alt=\"Alloggiamento del filtro in acciaio inox a cartuccia singola 9\" data-lazy=\"2\" title=\"\"><\/p>\n<p><img decoding=\"async\" src=\"https:\/\/img.yfisher.com\/m6076\/1725732686zhj\/jpg70-t3-scale100.webp\" alt=\"Alloggiamento del filtro in acciaio inox a cartuccia singola 10\" data-lazy=\"2\" title=\"\"><\/p>\n<p><img decoding=\"async\" src=\"https:\/\/img.yfisher.com\/m6076\/1725732686sy0\/jpg70-t3-scale100.webp\" alt=\"Alloggiamento del filtro in acciaio inox a cartuccia singola 11\" data-lazy=\"2\" title=\"\"><\/p>\n<p><img decoding=\"async\" src=\"https:\/\/img.yfisher.com\/m6076\/1725732686w6l\/jpg70-t3-scale100.webp\" alt=\"Alloggiamento del filtro in acciaio inox a cartuccia singola 12\" data-lazy=\"2\" title=\"\"><\/p>\n<\/div>","protected":false},"excerpt":{"rendered":"<table>\n<thead>\n<tr>\n<th>articolo<\/th>\n<th>dettagli<\/th>\n<\/tr>\n<\/thead>\n<tbody>\n<tr>\n<td>porta di avvio<\/td>\n<td>Guangzhou<\/td>\n<\/tr>\n<tr>\n<td>capacit\u00e0 produttiva<\/td>\n<td>10000 unit\u00e0\/mese<\/td>\n<\/tr>\n<tr>\n<td>luogo di origine<\/td>\n<td>Guangdong, Cina<\/td>\n<\/tr>\n<tr>\n<td>pagamento<\/td>\n<td>T\/T, garanzia di commercio di Alibaba, paypal<\/td>\n<\/tr>\n<tr>\n<td>moq<\/td>\n<td>1 pezzo<\/td>\n<\/tr>\n<tr>\n<td>tempi di consegna<\/td>\n<td>Entro 7 giorni lavorativi<\/td>\n<\/tr>\n<tr>\n<td>certificazione<\/td>\n<td>ISO 9001<\/td>\n<\/tr>\n<tr>\n<td>marchio<\/td>\n<td>OEM\/Lvyuan<\/td>\n<\/tr>\n<\/tbody>\n<\/table>","protected":false},"featured_media":2370,"comment_status":"open","ping_status":"closed","template":"","meta":{"_gspb_post_css":""},"product_brand":[],"product_cat":[15],"product_tag":[263,964,260,280,955,965],"class_list":{"0":"post-2361","1":"product","2":"type-product","3":"status-publish","4":"has-post-thumbnail","6":"product_cat-stainless-steel-filter-housing","7":"product_tag-fast-delivery","8":"product_tag-guangdong-manufacturer","9":"product_tag-iso-9001","10":"product_tag-low-moq","11":"product_tag-oem-packaging","12":"product_tag-paper-tubes","14":"first","15":"instock","16":"shipping-taxable","17":"product-type-simple"},"_links":{"self":[{"href":"https:\/\/lyfilter.com\/it\/wp-json\/wp\/v2\/product\/2361","targetHints":{"allow":["GET"]}}],"collection":[{"href":"https:\/\/lyfilter.com\/it\/wp-json\/wp\/v2\/product"}],"about":[{"href":"https:\/\/lyfilter.com\/it\/wp-json\/wp\/v2\/types\/product"}],"replies":[{"embeddable":true,"href":"https:\/\/lyfilter.com\/it\/wp-json\/wp\/v2\/comments?post=2361"}],"wp:featuredmedia":[{"embeddable":true,"href":"https:\/\/lyfilter.com\/it\/wp-json\/wp\/v2\/media\/2370"}],"wp:attachment":[{"href":"https:\/\/lyfilter.com\/it\/wp-json\/wp\/v2\/media?parent=2361"}],"wp:term":[{"taxonomy":"product_brand","embeddable":true,"href":"https:\/\/lyfilter.com\/it\/wp-json\/wp\/v2\/product_brand?post=2361"},{"taxonomy":"product_cat","embeddable":true,"href":"https:\/\/lyfilter.com\/it\/wp-json\/wp\/v2\/product_cat?post=2361"},{"taxonomy":"product_tag","embeddable":true,"href":"https:\/\/lyfilter.com\/it\/wp-json\/wp\/v2\/product_tag?post=2361"}],"curies":[{"name":"wp","href":"https:\/\/api.w.org\/{rel}","templated":true}]}}