{"id":2348,"date":"2026-01-07T02:05:42","date_gmt":"2026-01-07T02:05:42","guid":{"rendered":"https:\/\/lyfilter.com\/?post_type=product&#038;p=2348"},"modified":"2026-01-07T02:07:55","modified_gmt":"2026-01-07T02:07:55","slug":"stainless-steel-sus304-316l-basket-stainer","status":"publish","type":"product","link":"https:\/\/lyfilter.com\/it\/stainless-steel-sus304-316l-basket-stainer\/","title":{"rendered":"Cestello Stainer in acciaio inox SUS304 316L"},"content":{"rendered":"<div class=\"unit-detail-html-tabs__content-attr\">\n<div class=\"unit-product-attrparam\">\n<div class=\"unit-product-attrparam__items row\">\n<div class=\"col-12 col-md-6\">\n<div class=\"unit-product-attrparam__item\">\n<div class=\"unit-product-attrparam__label\">\n<table>\n<thead>\n<tr>\n<th>capacit\u00e0 di fornitura<\/th>\n<th>1000000 pc\/mese<\/th>\n<\/tr>\n<\/thead>\n<tbody>\n<tr>\n<td>materiale<\/td>\n<td>acciaio inox<\/td>\n<\/tr>\n<tr>\n<td>disponibilit\u00e0<\/td>\n<td>oem<\/td>\n<\/tr>\n<\/tbody>\n<\/table>\n<\/div>\n<\/div>\n<\/div>\n<\/div>\n<\/div>\n<\/div>\n<div class=\"unit-detail-html-tabs__content-featuresAttr\"><\/div>\n<div class=\"unit-detail-html-tabs__content-html\">\n<p><strong>Cestello Stainer in acciaio inox SUS304 316L\u00a0<\/strong><\/p>\n<p>Il filtro a cestello viene utilizzato nelle condutture dell'olio o di altri liquidi per filtrare i detriti presenti nella conduttura. L'area del foro del filtro \u00e8 2-3 volte pi\u00f9 grande dell'area del tubo orifizio, superando di gran lunga l'area di filtraggio dei filtri di tipo Y e T. . La precisione del filtro appartiene al filtro con la migliore precisione tra i filtri. La struttura del filtro \u00e8 diversa da quella degli altri filtri. Poich\u00e9 la forma \u00e8 simile a quella di un cesto, viene chiamato filtro a cesto.<\/p>\n<p><img decoding=\"async\" src=\"https:\/\/img.yfisher.com\/m6076\/1725732668r28\/jpg70-t3-scale100.webp\" alt=\"Acciaio inox SUS304 316L Cestello Stainer 7\" data-lazy=\"2\" title=\"\"><\/p>\n<p><img decoding=\"async\" src=\"https:\/\/img.yfisher.com\/m6076\/17257326684vf\/jpg70-t3-scale100.webp\" alt=\"Acciaio inox SUS304 316L Cestello Stainer 8\" data-lazy=\"2\" title=\"\"><\/p>\n<p><img decoding=\"async\" src=\"https:\/\/img.yfisher.com\/m6076\/1725732668q29\/jpg70-t3-scale100.webp\" alt=\"Acciaio inox SUS304 316L Cestello Stainer 9\" data-lazy=\"2\" title=\"\"><\/p>\n<p><img decoding=\"async\" src=\"https:\/\/img.yfisher.com\/m6076\/1725732668f4v\/jpg70-t3-scale100.webp\" alt=\"Acciaio inox SUS304 316L Cestello Stainer 10\" data-lazy=\"2\" title=\"\"><\/p>\n<p><img decoding=\"async\" src=\"https:\/\/img.yfisher.com\/m6076\/172573266819z\/jpg70-t3-scale100.webp\" alt=\"Acciaio inox SUS304 316L Cestello Stainer 11\" data-lazy=\"2\" title=\"\"><\/p>\n<p><img decoding=\"async\" src=\"https:\/\/img.yfisher.com\/m6076\/1725732668cxf\/jpg70-t3-scale100.webp\" alt=\"Acciaio inox SUS304 316L Cestello Stainer 12\" data-lazy=\"2\" title=\"\"><\/p>\n<p><img decoding=\"async\" src=\"https:\/\/img.yfisher.com\/m6076\/172573266846j\/jpg70-t3-scale100.webp\" alt=\"Acciaio inox SUS304 316L Cestello Stainer 13\" data-lazy=\"2\" title=\"\"><\/p>\n<p><img decoding=\"async\" src=\"https:\/\/img.yfisher.com\/m6076\/1725732668t3h\/jpg70-t3-scale100.webp\" alt=\"Acciaio inox SUS304 316L Cestello Stainer 14\" data-lazy=\"2\" title=\"\"><\/p>\n<\/div>","protected":false},"excerpt":{"rendered":"<table>\n<thead>\n<tr>\n<th>porta di avvio<\/th>\n<th>Guangzhou<\/th>\n<\/tr>\n<\/thead>\n<tbody>\n<tr>\n<td>capacit\u00e0 produttiva<\/td>\n<td>10000 unit\u00e0\/mese<\/td>\n<\/tr>\n<tr>\n<td>luogo di origine<\/td>\n<td>Guangdong, Cina<\/td>\n<\/tr>\n<tr>\n<td>pagamento<\/td>\n<td>T\/T, garanzia di commercio di Alibaba, paypal<\/td>\n<\/tr>\n<tr>\n<td>moq<\/td>\n<td>1 pezzo<\/td>\n<\/tr>\n<tr>\n<td>tempi di consegna<\/td>\n<td>Entro 7 giorni lavorativi<\/td>\n<\/tr>\n<tr>\n<td>certificazione<\/td>\n<td>ISO 9001<\/td>\n<\/tr>\n<tr>\n<td>marchio<\/td>\n<td>OEM\/Lvyuan<\/td>\n<\/tr>\n<\/tbody>\n<\/table>","protected":false},"featured_media":2355,"comment_status":"open","ping_status":"closed","template":"","meta":{"_gspb_post_css":""},"product_brand":[],"product_cat":[15],"product_tag":[263,964,289,260,280,282],"class_list":{"0":"post-2348","1":"product","2":"type-product","3":"status-publish","4":"has-post-thumbnail","6":"product_cat-stainless-steel-filter-housing","7":"product_tag-fast-delivery","8":"product_tag-guangdong-manufacturer","9":"product_tag-guangzhou-shipping","10":"product_tag-iso-9001","11":"product_tag-low-moq","12":"product_tag-oem-lvyuan","14":"first","15":"instock","16":"shipping-taxable","17":"product-type-simple"},"_links":{"self":[{"href":"https:\/\/lyfilter.com\/it\/wp-json\/wp\/v2\/product\/2348","targetHints":{"allow":["GET"]}}],"collection":[{"href":"https:\/\/lyfilter.com\/it\/wp-json\/wp\/v2\/product"}],"about":[{"href":"https:\/\/lyfilter.com\/it\/wp-json\/wp\/v2\/types\/product"}],"replies":[{"embeddable":true,"href":"https:\/\/lyfilter.com\/it\/wp-json\/wp\/v2\/comments?post=2348"}],"wp:featuredmedia":[{"embeddable":true,"href":"https:\/\/lyfilter.com\/it\/wp-json\/wp\/v2\/media\/2355"}],"wp:attachment":[{"href":"https:\/\/lyfilter.com\/it\/wp-json\/wp\/v2\/media?parent=2348"}],"wp:term":[{"taxonomy":"product_brand","embeddable":true,"href":"https:\/\/lyfilter.com\/it\/wp-json\/wp\/v2\/product_brand?post=2348"},{"taxonomy":"product_cat","embeddable":true,"href":"https:\/\/lyfilter.com\/it\/wp-json\/wp\/v2\/product_cat?post=2348"},{"taxonomy":"product_tag","embeddable":true,"href":"https:\/\/lyfilter.com\/it\/wp-json\/wp\/v2\/product_tag?post=2348"}],"curies":[{"name":"wp","href":"https:\/\/api.w.org\/{rel}","templated":true}]}}