{"id":2317,"date":"2026-01-07T01:59:12","date_gmt":"2026-01-07T01:59:12","guid":{"rendered":"https:\/\/lyfilter.com\/?post_type=product&#038;p=2317"},"modified":"2026-01-07T01:59:12","modified_gmt":"2026-01-07T01:59:12","slug":"stainless-steel-deplux-filter-housing","status":"publish","type":"product","link":"https:\/\/lyfilter.com\/it\/stainless-steel-deplux-filter-housing\/","title":{"rendered":"Alloggiamento del filtro Deplux in acciaio inox"},"content":{"rendered":"<p><strong>Alloggiamento del filtro Deplux in acciaio inox\u00a0<\/strong><\/p>\n<p>L'alloggiamento del filtro Deplux adotta una valvola di inversione a sei vie a due posizioni, che assembla due filtri monocilindrici su una base della macchina e non deve fermarsi durante la pulizia del filtro, in modo da garantire il funzionamento continuo. Il filtro dell'olio a rete si divide in serie SPL a doppio cilindro e serie DPL a singolo cilindro. Il prodotto \u00e8 affidabile nel funzionamento, facile da mantenere e non richiede altre fonti di energia. L'elemento filtrante \u00e8 costituito da una rete metallica ad alta resistenza e capacit\u00e0 di passaggio dell'olio. La serie a doppio cilindro \u00e8 di grandi dimensioni, per garantire l'accuratezza della filtrazione, la facilit\u00e0 di pulizia e altre caratteristiche che consentono di ottenere una conversione e una pulizia non-stop durante il funzionamento dell'host.<\/p>","protected":false},"excerpt":{"rendered":"<table>\n<thead>\n<tr>\n<th>porta di avvio<\/th>\n<th>Guangzhou<\/th>\n<\/tr>\n<\/thead>\n<tbody>\n<tr>\n<td>capacit\u00e0 produttiva<\/td>\n<td>10000 unit\u00e0\/mese<\/td>\n<\/tr>\n<tr>\n<td>luogo di origine<\/td>\n<td>Guangdong, Cina<\/td>\n<\/tr>\n<tr>\n<td>pagamento<\/td>\n<td>T\/T, garanzia di commercio di Alibaba, paypal<\/td>\n<\/tr>\n<tr>\n<td>moq<\/td>\n<td>1 pezzo<\/td>\n<\/tr>\n<tr>\n<td>tempi di consegna<\/td>\n<td>Entro 7 giorni lavorativi<\/td>\n<\/tr>\n<tr>\n<td>certificazione<\/td>\n<td>CE, ISO 9001<\/td>\n<\/tr>\n<tr>\n<td>marchio<\/td>\n<td>OEM\/Lvyuan<\/td>\n<\/tr>\n<\/tbody>\n<\/table>","protected":false},"featured_media":2339,"comment_status":"open","ping_status":"closed","template":"","meta":{"_gspb_post_css":""},"product_brand":[],"product_cat":[15],"product_tag":[963,263,289,260,280,282],"class_list":{"0":"post-2317","1":"product","2":"type-product","3":"status-publish","4":"has-post-thumbnail","6":"product_cat-stainless-steel-filter-housing","7":"product_tag-ce-certified","8":"product_tag-fast-delivery","9":"product_tag-guangzhou-shipping","10":"product_tag-iso-9001","11":"product_tag-low-moq","12":"product_tag-oem-lvyuan","14":"first","15":"instock","16":"shipping-taxable","17":"product-type-simple"},"_links":{"self":[{"href":"https:\/\/lyfilter.com\/it\/wp-json\/wp\/v2\/product\/2317","targetHints":{"allow":["GET"]}}],"collection":[{"href":"https:\/\/lyfilter.com\/it\/wp-json\/wp\/v2\/product"}],"about":[{"href":"https:\/\/lyfilter.com\/it\/wp-json\/wp\/v2\/types\/product"}],"replies":[{"embeddable":true,"href":"https:\/\/lyfilter.com\/it\/wp-json\/wp\/v2\/comments?post=2317"}],"wp:featuredmedia":[{"embeddable":true,"href":"https:\/\/lyfilter.com\/it\/wp-json\/wp\/v2\/media\/2339"}],"wp:attachment":[{"href":"https:\/\/lyfilter.com\/it\/wp-json\/wp\/v2\/media?parent=2317"}],"wp:term":[{"taxonomy":"product_brand","embeddable":true,"href":"https:\/\/lyfilter.com\/it\/wp-json\/wp\/v2\/product_brand?post=2317"},{"taxonomy":"product_cat","embeddable":true,"href":"https:\/\/lyfilter.com\/it\/wp-json\/wp\/v2\/product_cat?post=2317"},{"taxonomy":"product_tag","embeddable":true,"href":"https:\/\/lyfilter.com\/it\/wp-json\/wp\/v2\/product_tag?post=2317"}],"curies":[{"name":"wp","href":"https:\/\/api.w.org\/{rel}","templated":true}]}}