{"id":2291,"date":"2026-01-07T01:44:12","date_gmt":"2026-01-07T01:44:12","guid":{"rendered":"https:\/\/lyfilter.com\/?post_type=product&#038;p=2291"},"modified":"2026-01-07T01:44:13","modified_gmt":"2026-01-07T01:44:13","slug":"filter-element-stainless-steel-filter-tube","status":"publish","type":"product","link":"https:\/\/lyfilter.com\/it\/filter-element-stainless-steel-filter-tube\/","title":{"rendered":"Elemento filtrante Tubo filtrante in acciaio inox"},"content":{"rendered":"<div class=\"unit-detail-html-tabs__content-attr\">\n<div class=\"unit-product-attrparam\">\n<div class=\"unit-product-attrparam__items row\">\n<div class=\"col-12 col-md-6\">\n<div class=\"unit-product-attrparam__item\">\n<div class=\"unit-product-attrparam__label\">\n<table>\n<thead>\n<tr>\n<th>materiale<\/th>\n<th>acciaio inox<\/th>\n<\/tr>\n<\/thead>\n<tbody>\n<tr>\n<td>disponibilit\u00e0<\/td>\n<td>oem<\/td>\n<\/tr>\n<\/tbody>\n<\/table>\n<\/div>\n<\/div>\n<\/div>\n<\/div>\n<\/div>\n<\/div>\n<div class=\"unit-detail-html-tabs__content-featuresAttr\"><\/div>\n<div class=\"unit-detail-html-tabs__content-html\">\n<p><strong>Elemento filtrante Tubo filtrante in acciaio inox<\/strong><\/p>\n<p>Il tubo filtrante in acciaio inox \u00e8 composto da una rete sinterizzata standard a cinque strati, laminata e sinterizzata sotto vuoto. Questo tipo di cartuccia filtrante presenta i seguenti vantaggi: elevata resistenza, alta corrosivit\u00e0, eccellente permeabilit\u00e0, facilit\u00e0 di lavaggio e controlavaggio, efficienza di filtrazione accurata, ecc.<\/p>\n<p>La rete sinterizzata Standrad \u00e8 composta da cinque strati: lo strato protettivo, lo strato filtrante, lo strato di dispersione e due maglie di rinforzo. Grazie alla sua struttura di filtrazione superficiale e al filo liscio della rete, \u00e8 ottima per il controlavaggio e la rigenerazione. Inoltre, questa maglia \u00e8 facile da formare, lavorare e saldare. Pu\u00f2 essere prodotta in molti tipi di forme, come quella circolare, a cartuccia, a cono e a pieghe.<\/p>\n<p>Descrizione del prodotto<\/p>\n<p>portata nominale del filtro (um): 2,5,10,20,40<\/p>\n<p>strato di controllo (maglia): 325*2400 200*1400 165*1400 165*800 50*250<\/p>\n<p>permeabilit\u00e0 (%):38<\/p>\n<p>pressione del punto di bolla: 280-640 (2um) 250-600 (5um) 220-550 (10um) 180-450 (20um) 150-400 (40um)<\/p>\n<p>spessore (mm): 1,7<\/p>\n<p>peso (kg): 8,4<\/p>\n<p>Tipo di connessione principale<\/p>\n<p>*Interfaccia standard, come 222, 220, 226<\/p>\n<p>*Interfaccia veloce<\/p>\n<p>*Collegamento a flangia<\/p>\n<p>*Collegamento con tiranti<\/p>\n<p>*Connessione filtrata<\/p>\n<p>*Collegamento personalizzato<\/p>\n<\/div>","protected":false},"excerpt":{"rendered":"<table>\n<thead>\n<tr>\n<th>porta di avvio<\/th>\n<th>Guangzhou<\/th>\n<\/tr>\n<\/thead>\n<tbody>\n<tr>\n<td>capacit\u00e0 produttiva<\/td>\n<td>10000 unit\u00e0\/mese<\/td>\n<\/tr>\n<tr>\n<td>luogo di origine<\/td>\n<td>Guangdong, Cina<\/td>\n<\/tr>\n<tr>\n<td>pagamento<\/td>\n<td>T\/T, garanzia di commercio di Alibaba, paypal<\/td>\n<\/tr>\n<tr>\n<td>moq<\/td>\n<td>1 pezzo<\/td>\n<\/tr>\n<tr>\n<td>modello<\/td>\n<td>LY-FB<\/td>\n<\/tr>\n<tr>\n<td>tempi di consegna<\/td>\n<td>Entro 7 giorni lavorativi<\/td>\n<\/tr>\n<tr>\n<td>certificazione<\/td>\n<td>ISO 9001<\/td>\n<\/tr>\n<tr>\n<td>marchio<\/td>\n<td>OEM\/Lvyuan<\/td>\n<\/tr>\n<\/tbody>\n<\/table>","protected":false},"featured_media":2304,"comment_status":"open","ping_status":"closed","template":"","meta":{"_gspb_post_css":""},"product_brand":[],"product_cat":[17,22],"product_tag":[954,289,260,280,282,953],"class_list":{"0":"post-2291","1":"product","2":"type-product","3":"status-publish","4":"has-post-thumbnail","6":"product_cat-sediment-filter","7":"product_cat-sintered-filter-cartridge","8":"product_tag-custom-paper-tubes","9":"product_tag-guangzhou-shipping","10":"product_tag-iso-9001","11":"product_tag-low-moq","12":"product_tag-oem-lvyuan","13":"product_tag-paper-tube-packaging","15":"first","16":"instock","17":"shipping-taxable","18":"product-type-simple"},"_links":{"self":[{"href":"https:\/\/lyfilter.com\/it\/wp-json\/wp\/v2\/product\/2291","targetHints":{"allow":["GET"]}}],"collection":[{"href":"https:\/\/lyfilter.com\/it\/wp-json\/wp\/v2\/product"}],"about":[{"href":"https:\/\/lyfilter.com\/it\/wp-json\/wp\/v2\/types\/product"}],"replies":[{"embeddable":true,"href":"https:\/\/lyfilter.com\/it\/wp-json\/wp\/v2\/comments?post=2291"}],"wp:featuredmedia":[{"embeddable":true,"href":"https:\/\/lyfilter.com\/it\/wp-json\/wp\/v2\/media\/2304"}],"wp:attachment":[{"href":"https:\/\/lyfilter.com\/it\/wp-json\/wp\/v2\/media?parent=2291"}],"wp:term":[{"taxonomy":"product_brand","embeddable":true,"href":"https:\/\/lyfilter.com\/it\/wp-json\/wp\/v2\/product_brand?post=2291"},{"taxonomy":"product_cat","embeddable":true,"href":"https:\/\/lyfilter.com\/it\/wp-json\/wp\/v2\/product_cat?post=2291"},{"taxonomy":"product_tag","embeddable":true,"href":"https:\/\/lyfilter.com\/it\/wp-json\/wp\/v2\/product_tag?post=2291"}],"curies":[{"name":"wp","href":"https:\/\/api.w.org\/{rel}","templated":true}]}}