{"id":2277,"date":"2026-01-07T01:33:21","date_gmt":"2026-01-07T01:33:21","guid":{"rendered":"https:\/\/lyfilter.com\/?post_type=product&#038;p=2277"},"modified":"2026-01-07T01:33:21","modified_gmt":"2026-01-07T01:33:21","slug":"factory-oem-high-quality-white-pe-hydrophilic-filter","status":"publish","type":"product","link":"https:\/\/lyfilter.com\/it\/factory-oem-high-quality-white-pe-hydrophilic-filter\/","title":{"rendered":"Filtro idrofilo bianco del pe di alta qualit\u00e0 dell'OEM della fabbrica"},"content":{"rendered":"<p><img decoding=\"async\" src=\"https:\/\/img.yfisher.com\/m6076\/1725732626jg0\/jpg70-t3-scale100.webp\" alt=\"Filtro idrofilo bianco del pe di alta qualit\u00e0 dell&#039;OEM della fabbrica 2\" data-lazy=\"2\" title=\"\"><\/p>\n<p>Grazie al suo adesivo di alta qualit\u00e0 e costo, il polietilene ha propriet\u00e0 speciali, propriet\u00e0 di allungamento e ordito e trama dei suoi film e prodotti vari. L'adesione alla superficie del materiale PE e il miglioramento delle prestazioni dell'adesivo di lavorazione principale del materiale PE sono ottenuti principalmente dall'adesione della superficie del materiale PE e dalle molecole di ricerca e sviluppo.<\/p>\n<p>(2) Migliorare l'energia superficiale del materiale;<\/p>\n<p>(3) Migliorare la rugosit\u00e0 della superficie del prodotto;<\/p>\n<p>(4) Rimuovere lo strato superficiale debole sulla superficie del prodotto.<\/p>","protected":false},"excerpt":{"rendered":"<table>\n<thead>\n<tr>\n<th>articolo<\/th>\n<th>dettagli<\/th>\n<\/tr>\n<\/thead>\n<tbody>\n<tr>\n<td>focus sui materiali<\/td>\n<td>film di polietilene (PE) e prodotti in PE<\/td>\n<\/tr>\n<tr>\n<td>obiettivo<\/td>\n<td>migliorare l'adesione e le prestazioni complessive dell'incollaggio\/rivestimento<\/td>\n<\/tr>\n<tr>\n<td>approccio chiave<\/td>\n<td>trattamento della superficie + R&amp;S molecolare mirata per aumentare il legame superficiale<\/td>\n<\/tr>\n<tr>\n<td>miglioramento 1<\/td>\n<td>aumentare l'energia superficiale del materiale<\/td>\n<\/tr>\n<tr>\n<td>miglioramento 2<\/td>\n<td>aumentare la rugosit\u00e0 superficiale del prodotto<\/td>\n<\/tr>\n<tr>\n<td>miglioramento 3<\/td>\n<td>rimuovere lo strato superficiale debole sulla superficie del prodotto<\/td>\n<\/tr>\n<\/tbody>\n<\/table>","protected":false},"featured_media":2281,"comment_status":"open","ping_status":"closed","template":"","meta":{"_gspb_post_css":""},"product_brand":[],"product_cat":[17,22],"product_tag":[962,957,958,960,959,961],"class_list":{"0":"post-2277","1":"product","2":"type-product","3":"status-publish","4":"has-post-thumbnail","6":"product_cat-sediment-filter","7":"product_cat-sintered-filter-cartridge","8":"product_tag-pe-film-bonding","9":"product_tag-pe-surface-treatment","10":"product_tag-polyethylene-adhesion","11":"product_tag-roughness-enhancement","12":"product_tag-surface-energy-improvement","13":"product_tag-weak-layer-removal","15":"first","16":"instock","17":"shipping-taxable","18":"product-type-simple"},"_links":{"self":[{"href":"https:\/\/lyfilter.com\/it\/wp-json\/wp\/v2\/product\/2277","targetHints":{"allow":["GET"]}}],"collection":[{"href":"https:\/\/lyfilter.com\/it\/wp-json\/wp\/v2\/product"}],"about":[{"href":"https:\/\/lyfilter.com\/it\/wp-json\/wp\/v2\/types\/product"}],"replies":[{"embeddable":true,"href":"https:\/\/lyfilter.com\/it\/wp-json\/wp\/v2\/comments?post=2277"}],"wp:featuredmedia":[{"embeddable":true,"href":"https:\/\/lyfilter.com\/it\/wp-json\/wp\/v2\/media\/2281"}],"wp:attachment":[{"href":"https:\/\/lyfilter.com\/it\/wp-json\/wp\/v2\/media?parent=2277"}],"wp:term":[{"taxonomy":"product_brand","embeddable":true,"href":"https:\/\/lyfilter.com\/it\/wp-json\/wp\/v2\/product_brand?post=2277"},{"taxonomy":"product_cat","embeddable":true,"href":"https:\/\/lyfilter.com\/it\/wp-json\/wp\/v2\/product_cat?post=2277"},{"taxonomy":"product_tag","embeddable":true,"href":"https:\/\/lyfilter.com\/it\/wp-json\/wp\/v2\/product_tag?post=2277"}],"curies":[{"name":"wp","href":"https:\/\/api.w.org\/{rel}","templated":true}]}}