{"id":2259,"date":"2026-01-06T10:24:19","date_gmt":"2026-01-06T10:24:19","guid":{"rendered":"https:\/\/lyfilter.com\/?post_type=product&#038;p=2259"},"modified":"2026-01-06T10:24:19","modified_gmt":"2026-01-06T10:24:19","slug":"liquid-filtration-30mpa-mini-sintered-uhmwpe-pvdf-porous-filter-disc","status":"publish","type":"product","link":"https:\/\/lyfilter.com\/it\/liquid-filtration-30mpa-mini-sintered-uhmwpe-pvdf-porous-filter-disc\/","title":{"rendered":"Filtrazione liquida 30Mpa Mini disco filtrante sinterizzato UHMWPE PVDF poroso"},"content":{"rendered":"<div class=\"unit-detail-html-tabs__content-attr\">\n<div class=\"unit-product-attrparam\">\n<div class=\"unit-product-attrparam__items row\">\n<div class=\"col-12 col-md-6\">\n<div class=\"unit-product-attrparam__item\">\n<div class=\"unit-product-attrparam__label\">Materiale: pe<br \/>\nDisponibilit\u00e0: OEM\/ODM<\/div>\n<\/div>\n<\/div>\n<\/div>\n<\/div>\n<\/div>\n<div class=\"unit-detail-html-tabs__content-featuresAttr\"><\/div>\n<div class=\"unit-detail-html-tabs__content-html\">\n<div class=\"detail-decorate-json-renderer-container\">\n<div class=\"magic-0\">\n<h3 class=\"magic-1\" data-id=\"title0\"><strong>Dischi filtro sintetici sinterizzati mini disco filtro aria per PVDF PTFE PE sinterizzati<\/strong><\/h3>\n<\/div>\n<\/div>\n<div id=\"ali-anchor-AliMagic-vfkybt\" class=\"magic-5\" data-section=\"AliMagic-vfkybt\" data-section-title=\"Product Description\">Descrizione del prodotto<\/div>\n<div class=\"magic-5\" data-section=\"AliMagic-vfkybt\" data-section-title=\"Product Description\"><\/div>\n<div class=\"magic-5\" data-section=\"AliMagic-vfkybt\" data-section-title=\"Product Description\">Il filtro sinterizzato \u00e8 costituito principalmente da polietilene ad altissimo peso molecolare (PE e PA), politetrafluoroetilene (PTFE), polvere di acciaio inossidabile, sinterizzazione di polvere di rame e altri materiali, compatti, resistenti, leggeri, in grado di lavorare ad alta pressione, non tossici e insapori, con una buona resistenza alla corrosione di acidi, alcali e solventi.<\/div>\n<div class=\"icbu-pc-detailManyImage magic-6\" data-module-name=\"icbu-pc-detailManyImage\">\n<div class=\"magic-7\"><\/div>\n<\/div>\n<div class=\"detail-decorate-json-renderer-container\">\n<div class=\"magic-0\">\n<div class=\"magic-15\">\n<div class=\"magic-3\">\n<div class=\"magic-4\" data-id=\"paragraph0\"><img decoding=\"async\" src=\"https:\/\/img.yfisher.com\/m6076\/17257325984ow\/jpg70-t3-scale100.webp\" alt=\"Filtrazione liquida 30Mpa Mini disco filtrante poroso sinterizzato UHMWPE PVDF 2\" data-lazy=\"2\" title=\"\"><\/div>\n<\/div>\n<\/div>\n<\/div>\n<\/div>\n<div class=\"magic-5\" data-section=\"AliMagic-12llv1\" data-section-title=\"Product Feature\"><\/div>\n<div class=\"table-responsive\">\n<table border=\"1\" width=\"475\" cellspacing=\"0\" cellpadding=\"0\">\n<colgroup>\n<col \/>\n<col \/><\/colgroup>\n<tbody>\n<tr class=\"firstRow\">\n<td height=\"41\">\n<div data-spm-anchor-id=\"a2700.details.pronpeci14.i2.fb5d3b02h2q9RT\">Nome del prodotto<\/div>\n<\/td>\n<td>\n<div>filtro a disco medico dell'umidificatore del pe sinterizzato di plastica da 2 micron<\/div>\n<\/td>\n<\/tr>\n<tr>\n<td height=\"39\">\n<div data-spm-anchor-id=\"a2700.details.pronpeci14.i1.fb5d3b02h2q9RT\">Materiale<\/div>\n<\/td>\n<td>\n<div>Polietilene ad altissimo peso molecolare (UHMWPE)<\/div>\n<\/td>\n<\/tr>\n<tr>\n<td height=\"21\">\n<div>Colore<\/div>\n<\/td>\n<td>\n<div>bianco<\/div>\n<\/td>\n<\/tr>\n<tr>\n<td height=\"21\">\n<div>Standard<\/div>\n<\/td>\n<td>\n<div>ISO SGS<\/div>\n<\/td>\n<\/tr>\n<tr>\n<td height=\"58\">\n<div>Usato<\/div>\n<\/td>\n<td>\n<div>acqua pura, acqua viva, bevanda, medicina, liquido galvanico, emulsione, liquido di lavaggio, soluzione acida o alcalina<\/div>\n<\/td>\n<\/tr>\n<\/tbody>\n<\/table>\n<\/div>\n<p>&nbsp;<\/p>\n<div class=\"magic-5\" data-section=\"AliMagic-jjk5wz\" data-section-title=\"Application\"><\/div>\n<div class=\"magic-5\" data-section=\"AliMagic-jjk5wz\" data-section-title=\"Application\"><strong>Il nostro servizio<\/strong><\/div>\n<div class=\"magic-5\" data-section=\"AliMagic-jjk5wz\" data-section-title=\"Application\"><\/div>\n<div class=\"magic-5\" data-section=\"AliMagic-jjk5wz\" data-section-title=\"Application\">\n<ul>\n<li>In linea con \u201cci\u00f2 che i clienti hanno bisogno \u00e8 ci\u00f2 che dovremmo fare\u201d, aderiamo sempre alle nostre politiche di qualit\u00e0:<\/li>\n<li>Conquistare il mercato con una qualit\u00e0 superiore,<\/li>\n<li>Raggiungere un'elevata efficienza e benefici grazie a una gestione eccellente,<\/li>\n<li>Essere sinceri e onesti rispettando leggi e regolamenti,<\/li>\n<li>Promuovere lo sviluppo attraverso un miglioramento continuo.<\/li>\n<li>Inoltre, in conformit\u00e0 con il nostro motto di gestione \u201ccreativit\u00e0, servizio e approccio win-win\", faremo del nostro meglio per fornire ai nostri clienti prodotti e servizi di qualit\u00e0 superiore.<\/li>\n<\/ul>\n<\/div>\n<\/div>","protected":false},"excerpt":{"rendered":"<table>\n<thead>\n<tr>\n<th>articolo<\/th>\n<th>dettagli<\/th>\n<\/tr>\n<\/thead>\n<tbody>\n<tr>\n<td>porta di avvio<\/td>\n<td>guangzhou<\/td>\n<\/tr>\n<tr>\n<td>capacit\u00e0 produttiva<\/td>\n<td>10000 unit\u00e0\/mese<\/td>\n<\/tr>\n<tr>\n<td>luogo di origine<\/td>\n<td>guangdong, cina<\/td>\n<\/tr>\n<tr>\n<td>pagamento<\/td>\n<td>t\/t, assicurazione del commercio di alibaba<\/td>\n<\/tr>\n<tr>\n<td>modello<\/td>\n<td>ly-hfpl<\/td>\n<\/tr>\n<tr>\n<td>tempi di consegna<\/td>\n<td>entro 7 giorni lavorativi<\/td>\n<\/tr>\n<tr>\n<td>certificazione<\/td>\n<td>iso 9001<\/td>\n<\/tr>\n<tr>\n<td>marchio<\/td>\n<td>oem\/lvyuan<\/td>\n<\/tr>\n<\/tbody>\n<\/table>","protected":false},"featured_media":2240,"comment_status":"open","ping_status":"closed","template":"","meta":{"_gspb_post_css":""},"product_brand":[],"product_cat":[17,22],"product_tag":[279,261,262,260,268,282],"class_list":{"0":"post-2259","1":"product","2":"type-product","3":"status-publish","4":"has-post-thumbnail","6":"product_cat-sediment-filter","7":"product_cat-sintered-filter-cartridge","8":"product_tag-alibaba-trade-assurance","9":"product_tag-guangdong-china","10":"product_tag-guangzhou-port","11":"product_tag-iso-9001","12":"product_tag-ly-hfpl","13":"product_tag-oem-lvyuan","15":"first","16":"instock","17":"shipping-taxable","18":"product-type-simple"},"_links":{"self":[{"href":"https:\/\/lyfilter.com\/it\/wp-json\/wp\/v2\/product\/2259","targetHints":{"allow":["GET"]}}],"collection":[{"href":"https:\/\/lyfilter.com\/it\/wp-json\/wp\/v2\/product"}],"about":[{"href":"https:\/\/lyfilter.com\/it\/wp-json\/wp\/v2\/types\/product"}],"replies":[{"embeddable":true,"href":"https:\/\/lyfilter.com\/it\/wp-json\/wp\/v2\/comments?post=2259"}],"wp:featuredmedia":[{"embeddable":true,"href":"https:\/\/lyfilter.com\/it\/wp-json\/wp\/v2\/media\/2240"}],"wp:attachment":[{"href":"https:\/\/lyfilter.com\/it\/wp-json\/wp\/v2\/media?parent=2259"}],"wp:term":[{"taxonomy":"product_brand","embeddable":true,"href":"https:\/\/lyfilter.com\/it\/wp-json\/wp\/v2\/product_brand?post=2259"},{"taxonomy":"product_cat","embeddable":true,"href":"https:\/\/lyfilter.com\/it\/wp-json\/wp\/v2\/product_cat?post=2259"},{"taxonomy":"product_tag","embeddable":true,"href":"https:\/\/lyfilter.com\/it\/wp-json\/wp\/v2\/product_tag?post=2259"}],"curies":[{"name":"wp","href":"https:\/\/api.w.org\/{rel}","templated":true}]}}