{"id":2234,"date":"2026-01-06T10:09:40","date_gmt":"2026-01-06T10:09:40","guid":{"rendered":"https:\/\/lyfilter.com\/?post_type=product&#038;p=2234"},"modified":"2026-01-06T10:09:40","modified_gmt":"2026-01-06T10:09:40","slug":"sintered-porous-polyethylene-pe-hdpe-resin-filter","status":"publish","type":"product","link":"https:\/\/lyfilter.com\/it\/sintered-porous-polyethylene-pe-hdpe-resin-filter\/","title":{"rendered":"Filtro sinterizzato in resina di polietilene PE Hdpe poroso"},"content":{"rendered":"<div class=\"unit-detail-html-tabs__content-attr\">\n<div class=\"unit-product-attrparam\">\n<div class=\"unit-product-attrparam__items row\">\n<div class=\"col-12 col-md-6\">\n<div class=\"unit-product-attrparam__item\">\n<div class=\"unit-product-attrparam__label\">Disponibilit\u00e0: OEM<\/div>\n<\/div>\n<\/div>\n<\/div>\n<\/div>\n<\/div>\n<div class=\"unit-detail-html-tabs__content-featuresAttr\"><\/div>\n<div class=\"unit-detail-html-tabs__content-html\">\n<p><strong>Filtro sinterizzato delle resine del PE Hdpe del polietilene poroso<\/strong><\/p>\n<p>&nbsp;<\/p>\n<p>Vantaggi dei prodotti microporosi in PP\/PE<br \/>\nNon tossico<br \/>\nMacchie soddisfacenti<br \/>\nAlta precisione di filtrazione 5-60um<br \/>\nEccezionale resistenza alla corrosione<br \/>\nLunga durata e facilit\u00e0 di sostituzione<\/p>\n<p><img decoding=\"async\" src=\"https:\/\/img.yfisher.com\/m6076\/1725732576zgq\/jpg70-t3-scale100.webp\" alt=\"Filtro sinterizzato poroso in resina di polietilene PE Hdpe 2\" data-lazy=\"2\" title=\"\"><\/p>\n<div class=\"table-responsive\">\n<table border=\"1\" width=\"400\" cellspacing=\"0\" cellpadding=\"0\">\n<colgroup>\n<col \/>\n<col \/><\/colgroup>\n<tbody>\n<tr class=\"firstRow\">\n<td height=\"19\">materiale<\/td>\n<td>PP PE in polvere<\/td>\n<\/tr>\n<tr>\n<td height=\"19\">dimensione dei pori<\/td>\n<td>5-60micron<\/td>\n<\/tr>\n<tr>\n<td height=\"19\">forma<\/td>\n<td>disco, tubo, barra o personalizzato<\/td>\n<\/tr>\n<tr>\n<td height=\"19\">MOQ<\/td>\n<td data-spm-anchor-id=\"a2700.details.0.i28.10c16e41LF1TJI\">1 pezzo<\/td>\n<\/tr>\n<\/tbody>\n<\/table>\n<\/div>\n<p>La nostra azienda comprende l'intero processo di ricerca, progettazione, produzione, vendita e assistenza. Disponiamo di competenze tecniche professionali e di un sistema sistematico di gestione della qualit\u00e0. Il nostro obiettivo \u00e8 fornire un sostituto di importazione di alta qualit\u00e0 e un piano di progettazione perfetto.<\/p>\n<p><strong>I nostri vantaggi:<\/strong><\/p>\n<p>Produttore professionale con molti anni di esperienza<br \/>\nBuona qualit\u00e0 con prezzo competitivo<br \/>\nOEM &amp; ODM sono benvenuti<br \/>\nProduzione secondo il vostro campione o disegno<br \/>\nSono accettabili diverse voci di pagamento<br \/>\nBuon servizio da parte di un manager esperto<br \/>\nOgni prodotto \u00e8 sottoposto a un rigoroso controllo individuale<br \/>\nConsegna puntuale<br \/>\nIl piccolo MOQ \u00e8 accettabile<br \/>\nRicca esperienza nell'esportazione in Africa, Medio Oriente, Sud-Est asiatico e Sud America.<\/p>\n<\/div>","protected":false},"excerpt":{"rendered":"<table>\n<thead>\n<tr>\n<th>articolo<\/th>\n<th>dettagli<\/th>\n<\/tr>\n<\/thead>\n<tbody>\n<tr>\n<td>porta di avvio<\/td>\n<td>guangzhou<\/td>\n<\/tr>\n<tr>\n<td>capacit\u00e0 produttiva<\/td>\n<td>10000 unit\u00e0\/mese<\/td>\n<\/tr>\n<tr>\n<td>pagamento<\/td>\n<td>t\/t, assicurazione del commercio di alibaba<\/td>\n<\/tr>\n<tr>\n<td>moq<\/td>\n<td>1 pezzo<\/td>\n<\/tr>\n<tr>\n<td>modello<\/td>\n<td>ly-hfpl<\/td>\n<\/tr>\n<tr>\n<td>tempi di consegna<\/td>\n<td>entro 7 giorni lavorativi<\/td>\n<\/tr>\n<tr>\n<td>certificazione<\/td>\n<td>iso 9001<\/td>\n<\/tr>\n<\/tbody>\n<\/table>","protected":false},"featured_media":2238,"comment_status":"open","ping_status":"closed","template":"","meta":{"_gspb_post_css":""},"product_brand":[],"product_cat":[17,22],"product_tag":[939,279,262,260,268,946],"class_list":{"0":"post-2234","1":"product","2":"type-product","3":"status-publish","4":"has-post-thumbnail","6":"product_cat-sediment-filter","7":"product_cat-sintered-filter-cartridge","8":"product_tag-1-pcs-moq","9":"product_tag-alibaba-trade-assurance","10":"product_tag-guangzhou-port","11":"product_tag-iso-9001","12":"product_tag-ly-hfpl","13":"product_tag-t-t-payment","15":"first","16":"instock","17":"shipping-taxable","18":"product-type-simple"},"_links":{"self":[{"href":"https:\/\/lyfilter.com\/it\/wp-json\/wp\/v2\/product\/2234","targetHints":{"allow":["GET"]}}],"collection":[{"href":"https:\/\/lyfilter.com\/it\/wp-json\/wp\/v2\/product"}],"about":[{"href":"https:\/\/lyfilter.com\/it\/wp-json\/wp\/v2\/types\/product"}],"replies":[{"embeddable":true,"href":"https:\/\/lyfilter.com\/it\/wp-json\/wp\/v2\/comments?post=2234"}],"wp:featuredmedia":[{"embeddable":true,"href":"https:\/\/lyfilter.com\/it\/wp-json\/wp\/v2\/media\/2238"}],"wp:attachment":[{"href":"https:\/\/lyfilter.com\/it\/wp-json\/wp\/v2\/media?parent=2234"}],"wp:term":[{"taxonomy":"product_brand","embeddable":true,"href":"https:\/\/lyfilter.com\/it\/wp-json\/wp\/v2\/product_brand?post=2234"},{"taxonomy":"product_cat","embeddable":true,"href":"https:\/\/lyfilter.com\/it\/wp-json\/wp\/v2\/product_cat?post=2234"},{"taxonomy":"product_tag","embeddable":true,"href":"https:\/\/lyfilter.com\/it\/wp-json\/wp\/v2\/product_tag?post=2234"}],"curies":[{"name":"wp","href":"https:\/\/api.w.org\/{rel}","templated":true}]}}