{"id":2222,"date":"2026-01-06T10:03:43","date_gmt":"2026-01-06T10:03:43","guid":{"rendered":"https:\/\/lyfilter.com\/?post_type=product&#038;p=2222"},"modified":"2026-01-06T10:03:43","modified_gmt":"2026-01-06T10:03:43","slug":"high-polymer-hdpe-pe-60-100um-sintered-plastic-filter-element","status":"publish","type":"product","link":"https:\/\/lyfilter.com\/it\/high-polymer-hdpe-pe-60-100um-sintered-plastic-filter-element\/","title":{"rendered":"Elemento filtrante in plastica sinterizzata ad alto polimero HDPE PE 60\u201d 100um"},"content":{"rendered":"<div class=\"unit-detail-html-tabs__content-attr\">\n<div class=\"unit-product-attrparam\">\n<div class=\"unit-product-attrparam__items row\">\n<div class=\"col-12 col-md-6\">\n<div class=\"unit-product-attrparam__item\">\n<div class=\"unit-product-attrparam__label\">Materiale: pe<br \/>\nDisponibilit\u00e0: OEM\/ODM<\/div>\n<\/div>\n<\/div>\n<\/div>\n<\/div>\n<\/div>\n<div class=\"unit-detail-html-tabs__content-featuresAttr\"><\/div>\n<div class=\"unit-detail-html-tabs__content-html\">\n<div class=\"J_module\">\n<div class=\"detail-decorate-json-renderer-container\">\n<div class=\"magic-0\">\n<h3 class=\"magic-1\" data-id=\"title0\"><strong>Elemento filtrante di plastica sinterizzato del PE di trattamento delle acque reflue dell'alto polimero HDPE<\/strong><\/h3>\n<div class=\"magic-2\">\n<div class=\"magic-3\">\n<div class=\"magic-4\" data-id=\"paragraph0\"><\/div>\n<\/div>\n<\/div>\n<\/div>\n<\/div>\n<\/div>\n<div class=\"J_module\">\n<div id=\"ali-anchor-AliMagic-782yxs\" class=\"magic-5\" data-section=\"AliMagic-782yxs\" data-section-title=\"Product Description\"><strong>Descrizione del prodotto<\/strong><\/div>\n<\/div>\n<div class=\"J_module\">\n<div class=\"icbu-pc-detailManyImage magic-6\" data-module-name=\"icbu-pc-detailManyImage\">\n<div class=\"magic-7\"><\/div>\n<\/div>\n<\/div>\n<div class=\"J_module\">\n<div class=\"detail-decorate-json-renderer-container\">\n<div class=\"magic-0\">\n<div class=\"magic-1\" data-id=\"title0\">L'elemento filtrante in PE ha una distribuzione uniforme dei pori, una forte resistenza agli acidi e agli alcali, alle alte temperature, buone propriet\u00e0 meccaniche e una forte resistenza ai solventi organici. La produzione di impianti per il trattamento delle acque su larga scala pu\u00f2 adottare il metodo di deslagging automatico o manuale, le particelle solide possono essere recuperate mediante slagging a secco, senza la necessit\u00e0 di sostituire frequentemente gli elementi filtranti, il funzionamento automatico, il basso costo di filtrazione e altri vantaggi, che sono ben accolti dagli utenti.<\/div>\n<div class=\"magic-1\" data-id=\"title0\"><\/div>\n<div class=\"magic-1\" data-id=\"title0\">\n<div class=\"table-responsive\">\n<table class=\"hight-light-first-column all magic-19\" border=\"1\" cellspacing=\"0\" cellpadding=\"0\">\n<tbody>\n<tr class=\"firstRow\">\n<td colspan=\"1\" rowspan=\"1\">\n<div class=\"magic-20\">Mezzi filtranti<\/div>\n<\/td>\n<td colspan=\"1\" rowspan=\"1\">\n<div class=\"magic-21\">PE, HDPE, PTFE, PVDF, PA\/Nylon ecc.<\/div>\n<\/td>\n<\/tr>\n<tr>\n<td colspan=\"1\" rowspan=\"1\">\n<div class=\"magic-20\">Tasso di micron<\/div>\n<\/td>\n<td colspan=\"1\" rowspan=\"1\">\n<div class=\"magic-21\">0,2um, 0,5um, 1um, 3um, 5um, 10um, 25um, 30um, 50um, 75um, 100um, ecc.<\/div>\n<\/td>\n<\/tr>\n<tr>\n<td colspan=\"1\" rowspan=\"1\">\n<div class=\"magic-20\">Dimensione di riferimento<\/p>\n<div>(mm)<\/div>\n<\/div>\n<\/td>\n<td colspan=\"1\" rowspan=\"1\">\n<div class=\"magic-21\">31x12x1000, 31x20x1000, 38x20x1000, 38x18x1000, 38x20x1200, 38x20x1300, 38x20x150, 38x20x400, 38x20x250, 38x20x200, 38x20x180,<br \/>\n38x20x150, 50x20x1000, 50x31x1000, 50x38x1000, 65x31x1000, 65x38x1000, 64x44x1000, 78x62x750mm, ecc.<\/div>\n<\/td>\n<\/tr>\n<tr>\n<td colspan=\"1\" rowspan=\"1\">\n<div class=\"magic-20\">Tipo di connettore<\/div>\n<\/td>\n<td colspan=\"1\" rowspan=\"1\">\n<div class=\"magic-21\">DOE, SOE, piatto, inserto, filettatura, 226, 222, 215, M36, M30, M27, M25, M22, M14, M12, o come richiesto.<\/div>\n<\/td>\n<\/tr>\n<tr>\n<td colspan=\"1\" rowspan=\"1\">\n<div class=\"magic-20\">Temperatura massima di esercizio<\/div>\n<\/td>\n<td colspan=\"1\" rowspan=\"1\">\n<div class=\"magic-21\">PE\u226482\u2103; PTFE\u2265200\u2103; PA\u2264120\u2103<\/div>\n<\/td>\n<\/tr>\n<\/tbody>\n<\/table>\n<\/div>\n<\/div>\n<div class=\"magic-1\" data-id=\"title0\"><\/div>\n<\/div>\n<\/div>\n<\/div>\n<div class=\"J_module\">\n<div id=\"ali-anchor-AliMagic-d4uvzs\" class=\"magic-5\" data-section=\"AliMagic-d4uvzs\" data-section-title=\"Product Feature\">Caratteristiche del prodotto<\/div>\n<div class=\"magic-5\" data-section=\"AliMagic-d4uvzs\" data-section-title=\"Product Feature\"><\/div>\n<\/div>\n<div class=\"J_module\">\n<div class=\"detail-decorate-json-renderer-container\">\n<div class=\"magic-0\">\n<div class=\"magic-2\">\n<div class=\"magic-3\">\n<div class=\"magic-4\">Elevata porosit\u00e0 per garantire un maggiore flusso per unit\u00e0 di superficie; 2. Superficie esterna liscia, le impurit\u00e0 non aderiscono facilmente, il lavaggio posteriore \u00e8 facile e accurato; 3. Capacit\u00e0 anti-fouling: le piccole dimensioni del filtro fanno s\u00ec che le impurit\u00e0 non possano essere trattenute nel corpo del filtro; 4. Resistenza alla corrosione di acidi e alcali forti, resistenza ai solventi organici; 5. Eccellenti propriet\u00e0 meccaniche; 6. Nessun rilascio di particelle. 7. Ampia gamma di prodotti e ampio campo di applicazione<\/div>\n<div class=\"magic-4\"><\/div>\n<\/div>\n<\/div>\n<\/div>\n<\/div>\n<\/div>\n<div class=\"J_module\">\u00a0<img decoding=\"async\" src=\"https:\/\/img.yfisher.com\/m6076\/1725732569yot\/png70-t3-scale100.webp\" alt=\"Elemento filtrante in plastica sinterizzata ad alto polimero HDPE PE 60&#039;&#039; 100um 2\" data-lazy=\"2\" title=\"\"><\/div>\n<\/div>","protected":false},"excerpt":{"rendered":"<table>\n<thead>\n<tr>\n<th>articolo<\/th>\n<th>dettagli<\/th>\n<\/tr>\n<\/thead>\n<tbody>\n<tr>\n<td>porta di avvio<\/td>\n<td>guangzhou<\/td>\n<\/tr>\n<tr>\n<td>capacit\u00e0 produttiva<\/td>\n<td>10000 unit\u00e0\/mese<\/td>\n<\/tr>\n<tr>\n<td>luogo di origine<\/td>\n<td>guangdong, cina<\/td>\n<\/tr>\n<tr>\n<td>pagamento<\/td>\n<td>t\/t, assicurazione del commercio di alibaba, paypal<\/td>\n<\/tr>\n<tr>\n<td>moq<\/td>\n<td>1 pezzo<\/td>\n<\/tr>\n<tr>\n<td>modello<\/td>\n<td>ly-hfpl<\/td>\n<\/tr>\n<tr>\n<td>tempi di consegna<\/td>\n<td>entro 7 giorni lavorativi<\/td>\n<\/tr>\n<tr>\n<td>certificazione<\/td>\n<td>iso 9001<\/td>\n<\/tr>\n<tr>\n<td>marchio<\/td>\n<td>oem\/lvyuan<\/td>\n<\/tr>\n<\/tbody>\n<\/table>","protected":false},"featured_media":2228,"comment_status":"open","ping_status":"closed","template":"","meta":{"_gspb_post_css":""},"product_brand":[],"product_cat":[17,22],"product_tag":[939,261,262,260,268,941],"class_list":{"0":"post-2222","1":"product","2":"type-product","3":"status-publish","4":"has-post-thumbnail","6":"product_cat-sediment-filter","7":"product_cat-sintered-filter-cartridge","8":"product_tag-1-pcs-moq","9":"product_tag-guangdong-china","10":"product_tag-guangzhou-port","11":"product_tag-iso-9001","12":"product_tag-ly-hfpl","13":"product_tag-paypal-payment","15":"first","16":"instock","17":"shipping-taxable","18":"product-type-simple"},"_links":{"self":[{"href":"https:\/\/lyfilter.com\/it\/wp-json\/wp\/v2\/product\/2222","targetHints":{"allow":["GET"]}}],"collection":[{"href":"https:\/\/lyfilter.com\/it\/wp-json\/wp\/v2\/product"}],"about":[{"href":"https:\/\/lyfilter.com\/it\/wp-json\/wp\/v2\/types\/product"}],"replies":[{"embeddable":true,"href":"https:\/\/lyfilter.com\/it\/wp-json\/wp\/v2\/comments?post=2222"}],"wp:featuredmedia":[{"embeddable":true,"href":"https:\/\/lyfilter.com\/it\/wp-json\/wp\/v2\/media\/2228"}],"wp:attachment":[{"href":"https:\/\/lyfilter.com\/it\/wp-json\/wp\/v2\/media?parent=2222"}],"wp:term":[{"taxonomy":"product_brand","embeddable":true,"href":"https:\/\/lyfilter.com\/it\/wp-json\/wp\/v2\/product_brand?post=2222"},{"taxonomy":"product_cat","embeddable":true,"href":"https:\/\/lyfilter.com\/it\/wp-json\/wp\/v2\/product_cat?post=2222"},{"taxonomy":"product_tag","embeddable":true,"href":"https:\/\/lyfilter.com\/it\/wp-json\/wp\/v2\/product_tag?post=2222"}],"curies":[{"name":"wp","href":"https:\/\/api.w.org\/{rel}","templated":true}]}}