{"id":2194,"date":"2026-01-06T09:49:07","date_gmt":"2026-01-06T09:49:07","guid":{"rendered":"https:\/\/lyfilter.com\/?post_type=product&#038;p=2194"},"modified":"2026-01-06T09:49:07","modified_gmt":"2026-01-06T09:49:07","slug":"hydrophobic-215-226-adaptor-0-2-micron-60um-ptfe-water-filter","status":"publish","type":"product","link":"https:\/\/lyfilter.com\/it\/hydrophobic-215-226-adaptor-0-2-micron-60um-ptfe-water-filter\/","title":{"rendered":"Idrofobo 215 226 Adattatore 0,2 Micron 60um Filtro acqua PTFE"},"content":{"rendered":"<div class=\"unit-detail-html-tabs__content-attr\">\n<div class=\"unit-product-attrparam\">\n<div class=\"unit-product-attrparam__items row\">\n<div class=\"col-12 col-md-6\">\n<div class=\"unit-product-attrparam__item\">\n<div class=\"unit-product-attrparam__label\">Materiale: pp<\/div>\n<\/div>\n<\/div>\n<div class=\"col-12 col-md-6\">\n<div class=\"unit-product-attrparam__item\">\n<div class=\"unit-product-attrparam__label\">Disponibilit\u00e0: OEM\/ODM<\/div>\n<\/div>\n<\/div>\n<\/div>\n<\/div>\n<\/div>\n<div class=\"unit-detail-html-tabs__content-featuresAttr\"><\/div>\n<div class=\"unit-detail-html-tabs__content-html\">\n<div id=\"_root\" class=\"engine-app\" data-reactroot=\"\">\n<div id=\"ali-anchor-AliMagic-qb7w6x\" class=\"magic-0\" data-section=\"AliMagic-qb7w6x\" data-section-title=\"Product Description\"><strong>Membrana idrofobica da 0,2 micron in PTFE Cartuccia pieghettata Filtro di sfiato con adattatore 215 226<\/strong><\/div>\n<p>Cartuccia filtrante pieghettata in PTFE<\/p>\n<div class=\"icbu-pc-images magic-1\">\n<div class=\"flex-layout-h\">\n<div class=\"text-wrapper magic-15\">\n<div class=\"text-wrapper-right text-theme-light text-align-left\">\n<div class=\"text-content\">\n<p class=\"magic-11\"><strong>Cartuccia filtrante pieghettata idrofobica della serie PTFE<\/strong>\u00a0\u00e8 costituita da una membrana idrofobica in PTFE che presenta un'eccellente compatibilit\u00e0 chimica e resistenza alla corrosione. Questa cartuccia filtrante \u00e8 adatta alla filtrazione di liquidi e gas fortemente aggressivi e ossidativi.<\/p>\n<p><strong>Cartuccia filtrante pieghettata idrofila della serie PTFE<\/strong>\u00a0\u00e8 costituito da una membrana idrofila in PTFE che presenta un'eccellente compatibilit\u00e0 chimica e resistenza alla corrosione. La membrana \u00e8 idrofila e pu\u00f2 filtrare il liquido direttamente senza pre-bagnare, risparmiando il tempo di funzionamento.<\/p>\n<\/div>\n<\/div>\n<\/div>\n<\/div>\n<\/div>\n<div class=\"icbu-pc-images magic-1\">\n<div class=\"flex-layout-h\">\n<div class=\"flex-layout-v magic-12\">\n<p>&nbsp;<\/p>\n<p>&nbsp;<\/p>\n<\/div>\n<\/div>\n<\/div>\n<div id=\"ali-anchor-AliMagic-tbcwpl\" class=\"magic-0\" data-section=\"AliMagic-tbcwpl\" data-section-title=\"Specification\"><strong>Specifiche<\/strong><\/div>\n<div class=\"magic-0\" data-section=\"AliMagic-tbcwpl\" data-section-title=\"Specification\"><\/div>\n<div class=\"ife-detail-decorate-table\">\n<div class=\"table-responsive\">\n<table class=\"all magic-16\">\n<tbody>\n<tr class=\"firstRow\">\n<td>\n<div class=\"magic-17\">Opzione media filtrante<\/div>\n<\/td>\n<td>\n<div class=\"magic-18\">PP<\/div>\n<\/td>\n<td>\n<div class=\"magic-19\">PES<\/div>\n<\/td>\n<td>\n<div class=\"magic-17\">PTFE<\/div>\n<\/td>\n<td>\n<div class=\"magic-20\">Nylon 6\/66<\/div>\n<\/td>\n<td>\n<div class=\"magic-21\">PVDF<\/div>\n<\/td>\n<\/tr>\n<tr>\n<td>\n<div class=\"magic-17\">Lunghezza<\/div>\n<\/td>\n<td>\n<div class=\"magic-18\">2,5\u201d, 5, 10, 20, 30, 40 pollici<\/div>\n<\/td>\n<td>\n<div class=\"magic-19\">2,5\u201d, 5, 10, 20, 30, 40 pollici<\/div>\n<\/td>\n<td>\n<div class=\"magic-17\">2,5\u201d, 5, 10, 20, 30, 40 pollici<\/div>\n<\/td>\n<td>\n<div class=\"magic-20\">2,5\u201d, 5, 10, 20, 30, 40 pollici<\/div>\n<\/td>\n<td>\n<div class=\"magic-21\">2,5\u201d, 5, 10, 20, 30, 40 pollici<\/div>\n<\/td>\n<\/tr>\n<tr>\n<td>\n<div class=\"magic-17\">Tasso di micron<\/div>\n<\/td>\n<td>\n<div class=\"magic-18\">0,1, 0,2, 0,45, 0,65, 0,8, 1, 2, 3, 5, 10, 20, 25, 30, 50, 60 micron<\/div>\n<\/td>\n<td>\n<div class=\"magic-19\">0,1, 0,2, 0,45, 0,65 micron<\/div>\n<\/td>\n<td>\n<div class=\"magic-17\">0,2, 0,45 micron<\/div>\n<\/td>\n<td>\n<div class=\"magic-20\">0,2, 0,45, 0,65, 1 micron<\/div>\n<\/td>\n<td>\n<div class=\"magic-21\">0,2, 0,45 micron<\/div>\n<\/td>\n<\/tr>\n<tr>\n<td>\n<div class=\"magic-17\">Tappo terminale<\/div>\n<\/td>\n<td>\n<div class=\"magic-18\">DOE, 222+Fin, 222+Flat, 226+Fin, 226+Flat<\/div>\n<\/td>\n<td>\n<div class=\"magic-19\">DOE, 222+Fin, 222+Flat, 226+Fin, 226+Flat<\/div>\n<\/td>\n<td>\n<div class=\"magic-17\">DOE, 222+Fin, 222+Flat, 226+Fin, 226+Flat<\/div>\n<\/td>\n<td>\n<div class=\"magic-20\">DOE, 222+Fin, 222+Flat, 226+Fin, 226+Flat<\/div>\n<\/td>\n<td>\n<div class=\"magic-21\">DOE, 222+Fin, 222+Flat, 226+Fin, 226+Flat<\/div>\n<\/td>\n<\/tr>\n<tr>\n<td>\n<div class=\"magic-17\">Diametro interno<\/div>\n<\/td>\n<td>\n<div class=\"magic-18\">28 mm<\/div>\n<\/td>\n<td>\n<div class=\"magic-19\">28 mm<\/div>\n<\/td>\n<td>\n<div class=\"magic-17\">28 mm<\/div>\n<\/td>\n<td>\n<div class=\"magic-20\">28 mm<\/div>\n<\/td>\n<td>\n<div class=\"magic-21\">28 mm<\/div>\n<\/td>\n<\/tr>\n<tr>\n<td>\n<div class=\"magic-17\">Diametro esterno<\/div>\n<\/td>\n<td>\n<div class=\"magic-18\">69 mm (personalizzabile)<\/div>\n<\/td>\n<td>\n<div class=\"magic-19\">69 mm (personalizzabile)<\/div>\n<\/td>\n<td>\n<div class=\"magic-17\">69 mm (personalizzabile)<\/div>\n<\/td>\n<td>\n<div class=\"magic-20\">69 mm (personalizzabile)<\/div>\n<\/td>\n<td>\n<div class=\"magic-21\">69 mm (personalizzabile)<\/div>\n<\/td>\n<\/tr>\n<tr>\n<td>\n<div class=\"magic-17\">Materiale della guarnizione\/anello<\/div>\n<\/td>\n<td>\n<div class=\"magic-18\">Silicio\/EPDM\/NBR\/Viton\/Teflon<\/div>\n<\/td>\n<td>\n<div class=\"magic-19\">Silicio\/EPDM\/NBR\/Viton\/Teflon<\/div>\n<\/td>\n<td>\n<div class=\"magic-17\">Silicio\/EPDM\/NBR\/Viton\/Teflon<\/div>\n<\/td>\n<td>\n<div class=\"magic-20\">Silicio\/EPDM\/NBR\/Viton\/Teflon<\/div>\n<\/td>\n<td>\n<div class=\"magic-21\">Silicio\/EPDM\/NBR\/Viton\/Teflon<\/div>\n<\/td>\n<\/tr>\n<tr>\n<td>\n<div class=\"magic-17\">Area di filtrazione effettiva<\/div>\n<\/td>\n<td>\n<div class=\"magic-18\">0.4-0.7m\u00b2;<\/div>\n<\/td>\n<td>\n<div class=\"magic-19\">\u22655m\u00b2;<\/div>\n<\/td>\n<td>\n<div class=\"magic-17\">\u22650.72m\u00b2;<\/div>\n<\/td>\n<td>\n<div class=\"magic-20\">\u22650.6m\u00b2;<\/div>\n<\/td>\n<td>\n<div class=\"magic-21\">\u22650.72m\u00b2;<\/div>\n<\/td>\n<\/tr>\n<tr>\n<td>\n<div class=\"magic-17\">Differenza di pressione massima di esercizio<\/div>\n<\/td>\n<td>\n<div class=\"magic-18\">0,42Mpa a 25\u00baC<\/div>\n<\/td>\n<td>\n<div class=\"magic-19\">0,42Mpa a 25\u00baC<\/div>\n<\/td>\n<td>\n<div class=\"magic-17\">0,42Mpa a 25\u00baC<\/div>\n<\/td>\n<td>\n<div class=\"magic-20\">0,42Mpa a 25\u00baC<\/div>\n<\/td>\n<td>\n<div class=\"magic-21\">0,42Mpa a 25\u00baC<\/div>\n<\/td>\n<\/tr>\n<tr>\n<td>\n<div class=\"magic-17\">Contropressione massima<\/div>\n<\/td>\n<td>\n<div class=\"magic-18\">0,28Mpa a 60\u00baC<\/div>\n<\/td>\n<td>\n<div class=\"magic-19\">0,21Mpa a 25\u00baC<\/div>\n<\/td>\n<td>\n<div class=\"magic-17\">0,35Mpa a 60\u00baC<\/div>\n<\/td>\n<td>\n<div class=\"magic-20\">0,35Mpa a 25\u00baC<\/div>\n<\/td>\n<td>\n<div class=\"magic-21\">0,21Mpa a 25\u00baC<\/div>\n<\/td>\n<\/tr>\n<tr>\n<td>\n<div class=\"magic-17\">Temperatura massima di lavoro<\/div>\n<\/td>\n<td>\n<div class=\"magic-18\">88\u00baC a 0,28Mpa, 60\u00baC a 0,42Mpa<\/div>\n<\/td>\n<td>\n<div class=\"magic-19\">140\u00baC a 0,28Mpa<\/div>\n<\/td>\n<td>\n<div class=\"magic-17\">142\u00baC a 0,276Mpa<\/div>\n<\/td>\n<td>\n<div class=\"magic-20\">49\u00baC a 0,21Mpa<\/div>\n<\/td>\n<td>\n<div class=\"magic-21\">80\u00baC a 0,173Mpa<\/div>\n<\/td>\n<\/tr>\n<tr>\n<td>\n<div class=\"magic-17\">Temperatura di sterilizzazione<\/div>\n<\/td>\n<td>\n<div class=\"magic-18\">121\u2103, 30min.<\/div>\n<\/td>\n<td>\n<div class=\"magic-19\">121\u2103, 30min.<\/div>\n<\/td>\n<td>\n<div class=\"magic-17\">121\u2103, 30min.<\/div>\n<\/td>\n<td>\n<div class=\"magic-20\">121\u2103, 30min.<\/div>\n<\/td>\n<td>\n<div class=\"magic-21\">121\u2103, 30min.<\/div>\n<\/td>\n<\/tr>\n<\/tbody>\n<\/table>\n<\/div>\n<\/div>\n<div class=\"magic-0\" data-section=\"AliMagic-3su540\" data-section-title=\"Application\"><\/div>\n<div id=\"ali-anchor-AliMagic-3su540\" class=\"magic-0\" data-section=\"AliMagic-3su540\" data-section-title=\"Application\"><strong>Applicazione<\/strong><\/div>\n<div class=\"magic-0\" data-section=\"AliMagic-3su540\" data-section-title=\"Application\"><\/div>\n<div class=\"detail-decorate-json-renderer-container\">\n<div class=\"magic-4\">\n<div class=\"magic-8\">\n<div class=\"magic-9\">\n<div class=\"magic-10\">\n<p class=\"magic-11\">1. Industria elettronica: Prefiltrazione dell'acqua ad osmosi inversa RO, prefiltrazione dell'acqua deionizzata.<br \/>\n2. Industria alimentare: filtrazione di bevande, birra e acqua minerale.<br \/>\n3. Industria chimica: filtrazione di solventi organici e inchiostri.<br \/>\n4. Industria farmaceutica: filtrazione di prodotti farmaceutici, biologici, prodotti a base di siero, aria compressa e gas.<br \/>\n5. Altri: filtrazione di soluzioni di placcatura, fluidi di processo, fotoresist e supporti magnetici.<\/p>\n<\/div>\n<\/div>\n<\/div>\n<\/div>\n<\/div>\n<\/div>\n<\/div>","protected":false},"excerpt":{"rendered":"<table>\n<thead>\n<tr>\n<th>articolo<\/th>\n<th>dettagli<\/th>\n<\/tr>\n<\/thead>\n<tbody>\n<tr>\n<td>porta di avvio<\/td>\n<td>guangzhou<\/td>\n<\/tr>\n<tr>\n<td>capacit\u00e0 produttiva<\/td>\n<td>10000 unit\u00e0\/mese<\/td>\n<\/tr>\n<tr>\n<td>luogo di origine<\/td>\n<td>guangdong, cina<\/td>\n<\/tr>\n<tr>\n<td>pagamento<\/td>\n<td>t\/t, unione occidentale, garanzia di commercio di alibaba<\/td>\n<\/tr>\n<tr>\n<td>moq<\/td>\n<td>1 pezzo<\/td>\n<\/tr>\n<tr>\n<td>modello<\/td>\n<td>ly-hfpl-7<\/td>\n<\/tr>\n<tr>\n<td>tempi di consegna<\/td>\n<td>entro 7 giorni lavorativi<\/td>\n<\/tr>\n<tr>\n<td>certificazione<\/td>\n<td>iso 9001<\/td>\n<\/tr>\n<tr>\n<td>marchio<\/td>\n<td>oem\/lvyuan<\/td>\n<\/tr>\n<\/tbody>\n<\/table>","protected":false},"featured_media":2204,"comment_status":"open","ping_status":"closed","template":"","meta":{"_gspb_post_css":""},"product_brand":[],"product_cat":[17,21],"product_tag":[939,261,262,260,278,282],"class_list":{"0":"post-2194","1":"product","2":"type-product","3":"status-publish","4":"has-post-thumbnail","6":"product_cat-sediment-filter","7":"product_cat-pleated-filter-cartridge","8":"product_tag-1-pcs-moq","9":"product_tag-guangdong-china","10":"product_tag-guangzhou-port","11":"product_tag-iso-9001","12":"product_tag-ly-hfpl-7","13":"product_tag-oem-lvyuan","15":"first","16":"instock","17":"shipping-taxable","18":"product-type-simple"},"_links":{"self":[{"href":"https:\/\/lyfilter.com\/it\/wp-json\/wp\/v2\/product\/2194","targetHints":{"allow":["GET"]}}],"collection":[{"href":"https:\/\/lyfilter.com\/it\/wp-json\/wp\/v2\/product"}],"about":[{"href":"https:\/\/lyfilter.com\/it\/wp-json\/wp\/v2\/types\/product"}],"replies":[{"embeddable":true,"href":"https:\/\/lyfilter.com\/it\/wp-json\/wp\/v2\/comments?post=2194"}],"wp:featuredmedia":[{"embeddable":true,"href":"https:\/\/lyfilter.com\/it\/wp-json\/wp\/v2\/media\/2204"}],"wp:attachment":[{"href":"https:\/\/lyfilter.com\/it\/wp-json\/wp\/v2\/media?parent=2194"}],"wp:term":[{"taxonomy":"product_brand","embeddable":true,"href":"https:\/\/lyfilter.com\/it\/wp-json\/wp\/v2\/product_brand?post=2194"},{"taxonomy":"product_cat","embeddable":true,"href":"https:\/\/lyfilter.com\/it\/wp-json\/wp\/v2\/product_cat?post=2194"},{"taxonomy":"product_tag","embeddable":true,"href":"https:\/\/lyfilter.com\/it\/wp-json\/wp\/v2\/product_tag?post=2194"}],"curies":[{"name":"wp","href":"https:\/\/api.w.org\/{rel}","templated":true}]}}