{"id":2188,"date":"2026-01-06T09:35:42","date_gmt":"2026-01-06T09:35:42","guid":{"rendered":"https:\/\/lyfilter.com\/?post_type=product&#038;p=2188"},"modified":"2026-01-06T09:50:53","modified_gmt":"2026-01-06T09:50:53","slug":"microporous-membrane-filter-222-fin-10mm-polyethylene-filters","status":"publish","type":"product","link":"https:\/\/lyfilter.com\/it\/microporous-membrane-filter-222-fin-10mm-polyethylene-filters\/","title":{"rendered":"Filtro a membrana microporosa 222 Fin 10mm Filtri in polietilene"},"content":{"rendered":"<div class=\"unit-detail-html-tabs__content-attr\">\n<div class=\"unit-product-attrparam\">\n<div class=\"unit-product-attrparam__items row\">\n<div class=\"col-12 col-md-6\">\n<div class=\"unit-product-attrparam__item\"><\/div>\n<\/div>\n<\/div>\n<\/div>\n<\/div>\n<div class=\"unit-detail-html-tabs__content-featuresAttr\">L'elemento filtrante sinterizzato \u00e8 realizzato con una variet\u00e0 di materiali compositi attraverso un processo speciale. Ha caratteristiche idrofile. \u00c8 in grado non solo di filtrare le impurit\u00e0 meccaniche presenti nel mezzo, ma anche di demulsificare e coalescere l'acqua allo stato emulsionato, in modo da poterla rimuovere dal mezzo. L'elemento filtrante viene separato e coalizzato in gocce d'acqua coassiali per facilitare l'ulteriore purificazione del mezzo.<\/div>\n<div class=\"unit-detail-html-tabs__content-html\">\n<p>L'elemento filtrante a coalescenza in fibra di vetro \u00e8 una fibra di vetro ad alta densit\u00e0 e gradiente, che coalizza efficacemente la nebbia liquida e la trasformazione nel flusso d'aria e ha un'elevata precisione di filtrazione. La struttura \u00e8 stabile, non c'\u00e8 spostamento della fibra media e non causa inquinamento all'ambiente e ai prodotti a valle. Buona compatibilit\u00e0, buona protezione ambientale, materiali sintetici, combustione completa senza residui.<\/p>\n<p><img decoding=\"async\" src=\"https:\/\/img.yfisher.com\/m6076\/1725732550toi\/png70-t3-scale100.webp\" alt=\"Filtro a membrana microporosa 222 Fin 10mm Filtri in polietilene 4\" data-lazy=\"2\" title=\"\"><\/p>\n<p>Siamo produttori e venditori professionali di elementi filtranti di ricambio e di alloggiamenti per filtri in acciaio inox. Forniamo il servizio di personalizzazione dell'OEM per soddisfare le diverse esigenze dei clienti, per accettare la personalizzazione di diverse dimensioni per gli elementi filtranti, l'alloggiamento del filtro a cartuccia e l'alloggiamento del filtro a sacco. Abbiamo esportato in pi\u00f9 di centinaia di paesi, Europa, Medio Oriente, Sud-est asiatico, Sud-est americano, Nord America, ecc. La nostra tecnologia e il nostro servizio sono stati universalmente riconosciuti dai clienti. Contattateci: Info@lyfilter.com<\/p>\n<\/div>","protected":false},"excerpt":{"rendered":"<table>\n<thead>\n<tr>\n<th>articolo<\/th>\n<th>dettagli<\/th>\n<\/tr>\n<\/thead>\n<tbody>\n<tr>\n<td>porta di avvio<\/td>\n<td>guangzhou<\/td>\n<\/tr>\n<tr>\n<td>capacit\u00e0 produttiva<\/td>\n<td>10000 unit\u00e0\/mese<\/td>\n<\/tr>\n<tr>\n<td>luogo di origine<\/td>\n<td>guangdong, cina<\/td>\n<\/tr>\n<tr>\n<td>pagamento<\/td>\n<td>t\/t, unione occidentale, garanzia di commercio di alibaba, paypal<\/td>\n<\/tr>\n<tr>\n<td>modello<\/td>\n<td>ly-hfpl-7<\/td>\n<\/tr>\n<tr>\n<td>tempi di consegna<\/td>\n<td>entro 7 giorni lavorativi<\/td>\n<\/tr>\n<tr>\n<td>certificazione<\/td>\n<td>iso 9001<\/td>\n<\/tr>\n<tr>\n<td>marchio<\/td>\n<td>oem\/lvyuan<\/td>\n<\/tr>\n<\/tbody>\n<\/table>","protected":false},"featured_media":2191,"comment_status":"open","ping_status":"closed","template":"","meta":{"_gspb_post_css":""},"product_brand":[],"product_cat":[17,22],"product_tag":[284,261,262,260,278,282],"class_list":{"0":"post-2188","1":"product","2":"type-product","3":"status-publish","4":"has-post-thumbnail","6":"product_cat-sediment-filter","7":"product_cat-sintered-filter-cartridge","8":"product_tag-7-working-days-delivery","9":"product_tag-guangdong-china","10":"product_tag-guangzhou-port","11":"product_tag-iso-9001","12":"product_tag-ly-hfpl-7","13":"product_tag-oem-lvyuan","15":"first","16":"instock","17":"shipping-taxable","18":"product-type-simple"},"_links":{"self":[{"href":"https:\/\/lyfilter.com\/it\/wp-json\/wp\/v2\/product\/2188","targetHints":{"allow":["GET"]}}],"collection":[{"href":"https:\/\/lyfilter.com\/it\/wp-json\/wp\/v2\/product"}],"about":[{"href":"https:\/\/lyfilter.com\/it\/wp-json\/wp\/v2\/types\/product"}],"replies":[{"embeddable":true,"href":"https:\/\/lyfilter.com\/it\/wp-json\/wp\/v2\/comments?post=2188"}],"wp:featuredmedia":[{"embeddable":true,"href":"https:\/\/lyfilter.com\/it\/wp-json\/wp\/v2\/media\/2191"}],"wp:attachment":[{"href":"https:\/\/lyfilter.com\/it\/wp-json\/wp\/v2\/media?parent=2188"}],"wp:term":[{"taxonomy":"product_brand","embeddable":true,"href":"https:\/\/lyfilter.com\/it\/wp-json\/wp\/v2\/product_brand?post=2188"},{"taxonomy":"product_cat","embeddable":true,"href":"https:\/\/lyfilter.com\/it\/wp-json\/wp\/v2\/product_cat?post=2188"},{"taxonomy":"product_tag","embeddable":true,"href":"https:\/\/lyfilter.com\/it\/wp-json\/wp\/v2\/product_tag?post=2188"}],"curies":[{"name":"wp","href":"https:\/\/api.w.org\/{rel}","templated":true}]}}