{"id":2181,"date":"2026-01-06T09:03:59","date_gmt":"2026-01-06T09:03:59","guid":{"rendered":"https:\/\/lyfilter.com\/?post_type=product&#038;p=2181"},"modified":"2026-01-06T09:03:59","modified_gmt":"2026-01-06T09:03:59","slug":"membrane-filter-222-fin-10mm-polyethylene-filters","status":"publish","type":"product","link":"https:\/\/lyfilter.com\/it\/membrane-filter-222-fin-10mm-polyethylene-filters\/","title":{"rendered":"Filtro a membrana 222 Fin 10mm Filtri in polietilene"},"content":{"rendered":"<p>Filtro a membrana 222 Fin 10mm Filtri in polietilene<\/p>\n<p>&nbsp;<\/p>\n<div class=\"J_module\">\n<div class=\"detail-decorate-json-renderer-container\">\n<div class=\"magic-4\">\n<div class=\"magic-10\">\n<div class=\"magic-11\">\n<div class=\"magic-12\" data-id=\"paragraph0\">\n<p>L'elemento filtrante sinterizzato \u00e8 realizzato con una variet\u00e0 di materiali compositi attraverso un processo speciale. Ha caratteristiche idrofile. \u00c8 in grado non solo di filtrare le impurit\u00e0 meccaniche presenti nel mezzo, ma anche di demulsificare e coalescere l'acqua allo stato emulsionato, in modo da poterla rimuovere dal mezzo. L'elemento filtrante viene separato e coalizzato in gocce d'acqua coassiali per facilitare l'ulteriore purificazione del mezzo.<\/p>\n<p>&nbsp;<\/p>\n<\/div>\n<\/div>\n<\/div>\n<\/div>\n<\/div>\n<\/div>\n<div class=\"J_module\">\n<div class=\"icbu-pc-images magic-1\">\n<div class=\"flex-layout-h\">\n<div class=\"text-wrapper magic-15\">\n<div class=\"text-wrapper-left text-theme-light text-align-left\">\n<div class=\"text-title\" data-id=\"left-title\">\n<div class=\"table-responsive\">\n<table border=\"1\" width=\"293\" cellspacing=\"0\" cellpadding=\"0\" data-id=\"table0\">\n<colgroup>\n<col \/>\n<col \/><\/colgroup>\n<tbody>\n<tr class=\"firstRow\">\n<td height=\"21\">\n<div data-spm-anchor-id=\"a2700.details.pronpeci14.i0.3d7757d7z2aB2B\">Attributi<\/div>\n<\/td>\n<td>\n<div>Dettagli<\/div>\n<\/td>\n<\/tr>\n<tr>\n<td height=\"39\">\n<div>Luogo di origine<\/div>\n<\/td>\n<td>\n<div>Hebei, CINA<\/div>\n<\/td>\n<\/tr>\n<tr>\n<td height=\"21\">\n<div>Condizione<\/div>\n<\/td>\n<td>\n<div>NUOVO<\/div>\n<\/td>\n<\/tr>\n<tr>\n<td height=\"21\">\n<div>Marchio<\/div>\n<\/td>\n<td>\n<div>POKE<\/div>\n<\/td>\n<\/tr>\n<tr>\n<td height=\"21\">\n<div>Certificato<\/div>\n<\/td>\n<td>\n<div>ISO9001<\/div>\n<\/td>\n<\/tr>\n<tr>\n<td height=\"39\">\n<div>Pacchetto<\/div>\n<\/td>\n<td>\n<div>Imballaggio neutro<\/div>\n<\/td>\n<\/tr>\n<tr>\n<td height=\"39\">\n<div>Periodo di consegna<\/div>\n<\/td>\n<td>\n<div data-spm-anchor-id=\"a2700.details.pronpeci14.i1.3d7757d7z2aB2B\">7-15 giorni<\/div>\n<\/td>\n<\/tr>\n<\/tbody>\n<\/table>\n<\/div>\n<h3 class=\"magic-16\">\u00a0<img decoding=\"async\" src=\"https:\/\/img.yfisher.com\/m6076\/17257325468ns\/png70-t3-scale100.webp\" alt=\"Filtro a membrana 222 Fin 10mm Filtri in polietilene 2\" data-lazy=\"2\" title=\"\"><\/h3>\n<\/div>\n<\/div>\n<\/div>\n<\/div>\n<\/div>\n<\/div>\n<p>&nbsp;<\/p>\n<div class=\"J_module\">\n<div class=\"ife-detail-decorate-table\">\n<div class=\"table-responsive\"><\/div>\n<\/div>\n<\/div>\n<div class=\"J_module\">\n<div id=\"ali-anchor-AliMagic-unme00\" class=\"magic-0\" data-section=\"AliMagic-unme00\" data-section-title=\"Application\"><strong>Applicazione<\/strong><\/div>\n<\/div>\n<div class=\"J_module\">\n<div class=\"detail-decorate-json-renderer-container\">\n<div class=\"magic-4\">\n<div class=\"magic-10\">\n<div class=\"magic-11\">\n<div class=\"magic-12\">\n<p class=\"magic-13\">(1) Grande infusione di acqua, filtrazione di intermedi farmaceutici decarbonizzati; brodo di fermentazione, liquido orale<br \/>\n(2) Carbone attivo in polvere con filtro di decolorazione (glucosio liquido medicinale, antibiotici, medicina sintetica, preparazione, liquido di medicina erboristica cinese, ecc.)<br \/>\n(3) Liquido di iniezione<br \/>\n(4) Filtro aria di iniezione<br \/>\n(5) Acqua della bottiglia di lavaggio a iniezione<br \/>\n(6) Filtrazione del liquore medico<\/p>\n<\/div>\n<\/div>\n<\/div>\n<\/div>\n<\/div>\n<\/div>\n<p>Guangzhou Lvyuan Water Purification Equipment Co., Ltd. \u00e8 uno dei produttori professionali di prodotti per la filtrazione. La nostra azienda \u00e8 stata fondata nel 2009, vicino al ramo del fiume Pearl. Abbiamo fino a 10 anni di esperienza nell'esportazione e nel mercato interno, competenze tecniche professionali e un sistema sistematico di gestione della qualit\u00e0.<\/p>\n<p>Siamo produttori e venditori professionali di elementi filtranti di ricambio e di alloggiamenti per filtri in acciaio inox. Forniamo il servizio di personalizzazione dell'OEM per soddisfare le diverse esigenze dei clienti, per accettare la personalizzazione di diverse dimensioni per gli elementi filtranti, l'alloggiamento del filtro a cartuccia e l'alloggiamento del filtro a sacco. Abbiamo esportato in pi\u00f9 di centinaia di paesi, Europa, Medio Oriente, Sud-est asiatico, Sud-est americano, Nord America, ecc. La nostra tecnologia e il nostro servizio sono stati universalmente riconosciuti dai clienti.<\/p>","protected":false},"excerpt":{"rendered":"<p>Questa volta non avete incluso le specifiche del prodotto, quindi non posso ancora generare una meta descrizione, tag o tabella accurata. Incolla i dettagli (materiale, modello, micron\/dimensioni\/lunghezza, certificazioni, applicazione, imballaggio, tempi di consegna) e formatter\u00f2 subito tutto nello stesso stile.<\/p>","protected":false},"featured_media":2185,"comment_status":"open","ping_status":"closed","template":"","meta":{"_gspb_post_css":""},"product_brand":[],"product_cat":[22,17],"product_tag":[930,934,933,888,932,931],"class_list":{"0":"post-2181","1":"product","2":"type-product","3":"status-publish","4":"has-post-thumbnail","6":"product_cat-sintered-filter-cartridge","7":"product_cat-sediment-filter","8":"product_tag-custom-micron-filter","9":"product_tag-custom-size-filter-media","10":"product_tag-industrial-filtration-parts","11":"product_tag-oem-filter-element","12":"product_tag-process-liquid-filter-cartridge","13":"product_tag-water-filtration-element","15":"first","16":"instock","17":"shipping-taxable","18":"product-type-simple"},"_links":{"self":[{"href":"https:\/\/lyfilter.com\/it\/wp-json\/wp\/v2\/product\/2181","targetHints":{"allow":["GET"]}}],"collection":[{"href":"https:\/\/lyfilter.com\/it\/wp-json\/wp\/v2\/product"}],"about":[{"href":"https:\/\/lyfilter.com\/it\/wp-json\/wp\/v2\/types\/product"}],"replies":[{"embeddable":true,"href":"https:\/\/lyfilter.com\/it\/wp-json\/wp\/v2\/comments?post=2181"}],"wp:featuredmedia":[{"embeddable":true,"href":"https:\/\/lyfilter.com\/it\/wp-json\/wp\/v2\/media\/2185"}],"wp:attachment":[{"href":"https:\/\/lyfilter.com\/it\/wp-json\/wp\/v2\/media?parent=2181"}],"wp:term":[{"taxonomy":"product_brand","embeddable":true,"href":"https:\/\/lyfilter.com\/it\/wp-json\/wp\/v2\/product_brand?post=2181"},{"taxonomy":"product_cat","embeddable":true,"href":"https:\/\/lyfilter.com\/it\/wp-json\/wp\/v2\/product_cat?post=2181"},{"taxonomy":"product_tag","embeddable":true,"href":"https:\/\/lyfilter.com\/it\/wp-json\/wp\/v2\/product_tag?post=2181"}],"curies":[{"name":"wp","href":"https:\/\/api.w.org\/{rel}","templated":true}]}}