{"id":2162,"date":"2026-01-06T08:48:32","date_gmt":"2026-01-06T08:48:32","guid":{"rendered":"https:\/\/lyfilter.com\/?post_type=product&#038;p=2162"},"modified":"2026-01-06T08:48:33","modified_gmt":"2026-01-06T08:48:33","slug":"best-price-20-40-inch-ppf-water-filter-cartridge-5-micron-40-inch-1-micron-pp-water-filter-candle","status":"publish","type":"product","link":"https:\/\/lyfilter.com\/it\/best-price-20-40-inch-ppf-water-filter-cartridge-5-micron-40-inch-1-micron-pp-water-filter-candle\/","title":{"rendered":"Miglior prezzo 20 40 pollici ppf cartuccia filtro acqua 5 micron\/40 pollici 1 micron pp filtro acqua candela"},"content":{"rendered":"<table>\n<thead>\n<tr>\n<th>articolo<\/th>\n<th>dettagli<\/th>\n<\/tr>\n<\/thead>\n<tbody>\n<tr>\n<td>luogo di origine<\/td>\n<td>guangdong, cina<\/td>\n<\/tr>\n<tr>\n<td>nome del marchio<\/td>\n<td>lvyuan \/ oem<\/td>\n<\/tr>\n<tr>\n<td>numero del modello<\/td>\n<td>l-pp<\/td>\n<\/tr>\n<tr>\n<td>potenza (w)<\/td>\n<td>0<\/td>\n<\/tr>\n<tr>\n<td>tensione (v)<\/td>\n<td>0<\/td>\n<\/tr>\n<tr>\n<td>certificazione<\/td>\n<td>ce; gs; rohs; bv<\/td>\n<\/tr>\n<tr>\n<td>tipo<\/td>\n<td>prefiltrazione<\/td>\n<\/tr>\n<tr>\n<td>utilizzo<\/td>\n<td>alloggiamento del filtro di sicurezza<\/td>\n<\/tr>\n<tr>\n<td>precisione<\/td>\n<td>1-100 micron<\/td>\n<\/tr>\n<tr>\n<td>lunghezza<\/td>\n<td>10\u2033 (254 mm); 20\u2033 (508 mm); 30\u2033 (762 mm); 40\u2033 (1016 mm)<\/td>\n<\/tr>\n<tr>\n<td>diametro esterno<\/td>\n<td>60-65 mm<\/td>\n<\/tr>\n<tr>\n<td>diametro interno<\/td>\n<td>28 mm \/ 30 mm<\/td>\n<\/tr>\n<tr>\n<td>tipo di filtro<\/td>\n<td>scanalatura; goffratura; punti; logo aziendale<\/td>\n<\/tr>\n<tr>\n<td>interfaccia del filtro<\/td>\n<td>tipo piatto; tipo 222; tipo 226; tipo 215<\/td>\n<\/tr>\n<tr>\n<td>temperatura pi\u00f9 alta<\/td>\n<td>80\u2103<\/td>\n<\/tr>\n<tr>\n<td>caduta di pressione di lavoro<\/td>\n<td>0,1 kgf\/c\u33a1<\/td>\n<\/tr>\n<tr>\n<td>pi\u00f9 alto confinato<\/td>\n<td>5 kgf\/c\u33a1<\/td>\n<\/tr>\n<tr>\n<td>perdita di carico massima<\/td>\n<td>3 kgf\/c\u33a1<\/td>\n<\/tr>\n<tr>\n<td>capacit\u00e0 di fornitura<\/td>\n<td>1000 pezzi al giorno<\/td>\n<\/tr>\n<\/tbody>\n<\/table>\n<div class=\"pro_aliData\">\n<div class=\"detail-box\">\n<div class=\"scc-wrapper detail-module module-productSpecification\" data-spm=\"pronpeci14\">\n<div id=\"J-rich-text-description\" class=\"richtext richtext-detail rich-text-description\">\n<p>Introduzione:<\/p>\n<p>La cartuccia filtrante PP melt-blown (PPF) \u00e8 realizzata in polipropilene.<\/p>\n<p>\u00c8 in grado di rimuovere efficacemente le sostanze in sospensione, le particelle e la ruggine.<\/p>\n<p>Questo tipo di cartuccia viene utilizzato per la cartuccia del filtro anteriore per proteggere gli altri.<\/p>\n<p>&nbsp;<\/p>\n<p>&nbsp;<\/p>\n<p>&nbsp;<\/p>\n<p>&nbsp;<\/p>\n<p>Parametri:<\/p>\n<div class=\"table-responsive\">\n<table class=\"aliDataTable\">\n<tbody>\n<tr align=\"left\">\n<td valign=\"top\">Prodotto<\/td>\n<td valign=\"top\">Cartuccia filtrante in polipropilene filato da 5 micron con anima in PP<\/td>\n<\/tr>\n<tr align=\"left\">\n<td valign=\"top\">Materiale<\/td>\n<td valign=\"top\">PP, polipropilene<\/td>\n<\/tr>\n<tr align=\"left\">\n<td valign=\"top\">Stile<\/td>\n<td valign=\"top\">Scanalatura, Punti di pressione, Piatto, Incrocio<\/td>\n<\/tr>\n<tr align=\"left\">\n<td valign=\"top\">Filtrazione di precisione<\/td>\n<td valign=\"top\">1~100micron<\/td>\n<\/tr>\n<tr align=\"left\">\n<td valign=\"top\">Diametro esterno<\/td>\n<td valign=\"top\">60~65 mm<\/td>\n<\/tr>\n<tr align=\"left\">\n<td valign=\"top\">Diametro interno<\/td>\n<td valign=\"top\">28 mm o 30 mm<\/td>\n<\/tr>\n<tr align=\"left\">\n<td valign=\"top\">Interfaccia<\/td>\n<td valign=\"top\">Piatto, inserto, avvitato<\/td>\n<\/tr>\n<tr align=\"left\">\n<td valign=\"top\">Tipo di tappo terminale<\/td>\n<td valign=\"top\">222flat, 222fin, 226flat, 226fin, 215flat, 215fin<\/td>\n<\/tr>\n<tr align=\"left\">\n<td valign=\"top\">Lunghezza<\/td>\n<td valign=\"top\">5\u201d,10\u201d,20\u201d,30\u201d,40\u201d,50\u2033, 60\u2033<\/td>\n<\/tr>\n<tr align=\"left\">\n<td valign=\"top\">Pressione differenziale massima<\/td>\n<td valign=\"top\">3 kgf\/cm\u00b2<\/td>\n<\/tr>\n<tr align=\"left\">\n<td valign=\"top\">Temperatura massima di esercizio<\/td>\n<td valign=\"top\">80\u00b0c<\/td>\n<\/tr>\n<tr align=\"left\">\n<td valign=\"top\">Pressione differenziale di esercizio<\/td>\n<td valign=\"top\">0,1 kgf\/cm2<\/td>\n<\/tr>\n<tr align=\"left\">\n<td valign=\"top\">Marchio<\/td>\n<td valign=\"top\">Lvyuan\/OEM<\/td>\n<\/tr>\n<tr align=\"left\">\n<td valign=\"top\">Peso comune<\/td>\n<td valign=\"top\">100- 120g\/10\u2033 (pu\u00f2 essere personalizzato)<\/td>\n<\/tr>\n<\/tbody>\n<\/table>\n<\/div>\n<p>&nbsp;<\/p>\n<p>&nbsp;<\/p>\n<p>&nbsp;<\/p>\n<p>&nbsp;<\/p>\n<p>Caratteristiche :<\/p>\n<p>1. Muove efficacemente le sostanze in sospensione, le particelle e la ruggine.<\/p>\n<p>2. Prefiltrazione dell'acqua<\/p>\n<p>3. Ampia compatibilit\u00e0 chimica<\/p>\n<p>4. A prova di pressione<\/p>\n<p>5. Elevata resistenza chimica.<\/p>\n<p>6. Sono disponibili tutti i tipi di adattatori<\/p>\n<p>7. Elevata capacit\u00e0 di trattenere i contaminanti e lunga durata.<\/p>\n<p>&nbsp;<\/p>\n<p>&nbsp;<\/p>\n<p>&nbsp;<\/p>\n<p>&nbsp;<\/p>\n<p>Ambito di applicazione:<\/p>\n<p>Prefiltrazione o sistema RO, solventi, industria chimica, industria petrolifera,<\/p>\n<p>trattamento dell'acqua potabile, industria elettronica ed energetica, placcatura,<\/p>\n<p>cibo e bevande, vino, ecc.<\/p>\n<p>&nbsp;<\/p>\n<p>&nbsp;<\/p>\n<p>&nbsp;<\/p>\n<p>Dettaglio dell'imballaggio: 10\u2033: 50PCS\/CTN; 20\u2033: 25PCS\/CTN; 30\u2033: 25PC\/CTN; 40\u2033: 25PCS\/CTN<\/p>\n<p>Dettaglio di consegna: Entro 7 giorni dopo aver ricevuto il deposito 30%<\/p>\n<p>&nbsp;<\/p>\n<p>&nbsp;<\/p>\n<p>&nbsp;<\/p>\n<p>&nbsp;<\/p>\n<p>&nbsp;<\/p>\n<p>Mostra del prodotto:<\/p>\n<p><img decoding=\"async\" src=\"https:\/\/img.yfisher.com\/m6076\/1725731201we9\/jpg70-t3-scale100.webp\" alt=\"Miglior prezzo 20 40 pollici ppf cartuccia filtro acqua 5 micron\/40 pollici 1 micron pp filtro acqua candela 7\" data-alt=\"Best price 20 40 inch ppf water filter cartridge 5 micron\/40 inch 1 micron pp water filter candle\" data-=\"\" data-lazy=\"2\" title=\"\"><\/p>\n<p><img decoding=\"async\" src=\"https:\/\/img.yfisher.com\/m6076\/1725727044jk0\/jpg70-t3-scale100.webp\" alt=\"Miglior prezzo 20 40 pollici ppf cartuccia filtro acqua 5 micron\/40 pollici 1 micron pp filtro acqua candela 9\" data-alt=\"Best price 20 40 inch ppf water filter cartridge 5 micron\/40 inch 1 micron pp water filter candle\" data-=\"\" data-lazy=\"2\" title=\"\"><\/p>\n<p><img decoding=\"async\" src=\"https:\/\/img.yfisher.com\/m6076\/1725727044ad0\/jpg70-t3-scale100.webp\" alt=\"Miglior prezzo 20 40 pollici ppf cartuccia filtro acqua 5 micron\/40 pollici 1 micron pp filtro acqua candela 11\" data-alt=\"Best price 20 40 inch ppf water filter cartridge 5 micron\/40 inch 1 micron pp water filter candle\" data-=\"\" data-lazy=\"2\" title=\"\"><\/p>\n<p><img decoding=\"async\" src=\"https:\/\/img.yfisher.com\/m6076\/1725727044yry\/jpg70-t3-scale100.webp\" alt=\"Miglior prezzo 20 40 pollici ppf cartuccia filtro acqua 5 micron\/40 pollici 1 micron pp filtro acqua candela 13\" data-alt=\"Best price 20 40 inch ppf water filter cartridge 5 micron\/40 inch 1 micron pp water filter candle\" data-=\"\" data-lazy=\"2\" title=\"\"><\/p>\n<p><img decoding=\"async\" src=\"https:\/\/img.yfisher.com\/m6076\/17257312014p8\/jpg70-t3-scale100.webp\" alt=\"Miglior prezzo 20 40 pollici ppf cartuccia filtro acqua 5 micron\/40 pollici 1 micron pp filtro acqua candela 15\" data-alt=\"Best price 20 40 inch ppf water filter cartridge 5 micron\/40 inch 1 micron pp water filter candle\" data-=\"\" data-lazy=\"2\" title=\"\"><\/p>\n<p><img decoding=\"async\" src=\"https:\/\/img.yfisher.com\/m6076\/17257270449f1\/jpg70-t3-scale100.webp\" alt=\"Miglior prezzo 20 40 pollici ppf cartuccia filtro acqua 5 micron\/40 pollici 1 micron pp filtro acqua candela 17\" data-alt=\"Best price 20 40 inch ppf water filter cartridge 5 micron\/40 inch 1 micron pp water filter candle\" data-=\"\" data-lazy=\"2\" title=\"\"><\/p>\n<p><img decoding=\"async\" src=\"https:\/\/img.yfisher.com\/m6076\/1725727044bwm\/jpg70-t3-scale100.webp\" alt=\"Miglior prezzo 20 40 pollici ppf cartuccia filtro acqua 5 micron\/40 pollici 1 micron pp filtro acqua candela 19\" data-alt=\"Best price 20 40 inch ppf water filter cartridge 5 micron\/40 inch 1 micron pp water filter candle\" data-=\"\" data-lazy=\"2\" title=\"\"><\/p>\n<p>&nbsp;<\/p>\n<p>&nbsp;<\/p>\n<p>&nbsp;<\/p>\n<p>&nbsp;<\/p>\n<p>Non esitate a contattarci per ulteriori dettagli o citazioni.<\/p>\n<p>se siete interessati ai nostri prodotti o alla nostra azienda. : )<\/p>\n<p>&nbsp;<\/p>\n<p>&nbsp;<\/p>\n<p>&nbsp;<\/p>\n<p><strong>Le mie informazioni di contatto --<\/strong><\/p>\n<p><img decoding=\"async\" src=\"https:\/\/img.yfisher.com\/m6076\/172572799710g\/jpg70-t3-scale100.webp\" alt=\"Miglior prezzo 20 40 pollici ppf cartuccia filtro acqua 5 micron\/40 pollici 1 micron pp filtro acqua candela 21\" data-alt=\"Best price 20 40 inch ppf water filter cartridge 5 micron\/40 inch 1 micron pp water filter candle\" data-=\"\" data-lazy=\"2\" title=\"\"><\/p>\n<\/div>\n<\/div>\n<div data-module=\"detailMarketPackage\"><\/div>\n<div data-module=\"productAuth\"><\/div>\n<\/div>\n<\/div>\n<div class=\"diffStatement\">Rispetto ad altri\u00a0<a href=\"https:\/\/lyfilter.com\/it\/products.html\/\">cartucce filtranti per acqua<\/a>\u00a0Guangzhou Lvyuan Water Purification Equipment Co., Ltd. \u00e8 pi\u00f9 tecnica, pi\u00f9 attenta al valore e dispone di un gran numero di talenti eccezionali nella ricerca e sviluppo. Le configurazioni personalizzate del tappo terminale sono disponibili per adattarsi a requisiti specifici Guangzhou Lvyuan Water Purification Equipment Co., Ltd. ha pi\u00f9 vantaggi nelle cartucce filtranti per acqua rispetto ad altri in Cina. Sono disponibili configurazioni personalizzate del tappo terminale per adattarsi a requisiti specifici<\/div>","protected":false},"excerpt":{"rendered":"<p>Scegliete la lunghezza necessaria, abbinate l'interfaccia giusta e aggiungete una scanalatura\/una finitura in rilievo o il vostro logo per una sostituzione facile e coerente.<\/p>","protected":false},"featured_media":2170,"comment_status":"open","ping_status":"closed","template":"","meta":{"_gspb_post_css":""},"product_brand":[],"product_cat":[23,17],"product_tag":[910,911,909,669,913,912],"class_list":{"0":"post-2162","1":"product","2":"type-product","3":"status-publish","4":"has-post-thumbnail","6":"product_cat-pp-filter-cartridge","7":"product_cat-sediment-filter","8":"product_tag-1-100-micron-pre-filtration","9":"product_tag-10-40-inch-pp-cartridge","10":"product_tag-ly-pp-filter-cartridge","11":"product_tag-pp-sediment-filter-cartridge","12":"product_tag-security-filter-housing-prefilter","13":"product_tag-type-222-226-215-interface","15":"first","16":"instock","17":"shipping-taxable","18":"product-type-simple"},"_links":{"self":[{"href":"https:\/\/lyfilter.com\/it\/wp-json\/wp\/v2\/product\/2162","targetHints":{"allow":["GET"]}}],"collection":[{"href":"https:\/\/lyfilter.com\/it\/wp-json\/wp\/v2\/product"}],"about":[{"href":"https:\/\/lyfilter.com\/it\/wp-json\/wp\/v2\/types\/product"}],"replies":[{"embeddable":true,"href":"https:\/\/lyfilter.com\/it\/wp-json\/wp\/v2\/comments?post=2162"}],"wp:featuredmedia":[{"embeddable":true,"href":"https:\/\/lyfilter.com\/it\/wp-json\/wp\/v2\/media\/2170"}],"wp:attachment":[{"href":"https:\/\/lyfilter.com\/it\/wp-json\/wp\/v2\/media?parent=2162"}],"wp:term":[{"taxonomy":"product_brand","embeddable":true,"href":"https:\/\/lyfilter.com\/it\/wp-json\/wp\/v2\/product_brand?post=2162"},{"taxonomy":"product_cat","embeddable":true,"href":"https:\/\/lyfilter.com\/it\/wp-json\/wp\/v2\/product_cat?post=2162"},{"taxonomy":"product_tag","embeddable":true,"href":"https:\/\/lyfilter.com\/it\/wp-json\/wp\/v2\/product_tag?post=2162"}],"curies":[{"name":"wp","href":"https:\/\/api.w.org\/{rel}","templated":true}]}}