{"id":2120,"date":"2026-01-06T08:31:33","date_gmt":"2026-01-06T08:31:33","guid":{"rendered":"https:\/\/lyfilter.com\/?post_type=product&#038;p=2120"},"modified":"2026-01-06T08:31:33","modified_gmt":"2026-01-06T08:31:33","slug":"ppf-melt-blown-water-filter-cartridge-sgs-water-quality-association-certification","status":"publish","type":"product","link":"https:\/\/lyfilter.com\/it\/ppf-melt-blown-water-filter-cartridge-sgs-water-quality-association-certification\/","title":{"rendered":"Cartuccia del filtro dell'acqua soffiata PPF Certificazione dell'associazione di qualit\u00e0 dell'acqua dello SGS"},"content":{"rendered":"<div class=\"pro_aliData\">\n<div class=\"detail-box\">\n<div class=\"scc-wrapper detail-module module-productPackagingAndQuickDetail\" data-spm=\"prilinga1e\">\n<div class=\"widget-detail-overview\">\n<div class=\"do-title\">\n<p>Il filtro PP melt blown (PPF) \u00e8 un filtro tubolare realizzato con particelle di polipropilene atossico e inodore attraverso processi di riscaldamento, fusione e formatura; \u00e8 ampiamente utilizzato in diversi settori grazie alla sua efficiente capacit\u00e0 di filtraggio!<\/p>\n<p>&nbsp;<\/p>\n<h2 id=\"-product-overview\">\u2728 Panoramica del prodotto<\/h2>\n<p>La cartuccia filtrante in PP melt blown (spesso indicata come cartuccia filtrante in cotone PP) \u00e8 una cartuccia filtrante tubolare realizzata con particelle di polipropilene di grado alimentare, atossiche e inodori, che vengono riscaldate e fuse e prodotte attraverso processi aggiuntivi come la formatura. Questa cartuccia filtrante non utilizza adesivi chimici nel processo di produzione e si affida interamente alle caratteristiche di legame termico delle fibre di polipropilene per formarsi, rendendola pi\u00f9 in linea con i requisiti di alta qualit\u00e0 di igiene e sicurezza.<\/p>\n<p>&nbsp;<\/p>\n<p>La sua unicit\u00e0 risiede nell'adozione di una struttura di filtrazione profonda, in cui le fibre presentano una struttura a rete porosa irregolare e una struttura a densit\u00e0 progressiva (nota anche come filtrazione a gradiente) in cui i pori tra le fibre diminuiscono gradualmente da grandi a piccoli dall'esterno verso l'interno! Questo design consente all'elemento filtrante di accogliere le particelle pi\u00f9 grandi e le impurit\u00e0 nello strato esterno, evitando una rapida congestione, mentre lo strato interno pu\u00f2 bloccare le particelle pi\u00f9 piccole, garantire l'accuratezza della filtrazione, ridurre la resistenza alla filtrazione e prolungare la vita utile;<\/p>\n<\/div>\n<\/div>\n<\/div>\n<\/div>\n<\/div>\n<p>&nbsp;<\/p>\n<p><img decoding=\"async\" title=\"Cartuccia filtrante a sedimento soffiata in PPF\" src=\"https:\/\/img.yfisher.com\/m6076\/1725727036217\/jpg70-t3-scale100.webp\" alt=\"Cartuccia filtrante a sedimento soffiata in PPF\" border=\"0\" vspace=\"0\" data-lazy=\"2\" \/><\/p>\n<div class=\"pro_aliData\">\n<p>&nbsp;<\/p>\n<div class=\"detail-box\">\n<div class=\"scc-wrapper detail-module module-productPackagingAndQuickDetail\" data-spm=\"prilinga1e\">\n<div class=\"widget-detail-overview\">\n<div class=\"do-title\">\n<h2 id=\"-product-parameter-table\">\ud83d\udcca Parametro Filtro fuso soffiato in PP (PPF)<\/h2>\n<p>La tabella seguente riassume i principali parametri tecnici delle cartucce filtranti in PP melt blown:<\/p>\n<p>&nbsp;<\/p>\n<table>\n<thead>\n<tr>\n<th>Categoria di parametri<\/th>\n<th>Parametri specifici<\/th>\n<\/tr>\n<\/thead>\n<tbody>\n<tr>\n<td>Lunghezza<\/td>\n<td>5 \u201c, 60\u201d<\/td>\n<\/tr>\n<tr>\n<td>Diametro esterno<\/td>\n<td>60-115 mm (62-65 mm)<\/td>\n<\/tr>\n<tr>\n<td>Diametro interno<\/td>\n<td>28 mm o 30 mm (il reparto pu\u00f2 personalizzare 15-35 mm)<\/td>\n<\/tr>\n<tr>\n<td>Parametri di prestazione<\/td>\n<\/tr>\n<tr>\n<td>Accuratezza del filtraggio<\/td>\n<td>0,5-100 \u03bc m (1,50 \u03bc m)<\/td>\n<\/tr>\n<tr>\n<td>Tensione massima di resistenza<\/td>\n<td>\u2264 0,5 MPa<\/td>\n<\/tr>\n<tr>\n<td>Perdita di carico massima<\/td>\n<td>0,2-0,4 MPa (si consiglia di sostituire la differenza di pressione di 0,1-0,2 MPa)<\/td>\n<\/tr>\n<tr>\n<td>Temperatura massima di lavoro<\/td>\n<td>\u2264 60-70 \u2103 (a breve termine fino a 90 \u2103)<\/td>\n<\/tr>\n<tr>\n<td>Intervallo di pH applicabile<\/td>\n<td>1-13<\/td>\n<\/tr>\n<tr>\n<td>Conformit\u00e0 del filtro<\/td>\n<td>\u2265 98% -99%<\/td>\n<\/tr>\n<\/tbody>\n<\/table>\n<h2><\/h2>\n<h2 id=\"-product-structure-and-process-characteristics\">\ud83d\udd2c Struttura del prodotto e caratteristiche del processo<\/h2>\n<p>Design strutturale La struttura di base dell'elemento filtrante in PP melt blown \u00e8 un design tubolare, che crea un gradiente di densit\u00e0 graduale dall'esterno verso l'interno; i prodotti di alta qualit\u00e0 sono solitamente creati utilizzando il \u201cprocesso a tre spruzzi\u201d per formare strutture multistrato come strati soffici, strati stretti e strati compattati!<\/p>\n<p>&nbsp;<\/p>\n<p>tandard e a scheletro: Alcune cartucce filtranti in PP melt blown sono dotate di uno scheletro in polipropilene incorporato, particolarmente adatto a specifiche pi\u00f9 lunghe (come 30\u201c, 40\u201d) o a scenari operativi che richiedono una maggiore resistenza alla compressione, in grado di prevenire efficacemente la deformazione della cartuccia filtrante. -<em>\u00a0<\/em>Filtro Big Fat: con un diametro esterno maggiorato, offre un'area di filtrazione pi\u00f9 ampia e una maggiore capacit\u00e0 di trattenere lo sporco, adatta a filtrare ambienti con un elevato contenuto di impurit\u00e0.<\/p>\n<p>&nbsp;<\/p>\n<p>Caratteristiche del processo Durante il processo di produzione, controllando il diametro e la distanza delle fibre, si forma una struttura microporosa con un piccolo strato interno e un grande strato esterno, che aumenta la portata e la capacit\u00e0 di trattenere gli inquinanti; le cartucce filtranti di alta qualit\u00e0 non devono presentare fibre sciolte (\u201cnessuna perdita di capelli\u201d), garantendo la purezza del mezzo filtrante.<\/p>\n<p>&nbsp;<\/p>\n<h2 id=\"-product-advantages-and-features\">\ud83d\udca1 Vantaggi e caratteristiche del prodotto<\/h2>\n<div><\/div>\n<ul>\n<li><strong>Buone prestazioni di filtrazione:\u00a0<\/strong>La cartuccia filtrante in PP melt blown ha una struttura di filtrazione profonda con pori uniformi, radi all'esterno e densi all'interno, e pu\u00f2 raggiungere una conformit\u00e0 di filtrazione di oltre 98% -99%! La sua struttura a densit\u00e0 progressiva raggiunge le caratteristiche di elevata capacit\u00e0 di trasporto degli inquinanti, alta portata e bassa perdita di carico;<\/li>\n<li><strong>Eccezionale stabilit\u00e0 chimica:\u00a0<\/strong>Il prodotto \u00e8 resistente agli acidi, alle soluzioni organiche, ha una buona stabilit\u00e0 chimica, \u00e8 adatto a un intervallo di pH compreso tra 1 e 13 e pu\u00f2 gestire fluidi con diverse propriet\u00e0 chimiche!<\/li>\n<li>Le prestazioni fisiche sono davvero elevate e l'elemento filtrante non si deforma quando la differenza di pressione dell'acqua tra l'ingresso e l'uscita del filtro \u00e8 superiore a 0,4 Mpa; quando la temperatura \u00e8 superiore a 90 \u2103, l'efficienza di filtrazione non diminuisce.<\/li>\n<li><strong>Sicurezza e igiene:\u00a0<\/strong>Realizzato con materie prime in polipropilene atossico e inodore, senza adesivi chimici, \u00e8 adatto ai requisiti di igiene e sicurezza dell'industria alimentare e farmaceutica. Il prodotto stesso \u00e8 altamente pulito e non inquina la qualit\u00e0 dell'acqua.<\/li>\n<li><strong>Economico e pratico:\u00a0<\/strong>Rispetto ad altri materiali filtranti, le cartucce filtranti in PP melt blown sono relativamente economiche, ma hanno prestazioni affidabili, una lunga durata e un elevato rapporto costo-efficacia!<\/li>\n<\/ul>\n<div><\/div>\n<h2 id=\"-maintenance-and-replacement-guide\">\ud83d\udd27 Guida alla manutenzione e alla sostituzione<\/h2>\n<p>Una manutenzione accurata pu\u00f2 prolungare notevolmente la durata delle cartucce filtranti in PP melt blown e garantire l'efficienza della filtrazione:<\/p>\n<p>&nbsp;<\/p>\n<p><strong>-<em>\u00a0<\/em>Valutazione del ciclo di sostituzione: T<\/strong>i norma i produttori consigliano un ciclo di sostituzione di 3-6 mesi, ma il ciclo effettivo deve essere regolato in base all'utilizzo dell'acqua, alla qualit\u00e0 dell'acqua e alla pressione dell'acqua. Il metodo di giudizio pi\u00f9 scientifico si basa sulla differenza di pressione in ingresso e in uscita. Quando la differenza di pressione \u00e8 superiore a 0,1-0,2 MPa, l'elemento filtrante deve essere pulito o sostituito;<\/p>\n<p><strong>-Capacit\u00e0 di pulizia:\u00a0<\/strong>\u00c8 possibile testare il lavaggio inverso e pulire la parete esterna dell'elemento filtrante con acqua pulita a una pressione inferiore a 0,2MPa. Tuttavia, va notato che una pulizia frequente ha un'efficacia limitata. Le cartucce filtranti in PP melt blown sono progettate principalmente per la filtrazione delle particelle e le loro prestazioni si deteriorano notevolmente dopo l'assorbimento dello sporco. Pertanto, di solito si raccomanda la sostituzione diretta invece della pulizia.<\/p>\n<p><strong>-<em>\u00a0<\/em>Regolazione dello spegnimento:\u00a0<\/strong>Quando l'elemento filtrante non \u00e8 in funzione, pu\u00f2 essere riposto nell'alloggiamento del filtro e riempito con acqua pulita o acqua antibatterica. Quando si riutilizza, \u00e8 necessario pulirlo accuratamente.<\/p>\n<p><strong>-<em>\u00a0<\/em>Identificazione dell'elemento filtrante:<\/strong>\u00a0l'elemento filtrante usato sostituito dopo l'uso, il prodotto di buona qualit\u00e0 riceve una grande quantit\u00e0 di inquinamento e, dalla sezione trasversale, ogni strato sar\u00e0 pieno di impurit\u00e0. I filtri di scarsa qualit\u00e0 si sporcano soprattutto sui contorni e sono pi\u00f9 leggeri.<\/p>\n<h2><\/h2>\n<h2 id=\"-application-field\">\ud83c\udfed Applicazione del filtro PP melt blown (PPF)<\/h2>\n<p>Le cartucce filtranti in PP melt blown sono ampiamente utilizzate in molti campi grazie alle loro eccellenti propriet\u00e0<\/p>\n<p>&nbsp;<\/p>\n<ul>\n<li><strong>Acqua potabile e industria alimentare:\u00a0<\/strong>filtrazione di acqua depurata, bevande alcoliche, acqua sterile per uso farmaceutico e trattamento di prefiltrazione dell'acqua depurata. -<em>\u00a0<\/em>Industria elettronica: prefiltrazione di acqua pura e ultrapura, filtrazione di soluzioni galvaniche!<\/li>\n<li><strong>Industria petrolchimica:\u00a0<\/strong>filtrazione di vari solventi organici, soluzioni alcaline e filtrazione dell'acqua dei giacimenti petroliferi.<\/li>\n<li><strong>Creazione farmaceutica:\u00a0<\/strong>Prefiltrazione di varie iniezioni, liquidi medicinali e acqua di lavaggio dei flaconi di iniezione, prefiltrazione di grandi soluzioni di infusione, nonch\u00e9 di vari antibiotici e iniezioni di medicina tradizionale cinese.<em>\u00a0<\/em>Sistema di trattamento dell'acqua: Utilizzato come precursore del filtro di sicurezza per l'osmosi inversa (RO), la nanofiltrazione (NF) e altri sistemi, protegge efficacemente il sistema di membrane principale.<\/li>\n<\/ul>\n<h2 id=\"-faq-frequently-asked-questions-\">\u2753 FAQ (Domande frequenti)<\/h2>\n<p><strong>1. Come distinguere i vantaggi e gli svantaggi delle cartucce filtranti in PP melt blown?\u00a0<\/strong>Il filtro di alta qualit\u00e0 adotta un design a densit\u00e0 progressiva, con un esterno morbido e un interno stretto; la considerazione della sezione trasversale deve essere irregolare all'interno e all'esterno. I filamenti di fibra sono uniformi e senza alcun fenomeno di dispersione. Anche il peso \u00e8 un obiettivo di riferimento: quelli pi\u00f9 pesanti hanno solitamente una maggiore capacit\u00e0 di trasporto degli inquinanti.<\/p>\n<p><strong>2. Come scegliere le cartucce filtranti da 1 e 5 micron?\u00a0<\/strong>Per le aree con bassa pressione dell'acqua o inquinamento idrico (come acque sotterranee e pozzi), si consiglia di utilizzare cartucce filtranti da 5 micron per evitare l'attenuazione della pressione causata da pressione insufficiente o confusione! Un filtro da 1 micron pu\u00f2 essere utilizzato in ambienti con acqua di rubinetto comunale con pressione idrica stabile.<\/p>\n<p><strong>3. Cosa devo fare se la lunghezza dell'elemento filtrante non \u00e8 compatibile?\u00a0<\/strong>Non esiste uno standard unificato per le bottiglie filtranti da 10 pollici in Cina, e possono esserci errori lievi e sottili! Se la lunghezza dell'elemento filtrante \u00e8 ridotta (ad esempio, solo 252 mm), si pu\u00f2 adottare l'aggiunta di guarnizioni per risolvere i problemi di compatibilit\u00e0;<\/p>\n<p><strong>4. Per quali scenari \u00e8 adatto il filtro skeleton?\u00a0<\/strong>L'elemento filtrante in polipropilene a scheletro \u00e8 utilizzato principalmente per migliorare la resistenza alla compressione, prevenire la deformazione dei filtri pi\u00f9 lunghi (come i filtri industriali da 40 pollici) ed \u00e8 particolarmente adatto per la filtrazione industriale con elevate fluttuazioni di flusso o pressione!<\/p>\n<p><strong>5. Pu\u00f2 essere utilizzato per la filtrazione di liquidi ad alta temperatura?\u00a0<\/strong>La temperatura massima di esercizio convenzionale dell'elemento filtrante in PP melt blown \u00e8 di 60-70 \u2103, e pu\u00f2 raggiungere i 90 \u2103 in breve tempo! Se \u00e8 richiesta una maggiore tolleranza alla temperatura, \u00e8 necessario prendere in considerazione prodotti filtranti realizzati con altri materiali o filtri in PP appositamente controllati!<\/p>\n<\/div>\n<\/div>\n<\/div>\n<\/div>\n<\/div>","protected":false},"excerpt":{"rendered":"<table>\n<thead>\n<tr>\n<th>articolo<\/th>\n<th>dettagli<\/th>\n<\/tr>\n<\/thead>\n<tbody>\n<tr>\n<td>marchio<\/td>\n<td>oem \/ lvyuan<\/td>\n<\/tr>\n<tr>\n<td>certificazione<\/td>\n<td>sgs<\/td>\n<\/tr>\n<tr>\n<td>porta di avvio<\/td>\n<td>huangpu \/ nansha<\/td>\n<\/tr>\n<tr>\n<td>luogo di origine<\/td>\n<td>guangzhou \/ shenzhen<\/td>\n<\/tr>\n<tr>\n<td>capacit\u00e0 produttiva<\/td>\n<td>10.000 pezzi\/mese<\/td>\n<\/tr>\n<tr>\n<td>moq<\/td>\n<td>1 pezzo<\/td>\n<\/tr>\n<tr>\n<td>tempi di consegna<\/td>\n<td>5-10 giorni<\/td>\n<\/tr>\n<tr>\n<td>pagamento<\/td>\n<td>t\/t; assicurazione commerciale di alibaba; paypal<\/td>\n<\/tr>\n<\/tbody>\n<\/table>","protected":false},"featured_media":2128,"comment_status":"open","ping_status":"closed","template":"","meta":{"_gspb_post_css":""},"product_brand":[],"product_cat":[17,23],"product_tag":[892,891,889,890,888,302],"class_list":{"0":"post-2120","1":"product","2":"type-product","3":"status-publish","4":"has-post-thumbnail","6":"product_cat-sediment-filter","7":"product_cat-pp-filter-cartridge","8":"product_tag-5-10-days-delivery","9":"product_tag-huangpu-nansha-shipping","10":"product_tag-lvyuan-filter-supplier","11":"product_tag-moq-1-pc","12":"product_tag-oem-filter-element","13":"product_tag-sgs-certified-filter","15":"first","16":"instock","17":"shipping-taxable","18":"product-type-simple"},"_links":{"self":[{"href":"https:\/\/lyfilter.com\/it\/wp-json\/wp\/v2\/product\/2120","targetHints":{"allow":["GET"]}}],"collection":[{"href":"https:\/\/lyfilter.com\/it\/wp-json\/wp\/v2\/product"}],"about":[{"href":"https:\/\/lyfilter.com\/it\/wp-json\/wp\/v2\/types\/product"}],"replies":[{"embeddable":true,"href":"https:\/\/lyfilter.com\/it\/wp-json\/wp\/v2\/comments?post=2120"}],"wp:featuredmedia":[{"embeddable":true,"href":"https:\/\/lyfilter.com\/it\/wp-json\/wp\/v2\/media\/2128"}],"wp:attachment":[{"href":"https:\/\/lyfilter.com\/it\/wp-json\/wp\/v2\/media?parent=2120"}],"wp:term":[{"taxonomy":"product_brand","embeddable":true,"href":"https:\/\/lyfilter.com\/it\/wp-json\/wp\/v2\/product_brand?post=2120"},{"taxonomy":"product_cat","embeddable":true,"href":"https:\/\/lyfilter.com\/it\/wp-json\/wp\/v2\/product_cat?post=2120"},{"taxonomy":"product_tag","embeddable":true,"href":"https:\/\/lyfilter.com\/it\/wp-json\/wp\/v2\/product_tag?post=2120"}],"curies":[{"name":"wp","href":"https:\/\/api.w.org\/{rel}","templated":true}]}}