{"id":1942,"date":"2026-01-06T02:53:34","date_gmt":"2026-01-06T02:53:34","guid":{"rendered":"https:\/\/lyfilter.com\/?post_type=product&#038;p=1942"},"modified":"2026-01-06T02:53:34","modified_gmt":"2026-01-06T02:53:34","slug":"double-layers-microns-filtration-5-micronx10-micron-spun-polypropylene-filter-cartridge-for-water-treatment-purification","status":"publish","type":"product","link":"https:\/\/lyfilter.com\/it\/double-layers-microns-filtration-5-micronx10-micron-spun-polypropylene-filter-cartridge-for-water-treatment-purification\/","title":{"rendered":"Doppi strati di filtrazione in micron (5 micronx10 micron) cartuccia filtrante in polipropilene filato per la depurazione del trattamento dell'acqua"},"content":{"rendered":"<div class=\"scc-wrapper detail-module module-productPackagingAndQuickDetail\" data-spm=\"prilinga1e\">\n<div class=\"widget-detail-overview\">\n<div class=\"do-content\">\n<div class=\"do-overview\">\n<div class=\"do-entry do-entry-separate\">\n<div class=\"do-entry-list\"><\/div>\n<\/div>\n<div class=\"do-entry do-entry-full\">\n<div class=\"do-entry-list\">\n<dl class=\"do-entry-item\">\n<dd class=\"do-entry-item-val\" title=\"Tempi di consegna\">\n<div class=\"table-responsive\">\n<table>\n<thead>\n<tr>\n<th>articolo<\/th>\n<th>dettagli<\/th>\n<\/tr>\n<\/thead>\n<tbody>\n<tr>\n<td>condizione<\/td>\n<td>nuovo<\/td>\n<\/tr>\n<tr>\n<td>nome del prodotto<\/td>\n<td>cartuccia filtrante in polipropilene filato da micron per il trattamento delle acque<\/td>\n<\/tr>\n<tr>\n<td>nome del marchio<\/td>\n<td>lvyuan\/oem<\/td>\n<\/tr>\n<tr>\n<td>luogo di origine<\/td>\n<td>guangdong, cina<\/td>\n<\/tr>\n<tr>\n<td>materiale<\/td>\n<td>polipropilene<\/td>\n<\/tr>\n<tr>\n<td>precisione<\/td>\n<td>1-100 micron<\/td>\n<\/tr>\n<tr>\n<td>diametro esterno<\/td>\n<td>10-200 mm<\/td>\n<\/tr>\n<tr>\n<td>diametro interno<\/td>\n<td>oem<\/td>\n<\/tr>\n<tr>\n<td>tipo di filtro<\/td>\n<td>scanalatura, goffratura, punti, logo aziendale<\/td>\n<\/tr>\n<tr>\n<td>adattatore per filtro<\/td>\n<td>tipo piatto, tipo 222, tipo 226, tipo 215<\/td>\n<\/tr>\n<tr>\n<td>temperatura pi\u00f9 alta<\/td>\n<td>80\u2103<\/td>\n<\/tr>\n<tr>\n<td>caduta di pressione di lavoro<\/td>\n<td>0,1 kgf\/cm\u00b2<\/td>\n<\/tr>\n<tr>\n<td>pi\u00f9 alto confinato<\/td>\n<td>5 kgf\/cm\u00b2<\/td>\n<\/tr>\n<tr>\n<td>perdita di carico massima<\/td>\n<td>3 kgf\/cm\u00b2<\/td>\n<\/tr>\n<tr>\n<td>dimensione<\/td>\n<td>oem<\/td>\n<\/tr>\n<tr>\n<td>peso<\/td>\n<td>oem<\/td>\n<\/tr>\n<tr>\n<td>potenza<\/td>\n<td>0<\/td>\n<\/tr>\n<tr>\n<td>Garanzia<\/td>\n<td>non disponibile<\/td>\n<\/tr>\n<tr>\n<td>servizio post-vendita fornito<\/td>\n<td>supporto online<\/td>\n<\/tr>\n<tr>\n<td>industrie applicabili<\/td>\n<td>alberghi, negozi di abbigliamento, negozi di materiali da costruzione, impianti di produzione, officine di riparazione di macchinari, fabbriche di alimenti e bevande, aziende agricole, ristoranti, uso domestico, vendita al dettaglio, negozi di alimentari, tipografie, lavori di costruzione, energia e miniere, negozi di alimenti e bevande, societ\u00e0 di pubblicit\u00e0<\/td>\n<\/tr>\n<tr>\n<td>unit\u00e0 di vendita<\/td>\n<td>singolo articolo<\/td>\n<\/tr>\n<tr>\n<td>dimensioni della confezione singola<\/td>\n<td>26 \u00d7 3 \u00d7 3 cm<\/td>\n<\/tr>\n<tr>\n<td>peso lordo singolo<\/td>\n<td>1.000 kg<\/td>\n<\/tr>\n<tr>\n<td>tipo di pacchetto<\/td>\n<td>cartuccia filtrante in polipropilene filato a doppio strato di micron (5 micron \u00d7 10 micron) per la purificazione del trattamento dell'acqua; confezionata in cartone di carta<\/td>\n<\/tr>\n<tr>\n<td>tempi di consegna (1-100 pezzi)<\/td>\n<td>3 giorni<\/td>\n<\/tr>\n<tr>\n<td>tempi di consegna (101-500 pezzi)<\/td>\n<td>5 giorni<\/td>\n<\/tr>\n<tr>\n<td>tempi di consegna (501-5000 pezzi)<\/td>\n<td>10 giorni<\/td>\n<\/tr>\n<tr>\n<td>tempi di consegna (&gt;5000 pezzi)<\/td>\n<td>da negoziare<\/td>\n<\/tr>\n<\/tbody>\n<\/table>\n<\/div>\n<\/dd>\n<\/dl>\n<\/div>\n<\/div>\n<\/div>\n<\/div>\n<\/div>\n<\/div>\n<div class=\"scc-wrapper detail-module module-detailVideo\" data-spm=\"detailvideo\"><\/div>\n<div class=\"scc-wrapper detail-module module-productSpecification\" data-spm=\"pronpeci14\">\n<div id=\"J-rich-text-description\" class=\"richtext richtext-detail rich-text-description\">\n<div id=\"detail_decorate_root\" data-host=\"111218246\" data-id=\"detail_decorate_root\">\n<div id=\"_root\" class=\"engine-app\" data-reactroot=\"\">\n<div id=\"ali-anchor-AliMagic-c52arj\" class=\"magic-0\" data-section=\"AliMagic-c52arj\" data-section-title=\"Product Description\">Descrizione del prodotto<\/div>\n<div class=\"icbu-pc-images magic-1\">\n<div>\n<div class=\"flex-layout-v\">\n<div class=\"flex-layout-h magic-1\">\n<div class=\"magic-2\"><img decoding=\"async\" class=\"magic-3\" src=\"https:\/\/img.yfisher.com\/m6076\/172572676906t\/jpg70-t3-scale100.webp\" alt=\"Doppi strati di filtrazione micron (5 micronx10 micron) cartuccia filtrante in polipropilene filato per il trattamento delle acque di depurazione 7\" data-lazy=\"2\" title=\"\"><\/div>\n<\/div>\n<\/div>\n<\/div>\n<\/div>\n<div class=\"icbu-pc-images magic-1\">\n<div>\n<div class=\"flex-layout-h\">\n<div class=\"flex-layout-v magic-4\">\n<div class=\"magic-5\"><img decoding=\"async\" class=\"magic-6\" src=\"https:\/\/img.yfisher.com\/m6076\/1725726769ezm\/png70-t3-scale100.webp\" alt=\"Doppi strati di filtrazione in micron (5 micronx10 micron) cartuccia filtrante in polipropilene filato per il trattamento delle acque di depurazione 9\" data-lazy=\"2\" title=\"\"><\/div>\n<\/div>\n<div class=\"text-wrapper magic-7\">\n<div class=\"text-wrapper-right text-theme-light text-align-left\">\n<div class=\"text-title\">\n<h3 class=\"magic-8\"><span class=\"magic-9\">\u00a0<\/span><\/h3>\n<h3 class=\"magic-8\"><span class=\"magic-9\">\u00a0<\/span><\/h3>\n<h3 class=\"magic-8\"><span class=\"magic-9\">Varie dimensioni per il filtro soffiato PP spun melt<\/span><\/h3>\n<\/div>\n<div class=\"text-content\">\n<p class=\"magic-10\"><span class=\"magic-9\">La cartuccia filtrante PP meltblown (PPF) \u00e8\u00a0<\/span><\/p>\n<p class=\"magic-10\"><span class=\"magic-9\">in polipropilene.\u00a0<\/span><\/p>\n<p class=\"magic-10\"><span class=\"magic-9\">Pu\u00f2 rimuovere le sostanze in sospensione,\u00a0<\/span><\/p>\n<p class=\"magic-10\"><span class=\"magic-9\">particelle e ruggine in modo efficace.\u00a0<\/span><\/p>\n<p class=\"magic-10\"><span class=\"magic-9\">Questo tipo di cartuccia viene utilizzato per la parte frontale\u00a0<\/span><\/p>\n<p class=\"magic-10\"><span class=\"magic-9\">cartuccia filtrante per proteggere\u00a0<\/span><\/p>\n<p class=\"magic-10\"><span class=\"magic-9\">altri.<\/span><\/p>\n<\/div>\n<\/div>\n<\/div>\n<\/div>\n<\/div>\n<\/div>\n<div class=\"icbu-pc-images magic-1\">\n<div>\n<div class=\"flex-layout-h\">\n<div class=\"text-wrapper magic-11\">\n<div class=\"text-wrapper-left text-theme-light text-align-left\">\n<div class=\"text-title\">\n<h3 class=\"magic-8\"><span class=\"magic-9\">\u00a0<\/span><\/h3>\n<h3 class=\"magic-8\"><span class=\"magic-9\">\u00a0<\/span><\/h3>\n<h3 class=\"magic-8\"><span class=\"magic-9\">Dimensioni OEM cartuccia filtrante in PP melt blown<\/span><\/h3>\n<\/div>\n<div class=\"text-content\">\n<p class=\"magic-10\"><span class=\"magic-9\">Lvyuan PP <a href=\"https:\/\/lyfilter.com\/it\/melt-blown-filter-cartridge.html\/\">cartuccia filtrante soffiata per fusione<\/a>La serie s \u00e8 un tipo di cartucce filtranti standard e semplici per la purificazione dell'acqua. Si tratta di fibre di polipropilene fuse e intrecciate senza l'uso di colle chimiche, realizzate con materie prime in polipropilene PP puro 100%.\u00a0<\/span><\/p>\n<p class=\"magic-10\"><span class=\"magic-9\"><b><span style=\"color: #71a3a1;\">Signora Vickie Yung<br \/>\nMob.\/Whatsapp: +86 15975359293<br \/>\nSkype: vickie9293<\/span><\/b><br \/>\n<\/span><\/p>\n<\/div>\n<\/div>\n<\/div>\n<div class=\"flex-layout-v magic-4\">\n<div class=\"magic-5\"><img decoding=\"async\" class=\"magic-6\" src=\"https:\/\/img.yfisher.com\/m6076\/1725726769nrd\/png70-t3-scale100.webp\" alt=\"Doppi strati di filtrazione micron (5 micronx10 micron) cartuccia filtrante in polipropilene filato per il trattamento delle acque di depurazione 11\" data-lazy=\"2\" title=\"\"><\/div>\n<\/div>\n<\/div>\n<\/div>\n<\/div>\n<div class=\"icbu-pc-images magic-1\">\n<div>\n<div class=\"flex-layout-h\">\n<div class=\"flex-layout-v magic-4\">\n<div class=\"magic-5\"><img decoding=\"async\" class=\"magic-6\" src=\"https:\/\/img.yfisher.com\/m6076\/1725726769ek9\/png70-t3-scale100.webp\" alt=\"Doppio strato di filtrazione in micron (5 micronx10 micron) cartuccia filtrante in polipropilene filato per il trattamento delle acque di depurazione 13\" data-lazy=\"2\" title=\"\"><\/div>\n<\/div>\n<div class=\"text-wrapper magic-7\">\n<div class=\"text-wrapper-right text-theme-light text-align-left\">\n<div class=\"text-title\">\n<h3 class=\"magic-8\"><span class=\"magic-9\">\u00a0<\/span><\/h3>\n<h3 class=\"magic-8\"><span class=\"magic-9\">\u00a0<\/span><\/h3>\n<h3 class=\"magic-8\"><span class=\"magic-9\">Filtro per acqua in PP a doppio micron su misura<\/span><\/h3>\n<\/div>\n<div class=\"text-content\">\n<p class=\"magic-10\"><span class=\"magic-9\">I micron possono essere personalizzati, 2 strati micron PP <a href=\"https:\/\/lyfilter.com\/it\/products.html\/\">cartucce filtranti per acqua<\/a> per ottenere una forte capacit\u00e0 di trattenere gli inquinanti, pu\u00f2 rimuovere efficacemente i contaminanti, come le sostanze in sospensione, il particolato e la ruggine, garantendo una filtrazione efficiente e una lunga durata.\u00a0<\/span><\/p>\n<\/div>\n<\/div>\n<\/div>\n<\/div>\n<\/div>\n<\/div>\n<div class=\"icbu-pc-images magic-1\">\n<div>\n<div class=\"flex-layout-h\">\n<div class=\"text-wrapper magic-11\">\n<div class=\"text-wrapper-left text-theme-light text-align-left\">\n<div class=\"text-title\">\n<h3 class=\"magic-8\"><span class=\"magic-9\">Cartuccia filtrante in PP con materiale composito<\/span><\/h3>\n<\/div>\n<div class=\"text-content\">\n<p class=\"magic-10\"><span class=\"magic-9\"><a href=\"https:\/\/lyfilter.com\/it\/pp-filter-cartridge.html\/\">Cartuccia filtrante in PP<\/a> con filtro composito, pu\u00f2 essere personalizzato in base alle dimensioni e ai materiali di filtrazione per soddisfare le diverse esigenze.\u00a0<\/span><\/p>\n<\/div>\n<\/div>\n<\/div>\n<div class=\"flex-layout-v magic-4\">\n<div class=\"magic-5\"><img decoding=\"async\" class=\"magic-6\" src=\"https:\/\/img.yfisher.com\/m6076\/17257267697zl\/png70-t3-scale100.webp\" alt=\"Doppi strati di filtrazione in micron (5 micronx10 micron) cartuccia filtrante in polipropilene filato per il trattamento delle acque di depurazione 15\" data-lazy=\"2\" title=\"\"><\/div>\n<\/div>\n<\/div>\n<\/div>\n<\/div>\n<div class=\"icbu-pc-images magic-1\">\n<div>\n<div class=\"flex-layout-h\">\n<div class=\"flex-layout-v magic-4\">\n<div class=\"magic-5\"><img decoding=\"async\" class=\"magic-6\" src=\"https:\/\/img.yfisher.com\/m6076\/1725726769o3n\/png70-t3-scale100.webp\" alt=\"Doppi strati di filtrazione in micron (5 micronx10 micron) cartuccia filtrante in polipropilene filato per il trattamento delle acque di depurazione 17\" data-lazy=\"2\" title=\"\"><\/div>\n<\/div>\n<div class=\"text-wrapper magic-7\">\n<div class=\"text-wrapper-right text-theme-light text-align-left\">\n<div class=\"text-title\">\n<h3 class=\"magic-8\"><span class=\"magic-9\">Adattatori OEM per elementi filtranti per acqua in PP<\/span><\/h3>\n<\/div>\n<div class=\"text-content\">\n<p class=\"magic-10\"><span class=\"magic-9\">Sono disponibili diversi adattatori per filtri.<\/span><\/p>\n<p class=\"magic-10\"><span class=\"magic-9\">Silicone, EPDM, NBR, Viton a scelta.\u00a0<\/span><\/p>\n<\/div>\n<\/div>\n<\/div>\n<\/div>\n<\/div>\n<\/div>\n<div class=\"ife-detail-decorate-table\">\n<div class=\"table-responsive\">\n<table class=\"all magic-12\">\n<tbody>\n<tr>\n<td colspan=\"1\" rowspan=\"1\">\n<div class=\"magic-13\">Nome del prodotto<\/div>\n<\/td>\n<td colspan=\"3\" rowspan=\"1\">\n<div class=\"magic-14\">Doppi strati di filtrazione in micron (5 micronx10 micron) cartuccia filtrante in polipropilene filato per la depurazione del trattamento dell'acqua<\/div>\n<\/td>\n<\/tr>\n<tr>\n<td colspan=\"1\" rowspan=\"1\">\n<div class=\"magic-13\">Materiale<\/div>\n<\/td>\n<td colspan=\"3\" rowspan=\"1\">\n<div class=\"magic-14\">100% Materiale in puro polipropilene<\/div>\n<\/td>\n<\/tr>\n<tr>\n<td colspan=\"1\" rowspan=\"1\">\n<div class=\"magic-13\">Superficie<\/div>\n<\/td>\n<td colspan=\"3\" rowspan=\"1\">\n<div class=\"magic-14\">Scanalatura, Punti di pressione, Piatto, Incrocio<\/div>\n<\/td>\n<\/tr>\n<tr>\n<td colspan=\"1\" rowspan=\"1\">\n<div class=\"magic-13\">Micron<\/div>\n<\/td>\n<td colspan=\"3\" rowspan=\"1\">\n<div class=\"magic-17\">1 ~100 micron<\/div>\n<\/td>\n<\/tr>\n<tr>\n<td colspan=\"1\" rowspan=\"1\">\n<div class=\"magic-13\">Diametro esterno<\/div>\n<\/td>\n<td colspan=\"3\" rowspan=\"1\">\n<div class=\"magic-17\">OEM<\/div>\n<\/td>\n<\/tr>\n<tr>\n<td colspan=\"1\" rowspan=\"1\">\n<div class=\"magic-13\">Diametro interno<\/div>\n<\/td>\n<td colspan=\"3\" rowspan=\"1\">\n<div class=\"magic-17\">OEM<\/div>\n<\/td>\n<\/tr>\n<tr>\n<td colspan=\"1\" rowspan=\"1\">\n<div class=\"magic-13\">Interfaccia<\/div>\n<\/td>\n<td colspan=\"3\" rowspan=\"1\">\n<div class=\"magic-17\">Piatto, inserto, avvitato<\/div>\n<\/td>\n<\/tr>\n<tr>\n<td colspan=\"1\" rowspan=\"1\">\n<div class=\"magic-13\">Tappo terminale<\/div>\n<\/td>\n<td colspan=\"3\" rowspan=\"1\">\n<div class=\"magic-17\">222\/piatto, 222\/aletta, 226\/piatto, 226\/aletta, 215\/piatto, 215\/aletta<\/div>\n<\/td>\n<\/tr>\n<tr>\n<td colspan=\"1\" rowspan=\"1\">\n<div class=\"magic-13\">Lunghezza<\/div>\n<\/td>\n<td colspan=\"3\" rowspan=\"1\">\n<div class=\"magic-17\">OEM<\/div>\n<\/td>\n<\/tr>\n<tr>\n<td colspan=\"1\" rowspan=\"1\">\n<div class=\"magic-13\">Pressione differenziale massima<\/div>\n<\/td>\n<td colspan=\"3\" rowspan=\"1\">\n<div class=\"magic-17\">3 kgf\/cm\u00b2<\/div>\n<\/td>\n<\/tr>\n<tr>\n<td colspan=\"1\" rowspan=\"1\">\n<div class=\"magic-13\">Temperatura massima di esercizio<\/div>\n<\/td>\n<td colspan=\"3\" rowspan=\"1\">\n<div class=\"magic-17\">80\u00b0c<\/div>\n<\/td>\n<\/tr>\n<tr>\n<td colspan=\"1\" rowspan=\"1\">\n<div class=\"magic-13\">Pressione differenziale di esercizio<\/div>\n<\/td>\n<td colspan=\"3\" rowspan=\"1\">\n<div class=\"magic-17\">0,1 kgf\/cm2<\/div>\n<\/td>\n<\/tr>\n<tr>\n<td colspan=\"1\" rowspan=\"1\">\n<div class=\"magic-13\">Marchio\/Logo<\/div>\n<\/td>\n<td colspan=\"3\" rowspan=\"1\">\n<div class=\"magic-17\">OEM<\/div>\n<\/td>\n<\/tr>\n<\/tbody>\n<\/table>\n<\/div>\n<\/div>\n<div id=\"ali-anchor-AliMagic-gysdug\" class=\"magic-0\" data-section=\"AliMagic-gysdug\" data-section-title=\"Detailed Images\">Immagini dettagliate<\/div>\n<div class=\"detail-decorate-json-renderer-container\">\n<div class=\"magic-18\">\n<div class=\"magic-19\">\n<div class=\"magic-20\">\n<div class=\"magic-21\"><img decoding=\"async\" class=\"magic-22\" src=\"https:\/\/img.yfisher.com\/m6076\/1725726769xty\/png70-t3-scale100.webp\" alt=\"Doppio strato di filtrazione in micron (5 micronx10 micron) cartuccia filtrante in polipropilene filato per il trattamento delle acque di depurazione 19\" data-lazy=\"2\" title=\"\"><\/div>\n<\/div>\n<div class=\"magic-23\">\n<div class=\"magic-24\">\n<p class=\"magic-10\"><span style=\"font-size: large;\">\u00a0 \u00a0 \u00a0 \u00a0 \u00a0 \u00a0 \u00a0 \u00a0 \u00a0 \u00a0 \u00a0 \u00a0 \u00a0 \u00a0Superficie lucida<\/span><\/p>\n<\/div>\n<\/div>\n<\/div>\n<div class=\"magic-19\">\n<div class=\"magic-20\">\n<div class=\"magic-21\"><img decoding=\"async\" class=\"magic-22\" src=\"https:\/\/img.yfisher.com\/m6076\/1725726769vkf\/png70-t3-scale100.webp\" alt=\"Doppi strati di filtrazione in micron (5 micronx10 micron) cartuccia filtrante in polipropilene filato per il trattamento delle acque di depurazione 21\" data-lazy=\"2\" title=\"\"><\/div>\n<\/div>\n<div class=\"magic-23\">\n<div class=\"magic-24\">\n<p class=\"magic-10\"><span style=\"font-size: large;\">\u00a0 \u00a0 \u00a0 \u00a0 \u00a0 \u00a0 \u00a0 \u00a0 \u00a0 \u00a0 \u00a0 \u00a0 \u00a0Superficie di goffratura<\/span><\/p>\n<\/div>\n<\/div>\n<\/div>\n<\/div>\n<\/div>\n<div class=\"detail-decorate-json-renderer-container\">\n<div class=\"magic-18\">\n<div class=\"magic-25\">\n<div class=\"magic-20\">\n<div class=\"magic-20\">\n<div class=\"magic-26\"><img decoding=\"async\" class=\"magic-27\" src=\"https:\/\/img.yfisher.com\/m6076\/17257267698g9\/png70-t3-scale100.webp\" alt=\"Doppi strati di filtrazione in micron (5 micronx10 micron) cartuccia filtrante in polipropilene filato per il trattamento delle acque di depurazione 23\" data-lazy=\"2\" title=\"\"><\/div>\n<\/div>\n<\/div>\n<div class=\"magic-23\">\n<div class=\"magic-24\">\n<p class=\"magic-10\"><span style=\"font-size: large;\">\u00a0 \u00a0 \u00a0 \u00a0 \u00a0 Superficie a buccia d'arancia<\/span><\/p>\n<\/div>\n<\/div>\n<\/div>\n<div class=\"magic-25\">\n<div class=\"magic-20\">\n<div class=\"magic-20\">\n<div class=\"magic-26\"><img decoding=\"async\" class=\"magic-27\" src=\"https:\/\/img.yfisher.com\/m6076\/17257267699d3\/png70-t3-scale100.webp\" alt=\"Doppi strati di filtrazione micron (5 micronx10 micron) cartuccia filtrante in polipropilene filato per il trattamento delle acque di depurazione 25\" data-lazy=\"2\" title=\"\"><\/div>\n<\/div>\n<\/div>\n<div class=\"magic-23\">\n<div class=\"magic-24\">\n<p class=\"magic-10\"><span style=\"font-size: large;\">\u00a0 \u00a0 \u00a0 \u00a0 \u00a0 \u00a0 \u00a0 Superficie scanalata<\/span><\/p>\n<\/div>\n<\/div>\n<\/div>\n<div class=\"magic-25\">\n<div class=\"magic-20\">\n<div class=\"magic-20\">\n<div class=\"magic-26\"><img decoding=\"async\" class=\"magic-27\" src=\"https:\/\/img.yfisher.com\/m6076\/1725726769wls\/png70-t3-scale100.webp\" alt=\"Doppio strato di filtrazione in micron (5 micronx10 micron) cartuccia filtrante in polipropilene filato per il trattamento delle acque di depurazione 27\" data-lazy=\"2\" title=\"\"><\/div>\n<\/div>\n<\/div>\n<div class=\"magic-23\">\n<div class=\"magic-24\">\n<p class=\"magic-10\"><span style=\"font-size: large;\">\u00a0 \u00a0 \u00a0 \u00a0 \u00a0 \u00a0 \u00a0Superficie agugliata<\/span><\/p>\n<\/div>\n<\/div>\n<\/div>\n<\/div>\n<\/div>\n<div class=\"detail-decorate-json-renderer-container\">\n<div class=\"magic-18\">\n<div class=\"magic-19\">\n<div class=\"magic-20\">\n<div class=\"magic-21\"><img decoding=\"async\" class=\"magic-28\" src=\"https:\/\/img.yfisher.com\/m6076\/1725726769opm\/png70-t3-scale100.webp\" alt=\"Doppi strati di filtrazione in micron (5 micronx10 micron) cartuccia filtrante in polipropilene filato per il trattamento delle acque di depurazione 29\" data-lazy=\"2\" title=\"\"><\/div>\n<\/div>\n<div class=\"magic-23\">\n<div class=\"magic-24\">\n<p class=\"magic-10\"><b>\u00a0 \u00a0 Cartuccia filtrante per acqua filata in PP con anima in acciaio inox<\/b><\/p>\n<\/div>\n<\/div>\n<\/div>\n<div class=\"magic-19\">\n<div class=\"magic-20\">\n<div class=\"magic-21\"><img decoding=\"async\" class=\"magic-28\" src=\"https:\/\/img.yfisher.com\/m6076\/17257267698ge\/png70-t3-scale100.webp\" alt=\"Doppi strati di filtrazione in micron (5 micronx10 micron) cartuccia filtrante in polipropilene filato per il trattamento delle acque di depurazione 31\" data-lazy=\"2\" title=\"\"><\/div>\n<\/div>\n<div class=\"magic-23\">\n<div class=\"magic-24\">\n<p class=\"magic-10\"><b>\u00a0 \u00a0 \u00a0 \u00a0 \u00a0 \u00a0 \u00a0 \u00a0 \u00a0Cartuccia filtrante in PP melt blown con nucleo SS<\/b><\/p>\n<\/div>\n<\/div>\n<\/div>\n<\/div>\n<\/div>\n<div class=\"icbu-pc-images magic-1\">\n<div>\n<div class=\"flex-layout-v\">\n<div class=\"flex-layout-h magic-1\">\n<div class=\"magic-29\"><img decoding=\"async\" class=\"magic-30\" src=\"https:\/\/img.yfisher.com\/m6076\/1725726769d2o\/png70-t3-scale100.webp\" alt=\"Doppi strati di filtrazione micron (5 micronx10 micron) cartuccia filtrante in polipropilene filato per il trattamento delle acque di depurazione 33\" data-lazy=\"2\" title=\"\"><\/div>\n<div class=\"magic-31\"><img decoding=\"async\" class=\"magic-30\" src=\"https:\/\/img.yfisher.com\/m6076\/1725726769csx\/png70-t3-scale100.webp\" alt=\"Doppi strati di filtrazione micron (5 micronx10 micron) cartuccia filtrante in polipropilene filato per il trattamento delle acque di depurazione 35\" data-lazy=\"2\" title=\"\"><\/div>\n<\/div>\n<\/div>\n<\/div>\n<\/div>\n<div class=\"detail-decorate-json-renderer-container\">\n<div class=\"magic-18\">\n<div class=\"magic-19\">\n<div class=\"magic-20\">\n<div class=\"magic-21\"><img decoding=\"async\" class=\"magic-22\" src=\"https:\/\/img.yfisher.com\/m6076\/17257267691y8\/png70-t3-scale100.webp\" alt=\"Doppi strati di filtrazione micron (5 micronx10 micron) cartuccia filtrante in polipropilene filato per il trattamento delle acque di depurazione 37\" data-lazy=\"2\" title=\"\"><\/div>\n<\/div>\n<div class=\"magic-23\">\n<div class=\"magic-24\">\n<p class=\"magic-10\"><span><b>\u00a0 \u00a0 \u00a0 Siamo in grado di fornire le dimensioni OEM per soddisfare la vostra richiesta.\u00a0<\/b><\/span><\/p>\n<\/div>\n<\/div>\n<\/div>\n<div class=\"magic-19\">\n<div class=\"magic-20\">\n<div class=\"magic-21\"><img decoding=\"async\" class=\"magic-28\" src=\"https:\/\/img.yfisher.com\/m6076\/1725726770jgy\/png70-t3-scale100.webp\" alt=\"Doppi strati di filtrazione micron (5 micronx10 micron) cartuccia filtrante in polipropilene filato per il trattamento delle acque di depurazione 39\" data-lazy=\"2\" title=\"\"><\/div>\n<\/div>\n<div class=\"magic-23\">\n<div class=\"magic-24\">\n<p class=\"magic-10\"><b><span style=\"font-size: medium;\">\u00a0 \u00a0 \u00a0 \u00a0 \u00a0 \u00a0\u00a0<\/span><span>Sul filtro pu\u00f2 essere stampato il logo della vostra azienda<\/span><\/b><\/p>\n<\/div>\n<\/div>\n<\/div>\n<\/div>\n<\/div>\n<\/div>\n<\/div>\n<\/div>\n<\/div>","protected":false},"excerpt":{"rendered":"<p>Questa cartuccia in PP filato aiuta a mantenere i sistemi di trattamento dell'acqua pi\u00f9 puliti, riducendo gli intasamenti e i tempi di inattivit\u00e0. Scegliete il grado di micron e l'adattatore pi\u00f9 adatto al vostro alloggiamento e aggiungete il vostro logo per i ricambi con marchio.<\/p>","protected":false},"featured_media":1946,"comment_status":"open","ping_status":"closed","template":"","meta":{"_gspb_post_css":""},"product_brand":[],"product_cat":[23,17],"product_tag":[327,848,846,847,845,844],"class_list":{"0":"post-1942","1":"product","2":"type-product","3":"status-publish","4":"has-post-thumbnail","6":"product_cat-pp-filter-cartridge","7":"product_cat-sediment-filter","8":"product_tag-1-100-micron-filter","9":"product_tag-10-200mm-od-cartridge","10":"product_tag-222-226-215-flat-adaptor","11":"product_tag-oem-logo-filter-cartridge","12":"product_tag-polypropylene-water-treatment-filter","13":"product_tag-spun-pp-filter-cartridge","15":"first","16":"instock","17":"shipping-taxable","18":"product-type-simple"},"_links":{"self":[{"href":"https:\/\/lyfilter.com\/it\/wp-json\/wp\/v2\/product\/1942","targetHints":{"allow":["GET"]}}],"collection":[{"href":"https:\/\/lyfilter.com\/it\/wp-json\/wp\/v2\/product"}],"about":[{"href":"https:\/\/lyfilter.com\/it\/wp-json\/wp\/v2\/types\/product"}],"replies":[{"embeddable":true,"href":"https:\/\/lyfilter.com\/it\/wp-json\/wp\/v2\/comments?post=1942"}],"wp:featuredmedia":[{"embeddable":true,"href":"https:\/\/lyfilter.com\/it\/wp-json\/wp\/v2\/media\/1946"}],"wp:attachment":[{"href":"https:\/\/lyfilter.com\/it\/wp-json\/wp\/v2\/media?parent=1942"}],"wp:term":[{"taxonomy":"product_brand","embeddable":true,"href":"https:\/\/lyfilter.com\/it\/wp-json\/wp\/v2\/product_brand?post=1942"},{"taxonomy":"product_cat","embeddable":true,"href":"https:\/\/lyfilter.com\/it\/wp-json\/wp\/v2\/product_cat?post=1942"},{"taxonomy":"product_tag","embeddable":true,"href":"https:\/\/lyfilter.com\/it\/wp-json\/wp\/v2\/product_tag?post=1942"}],"curies":[{"name":"wp","href":"https:\/\/api.w.org\/{rel}","templated":true}]}}