{"id":1940,"date":"2026-01-06T02:50:36","date_gmt":"2026-01-06T02:50:36","guid":{"rendered":"https:\/\/lyfilter.com\/?post_type=product&#038;p=1940"},"modified":"2026-01-06T02:50:36","modified_gmt":"2026-01-06T02:50:36","slug":"10-20-inch-5-micron-big-pp-sediment-filter-cartridge-big-size-pp-string-wound-filter","status":"publish","type":"product","link":"https:\/\/lyfilter.com\/it\/10-20-inch-5-micron-big-pp-sediment-filter-cartridge-big-size-pp-string-wound-filter\/","title":{"rendered":"10 20 pollici 5 micron grande cartuccia filtro sedimenti pp \/ grande dimensione pp stringa avvolto filtro"},"content":{"rendered":"<div class=\"pro_aliData\">\n<div class=\"detail-box\">\n<div class=\"scc-wrapper detail-module module-productSpecification\" data-spm=\"pronpeci14\">\n<div id=\"J-rich-text-description\" class=\"richtext richtext-detail rich-text-description\">\n<p>Parametri:<\/p>\n<div class=\"table-responsive\">\n<table class=\"aliDataTable\">\n<tbody>\n<tr align=\"left\">\n<td valign=\"top\">Prodotto<\/td>\n<td valign=\"top\">10 20 pollici 5 micron grande cartuccia filtro sedimenti pp \/ grande dimensione pp stringa avvolto filtro<\/td>\n<\/tr>\n<tr align=\"left\">\n<td valign=\"top\">Materiale<\/td>\n<td valign=\"top\">PP, polipropilene<\/td>\n<\/tr>\n<tr align=\"left\">\n<td valign=\"top\">Stile<\/td>\n<td valign=\"top\">Scanalatura, Punti di pressione, Piatto, Incrocio<\/td>\n<\/tr>\n<tr align=\"left\">\n<td valign=\"top\">Filtrazione di precisione<\/td>\n<td valign=\"top\">1~100micron<\/td>\n<\/tr>\n<tr align=\"left\">\n<td valign=\"top\">Diametro esterno<\/td>\n<td valign=\"top\">60~65 mm<\/td>\n<\/tr>\n<tr align=\"left\">\n<td valign=\"top\">Diametro interno<\/td>\n<td valign=\"top\">28 mm o 30 mm<\/td>\n<\/tr>\n<tr align=\"left\">\n<td valign=\"top\">Interfaccia<\/td>\n<td valign=\"top\">Piatto, inserto, avvitato<\/td>\n<\/tr>\n<tr align=\"left\">\n<td valign=\"top\">Tipo di tappo terminale<\/td>\n<td valign=\"top\">222flat, 222fin, 226flat, 226fin, 215flat, 215fin<\/td>\n<\/tr>\n<tr align=\"left\">\n<td valign=\"top\">Lunghezza<\/td>\n<td valign=\"top\">5\u201d,10\u201d,20\u201d,30\u201d,40\u201d,50\u2033,60\u2033<\/td>\n<\/tr>\n<tr align=\"left\">\n<td valign=\"top\">Pressione differenziale massima<\/td>\n<td valign=\"top\">3 kgf\/cm\u00b2<\/td>\n<\/tr>\n<tr align=\"left\">\n<td valign=\"top\">Temperatura massima di esercizio<\/td>\n<td valign=\"top\">80\u00b0c<\/td>\n<\/tr>\n<tr align=\"left\">\n<td valign=\"top\">Pressione differenziale di esercizio<\/td>\n<td valign=\"top\">0,1 kgf\/cm2<\/td>\n<\/tr>\n<tr align=\"left\">\n<td valign=\"top\">Marchio<\/td>\n<td valign=\"top\">Lvyuan\/OEM<\/td>\n<\/tr>\n<tr align=\"left\">\n<td valign=\"top\">Peso comune<\/td>\n<td valign=\"top\">100- 120g\/10\u2033 (pu\u00f2 essere personalizzato)<\/td>\n<\/tr>\n<\/tbody>\n<\/table>\n<\/div>\n<p>Caratteristiche :<\/p>\n<p>1. Muove efficacemente le sostanze in sospensione, le particelle e la ruggine.<\/p>\n<p>2. Prefiltrazione dell'acqua<\/p>\n<p>3. Ampia compatibilit\u00e0 chimica<\/p>\n<p>4. A prova di pressione<\/p>\n<p>5. Elevata resistenza chimica.<\/p>\n<p>6. Sono disponibili tutti i tipi di adattatori<\/p>\n<p>7. Elevata capacit\u00e0 di trattenere i contaminanti e lunga durata.<\/p>\n<p>Ambito di applicazione:<\/p>\n<p>Prefiltrazione o sistema RO, solventi, industria chimica, industria petrolifera,<\/p>\n<p>trattamento dell'acqua potabile, industria elettronica ed energetica, placcatura,<\/p>\n<p>cibo e bevande, vino, ecc.<\/p>\n<p>&nbsp;<\/p>\n<p>Dettaglio dell'imballaggio: 10\u2033: 50PCS\/CTN; 20\u2033: 25PCS\/CTN; 30\u2033: 25PC\/CTN; 40\u2033: 25PCS\/CTN<\/p>\n<p>Dettaglio di consegna: Entro 7 giorni dopo aver ricevuto il deposito 30%<\/p>\n<p>Mostra del prodotto:<\/p>\n<p><img decoding=\"async\" src=\"https:\/\/img.yfisher.com\/m6076\/1725731201we9\/jpg70-t3-scale100.webp\" alt=\"10 20 pollici 5 micron grande filtro a sedimenti in pp cartuccia\/filtro a stringa in pp di grandi dimensioni 3\" data-alt=\"10 20 inch 5 micron big pp sediment filter cartridge\/big size pp string wound filter\" data-=\"\" data-lazy=\"2\" title=\"\"><\/p>\n<p><img decoding=\"async\" src=\"https:\/\/img.yfisher.com\/m6076\/1725727044jk0\/jpg70-t3-scale100.webp\" alt=\"10 20 pollici 5 micron grande cartuccia filtro sedimenti pp \/ grande dimensione pp stringa avvolto filtro 5\" data-alt=\"10 20 inch 5 micron big pp sediment filter cartridge\/big size pp string wound filter\" data-=\"\" data-lazy=\"2\" title=\"\"><\/p>\n<p><img decoding=\"async\" src=\"https:\/\/img.yfisher.com\/m6076\/1725731201n1y\/jpg70-t3-scale100.webp\" alt=\"10 20 pollici 5 micron grande cartuccia filtro sedimenti pp \/ grande dimensione pp stringa avvolto filtro 7\" data-alt=\"10 20 inch 5 micron big pp sediment filter cartridge\/big size pp string wound filter\" data-=\"\" data-lazy=\"2\" title=\"\"><\/p>\n<p><img decoding=\"async\" src=\"https:\/\/img.yfisher.com\/m6076\/1725727044ad0\/jpg70-t3-scale100.webp\" alt=\"10 20 pollici 5 micron grande filtro a sedimenti in pp cartuccia\/filtro a stringa in pp di grandi dimensioni 9\" data-alt=\"10 20 inch 5 micron big pp sediment filter cartridge\/big size pp string wound filter\" data-=\"\" data-lazy=\"2\" title=\"\"><\/p>\n<p><img decoding=\"async\" src=\"https:\/\/img.yfisher.com\/m6076\/1725727044yry\/jpg70-t3-scale100.webp\" alt=\"10 20 pollici 5 micron grande filtro a sedimenti in pp cartuccia\/filtro a stringhe in pp di grandi dimensioni 11\" data-alt=\"10 20 inch 5 micron big pp sediment filter cartridge\/big size pp string wound filter\" data-=\"\" data-lazy=\"2\" title=\"\"><\/p>\n<p><img decoding=\"async\" src=\"https:\/\/img.yfisher.com\/m6076\/17257312014p8\/jpg70-t3-scale100.webp\" alt=\"10 20 pollici 5 micron grande filtro a sedimenti in pp cartuccia\/filtro a stringa in pp di grandi dimensioni 13\" data-alt=\"10 20 inch 5 micron big pp sediment filter cartridge\/big size pp string wound filter\" data-=\"\" data-lazy=\"2\" title=\"\"><\/p>\n<p><img decoding=\"async\" src=\"https:\/\/img.yfisher.com\/m6076\/17257270449f1\/jpg70-t3-scale100.webp\" alt=\"10 20 pollici 5 micron grande cartuccia filtro sedimenti pp \/ grande dimensione pp stringa avvolto filtro 15\" data-alt=\"10 20 inch 5 micron big pp sediment filter cartridge\/big size pp string wound filter\" data-=\"\" data-lazy=\"2\" title=\"\"><\/p>\n<p><img decoding=\"async\" src=\"https:\/\/img.yfisher.com\/m6076\/1725727044bwm\/jpg70-t3-scale100.webp\" alt=\"10 20 pollici 5 micron grande cartuccia filtro sedimenti pp \/ grande dimensione pp stringa avvolto filtro 17\" data-alt=\"10 20 inch 5 micron big pp sediment filter cartridge\/big size pp string wound filter\" data-=\"\" data-lazy=\"2\" title=\"\"><\/p>\n<p>Non esitate a contattarci per ulteriori dettagli o citazioni.<\/p>\n<p>se siete interessati ai nostri prodotti o alla nostra azienda. : )<\/p>\n<p><strong>Le mie informazioni di contatto -----<\/strong><\/p>\n<p><img decoding=\"async\" src=\"https:\/\/img.yfisher.com\/m6076\/172572799710g\/jpg70-t3-scale100.webp\" alt=\"10 20 pollici 5 micron grande cartuccia filtro sedimenti pp \/ grande dimensione pp stringa avvolto filtro 19\" data-alt=\"10 20 inch 5 micron big pp sediment filter cartridge\/big size pp string wound filter\" data-=\"\" data-lazy=\"2\" title=\"\"><\/p>\n<\/div>\n<\/div>\n<div data-module=\"detailMarketPackage\"><\/div>\n<div data-module=\"productAuth\"><\/div>\n<\/div>\n<\/div>\n<div class=\"diffStatement\">Guangzhou Lvyuan Water Purification Equipment Co., Ltd. ha una forte capacit\u00e0 di reazione e di sviluppo di nuovi prodotti.\u00a0<a href=\"https:\/\/lyfilter.com\/it\/products.html\/\">cartucce filtranti per acqua<\/a>\u00a0campo. La matrice di fibre autoportanti consente un design senza nucleo, economico e resistente. Guangzhou Lvyuan Water Purification Equipment Co., Ltd. organizzer\u00e0 la produzione e la consegna al pi\u00f9 presto una volta che i nostri clienti avranno confermato i loro ordini. La matrice in fibra autoportante consente un design senza nucleo, economico e resistente.<\/div>","protected":false},"excerpt":{"rendered":"<p>Questa cartuccia di sedimenti in PP di grandi dimensioni \u00e8 realizzata per portate pi\u00f9 elevate e carichi di sporco pi\u00f9 pesanti, in modo che il sistema rimanga stabile e l'acqua limpida. Scegliete il grado di micron, la lunghezza e l'interfaccia pi\u00f9 adatta al vostro alloggiamento e aggiungete il vostro logo se desiderate parti di ricambio con marchio.<\/p>","protected":false},"featured_media":1943,"comment_status":"open","ping_status":"closed","template":"","meta":{"_gspb_post_css":""},"product_brand":[],"product_cat":[23,17],"product_tag":[671,841,842,840,843,783],"class_list":{"0":"post-1940","1":"product","2":"type-product","3":"status-publish","4":"has-post-thumbnail","6":"product_cat-pp-filter-cartridge","7":"product_cat-sediment-filter","8":"product_tag-1-100-micron-filter-cartridge","9":"product_tag-10-40-inch-sediment-cartridge","10":"product_tag-222-226-215-filter-interface","11":"product_tag-big-pp-sediment-filter","12":"product_tag-custom-logo-filter-cartridge","13":"product_tag-high-flow-pp-cartridge","15":"first","16":"instock","17":"shipping-taxable","18":"product-type-simple"},"_links":{"self":[{"href":"https:\/\/lyfilter.com\/it\/wp-json\/wp\/v2\/product\/1940","targetHints":{"allow":["GET"]}}],"collection":[{"href":"https:\/\/lyfilter.com\/it\/wp-json\/wp\/v2\/product"}],"about":[{"href":"https:\/\/lyfilter.com\/it\/wp-json\/wp\/v2\/types\/product"}],"replies":[{"embeddable":true,"href":"https:\/\/lyfilter.com\/it\/wp-json\/wp\/v2\/comments?post=1940"}],"wp:featuredmedia":[{"embeddable":true,"href":"https:\/\/lyfilter.com\/it\/wp-json\/wp\/v2\/media\/1943"}],"wp:attachment":[{"href":"https:\/\/lyfilter.com\/it\/wp-json\/wp\/v2\/media?parent=1940"}],"wp:term":[{"taxonomy":"product_brand","embeddable":true,"href":"https:\/\/lyfilter.com\/it\/wp-json\/wp\/v2\/product_brand?post=1940"},{"taxonomy":"product_cat","embeddable":true,"href":"https:\/\/lyfilter.com\/it\/wp-json\/wp\/v2\/product_cat?post=1940"},{"taxonomy":"product_tag","embeddable":true,"href":"https:\/\/lyfilter.com\/it\/wp-json\/wp\/v2\/product_tag?post=1940"}],"curies":[{"name":"wp","href":"https:\/\/api.w.org\/{rel}","templated":true}]}}