{"id":1855,"date":"2026-01-05T10:15:34","date_gmt":"2026-01-05T10:15:34","guid":{"rendered":"https:\/\/lyfilter.com\/?post_type=product&#038;p=1855"},"modified":"2026-01-05T10:15:34","modified_gmt":"2026-01-05T10:15:34","slug":"alternative-mp-filtri-5-3-micron-polypropylene-depth-filter-cartridge-price-for-oil-paint-hydraulic-water-filtration","status":"publish","type":"product","link":"https:\/\/lyfilter.com\/it\/alternative-mp-filtri-5-3-micron-polypropylene-depth-filter-cartridge-price-for-oil-paint-hydraulic-water-filtration\/","title":{"rendered":"Alternativa mp filtri 5 3 micron Polipropilene profondit\u00e0 filtro cartuccia prezzo per olio vernice filtrazione dell'acqua idraulica"},"content":{"rendered":"<table>\n<thead>\n<tr>\n<th>Articolo<\/th>\n<th>Dettagli<\/th>\n<\/tr>\n<\/thead>\n<tbody>\n<tr>\n<td>titolo<\/td>\n<td>cartuccia filtrante di profondit\u00e0 in pp spun<\/td>\n<\/tr>\n<tr>\n<td>condizione<\/td>\n<td>nuovo<\/td>\n<\/tr>\n<tr>\n<td>industrie applicabili<\/td>\n<td>alberghi, negozi di abbigliamento, negozi di materiali da costruzione, impianti di produzione, officine di riparazione di macchinari, fabbriche di alimenti e bevande, aziende agricole, ristoranti, uso domestico, vendita al dettaglio, negozi di alimentari, tipografie, lavori di costruzione, energia e miniere, negozi di alimenti e bevande, societ\u00e0 di pubblicit\u00e0<\/td>\n<\/tr>\n<tr>\n<td>luogo di origine<\/td>\n<td>guangdong, cina<\/td>\n<\/tr>\n<tr>\n<td>nome del marchio<\/td>\n<td>lvyuan \/ oem<\/td>\n<\/tr>\n<tr>\n<td>materiale<\/td>\n<td>polipropilene<\/td>\n<\/tr>\n<tr>\n<td>peso<\/td>\n<td>dipende<\/td>\n<\/tr>\n<tr>\n<td>dimensione<\/td>\n<td>standard o personalizzazione<\/td>\n<\/tr>\n<tr>\n<td>potenza<\/td>\n<td>0<\/td>\n<\/tr>\n<tr>\n<td>Garanzia<\/td>\n<td>non disponibile<\/td>\n<\/tr>\n<tr>\n<td>nome del prodotto<\/td>\n<td>filtro di profondit\u00e0<\/td>\n<\/tr>\n<tr>\n<td>tasso di micron<\/td>\n<td>Cartuccia di filtri da 1\/3\/5\/10\/25\/50\/75\/100 micron<\/td>\n<\/tr>\n<tr>\n<td>certificazione<\/td>\n<td>ce, sgs<\/td>\n<\/tr>\n<tr>\n<td>applicazione<\/td>\n<td>parti del filtro dell'acqua, osmosi inversa<\/td>\n<\/tr>\n<tr>\n<td>lunghezza<\/td>\n<td>5\u2033, 10\u2033, 20\u2033, 30\u2033, 40\u2033, 50\u2033 pollici<\/td>\n<\/tr>\n<tr>\n<td>mezzi filtranti<\/td>\n<td>polipropilene (pp) filato<\/td>\n<\/tr>\n<tr>\n<td>tappo terminale<\/td>\n<td>doe\/222fin\/226fin\/222flat\/226flat<\/td>\n<\/tr>\n<tr>\n<td>materiale della guarnizione \/ o ring<\/td>\n<td>silicio\/epdm\/viton<\/td>\n<\/tr>\n<tr>\n<td>utilizzo<\/td>\n<td>filtro a cartuccia per liquidi<\/td>\n<\/tr>\n<tr>\n<td>nucleo interno<\/td>\n<td>pp, acciaio inox, nessuno<\/td>\n<\/tr>\n<tr>\n<td>servizio post-vendita fornito<\/td>\n<td>supporto online<\/td>\n<\/tr>\n<tr>\n<td>capacit\u00e0 di fornitura<\/td>\n<td>5000 pezzi al giorno (cartuccia filtrante in polipropilene)<\/td>\n<\/tr>\n<\/tbody>\n<\/table>","protected":false},"excerpt":{"rendered":"<p>Questo filtro di profondit\u00e0 filato in PP aiuta a catturare i sedimenti e le particelle fini, in modo che l'acqua rimanga pi\u00f9 limpida e il sistema RO funzioni pi\u00f9 agevolmente. Scegliete il grado di micron, la lunghezza, lo stile del tappo terminale e il materiale di tenuta pi\u00f9 adatto alla vostra configurazione. \u00c8 certificato CE\/SGS e supportato dall'assistenza online.<\/p>","protected":false},"featured_media":1865,"comment_status":"open","ping_status":"closed","template":"","meta":{"_gspb_post_css":""},"product_brand":[],"product_cat":[23,17],"product_tag":[327,650,681,729,816,649],"class_list":{"0":"post-1855","1":"product","2":"type-product","3":"status-publish","4":"has-post-thumbnail","6":"product_cat-pp-filter-cartridge","7":"product_cat-sediment-filter","8":"product_tag-1-100-micron-filter","9":"product_tag-doe-222-226-end-cap","10":"product_tag-liquid-cartridge-filter","11":"product_tag-polypropylene-filter-cartridge","12":"product_tag-pp-spun-depth-filter","13":"product_tag-reverse-osmosis-prefilter","15":"first","16":"instock","17":"shipping-taxable","18":"product-type-simple"},"_links":{"self":[{"href":"https:\/\/lyfilter.com\/it\/wp-json\/wp\/v2\/product\/1855","targetHints":{"allow":["GET"]}}],"collection":[{"href":"https:\/\/lyfilter.com\/it\/wp-json\/wp\/v2\/product"}],"about":[{"href":"https:\/\/lyfilter.com\/it\/wp-json\/wp\/v2\/types\/product"}],"replies":[{"embeddable":true,"href":"https:\/\/lyfilter.com\/it\/wp-json\/wp\/v2\/comments?post=1855"}],"wp:featuredmedia":[{"embeddable":true,"href":"https:\/\/lyfilter.com\/it\/wp-json\/wp\/v2\/media\/1865"}],"wp:attachment":[{"href":"https:\/\/lyfilter.com\/it\/wp-json\/wp\/v2\/media?parent=1855"}],"wp:term":[{"taxonomy":"product_brand","embeddable":true,"href":"https:\/\/lyfilter.com\/it\/wp-json\/wp\/v2\/product_brand?post=1855"},{"taxonomy":"product_cat","embeddable":true,"href":"https:\/\/lyfilter.com\/it\/wp-json\/wp\/v2\/product_cat?post=1855"},{"taxonomy":"product_tag","embeddable":true,"href":"https:\/\/lyfilter.com\/it\/wp-json\/wp\/v2\/product_tag?post=1855"}],"curies":[{"name":"wp","href":"https:\/\/api.w.org\/{rel}","templated":true}]}}