{"id":1391,"date":"2026-01-04T08:53:55","date_gmt":"2026-01-04T08:53:55","guid":{"rendered":"https:\/\/lyfilter.com\/?post_type=product&#038;p=1391"},"modified":"2026-01-04T08:53:55","modified_gmt":"2026-01-04T08:53:55","slug":"wholesales-pp-polypropylene-cartridge-filter-component-melt-blown-with-222-adaptor","status":"publish","type":"product","link":"https:\/\/lyfilter.com\/it\/wholesales-pp-polypropylene-cartridge-filter-component-melt-blown-with-222-adaptor\/","title":{"rendered":"Ingrosso del componente del filtro a cartuccia in polipropilene PP soffiato per fusione con adattatore 222"},"content":{"rendered":"<table>\n<thead>\n<tr>\n<th>panoramica<\/th>\n<th>Componente filtrante in PP soffiato per fusione (serie LY-PPF) per filtrazione RO e liquidi.<\/th>\n<\/tr>\n<\/thead>\n<tbody>\n<tr>\n<td>luogo di origine<\/td>\n<td>Guangdong, Cina<\/td>\n<\/tr>\n<tr>\n<td>nome del marchio<\/td>\n<td>Lvyuan \/ OEM<\/td>\n<\/tr>\n<tr>\n<td>numero del modello<\/td>\n<td>Serie LY-PPF<\/td>\n<\/tr>\n<tr>\n<td>nome del prodotto<\/td>\n<td>componente filtrante soffiato per fusione<\/td>\n<\/tr>\n<tr>\n<td>mezzi filtranti<\/td>\n<td>Membrana in polipropilene PP<\/td>\n<\/tr>\n<tr>\n<td>tasso di micron<\/td>\n<td>1, 2, 3, 5, 10, 20, 50, 75, 100<\/td>\n<\/tr>\n<tr>\n<td>applicazione<\/td>\n<td>parti del filtro dell'acqua; osmosi inversa<\/td>\n<\/tr>\n<tr>\n<td>utilizzo<\/td>\n<td>Filtro a cartuccia per liquidi<\/td>\n<\/tr>\n<tr>\n<td>lunghezza<\/td>\n<td>5\u2033, 10\u2033, 20\u2033, 30\u2033, 40\u2033, 50\u201d pollici<\/td>\n<\/tr>\n<tr>\n<td>tappo terminale<\/td>\n<td>DOE; 222+Fin; 222+Flat; 226+Fin; 226+Flat<\/td>\n<\/tr>\n<tr>\n<td>materiale della guarnizione \/ o-ring<\/td>\n<td>Silicio; EPDM; Viton<\/td>\n<\/tr>\n<tr>\n<td>nucleo interno<\/td>\n<td>PP o Nessuno<\/td>\n<\/tr>\n<tr>\n<td>certificazione<\/td>\n<td>CE; SGS<\/td>\n<\/tr>\n<tr>\n<td>capacit\u00e0 di fornitura<\/td>\n<td>5000 pezzo\/pezzi al giorno (filtro PP soffiato per fusione)<\/td>\n<\/tr>\n<\/tbody>\n<\/table>","protected":false},"excerpt":{"rendered":"<p>Questo componente filtrante in PP soffiato per fusione aiuta a trattenere i sedimenti in modo che il sistema di filtrazione RO o liquido funzioni pi\u00f9 a lungo e in modo pi\u00f9 pulito. Scegliete il grado di micron, la lunghezza e il tappo terminale pi\u00f9 adatto.<\/p>","protected":false},"featured_media":1405,"comment_status":"open","ping_status":"closed","template":"","meta":{"_gspb_post_css":""},"product_brand":[],"product_cat":[17,23],"product_tag":[690,299],"class_list":{"0":"post-1391","1":"product","2":"type-product","3":"status-publish","4":"has-post-thumbnail","6":"product_cat-sediment-filter","7":"product_cat-pp-filter-cartridge","8":"product_tag-caps","9":"product_tag-ce-sgs-certified","11":"first","12":"instock","13":"shipping-taxable","14":"product-type-simple"},"_links":{"self":[{"href":"https:\/\/lyfilter.com\/it\/wp-json\/wp\/v2\/product\/1391","targetHints":{"allow":["GET"]}}],"collection":[{"href":"https:\/\/lyfilter.com\/it\/wp-json\/wp\/v2\/product"}],"about":[{"href":"https:\/\/lyfilter.com\/it\/wp-json\/wp\/v2\/types\/product"}],"replies":[{"embeddable":true,"href":"https:\/\/lyfilter.com\/it\/wp-json\/wp\/v2\/comments?post=1391"}],"wp:featuredmedia":[{"embeddable":true,"href":"https:\/\/lyfilter.com\/it\/wp-json\/wp\/v2\/media\/1405"}],"wp:attachment":[{"href":"https:\/\/lyfilter.com\/it\/wp-json\/wp\/v2\/media?parent=1391"}],"wp:term":[{"taxonomy":"product_brand","embeddable":true,"href":"https:\/\/lyfilter.com\/it\/wp-json\/wp\/v2\/product_brand?post=1391"},{"taxonomy":"product_cat","embeddable":true,"href":"https:\/\/lyfilter.com\/it\/wp-json\/wp\/v2\/product_cat?post=1391"},{"taxonomy":"product_tag","embeddable":true,"href":"https:\/\/lyfilter.com\/it\/wp-json\/wp\/v2\/product_tag?post=1391"}],"curies":[{"name":"wp","href":"https:\/\/api.w.org\/{rel}","templated":true}]}}