{"id":911,"date":"2025-12-25T03:24:53","date_gmt":"2025-12-25T03:24:53","guid":{"rendered":"https:\/\/lyfilter.com\/?post_type=product&#038;p=911"},"modified":"2025-12-25T03:24:53","modified_gmt":"2025-12-25T03:24:53","slug":"10-20jumb-water-filter-cartridge-pp-melt-blown-sediment-water-filter-cartridge-5-micron","status":"publish","type":"product","link":"https:\/\/lyfilter.com\/fr\/10-20jumb-water-filter-cartridge-pp-melt-blown-sediment-water-filter-cartridge-5-micron\/","title":{"rendered":"10 20\u2033Jumb Water Filter Cartridge PP Melt Blown Sediment Water Filter Cartridge 5 micron"},"content":{"rendered":"<div class=\"pro_aliData\">\n<div class=\"detail-box\">\n<div class=\"scc-wrapper detail-module module-productSpecification\" data-spm=\"pronpeci14\">\n<div id=\"J-rich-text-description\" class=\"richtext richtext-detail rich-text-description\">\n<div id=\"detail_decorate_root\" data-host=\"112311420\" data-id=\"detail_decorate_root\">\n<div id=\"_root\" class=\"engine-app\" data-reactroot=\"\">\n<div id=\"ali-anchor-AliMagic-7f7ca7\" class=\"magic-0\" data-section=\"AliMagic-7f7ca7\" data-section-title=\"Product Description\">Description du produit<\/div>\n<div class=\"icbu-pc-images magic-1\">\n<div>\n<div class=\"flex-layout-v\">\n<div class=\"flex-layout-h magic-1\">\n<div class=\"magic-2\"><img decoding=\"async\" class=\"magic-3\" src=\"https:\/\/img.yfisher.com\/m6076\/1725726990g0q\/jpg70-t3-scale100.webp\" alt=\"10 20Jumb Cartouche de filtre \u00e0 eau PP Cartouche de filtre \u00e0 s\u00e9diment souffl\u00e9 par fusion 5 microns 7\" data-lazy=\"2\" title=\"\"><\/div>\n<\/div>\n<\/div>\n<\/div>\n<\/div>\n<div class=\"detail-decorate-json-renderer-container\">\n<div class=\"magic-4\">\n<div class=\"magic-5\">\n<div class=\"magic-6\">\n<div class=\"magic-7\">\n<p class=\"magic-8\"><b>Description g\u00e9n\u00e9rale<\/b><\/p>\n<p class=\"magic-8\"><span style=\"font-family: Arial, Helvetica;\">Lvyuan pp <a href=\"https:\/\/lyfilter.com\/fr\/melt-blown-filter-cartridge.html\/\">cartouche filtrante souffl\u00e9e par fusion<\/a> est une sorte de cartouche filtrante standard et simple pour la purification de l'eau. Elle est constitu\u00e9e de fibres de polypropyl\u00e8ne fusionn\u00e9es et entrelac\u00e9es sans colle chimique.<\/p>\n<p>Cette cartouche filtrante est fabriqu\u00e9e en polypropyl\u00e8ne pur 100%. Cette cartouche filtrante est rayonn\u00e9e pour former des micropores en 3D, ce qui permet d'obtenir une cartouche \u00e0 3 couches avec des fibres fines en surface et des fibres grossi\u00e8res pour la filtration en profondeur. La fibre et la densit\u00e9 de la cartouche filtrante ont un indice de filtration \u00e9lev\u00e9 et une capacit\u00e9 de r\u00e9tention des polluants sur le diam\u00e8tre de la cartouche filtrante, une faible perte de charge, une structure de filtration en profondeur \u00e0 changement progressif avec un ext\u00e9rieur large et un int\u00e9rieur \u00e9troit, une forte capacit\u00e9 de r\u00e9tention des polluants, ce qui permet d'\u00e9liminer efficacement les contaminants, tels que les substances en suspension, les particules et la rouille, et d'assurer une filtration efficace et une longue dur\u00e9e de vie.<\/span><\/p>\n<\/div>\n<\/div>\n<\/div>\n<\/div>\n<\/div>\n<div class=\"icbu-pc-images magic-1\">\n<div>\n<div class=\"flex-layout-v\">\n<div class=\"flex-layout-h magic-1\">\n<div class=\"magic-9\"><img decoding=\"async\" class=\"magic-10\" src=\"https:\/\/img.yfisher.com\/m6076\/17257276796e1\/jpg70-t3-scale100.webp\" alt=\"10 20Jumb Cartouche de filtre \u00e0 eau PP Cartouche de filtre \u00e0 s\u00e9diment souffl\u00e9 par fusion 5 microns 9\" data-lazy=\"2\" title=\"\"><\/div>\n<\/div>\n<\/div>\n<\/div>\n<\/div>\n<div class=\"detail-decorate-json-renderer-container\">\n<div class=\"magic-4\">\n<div class=\"magic-5\">\n<div class=\"magic-6\">\n<div class=\"magic-7\">\n<p class=\"magic-8\"><b>Caract\u00e9ristiques :<\/b><\/p>\n<p>1. Grande capacit\u00e9 de r\u00e9tention de la salet\u00e9 et longue dur\u00e9e de vie.<\/p>\n<p>2. Taille et logo personnalis\u00e9s Joint en acier.<\/p>\n<p>3. Il n'y a pas de chute de fibres.<\/p>\n<\/div>\n<\/div>\n<\/div>\n<\/div>\n<\/div>\n<div class=\"icbu-pc-images magic-1\">\n<div>\n<div class=\"flex-layout-v\">\n<div class=\"flex-layout-h magic-1\">\n<div class=\"magic-11\"><img decoding=\"async\" class=\"magic-12\" src=\"https:\/\/img.yfisher.com\/m6076\/172572699030m\/jpg70-t3-scale100.webp\" alt=\"10 20Jumb Cartouche de filtre \u00e0 eau PP Cartouche de filtre \u00e0 eau \u00e0 s\u00e9diments souffl\u00e9s par fusion 5 microns 11\" data-lazy=\"2\" title=\"\"><\/div>\n<\/div>\n<\/div>\n<\/div>\n<\/div>\n<div class=\"detail-decorate-json-renderer-container\">\n<div class=\"magic-4\">\n<div class=\"magic-5\">\n<div class=\"magic-6\">\n<div class=\"magic-7\">\n<p class=\"magic-8\"><b>\u00a0Lvyuan pp <a href=\"https:\/\/lyfilter.com\/fr\/sediment-filter.html\/\">filtre \u00e0 s\u00e9diments<\/a> sp\u00e9cification :<\/b><\/p>\n<\/div>\n<\/div>\n<\/div>\n<\/div>\n<\/div>\n<div class=\"ife-detail-decorate-table\">\n<div class=\"table-responsive\">\n<table class=\"all magic-13\">\n<tbody>\n<tr>\n<td>\n<div class=\"magic-14\">Mat\u00e9riau du m\u00e9dia filtrant<\/div>\n<\/td>\n<td>\n<div class=\"magic-15\">PP (polypropyl\u00e8ne)<\/div>\n<\/td>\n<\/tr>\n<tr>\n<td>\n<div class=\"magic-14\">Noyau central\/Capuchons finaux<\/div>\n<\/td>\n<td>\n<div class=\"magic-15\">PP\/non<\/div>\n<\/td>\n<\/tr>\n<tr>\n<td>\n<div class=\"magic-14\">Mat\u00e9riau du joint<\/div>\n<\/td>\n<td>\n<div class=\"magic-15\">Silicone, EPDM, NBR, VITON, TEFLON, etc.<\/div>\n<\/td>\n<\/tr>\n<tr>\n<td>\n<div class=\"magic-14\">Adaptateurs<\/div>\n<\/td>\n<td>\n<div class=\"magic-15\">DOE, 222flat, 222fin, 226flat, 226fin, ou sur mesure<\/div>\n<\/td>\n<\/tr>\n<tr>\n<td>\n<div class=\"magic-14\">Surface<\/div>\n<\/td>\n<td>\n<div class=\"magic-15\">Brillant, rainur\u00e9, gaufr\u00e9, aiguillet\u00e9, surface peau d'orange<\/div>\n<\/td>\n<\/tr>\n<tr>\n<td>\n<div class=\"magic-14\">Diam\u00e8tre int\u00e9rieur<\/div>\n<\/td>\n<td>\n<div class=\"magic-15\">28 mm, 30 mm ou sur mesure<\/div>\n<\/td>\n<\/tr>\n<tr>\n<td>\n<div class=\"magic-14\">Diam\u00e8tre ext\u00e9rieur<\/div>\n<\/td>\n<td>\n<div class=\"magic-15\">63 mm, 65 mm ou sur mesure<\/div>\n<\/td>\n<\/tr>\n<tr>\n<td>\n<div class=\"magic-14\">Longueur<\/div>\n<\/td>\n<td>\n<div class=\"magic-15\">10 pouces, 20 pouces, 30 pouces, 40 pouces<\/div>\n<\/td>\n<\/tr>\n<tr>\n<td>\n<div class=\"magic-14\">Pression diff\u00e9rentielle maximale<\/div>\n<\/td>\n<td>\n<div class=\"magic-15\">3,5 bar \u00e0 20\u2103<\/div>\n<\/td>\n<\/tr>\n<tr>\n<td>\n<div class=\"magic-14\">Temp\u00e9rature de fonctionnement maximale<\/div>\n<\/td>\n<td>\n<div class=\"magic-15\">82\u2103<\/div>\n<\/td>\n<\/tr>\n<tr>\n<td>\n<div class=\"magic-14\">Pression diff\u00e9rentielle de remplacement<\/div>\n<\/td>\n<td>\n<div class=\"magic-15\">1-1,5bar<\/div>\n<\/td>\n<\/tr>\n<\/tbody>\n<\/table>\n<\/div>\n<\/div>\n<div class=\"detail-decorate-json-renderer-container\">\n<div class=\"magic-4\">\n<div class=\"magic-5\">\n<div class=\"magic-6\">\n<div class=\"magic-7\">\n<p class=\"magic-8\"><b>Avec 10 ans de fabrication de filtres souffl\u00e9s par fusion en pp, nous pouvons accepter des sp\u00e9cifications personnalis\u00e9es, des adaptateurs personnalis\u00e9s, des surfaces personnalis\u00e9es, des grammes personnalis\u00e9s.<\/b><\/p>\n<\/div>\n<\/div>\n<\/div>\n<\/div>\n<\/div>\n<div class=\"detail-decorate-json-renderer-container\">\n<div class=\"magic-4\">\n<div class=\"magic-16\">\n<div class=\"magic-17\">\n<div class=\"magic-17\">\n<div class=\"magic-18\"><img decoding=\"async\" class=\"magic-19\" src=\"https:\/\/img.yfisher.com\/m6076\/1725726990f1j\/jpg70-t3-scale100.webp\" alt=\"10 20Jumb Cartouche de filtre \u00e0 eau PP Cartouche de filtre \u00e0 eau \u00e0 s\u00e9diment souffl\u00e9 par fusion 5 microns 13\" data-id=\"img0\" data-lazy=\"2\" title=\"\"><\/div>\n<\/div>\n<\/div>\n<div class=\"magic-6\">\n<div class=\"magic-7\" data-id=\"paragraph0\">\n<p class=\"magic-8\">Sp\u00e9cification personnalis\u00e9e<\/p>\n<\/div>\n<\/div>\n<\/div>\n<div class=\"magic-16\">\n<div class=\"magic-17\">\n<div class=\"magic-17\">\n<div class=\"magic-18\"><img decoding=\"async\" class=\"magic-20\" src=\"https:\/\/img.yfisher.com\/m6076\/1725726990yl3\/jpg70-t3-scale100.webp\" alt=\"10 20Jumb Cartouche de filtre \u00e0 eau PP Cartouche de filtre \u00e0 s\u00e9diment souffl\u00e9 par fusion 5 microns 15\" data-id=\"img1\" data-lazy=\"2\" title=\"\"><\/div>\n<\/div>\n<\/div>\n<div class=\"magic-6\">\n<div class=\"magic-7\" data-id=\"paragraph1\">\n<p class=\"magic-8\">multi-adaptateur\/soe<\/p>\n<\/div>\n<\/div>\n<\/div>\n<div class=\"magic-16\">\n<div class=\"magic-17\">\n<div class=\"magic-17\">\n<div class=\"magic-18\"><img decoding=\"async\" class=\"magic-20\" src=\"https:\/\/img.yfisher.com\/m6076\/17257269907i1\/jpg70-t3-scale100.webp\" alt=\"10 20Jumb Cartouche de filtre \u00e0 eau PP Cartouche de filtre \u00e0 eau \u00e0 s\u00e9diment souffl\u00e9 par fusion 5 microns 17\" data-id=\"img2\" data-lazy=\"2\" title=\"\"><\/div>\n<\/div>\n<\/div>\n<div class=\"magic-6\">\n<div class=\"magic-7\" data-id=\"paragraph2\">\n<p class=\"magic-8\">5 types de surface<\/p>\n<\/div>\n<\/div>\n<\/div>\n<\/div>\n<\/div>\n<div class=\"detail-decorate-json-renderer-container\">\n<div class=\"magic-4\">\n<div class=\"magic-5\">\n<div class=\"magic-6\">\n<div class=\"magic-7\">\n<p class=\"magic-8\"><b>Service de personnalisation :<\/b><\/p>\n<p>1. Accepte les tailles et les longueurs personnalis\u00e9es.               2. Accepter un adaptateur personnalis\u00e9.<\/p>\n<p>3. Accepter de personnaliser l'apparence.                        4. Accepter deux pr\u00e9cisions.<\/p>\n<p>5. Acceptation de grammes personnalis\u00e9s<\/p>\n<\/div>\n<\/div>\n<\/div>\n<\/div>\n<\/div>\n<div class=\"icbu-pc-images magic-1\">\n<div>\n<div class=\"flex-layout-v\">\n<div class=\"flex-layout-h magic-1\">\n<div class=\"magic-21\"><img decoding=\"async\" class=\"magic-22\" src=\"https:\/\/img.yfisher.com\/m6076\/172572699016s\/jpg70-t3-scale100.webp\" alt=\"10 20Cartouche de filtre \u00e0 eau PP Cartouche de filtre \u00e0 eau \u00e0 s\u00e9diment souffl\u00e9 par fusion 5 microns 19\" data-lazy=\"2\" title=\"\"><\/div>\n<\/div>\n<\/div>\n<\/div>\n<\/div>\n<div id=\"ali-anchor-AliMagic-645o81\" class=\"magic-0\" data-section=\"AliMagic-645o81\" data-section-title=\"Application\">Application<\/div>\n<div class=\"detail-decorate-json-renderer-container\">\n<div class=\"magic-4\">\n<div class=\"magic-5\">\n<div class=\"magic-6\">\n<div class=\"magic-7\">\n<p class=\"magic-8\">1. Pr\u00e9traitement de l'eau par osmose inverse pour l'eau du robinet<\/p>\n<p>2. Filtration de l'eau industrielle, de la m\u00e9tallisation<\/p>\n<p>3. Alimentation et boissons<\/p>\n<p>4. Pr\u00e9filtration de l'eau st\u00e9rile et de l'eau ultra-pure<\/p>\n<p>5. Eau chimique et eau de solvants<\/p>\n<\/div>\n<\/div>\n<\/div>\n<\/div>\n<\/div>\n<div class=\"icbu-pc-images magic-1\">\n<div>\n<div class=\"flex-layout-v\">\n<div class=\"flex-layout-h magic-1\">\n<div class=\"magic-23\"><img decoding=\"async\" class=\"magic-24\" src=\"https:\/\/img.yfisher.com\/m6076\/1725726940dfq\/jpg70-t3-scale100.webp\" alt=\"10 20Jumb Cartouche de filtre \u00e0 eau PP Cartouche de filtre \u00e0 eau \u00e0 s\u00e9diment souffl\u00e9 par fusion 5 microns 21\" data-lazy=\"2\" title=\"\"><\/div>\n<\/div>\n<\/div>\n<\/div>\n<\/div>\n<div class=\"icbu-pc-images magic-1\">\n<div>\n<div class=\"flex-layout-v\">\n<div class=\"flex-layout-h magic-1\">\n<div class=\"magic-25\"><img decoding=\"async\" class=\"magic-26\" src=\"https:\/\/img.yfisher.com\/m6076\/17257269068bl\/jpg70-t3-scale100.webp\" alt=\"10 20Jumb Cartouche de filtre \u00e0 eau PP Cartouche de filtre \u00e0 eau \u00e0 s\u00e9diment souffl\u00e9 par fusion 5 microns 23\" data-lazy=\"2\" title=\"\"><\/div>\n<\/div>\n<\/div>\n<\/div>\n<\/div>\n<div id=\"ali-anchor-AliMagic-ckj1od\" class=\"magic-0\" data-section=\"AliMagic-ckj1od\" data-section-title=\"Related Products\">Produits apparent\u00e9s<\/div>\n<div class=\"detail-decorate-json-renderer-container\">\n<div class=\"magic-4\">\n<div class=\"magic-5\">\n<div class=\"magic-6\">\n<div class=\"magic-7\">\n<p class=\"magic-8\"><b>Nos produits sont conformes aux normes internationales et sont export\u00e9s vers de nombreux pays et r\u00e9gions. Ils ont une bonne qualit\u00e9 et un bon prix. Appelez-moi, +86 13574135485, et discutons des d\u00e9tails.<\/b><\/p>\n<\/div>\n<\/div>\n<\/div>\n<\/div>\n<\/div>\n<div class=\"icbu-pc-images magic-1\">\n<div>\n<div class=\"flex-layout-v\">\n<div class=\"flex-layout-h magic-1\">\n<div class=\"magic-27\"><a href=\"https:\/\/lyfilter.com\/fr\/10-20-jumb-water-filter-cartridge-pp-melt-blown-sediment-water-filter-cartridge-5-micron-3964.html\/\" target=\"_blank\" rel=\"noopener noreferrer\"><img decoding=\"async\" class=\"magic-28\" src=\"https:\/\/img.yfisher.com\/m6076\/1725726937976\/jpg70-t3-scale100.webp\" alt=\"10 20Jumb Cartouche de filtre \u00e0 eau PP Cartouche de filtre \u00e0 eau \u00e0 s\u00e9diments souffl\u00e9s par fusion 5 microns 25\" data-id=\"child-image-0\" data-lazy=\"2\" title=\"\"><\/a><\/div>\n<div class=\"magic-29\"><a href=\"https:\/\/lyfilter.com\/fr\/10-20-jumb-water-filter-cartridge-pp-melt-blown-sediment-water-filter-cartridge-5-micron-3964.html\/\" target=\"_blank\" rel=\"noopener noreferrer\"><img decoding=\"async\" class=\"magic-30\" src=\"https:\/\/img.yfisher.com\/m6076\/1725727682zah\/jpg70-t3-scale100.webp\" alt=\"10 20Jumb Cartouche de filtre \u00e0 eau PP Cartouche de filtre \u00e0 s\u00e9diment souffl\u00e9 par fusion 5 microns 27\" data-id=\"child-image-1\" data-lazy=\"2\" title=\"\"><\/a><\/div>\n<div class=\"magic-29\"><a href=\"https:\/\/lyfilter.com\/fr\/10-20-jumb-water-filter-cartridge-pp-melt-blown-sediment-water-filter-cartridge-5-micron-3964.html\/\" target=\"_blank\" rel=\"noopener noreferrer\"><img decoding=\"async\" class=\"magic-31\" src=\"https:\/\/img.yfisher.com\/m6076\/1725726906402\/jpg70-t3-scale100.webp\" alt=\"10 20Jumb Cartouche de filtre \u00e0 eau PP Cartouche de filtre \u00e0 eau \u00e0 s\u00e9diments souffl\u00e9s par fusion 5 microns 29\" data-id=\"child-image-2\" data-lazy=\"2\" title=\"\"><\/a><\/div>\n<div class=\"magic-29\"><a href=\"https:\/\/lyfilter.com\/fr\/10-20-jumb-water-filter-cartridge-pp-melt-blown-sediment-water-filter-cartridge-5-micron-3964.html\/\" target=\"_blank\" rel=\"noopener noreferrer\"><img decoding=\"async\" class=\"magic-32\" src=\"https:\/\/img.yfisher.com\/m6076\/1725726921em9\/jpg70-t3-scale100.webp\" alt=\"10 20Jumb Cartouche de filtre \u00e0 eau PP Cartouche de filtre \u00e0 eau \u00e0 s\u00e9diments souffl\u00e9s par fusion 5 microns 31\" data-id=\"child-image-3\" data-lazy=\"2\" title=\"\"><\/a><\/div>\n<\/div>\n<\/div>\n<\/div>\n<\/div>\n<div class=\"detail-decorate-json-renderer-container\">\n<div class=\"magic-4\">\n<div class=\"magic-5\">\n<div class=\"magic-6\">\n<div class=\"magic-7\">\n<p class=\"magic-8\">\u00a0 \u00a0Filtre en titane Filtre \u00e0 membrane Filtre \u00e0 filaments en carbone fritt\u00e9<\/p>\n<\/div>\n<\/div>\n<\/div>\n<\/div>\n<\/div>\n<div class=\"icbu-pc-images magic-1\">\n<div>\n<div class=\"flex-layout-v\">\n<div class=\"flex-layout-h magic-1\">\n<div class=\"magic-33\"><a href=\"https:\/\/lyfilter.com\/fr\/10-20-jumb-water-filter-cartridge-pp-melt-blown-sediment-water-filter-cartridge-5-micron-3964.html\/\" target=\"_blank\" rel=\"noopener noreferrer\"><img decoding=\"async\" class=\"magic-34\" src=\"https:\/\/img.yfisher.com\/m6076\/17257268694mn\/jpg70-t3-scale100.webp\" alt=\"10 20Jumb Cartouche de filtre \u00e0 eau PP Cartouche de filtre \u00e0 s\u00e9diment souffl\u00e9 par fusion 5 microns 33\" data-lazy=\"2\" title=\"\"><\/a><\/div>\n<\/div>\n<\/div>\n<\/div>\n<\/div>\n<div id=\"ali-anchor-AliMagic-7trpwq\" class=\"magic-0\" data-section=\"AliMagic-7trpwq\" data-section-title=\"Certifications\">Certifications<\/div>\n<div class=\"icbu-pc-images magic-1\">\n<div>\n<div class=\"flex-layout-v\">\n<div class=\"flex-layout-h magic-1\">\n<div class=\"magic-35\"><img decoding=\"async\" class=\"magic-36\" src=\"https:\/\/img.yfisher.com\/m6076\/17257267814f6\/jpg70-t3-scale100.webp\" alt=\"10 20Jumb Cartouche de filtre \u00e0 eau PP Cartouche de filtre \u00e0 eau \u00e0 s\u00e9diments souffl\u00e9s par fusion 5 microns 35\" data-lazy=\"2\" title=\"\"><\/div>\n<\/div>\n<\/div>\n<\/div>\n<\/div>\n<div id=\"ali-anchor-AliMagic-6wrwll\" class=\"magic-0\" data-section=\"AliMagic-6wrwll\" data-section-title=\"About us\">A propos de nous<\/div>\n<div class=\"detail-decorate-json-renderer-container\">\n<div class=\"magic-4\">\n<div class=\"magic-5\">\n<div class=\"magic-6\">\n<div class=\"magic-7\">\n<p class=\"magic-8\">1. 10 ans d'exp\u00e9rience en tant que fabricant professionnel.<\/p>\n<p>2. Nous fournissons un service de personnalisation OEM et ODM, vous pouvez trouver toutes sortes de pi\u00e8ces de filtre \u00e0 eau industriel dans notre soci\u00e9t\u00e9.<\/p>\n<p>3. Tous les produits b\u00e9n\u00e9ficient d'une garantie de qualit\u00e9. Nos certifications : CE ISO SGS<\/p>\n<p>4. Nos employ\u00e9s sont efficaces et nos vendeurs sont professionnels, nous fournirons un service professionnel personnalis\u00e9.<\/p>\n<p>5. Nos produits sont export\u00e9s dans plus de 100 pays et r\u00e9gions. Ils jouissent d'une bonne r\u00e9putation.<\/p>\n<p>6. De nombreux coop\u00e9rateurs nous soutiennent depuis de nombreuses ann\u00e9es.<\/p>\n<p>7. Nous sommes d\u00e9termin\u00e9s \u00e0 fournir le meilleur service et la meilleure qualit\u00e9 \u00e0 nos clients du monde entier, nous serons une entreprise de plus en plus professionnelle \u00e0 l'avenir.<\/p>\n<\/div>\n<\/div>\n<\/div>\n<\/div>\n<\/div>\n<div class=\"icbu-pc-images magic-1\">\n<div>\n<div class=\"flex-layout-v\">\n<div class=\"flex-layout-h magic-1\">\n<div class=\"magic-37\"><img decoding=\"async\" class=\"magic-38\" src=\"https:\/\/img.yfisher.com\/m6076\/17257269408sg\/jpg70-t3-scale100.webp\" alt=\"10 20Jumb Cartouche de filtre \u00e0 eau PP Cartouche de filtre \u00e0 eau \u00e0 s\u00e9diments souffl\u00e9s par fusion 5 microns 37\" data-lazy=\"2\" title=\"\"><\/div>\n<\/div>\n<\/div>\n<\/div>\n<\/div>\n<div class=\"icbu-pc-images magic-1\">\n<div>\n<div class=\"flex-layout-v\">\n<div class=\"flex-layout-h magic-1\">\n<div class=\"magic-39\"><img decoding=\"async\" class=\"magic-40\" src=\"https:\/\/img.yfisher.com\/m6076\/17257267732f3\/jpg70-t3-scale100.webp\" alt=\"10 20Jumb Cartouche de filtre \u00e0 eau PP Cartouche de filtre \u00e0 eau \u00e0 s\u00e9diments souffl\u00e9s par fusion 5 microns 39\" data-lazy=\"2\" title=\"\"><\/div>\n<\/div>\n<\/div>\n<\/div>\n<\/div>\n<div id=\"ali-anchor-AliMagic-szch9a\" class=\"magic-0\" data-section=\"AliMagic-szch9a\" data-section-title=\"Our Service\">Notre service<\/div>\n<div class=\"detail-decorate-json-renderer-container\">\n<div class=\"magic-4\">\n<h3 class=\"magic-41\" data-id=\"title0\"><\/h3>\n<h3 class=\"magic-42\"><span style=\"font-size: medium;\">Nous \u00e9tablissons des relations \u00e0 long terme avec nos clients et jouissons d'une bonne r\u00e9putation aupr\u00e8s d'eux. Nous esp\u00e9rons que vous nous rejoindrez et que vous coop\u00e9rerez avec nous.<\/span><\/h3>\n<div><\/div>\n<div class=\"magic-5\">\n<div class=\"magic-6\">\n<div class=\"magic-7\" data-id=\"paragraph0\">\n<p class=\"magic-8\"><span style=\"font-family: Arial, Helvetica;\">1. Nous acceptons de personnaliser la longueur, l'emballage, le logo, etc., selon vos dessins et photos.<\/p>\n<p>2. Acceptation d'un bon de commande par \u00e9chantillon, acceptation de la cartouche filtrante MOQ=10, du bo\u00eetier du filtre MOQ=1.<\/p>\n<p>3. Nous vous r\u00e9pondrons dans les 24 heures.<\/p>\n<p>4. Apr\u00e8s r\u00e9ception du paiement, nous vous contacterons dans les plus brefs d\u00e9lais pour organiser la production et vous informer des derni\u00e8res \u00e9tapes.<\/p>\n<p>5. En cas de doute, contactez-nous, nous vous aiderons \u00e0 r\u00e9soudre le probl\u00e8me dans les plus brefs d\u00e9lais.<\/span><\/p>\n<\/div>\n<\/div>\n<\/div>\n<\/div>\n<\/div>\n<div id=\"ali-anchor-AliMagic-4pze9z\" class=\"magic-0\" data-section=\"AliMagic-4pze9z\" data-section-title=\"Packing &amp; Delivery\">Emballage et livraison<\/div>\n<div class=\"detail-decorate-json-renderer-container\">\n<div class=\"magic-4\">\n<div class=\"magic-5\">\n<div class=\"magic-6\">\n<div class=\"magic-7\">\n<p class=\"magic-8\"><b>Nos travailleurs sont efficaces et nos vendeurs sont professionnels.  Toute demande sera trait\u00e9e avec patience et attention.<br \/>\nNous ferons de notre mieux pour assurer la production et la livraison dans votre pays dans les meilleurs d\u00e9lais. <\/b><\/p>\n<p class=\"magic-8\"><span style=\"font-family: Arial, Helvetica;\"><b>Emballage :<\/b><\/span><\/p>\n<p class=\"magic-8\"><span style=\"font-family: Arial, Helvetica;\"><b><br \/>\n<\/b>Les produits sont emball\u00e9s dans des cartons\/caisses en bois de haute qualit\u00e9, adapt\u00e9s au transport maritime sur de longues distances ainsi qu'aux diff\u00e9rents climats et offrant une bonne r\u00e9sistance \u00e0 l'humidit\u00e9 et aux chocs.<\/p>\n<p><b>D\u00e9lai de livraison :<\/b><\/p>\n<p>1. Si ce type de produit est en stock, le produit vous sera envoy\u00e9 1-7 jours apr\u00e8s le paiement.<\/span><\/p>\n<p class=\"magic-8\"><span style=\"font-family: Arial, Helvetica;\"><br \/>\n2. Si ce type de produit n'est pas en stock, le d\u00e9lai de production est de 7 \u00e0 25 jours.<\/p>\n<p><b>Exp\u00e9dition :<\/b><\/span><\/p>\n<p class=\"magic-8\"><span style=\"font-family: Arial, Helvetica;\"><b><br \/>\n<\/b>Maritime, ferroviaire, a\u00e9rien (DHL\/UPS\/TNT\/FEDEX)<\/span><\/p>\n<\/div>\n<\/div>\n<\/div>\n<\/div>\n<\/div>\n<div class=\"icbu-pc-images magic-1\">\n<div>\n<div class=\"flex-layout-v\">\n<div class=\"flex-layout-h magic-1\">\n<div class=\"magic-43\"><img decoding=\"async\" class=\"magic-44\" src=\"https:\/\/img.yfisher.com\/m6076\/1725726773qyg\/jpg70-t3-scale100.webp\" alt=\"10 20Jumb Cartouche de filtre \u00e0 eau PP Cartouche de filtre \u00e0 eau \u00e0 s\u00e9diments souffl\u00e9s par fusion 5 microns 41\" data-lazy=\"2\" title=\"\"><\/div>\n<\/div>\n<\/div>\n<\/div>\n<\/div>\n<div id=\"ali-anchor-AliMagic-59czm4\" class=\"magic-0\" data-section=\"AliMagic-59czm4\" data-section-title=\"Contact us\">Contactez nous<\/div>\n<div class=\"detail-decorate-json-renderer-container\">\n<div class=\"magic-4\">\n<div class=\"magic-5\">\n<div class=\"magic-6\">\n<div class=\"magic-7\">\n<p class=\"magic-8\">Wechat\/skype\/whatsapp : +8613574135485 (r\u00e9ponse rapide)<\/p>\n<\/div>\n<\/div>\n<\/div>\n<\/div>\n<\/div>\n<div class=\"icbu-pc-images magic-1\">\n<div>\n<div class=\"flex-layout-v\">\n<div class=\"flex-layout-h magic-1\">\n<div class=\"magic-45\"><img decoding=\"async\" class=\"magic-46\" src=\"https:\/\/img.yfisher.com\/m6076\/1725726869dv4\/jpg70-t3-scale100.webp\" alt=\"10 20Jumb Cartouche de filtre \u00e0 eau PP Cartouche de filtre \u00e0 eau \u00e0 s\u00e9diment souffl\u00e9 par fusion 5 microns 43\" data-lazy=\"2\" title=\"\"><\/div>\n<\/div>\n<\/div>\n<\/div>\n<\/div>\n<\/div>\n<\/div>\n<\/div>\n<\/div>\n<div data-module=\"detailMarketPackage\"><\/div>\n<div data-module=\"productAuth\"><\/div>\n<\/div>\n<\/div>\n<div class=\"diffStatement\">Gr\u00e2ce \u00e0 son rendement \u00e9lev\u00e9, le produit ne consomme que peu d'\u00e9nergie. Les utilisateurs ont d\u00e9clar\u00e9 que le co\u00fbt d'exploitation de ce produit \u00e9tait inf\u00e9rieur \u00e0 leurs attentes. Il peut fournir des analyses et des r\u00e9sultats pr\u00e9cis pour les applications sensibles de chromatographie ionique. Ce produit contribue \u00e0 accro\u00eetre l'efficacit\u00e9 des op\u00e9rateurs. Il permet non seulement d'augmenter la pr\u00e9cision globale du travail, mais aussi de r\u00e9duire la dur\u00e9e des op\u00e9rations. Il peut fournir des analyses et des r\u00e9sultats pr\u00e9cis pour les applications sensibles de chromatographie ionique.<\/div>","protected":false},"excerpt":{"rendered":"<table>\n<thead>\n<tr>\n<th>Champ d'application<\/th>\n<th>D\u00e9tails<\/th>\n<\/tr>\n<\/thead>\n<tbody>\n<tr>\n<td>Industries concern\u00e9es<\/td>\n<td>Usine de fabrication, usine de produits alimentaires et de boissons, usage domestique, traitement de l'eau<\/td>\n<\/tr>\n<tr>\n<td>Lieu d'origine<\/td>\n<td>Guangdong, Chine<\/td>\n<\/tr>\n<tr>\n<td>Nom de la marque<\/td>\n<td>Lvyuan, OEM, ODM<\/td>\n<\/tr>\n<tr>\n<td>Mat\u00e9riau<\/td>\n<td>PP<\/td>\n<\/tr>\n<tr>\n<td>Poids<\/td>\n<td>Sur mesure<\/td>\n<\/tr>\n<tr>\n<td>Taille<\/td>\n<td>Personnalis\u00e9, mince, jumbo<\/td>\n<\/tr>\n<tr>\n<td>Puissance<\/td>\n<td>0<\/td>\n<\/tr>\n<tr>\n<td>Garantie<\/td>\n<td>Indisponible<\/td>\n<\/tr>\n<tr>\n<td>Fonctionnalit\u00e9<\/td>\n<td>Taille et logo personnalis\u00e9s acier en acier<\/td>\n<\/tr>\n<tr>\n<td>Certification<\/td>\n<td>SGS<\/td>\n<\/tr>\n<tr>\n<td>Forme<\/td>\n<td>Cylindre<\/td>\n<\/tr>\n<tr>\n<td>Utilisation<\/td>\n<td>Traitement de l'eau<\/td>\n<\/tr>\n<tr>\n<td>Application<\/td>\n<td>L'industrie<\/td>\n<\/tr>\n<tr>\n<td>Couleur<\/td>\n<td>Blanc<\/td>\n<\/tr>\n<tr>\n<td>Emballage<\/td>\n<td>Bo\u00eete en papier<\/td>\n<\/tr>\n<tr>\n<td>Mati\u00e8res premi\u00e8res<\/td>\n<td>Fibre PP<\/td>\n<\/tr>\n<tr>\n<td>Apparence<\/td>\n<td>Gaufr\u00e9, brillant, etc.<\/td>\n<\/tr>\n<tr>\n<td>Service apr\u00e8s-vente<\/td>\n<td>Soutien en ligne<\/td>\n<\/tr>\n<tr>\n<td>Capacit\u00e9 d'approvisionnement<\/td>\n<td>5000 pi\u00e8ces par semaine<\/td>\n<\/tr>\n<\/tbody>\n<\/table>","protected":false},"featured_media":913,"comment_status":"open","ping_status":"closed","template":"","meta":{"_gspb_post_css":""},"product_brand":[],"product_cat":[23,17],"product_tag":[387,376,377,320,306,308],"class_list":{"0":"post-911","1":"product","2":"type-product","3":"status-publish","4":"has-post-thumbnail","6":"product_cat-pp-filter-cartridge","7":"product_cat-sediment-filter","8":"product_tag-custom-size","9":"product_tag-cylinder-cartridge","10":"product_tag-oem-odm","11":"product_tag-pp-fiber-filter","12":"product_tag-sgs-certified","13":"product_tag-water-treatment","15":"first","16":"instock","17":"shipping-taxable","18":"product-type-simple"},"_links":{"self":[{"href":"https:\/\/lyfilter.com\/fr\/wp-json\/wp\/v2\/product\/911","targetHints":{"allow":["GET"]}}],"collection":[{"href":"https:\/\/lyfilter.com\/fr\/wp-json\/wp\/v2\/product"}],"about":[{"href":"https:\/\/lyfilter.com\/fr\/wp-json\/wp\/v2\/types\/product"}],"replies":[{"embeddable":true,"href":"https:\/\/lyfilter.com\/fr\/wp-json\/wp\/v2\/comments?post=911"}],"wp:featuredmedia":[{"embeddable":true,"href":"https:\/\/lyfilter.com\/fr\/wp-json\/wp\/v2\/media\/913"}],"wp:attachment":[{"href":"https:\/\/lyfilter.com\/fr\/wp-json\/wp\/v2\/media?parent=911"}],"wp:term":[{"taxonomy":"product_brand","embeddable":true,"href":"https:\/\/lyfilter.com\/fr\/wp-json\/wp\/v2\/product_brand?post=911"},{"taxonomy":"product_cat","embeddable":true,"href":"https:\/\/lyfilter.com\/fr\/wp-json\/wp\/v2\/product_cat?post=911"},{"taxonomy":"product_tag","embeddable":true,"href":"https:\/\/lyfilter.com\/fr\/wp-json\/wp\/v2\/product_tag?post=911"}],"curies":[{"name":"wp","href":"https:\/\/api.w.org\/{rel}","templated":true}]}}