{"id":905,"date":"2025-12-25T03:17:46","date_gmt":"2025-12-25T03:17:46","guid":{"rendered":"https:\/\/lyfilter.com\/?post_type=product&#038;p=905"},"modified":"2025-12-25T03:17:46","modified_gmt":"2025-12-25T03:17:46","slug":"melt-blown-pp-filter-cartridge-with-pp-filter-core-for-water-filtration","status":"publish","type":"product","link":"https:\/\/lyfilter.com\/fr\/melt-blown-pp-filter-cartridge-with-pp-filter-core-for-water-filtration\/","title":{"rendered":"cartouche filtrante en pp souffl\u00e9e par fusion avec noyau filtrant en pp pour la filtration de l'eau"},"content":{"rendered":"<div class=\"pro_aliData\">\n<div class=\"detail-box\">\n<div class=\"scc-wrapper detail-module module-productSpecification\" data-spm=\"pronpeci14\">\n<div id=\"J-rich-text-description\" class=\"richtext richtext-detail rich-text-description\">\n<div id=\"detail_decorate_root\" data-host=\"111234190\" data-id=\"detail_decorate_root\">\n<div id=\"_root\" class=\"engine-app\" data-reactroot=\"\">\n<div id=\"ali-anchor-AliMagic-nzusbc\" class=\"magic-0\" data-section=\"AliMagic-nzusbc\" data-section-title=\"Product Description\">Description du produit<\/div>\n<div class=\"icbu-pc-images magic-1\">\n<div>\n<div class=\"flex-layout-v\">\n<div class=\"flex-layout-h magic-1\">\n<div class=\"magic-2\"><img decoding=\"async\" class=\"magic-3\" src=\"https:\/\/img.yfisher.com\/m6076\/1725726990g0q\/jpg70-t3-scale100.webp\" alt=\"Cartouche filtrante en pp souffl\u00e9e par fusion avec noyau filtrant en pp pour la filtration de l&#039;eau 7\" data-lazy=\"2\" title=\"\"><\/div>\n<\/div>\n<\/div>\n<\/div>\n<\/div>\n<div class=\"detail-decorate-json-renderer-container\">\n<div class=\"magic-4\">\n<div class=\"magic-5\">\n<div class=\"magic-6\">\n<div class=\"magic-7\">\n<p class=\"magic-8\"><b>Description g\u00e9n\u00e9rale<\/b><\/p>\n<p class=\"magic-8\">Lvyuan pp <a href=\"https:\/\/lyfilter.com\/fr\/melt-blown-filter-cartridge.html\/\">cartouche filtrante souffl\u00e9e par fusion<\/a> est une sorte de cartouche filtrante standard et simple pour la purification de l'eau. Elle est constitu\u00e9e de fibres de polypropyl\u00e8ne fusionn\u00e9es et entrelac\u00e9es sans colle chimique.<\/p>\n<p class=\"magic-8\">\nCette cartouche filtrante est fabriqu\u00e9e en polypropyl\u00e8ne pur 100%. Cette cartouche filtrante est rayonn\u00e9e pour former des micropores en 3D, ce qui permet d'obtenir une cartouche \u00e0 3 couches avec des fibres fines en surface et des fibres grossi\u00e8res pour la filtration en profondeur. La fibre et la densit\u00e9 de la cartouche filtrante ont un taux de filtration \u00e9lev\u00e9 et une capacit\u00e9 de r\u00e9tention des polluants sur le diam\u00e8tre de la cartouche filtrante, une faible perte de charge, une structure de filtration en profondeur \u00e0 changement progressif avec un ext\u00e9rieur large et un int\u00e9rieur \u00e9troit, une forte capacit\u00e9 de r\u00e9tention des polluants, elle peut \u00e9liminer efficacement les contaminants, tels que les substances en suspension, les particules et la rouille, offrant une filtration efficace et une longue dur\u00e9e de vie.<\/p>\n<\/div>\n<\/div>\n<\/div>\n<\/div>\n<\/div>\n<div class=\"icbu-pc-images magic-1\">\n<div>\n<div class=\"flex-layout-v\">\n<div class=\"flex-layout-h magic-1\">\n<div class=\"magic-9\"><img decoding=\"async\" class=\"magic-10\" src=\"https:\/\/img.yfisher.com\/m6076\/17257276796e1\/jpg70-t3-scale100.webp\" alt=\"Cartouche filtrante en pp souffl\u00e9e par fusion avec noyau filtrant en pp pour la filtration de l&#039;eau 9\" data-lazy=\"2\" title=\"\"><\/div>\n<\/div>\n<\/div>\n<\/div>\n<\/div>\n<div class=\"detail-decorate-json-renderer-container\">\n<div class=\"magic-4\">\n<div class=\"magic-5\">\n<div class=\"magic-6\">\n<div class=\"magic-7\">\n<p class=\"magic-8\"><b><span style=\"font-family: Arial, Helvetica; font-size: medium;\">Caract\u00e9ristiques :<\/span><\/b><\/p>\n<p>1. Grande capacit\u00e9 de r\u00e9tention de la salet\u00e9 et longue dur\u00e9e de vie.<\/p>\n<p>2. Taille et logo personnalis\u00e9s Joint en acier.<\/p>\n<p>3. Il n'y a pas de chute de fibres.<\/p>\n<\/div>\n<\/div>\n<\/div>\n<\/div>\n<\/div>\n<div class=\"icbu-pc-images magic-1\">\n<div>\n<div class=\"flex-layout-v\">\n<div class=\"flex-layout-h magic-1\">\n<div class=\"magic-11\"><img decoding=\"async\" class=\"magic-12\" src=\"https:\/\/img.yfisher.com\/m6076\/172572699030m\/jpg70-t3-scale100.webp\" alt=\"Cartouche filtrante en pp souffl\u00e9e par fusion avec noyau filtrant en pp pour la filtration de l&#039;eau 11\" data-lazy=\"2\" title=\"\"><\/div>\n<\/div>\n<\/div>\n<\/div>\n<\/div>\n<div class=\"detail-decorate-json-renderer-container\">\n<div class=\"magic-4\">\n<div class=\"magic-5\">\n<div class=\"magic-6\">\n<div class=\"magic-7\">\n<p class=\"magic-8\"><b>\u00a0Sp\u00e9cification de la cartouche de filtre \u00e0 eau souffl\u00e9e Lvyuan pp :<\/b><\/p>\n<\/div>\n<\/div>\n<\/div>\n<\/div>\n<\/div>\n<div class=\"ife-detail-decorate-table\">\n<div class=\"table-responsive\">\n<table class=\"all magic-13\">\n<tbody>\n<tr>\n<td>\n<div class=\"magic-14\">Mat\u00e9riau du m\u00e9dia filtrant<\/div>\n<\/td>\n<td>\n<div class=\"magic-15\">PP (polypropyl\u00e8ne)<\/div>\n<\/td>\n<\/tr>\n<tr>\n<td>\n<div class=\"magic-14\">Noyau central\/Capuchons finaux<\/div>\n<\/td>\n<td>\n<div class=\"magic-15\">PP\/non<\/div>\n<\/td>\n<\/tr>\n<tr>\n<td>\n<div class=\"magic-14\">Mat\u00e9riau du joint<\/div>\n<\/td>\n<td>\n<div class=\"magic-15\">Silicone, EPDM, NBR, VITON, TEFLON, etc.<\/div>\n<\/td>\n<\/tr>\n<tr>\n<td>\n<div class=\"magic-14\">Adaptateurs<\/div>\n<\/td>\n<td>\n<div class=\"magic-15\">DOE, 222flat, 222fin, 226flat, 226fin, ou sur mesure<\/div>\n<\/td>\n<\/tr>\n<tr>\n<td>\n<div class=\"magic-14\">Surface<\/div>\n<\/td>\n<td>\n<div class=\"magic-15\">Brillant, rainur\u00e9, gaufr\u00e9, aiguillet\u00e9, surface peau d'orange<\/div>\n<\/td>\n<\/tr>\n<tr>\n<td>\n<div class=\"magic-14\">diam\u00e8tre int\u00e9rieur<\/div>\n<\/td>\n<td>\n<div class=\"magic-15\">28 mm, 30 mm ou sur mesure<\/div>\n<\/td>\n<\/tr>\n<tr>\n<td>\n<div class=\"magic-14\">diam\u00e8tre ext\u00e9rieur<\/div>\n<\/td>\n<td>\n<div class=\"magic-15\">63 mm, 65 mm ou sur mesure<\/div>\n<\/td>\n<\/tr>\n<tr>\n<td>\n<div class=\"magic-14\">longueur<\/div>\n<\/td>\n<td>\n<div class=\"magic-15\">10 pouces, 20 pouces, 30 pouces, 40 pouces<\/div>\n<\/td>\n<\/tr>\n<tr>\n<td>\n<div class=\"magic-14\">Pression diff\u00e9rentielle maximale<\/div>\n<\/td>\n<td>\n<div class=\"magic-15\">3,5 bar \u00e0 20\u2103<\/div>\n<\/td>\n<\/tr>\n<\/tbody>\n<\/table>\n<\/div>\n<\/div>\n<div class=\"detail-decorate-json-renderer-container\">\n<div class=\"magic-4\">\n<div class=\"magic-5\">\n<div class=\"magic-6\">\n<div class=\"magic-7\">\n<p class=\"magic-8\"><b>\u00a0Nous pouvons accepter des sp\u00e9cifications personnalis\u00e9es, des adaptateurs multiples, deux types de m\u00e9dias filtrants.<\/b><\/p>\n<\/div>\n<\/div>\n<\/div>\n<\/div>\n<\/div>\n<div class=\"icbu-pc-images magic-1\">\n<div>\n<div class=\"flex-layout-v\">\n<div class=\"flex-layout-h magic-1\">\n<div class=\"magic-16\"><img decoding=\"async\" class=\"magic-17\" src=\"https:\/\/img.yfisher.com\/m6076\/1725727022zxt\/jpg70-t3-scale100.webp\" alt=\"Cartouche filtrante en pp souffl\u00e9e par fusion avec noyau filtrant en pp pour la filtration de l&#039;eau 13\" data-lazy=\"2\" title=\"\"><\/div>\n<\/div>\n<\/div>\n<\/div>\n<\/div>\n<div class=\"detail-decorate-json-renderer-container\">\n<div class=\"magic-4\">\n<div class=\"magic-5\">\n<div class=\"magic-6\">\n<div class=\"magic-7\">\n<p class=\"magic-8\"><b>Service de personnalisation :<\/b><\/p>\n<p class=\"magic-8\">1. Accepte les tailles et les longueurs personnalis\u00e9es.                            2. Accepter un adaptateur personnalis\u00e9.<\/p>\n<p>3. Accepter de personnaliser l'apparence.                                    4. Accepter deux pr\u00e9cisions.<\/p>\n<p>5. Acceptation de grammes personnalis\u00e9s<\/p>\n<\/div>\n<\/div>\n<\/div>\n<\/div>\n<\/div>\n<div class=\"icbu-pc-images magic-1\">\n<div>\n<div class=\"flex-layout-v\">\n<div class=\"flex-layout-h magic-1\">\n<div class=\"magic-18\"><img decoding=\"async\" class=\"magic-19\" src=\"https:\/\/img.yfisher.com\/m6076\/172572699016s\/jpg70-t3-scale100.webp\" alt=\"Cartouche filtrante en pp souffl\u00e9e par fusion avec noyau filtrant en pp pour la filtration de l&#039;eau 15\" data-lazy=\"2\" title=\"\"><\/div>\n<\/div>\n<\/div>\n<\/div>\n<\/div>\n<div class=\"icbu-pc-images magic-1\">\n<div>\n<div class=\"flex-layout-v\">\n<div class=\"flex-layout-h magic-1\">\n<div class=\"magic-20\"><img decoding=\"async\" class=\"magic-21\" src=\"https:\/\/img.yfisher.com\/m6076\/1725726990cd9\/jpg70-t3-scale100.webp\" alt=\"Cartouche filtrante en pp souffl\u00e9e par fusion avec noyau filtrant en pp pour la filtration de l&#039;eau 17\" data-lazy=\"2\" title=\"\"><\/div>\n<\/div>\n<\/div>\n<\/div>\n<\/div>\n<div id=\"ali-anchor-AliMagic-pwy42l\" class=\"magic-0\" data-section=\"AliMagic-pwy42l\" data-section-title=\"Application\">Application<\/div>\n<div class=\"detail-decorate-json-renderer-container\">\n<div class=\"magic-4\">\n<div class=\"magic-5\">\n<div class=\"magic-6\">\n<div class=\"magic-7\">\n<p class=\"magic-8\">1. Pr\u00e9traitement de l'eau par osmose inverse pour l'eau du robinet<\/p>\n<p>2. Filtration de l'eau industrielle, de la m\u00e9tallisation<\/p>\n<p>3. Alimentation et boissons<\/p>\n<p>4. Pr\u00e9filtration de l'eau st\u00e9rile et de l'eau ultra-pure<\/p>\n<p>5. Eau chimique et eau de solvants<\/p>\n<\/div>\n<\/div>\n<\/div>\n<\/div>\n<\/div>\n<div class=\"icbu-pc-images magic-1\">\n<div>\n<div class=\"flex-layout-v\">\n<div class=\"flex-layout-h magic-1\">\n<div class=\"magic-22\"><img decoding=\"async\" class=\"magic-23\" src=\"https:\/\/img.yfisher.com\/m6076\/1725726869o53\/jpg70-t3-scale100.webp\" alt=\"Cartouche filtrante en pp souffl\u00e9e par fusion avec noyau filtrant en pp pour la filtration de l&#039;eau 19\" data-lazy=\"2\" title=\"\"><\/div>\n<\/div>\n<\/div>\n<\/div>\n<\/div>\n<div class=\"icbu-pc-images magic-1\">\n<div>\n<div class=\"flex-layout-v\">\n<div class=\"flex-layout-h magic-1\">\n<div class=\"magic-24\"><img decoding=\"async\" class=\"magic-25\" src=\"https:\/\/img.yfisher.com\/m6076\/1725726963xoc\/jpg70-t3-scale100.webp\" alt=\"Cartouche filtrante en pp souffl\u00e9e par fusion avec noyau filtrant en pp pour la filtration de l&#039;eau 21\" data-lazy=\"2\" title=\"\"><\/div>\n<\/div>\n<\/div>\n<\/div>\n<\/div>\n<div id=\"ali-anchor-AliMagic-x6u3x0\" class=\"magic-0\" data-section=\"AliMagic-x6u3x0\" data-section-title=\"Related Products\">Produits apparent\u00e9s<\/div>\n<div class=\"icbu-pc-images magic-1\">\n<div>\n<div class=\"flex-layout-v\">\n<div class=\"flex-layout-h magic-1\">\n<div class=\"magic-26\"><a href=\"https:\/\/lyfilter.com\/fr\/melt-blown-pp-filter-cartridge-with-pp-filter-core-for-water-filtration-3963.html\/\" target=\"_blank\" rel=\"noopener noreferrer\"><img decoding=\"async\" class=\"magic-27\" src=\"https:\/\/img.yfisher.com\/m6076\/17257269064o0\/jpg70-t3-scale100.webp\" alt=\"Cartouche filtrante en pp souffl\u00e9e par fusion avec noyau filtrant en pp pour la filtration de l&#039;eau 23\" data-id=\"child-image-0\" data-lazy=\"2\" title=\"\"><\/a><\/div>\n<div class=\"magic-28\"><a href=\"https:\/\/lyfilter.com\/fr\/melt-blown-pp-filter-cartridge-with-pp-filter-core-for-water-filtration-3963.html\/\" target=\"_blank\" rel=\"noopener noreferrer\"><img decoding=\"async\" class=\"magic-29\" src=\"https:\/\/img.yfisher.com\/m6076\/1725726804kyf\/jpg70-t3-scale100.webp\" alt=\"Cartouche filtrante en pp souffl\u00e9e par fusion avec noyau filtrant en pp pour la filtration de l&#039;eau 25\" data-id=\"child-image-1\" data-lazy=\"2\" title=\"\"><\/a><\/div>\n<div class=\"magic-28\"><a href=\"https:\/\/lyfilter.com\/fr\/melt-blown-pp-filter-cartridge-with-pp-filter-core-for-water-filtration-3963.html\/\" target=\"_blank\" rel=\"noopener noreferrer\"><img decoding=\"async\" class=\"magic-30\" src=\"https:\/\/img.yfisher.com\/m6076\/1725726811o37\/jpg70-t3-scale100.webp\" alt=\"Cartouche filtrante en pp souffl\u00e9e par fusion avec noyau filtrant en pp pour la filtration de l&#039;eau 27\" data-id=\"child-image-2\" data-lazy=\"2\" title=\"\"><\/a><\/div>\n<div class=\"magic-28\"><a href=\"https:\/\/lyfilter.com\/fr\/melt-blown-pp-filter-cartridge-with-pp-filter-core-for-water-filtration-3963.html\/\" target=\"_blank\" rel=\"noopener noreferrer\"><img decoding=\"async\" class=\"magic-31\" src=\"https:\/\/img.yfisher.com\/m6076\/1725727679jt9\/jpg70-t3-scale100.webp\" alt=\"Cartouche filtrante en pp souffl\u00e9e par fusion avec noyau filtrant en pp pour la filtration de l&#039;eau 29\" data-id=\"child-image-3\" data-lazy=\"1\" title=\"\"><\/a><\/div>\n<\/div>\n<\/div>\n<\/div>\n<\/div>\n<div class=\"detail-decorate-json-renderer-container\">\n<div class=\"magic-4\">\n<div class=\"magic-5\">\n<div class=\"magic-6\">\n<div class=\"magic-7\">\n<p class=\"magic-8\">\u00a0 \u00a0Membrane de filtre Tianium Filtre pliss\u00e9 Filtre enroul\u00e9 Filtre \u00e0 charbon<\/p>\n<\/div>\n<\/div>\n<\/div>\n<\/div>\n<\/div>\n<div class=\"icbu-pc-images magic-1\">\n<div>\n<div class=\"flex-layout-v\">\n<div class=\"flex-layout-h magic-1\">\n<div class=\"magic-26\"><a href=\"https:\/\/lyfilter.com\/fr\/melt-blown-pp-filter-cartridge-with-pp-filter-core-for-water-filtration-3963.html\/\" target=\"_blank\" rel=\"noopener noreferrer\"><img decoding=\"async\" class=\"magic-32\" src=\"https:\/\/img.yfisher.com\/m6076\/1725727024tme\/jpg70-t3-scale100.webp\" alt=\"Cartouche filtrante en pp souffl\u00e9e par fusion avec noyau filtrant en pp pour la filtration de l&#039;eau 31\" data-id=\"child-image-0\" data-lazy=\"1\" title=\"\"><\/a><\/div>\n<div class=\"magic-28\"><a href=\"https:\/\/lyfilter.com\/fr\/melt-blown-pp-filter-cartridge-with-pp-filter-core-for-water-filtration-3963.html\/\" target=\"_blank\" rel=\"noopener noreferrer\"><img decoding=\"async\" class=\"magic-33\" src=\"https:\/\/img.yfisher.com\/m6076\/1725727679pje\/jpg70-t3-scale100.webp\" alt=\"Cartouche filtrante en pp souffl\u00e9e par fusion avec noyau filtrant en pp pour la filtration de l&#039;eau 33\" data-id=\"child-image-1\" data-lazy=\"2\" title=\"\"><\/a><\/div>\n<div class=\"magic-28\"><a href=\"https:\/\/lyfilter.com\/fr\/melt-blown-pp-filter-cartridge-with-pp-filter-core-for-water-filtration-3963.html\/\" target=\"_blank\" rel=\"noopener noreferrer\"><img decoding=\"async\" class=\"magic-34\" src=\"https:\/\/img.yfisher.com\/m6076\/1725726906nz7\/jpg70-t3-scale100.webp\" alt=\"Cartouche filtrante en pp souffl\u00e9e par fusion avec noyau filtrant en pp pour la filtration de l&#039;eau 35\" data-id=\"child-image-2\" data-lazy=\"2\" title=\"\"><\/a><\/div>\n<div class=\"magic-28\"><a href=\"https:\/\/lyfilter.com\/fr\/melt-blown-pp-filter-cartridge-with-pp-filter-core-for-water-filtration-3963.html\/\" target=\"_blank\" rel=\"noopener noreferrer\"><img decoding=\"async\" class=\"magic-35\" src=\"https:\/\/img.yfisher.com\/m6076\/1725726906vyz\/jpg70-t3-scale100.webp\" alt=\"Cartouche filtrante en pp souffl\u00e9e par fusion avec noyau filtrant en pp pour la filtration de l&#039;eau 37\" data-id=\"child-image-3\" data-lazy=\"2\" title=\"\"><\/a><\/div>\n<\/div>\n<\/div>\n<\/div>\n<\/div>\n<div class=\"detail-decorate-json-renderer-container\">\n<div class=\"magic-4\">\n<div class=\"magic-5\">\n<div class=\"magic-6\">\n<div class=\"magic-7\">\n<p class=\"magic-8\">\u00a0bo\u00eetier de filtre \u00e0 poche bo\u00eetier de filtre \u00e0 cartouche simple bo\u00eetier de filtre \u00e0 cartouche multiple bo\u00eetier de filtre \u00e0 vin<\/p>\n<\/div>\n<\/div>\n<\/div>\n<\/div>\n<\/div>\n<div class=\"icbu-pc-images magic-1\">\n<div>\n<div class=\"flex-layout-v\">\n<div class=\"flex-layout-h magic-1\">\n<div class=\"magic-36\"><a href=\"https:\/\/lyfilter.com\/fr\/melt-blown-pp-filter-cartridge-with-pp-filter-core-for-water-filtration-3963.html\/\" target=\"_blank\" rel=\"noopener noreferrer\"><img decoding=\"async\" class=\"magic-37\" src=\"https:\/\/img.yfisher.com\/m6076\/17257268694mn\/jpg70-t3-scale100.webp\" alt=\"Cartouche filtrante en pp souffl\u00e9e par fusion avec noyau filtrant en pp pour la filtration de l&#039;eau 39\" data-lazy=\"2\" title=\"\"><\/a><\/div>\n<\/div>\n<\/div>\n<\/div>\n<\/div>\n<div id=\"ali-anchor-AliMagic-wuidpp\" class=\"magic-0\" data-section=\"AliMagic-wuidpp\" data-section-title=\"Our Certifications\">Nos certifications<\/div>\n<div class=\"icbu-pc-images magic-1\">\n<div>\n<div class=\"flex-layout-v\">\n<div class=\"flex-layout-h magic-1\">\n<div class=\"magic-38\"><img decoding=\"async\" class=\"magic-39\" src=\"https:\/\/img.yfisher.com\/m6076\/17257267814f6\/jpg70-t3-scale100.webp\" alt=\"Cartouche filtrante en pp souffl\u00e9e par fusion avec noyau filtrant en pp pour la filtration de l&#039;eau 41\" data-lazy=\"2\" title=\"\"><\/div>\n<\/div>\n<\/div>\n<\/div>\n<\/div>\n<div id=\"ali-anchor-AliMagic-3az86z\" class=\"magic-0\" data-section=\"AliMagic-3az86z\" data-section-title=\"About us\">A propos de nous<\/div>\n<div class=\"detail-decorate-json-renderer-container\">\n<div class=\"magic-4\">\n<div class=\"magic-5\">\n<div class=\"magic-6\">\n<div class=\"magic-7\">\n<p class=\"magic-8\">1. 10 ans d'exp\u00e9rience en tant que fabricant professionnel.<\/p>\n<p>2. Nous fournissons un service de personnalisation OEM et ODM, vous pouvez trouver toutes sortes de pi\u00e8ces de filtre \u00e0 eau industriel dans notre soci\u00e9t\u00e9.<\/p>\n<p>3. Tous les produits b\u00e9n\u00e9ficient d'une garantie de qualit\u00e9. Nos certifications : CE ISO SGS<\/p>\n<p class=\"magic-8\">\n4. Nos employ\u00e9s sont efficaces et nos vendeurs sont professionnels, nous fournirons un service professionnel personnalis\u00e9.<\/p>\n<p>5. Nos produits sont export\u00e9s dans plus de 100 pays et r\u00e9gions. Ils jouissent d'une bonne r\u00e9putation.<\/p>\n<p>6. De nombreux coop\u00e9rateurs nous soutiennent depuis de nombreuses ann\u00e9es.<\/p>\n<p>7. Nous sommes d\u00e9termin\u00e9s \u00e0 fournir le meilleur service et la meilleure qualit\u00e9 \u00e0 nos clients du monde entier, nous serons une entreprise de plus en plus professionnelle \u00e0 l'avenir.<\/p>\n<\/div>\n<\/div>\n<\/div>\n<\/div>\n<\/div>\n<div class=\"icbu-pc-images magic-1\">\n<div>\n<div class=\"flex-layout-v\">\n<div class=\"flex-layout-h magic-1\">\n<div class=\"magic-40\"><img decoding=\"async\" class=\"magic-41\" src=\"https:\/\/img.yfisher.com\/m6076\/1725726781v86\/jpg70-t3-scale100.webp\" alt=\"Cartouche filtrante en pp souffl\u00e9e par fusion avec noyau filtrant en pp pour la filtration de l&#039;eau 43\" data-lazy=\"2\" title=\"\"><\/div>\n<\/div>\n<\/div>\n<\/div>\n<\/div>\n<div id=\"ali-anchor-AliMagic-muwlep\" class=\"magic-0\" data-section=\"AliMagic-muwlep\" data-section-title=\"Our Service\">Notre service<\/div>\n<div class=\"detail-decorate-json-renderer-container\">\n<div class=\"magic-4\">\n<div class=\"magic-5\">\n<div class=\"magic-6\">\n<div class=\"magic-7\">\n<p class=\"magic-8\"><b>Nous avons \u00e9tabli des relations \u00e0 long terme avec nos clients et avons acquis une bonne r\u00e9putation aupr\u00e8s d'eux. Nous fournissons le meilleur service possible.<\/b><\/p>\n<p>1. Nous acceptons de personnaliser la longueur, l'emballage, le logo, etc., selon vos dessins et photos.<\/p>\n<p class=\"magic-8\">\n2. Nous acceptons les commandes d'\u00e9chantillons et nous acceptons le MOQ=10.<\/p>\n<p>3. Nous r\u00e9pondrons dans les 20 heures.<\/p>\n<p>4. Apr\u00e8s r\u00e9ception du paiement, nous vous contacterons dans les plus brefs d\u00e9lais pour organiser la production et vous informer des derni\u00e8res \u00e9tapes.<\/p>\n<p>5. En cas de doute, contactez-nous, nous vous aiderons \u00e0 r\u00e9soudre le probl\u00e8me dans les plus brefs d\u00e9lais.<\/p>\n<\/div>\n<\/div>\n<\/div>\n<\/div>\n<\/div>\n<div id=\"ali-anchor-AliMagic-mpbvmb\" class=\"magic-0\" data-section=\"AliMagic-mpbvmb\" data-section-title=\"Packing &amp; Delivery\">Emballage et livraison<\/div>\n<div class=\"detail-decorate-json-renderer-container\">\n<div class=\"magic-4\">\n<div class=\"magic-5\">\n<div class=\"magic-6\">\n<div class=\"magic-7\">\n<p class=\"magic-8\"><b>Emballage :<\/b><\/p>\n<p class=\"magic-8\">\nLes produits sont emball\u00e9s dans des cartons\/caisses en bois de haute qualit\u00e9, adapt\u00e9s au transport maritime sur de longues distances ainsi qu'aux diff\u00e9rents climats et offrant une bonne r\u00e9sistance \u00e0 l'humidit\u00e9 et aux chocs.<\/p>\n<p><b>D\u00e9lai de livraison :<\/b><\/p>\n<p>1. Si ce type de produit est en stock, le produit vous sera envoy\u00e9 1-7 jours apr\u00e8s le paiement.<\/p>\n<p>2. Si ce type de produit n'est pas en stock, le d\u00e9lai de production est de 7 \u00e0 25 jours.<\/p>\n<p class=\"magic-8\">\n<b>Exp\u00e9dition :<\/b><\/p>\n<p>Maritime, ferroviaire, a\u00e9rien (DHL\/UPS\/TNT\/FEDEX)<\/p>\n<\/div>\n<\/div>\n<\/div>\n<\/div>\n<\/div>\n<div class=\"icbu-pc-images magic-1\">\n<div>\n<div class=\"flex-layout-v\">\n<div class=\"flex-layout-h magic-1\">\n<div class=\"magic-42\"><img decoding=\"async\" class=\"magic-43\" src=\"https:\/\/img.yfisher.com\/m6076\/1725726773qyg\/jpg70-t3-scale100.webp\" alt=\"Cartouche filtrante en pp souffl\u00e9e par fusion avec noyau filtrant en pp pour la filtration de l&#039;eau 45\" data-lazy=\"2\" title=\"\"><\/div>\n<\/div>\n<\/div>\n<\/div>\n<\/div>\n<div id=\"ali-anchor-AliMagic-o4lh8d\" class=\"magic-0\" data-section=\"AliMagic-o4lh8d\" data-section-title=\"Contact us\">Contactez nous<\/div>\n<div class=\"detail-decorate-json-renderer-container\">\n<div class=\"magic-4\">\n<div class=\"magic-5\">\n<div class=\"magic-6\">\n<div class=\"magic-7\">\n<p class=\"magic-8\">\u00a0wechat\/skype\/whatsapp:+8613574135785 (contact rapide)<\/p>\n<\/div>\n<\/div>\n<\/div>\n<\/div>\n<\/div>\n<div class=\"icbu-pc-images magic-1\">\n<div>\n<div class=\"flex-layout-v\">\n<div class=\"flex-layout-h magic-1\">\n<div class=\"magic-44\"><img decoding=\"async\" class=\"magic-45\" src=\"https:\/\/img.yfisher.com\/m6076\/1725726869dv4\/jpg70-t3-scale100.webp\" alt=\"Cartouche filtrante en pp souffl\u00e9e par fusion avec noyau filtrant en pp pour la filtration de l&#039;eau 47\" data-lazy=\"2\" title=\"\"><\/div>\n<\/div>\n<\/div>\n<\/div>\n<\/div>\n<\/div>\n<\/div>\n<\/div>\n<\/div>\n<div data-module=\"detailMarketPackage\"><\/div>\n<div data-module=\"productAuth\"><\/div>\n<\/div>\n<\/div>\n<div class=\"diffStatement\">L'utilisation de ce produit a consid\u00e9rablement augment\u00e9 la productivit\u00e9 du travail et r\u00e9duit l'intensit\u00e9 du travail des travailleurs. Il est donc consid\u00e9r\u00e9 comme un produit indispensable pour les fabricants. La porosit\u00e9 varie en fonction de la profondeur du milieu filtrant. Il ne n\u00e9cessite pas beaucoup d'intervention humaine, sauf pour les r\u00e9parations et les essais, ce qui r\u00e9duit l'incidence des accidents et des blessures. La porosit\u00e9 varie en fonction de la profondeur du milieu filtrant.<\/div>","protected":false},"excerpt":{"rendered":"<table>\n<thead>\n<tr>\n<th>Champ d'application<\/th>\n<th>D\u00e9tails<\/th>\n<\/tr>\n<\/thead>\n<tbody>\n<tr>\n<td>Industries concern\u00e9es<\/td>\n<td>Usine de fabrication, usine de produits alimentaires et de boissons, usage domestique, traitement de l'eau<\/td>\n<\/tr>\n<tr>\n<td>Lieu d'origine<\/td>\n<td>Guangdong, Chine<\/td>\n<\/tr>\n<tr>\n<td>Nom de la marque<\/td>\n<td>Lvyuan, OEM, ODM<\/td>\n<\/tr>\n<tr>\n<td>Mat\u00e9riau<\/td>\n<td>PP<\/td>\n<\/tr>\n<tr>\n<td>Poids<\/td>\n<td>Sur mesure<\/td>\n<\/tr>\n<tr>\n<td>Taille<\/td>\n<td>Sur mesure<\/td>\n<\/tr>\n<tr>\n<td>Puissance<\/td>\n<td>0<\/td>\n<\/tr>\n<tr>\n<td>Garantie<\/td>\n<td>Indisponible<\/td>\n<\/tr>\n<tr>\n<td>Fonctionnalit\u00e9<\/td>\n<td>Taille et logo personnalis\u00e9s acier en acier<\/td>\n<\/tr>\n<tr>\n<td>Certification<\/td>\n<td>SGS<\/td>\n<\/tr>\n<tr>\n<td>Forme<\/td>\n<td>Cylindre<\/td>\n<\/tr>\n<tr>\n<td>Utilisation<\/td>\n<td>Traitement de l'eau<\/td>\n<\/tr>\n<tr>\n<td>Application<\/td>\n<td>L'industrie<\/td>\n<\/tr>\n<tr>\n<td>Couleur<\/td>\n<td>Blanc<\/td>\n<\/tr>\n<tr>\n<td>Emballage<\/td>\n<td>Bo\u00eete en papier<\/td>\n<\/tr>\n<tr>\n<td>Mati\u00e8res premi\u00e8res<\/td>\n<td>Fibre PP<\/td>\n<\/tr>\n<tr>\n<td>Apparence<\/td>\n<td>Gaufr\u00e9, brillant, etc.<\/td>\n<\/tr>\n<tr>\n<td>Longueur<\/td>\n<td>5\/10\/20\/30\/40 pouces ou sur mesure<\/td>\n<\/tr>\n<tr>\n<td>Service apr\u00e8s-vente<\/td>\n<td>Soutien en ligne<\/td>\n<\/tr>\n<tr>\n<td>Capacit\u00e9 d'approvisionnement<\/td>\n<td>5000 pi\u00e8ces par semaine<\/td>\n<\/tr>\n<\/tbody>\n<\/table>","protected":false},"featured_media":906,"comment_status":"open","ping_status":"closed","template":"","meta":{"_gspb_post_css":""},"product_brand":[],"product_cat":[23,17],"product_tag":[386,385,324,320,306,340],"class_list":{"0":"post-905","1":"product","2":"type-product","3":"status-publish","4":"has-post-thumbnail","6":"product_cat-pp-filter-cartridge","7":"product_cat-sediment-filter","8":"product_tag-custom-length","9":"product_tag-cylinder-filter-cartridge","10":"product_tag-oem-odm-filter","11":"product_tag-pp-fiber-filter","12":"product_tag-sgs-certified","13":"product_tag-water-treatment-filter","15":"first","16":"instock","17":"shipping-taxable","18":"product-type-simple"},"_links":{"self":[{"href":"https:\/\/lyfilter.com\/fr\/wp-json\/wp\/v2\/product\/905","targetHints":{"allow":["GET"]}}],"collection":[{"href":"https:\/\/lyfilter.com\/fr\/wp-json\/wp\/v2\/product"}],"about":[{"href":"https:\/\/lyfilter.com\/fr\/wp-json\/wp\/v2\/types\/product"}],"replies":[{"embeddable":true,"href":"https:\/\/lyfilter.com\/fr\/wp-json\/wp\/v2\/comments?post=905"}],"wp:featuredmedia":[{"embeddable":true,"href":"https:\/\/lyfilter.com\/fr\/wp-json\/wp\/v2\/media\/906"}],"wp:attachment":[{"href":"https:\/\/lyfilter.com\/fr\/wp-json\/wp\/v2\/media?parent=905"}],"wp:term":[{"taxonomy":"product_brand","embeddable":true,"href":"https:\/\/lyfilter.com\/fr\/wp-json\/wp\/v2\/product_brand?post=905"},{"taxonomy":"product_cat","embeddable":true,"href":"https:\/\/lyfilter.com\/fr\/wp-json\/wp\/v2\/product_cat?post=905"},{"taxonomy":"product_tag","embeddable":true,"href":"https:\/\/lyfilter.com\/fr\/wp-json\/wp\/v2\/product_tag?post=905"}],"curies":[{"name":"wp","href":"https:\/\/api.w.org\/{rel}","templated":true}]}}