{"id":856,"date":"2025-12-24T09:45:25","date_gmt":"2025-12-24T09:45:25","guid":{"rendered":"https:\/\/lyfilter.com\/?post_type=product&#038;p=856"},"modified":"2025-12-24T09:45:26","modified_gmt":"2025-12-24T09:45:26","slug":"5-10-inch-plastic-frame-80-100-200-micron-washable-mesh-net-filter-cartridge-for-pre-water-filter-element-filtration","status":"publish","type":"product","link":"https:\/\/lyfilter.com\/fr\/5-10-inch-plastic-frame-80-100-200-micron-washable-mesh-net-filter-cartridge-for-pre-water-filter-element-filtration\/","title":{"rendered":"5 10 pouces Cadre en plastique 80 100 200 microns Cartouche de filtre \u00e0 maille lavable pour la filtration d'\u00e9l\u00e9ments de pr\u00e9-filtration d'eau"},"content":{"rendered":"<div class=\"pro_aliData\">\n<div class=\"detail-box\">\n<div class=\"scc-wrapper detail-module module-productPackagingAndQuickDetail\" data-spm=\"prilinga1e\">\n<div class=\"widget-detail-overview\">\n<div class=\"do-content\">\n<div class=\"do-overview\">\n<div class=\"do-entry do-entry-full\">\n<h3 class=\"do-entry-title\">Emballage et livraison<\/h3>\n<div class=\"do-entry-list\">\n<dl class=\"do-entry-item\">\n<dt class=\"do-entry-item-key\">Unit\u00e9s de vente :<\/dt>\n<dd class=\"do-entry-item-val\">Article unique<\/dd>\n<\/dl>\n<dl class=\"do-entry-item\">\n<dt class=\"do-entry-item-key\" title=\"Taille de l&#039;emballage unique :\">Taille de l'emballage unique :<\/dt>\n<dd class=\"do-entry-item-val\">55X8X8 cm<\/dd>\n<\/dl>\n<dl class=\"do-entry-item\">\n<dt class=\"do-entry-item-key\" title=\"Poids brut unique :\">Poids brut unique :<\/dt>\n<dd class=\"do-entry-item-val\">0,500 kg<\/dd>\n<\/dl>\n<dl class=\"do-entry-item\">\n<dt class=\"do-entry-item-key\">Type d'emballage :<\/dt>\n<dd class=\"do-entry-item-val pkg-method\">5 10 pouces Cadre en plastique 80 100 200 microns Cartouche de filtre \u00e0 maille lavable pour pr\u00e9\u00a0<a href=\"https:\/\/lyfilter.com\/fr\/products.html\/\">\u00e9l\u00e9ment de filtre \u00e0 eau<\/a>\u00a0filtration Les prix unitaires et les frais d'exp\u00e9dition sont sujets \u00e0 des changements de quantit\u00e9. N'h\u00e9sitez pas \u00e0 nous envoyer une demande pour obtenir les meilleurs prix. Emballage 25pc\/CTN<\/dd>\n<\/dl>\n<dl class=\"do-entry-item\">\n<dt class=\"do-entry-item-key\" title=\"D\u00e9lai d&#039;ex\u00e9cution\">D\u00e9lai d'ex\u00e9cution\u00a0<i class=\"next-icon next-icon-help next-icon-xs js-leadtimes-tips\"><\/i>:<\/dt>\n<dd class=\"do-entry-item-val\" title=\"D\u00e9lai d&#039;ex\u00e9cution\">\n<div class=\"table-responsive\">\n<table class=\"supply-ability-table ui2-table ui2-table-normal ui2-table-zebra ui2-table-hover\">\n<tbody>\n<tr>\n<td>Quantit\u00e9 (pi\u00e8ces)<\/td>\n<td>1 - 10000<\/td>\n<td>&gt;10000<\/td>\n<\/tr>\n<tr>\n<td>Est. Temps (jours)<\/td>\n<td>15<\/td>\n<td>A n\u00e9gocier<\/td>\n<\/tr>\n<\/tbody>\n<\/table>\n<\/div>\n<\/dd>\n<\/dl>\n<\/div>\n<\/div>\n<\/div>\n<\/div>\n<\/div>\n<\/div>\n<div class=\"scc-wrapper detail-module module-detailVideo\" data-spm=\"detailvideo\"><\/div>\n<div class=\"scc-wrapper detail-module module-productSpecification\" data-spm=\"pronpeci14\">\n<div id=\"J-rich-text-description\" class=\"richtext richtext-detail rich-text-description\">\n<div id=\"detail_decorate_root\" data-host=\"111218246\" data-magic-global=\"%7B%22bizId%22%3A17381045746%2C%22pageId%22%3A5071907925%2C%22siteId%22%3A5005126472%7D\" data-id=\"detail_decorate_root\">\n<div id=\"ali-anchor-AliMagic-wcaxb4\" class=\"magic-0\" data-section=\"AliMagic-wcaxb4\" data-section-title=\"Product Description\">Description du produit<\/div>\n<div class=\"detail-decorate-json-renderer-container\">\n<div class=\"magic-1\">\n<h3 class=\"magic-2\" data-id=\"title0\"><\/h3>\n<h3 class=\"magic-3\">5 10 pouces Cadre en plastique 80 100 200 microns Cartouche de filtre \u00e0 maille lavable pour la filtration d'\u00e9l\u00e9ments de pr\u00e9-filtration d'eau<\/h3>\n<div class=\"magic-4\">\n<div class=\"magic-5\">\n<div class=\"magic-6\" data-id=\"paragraph0\">\n<div>La cartouche filtrante lavable est fabriqu\u00e9e \u00e0 partir de polypropyl\u00e8ne 100% pur et non toxique, avec un filet lavable en nylon ou en acier inoxydable. Elle peut \u00eatre utilis\u00e9e comme pr\u00e9-filtre \u00e0 eau.<\/div>\n<div><\/div>\n<div>Caract\u00e9ristiques :<\/div>\n<div><\/div>\n<p>1. \u00c9limination des s\u00e9diments, du sable et des particules en suspension ; 2. haute efficacit\u00e9, facile \u00e0 nettoyer et \u00e0 r\u00e9trolaver ; 3. convient \u00e0 tous les bo\u00eetiers standard des configurations DOE et 222 ; 4. faible perte de charge ; 5. grande capacit\u00e9 de r\u00e9tention des salet\u00e9s ; 6. longue dur\u00e9e de vie. 7. Temp\u00e9rature de fonctionnement max : 55 \u2103 ; 8. pression diff\u00e9rentielle maximale de 0,8 bar (11,6 Psi) ; 9. il est recommand\u00e9 de nettoyer\/remplacer la cartouche au moins une fois tous les 12 mois.<\/p><\/div>\n<\/div>\n<\/div>\n<\/div>\n<\/div>\n<div class=\"icbu-pc-images magic-7\">\n<div>\n<div class=\"flex-layout-v\">\n<div class=\"flex-layout-h magic-7\">\n<div class=\"magic-8\"><img decoding=\"async\" class=\"magic-9\" src=\"https:\/\/img.yfisher.com\/m6076\/1725727431f27\/jpg70-t3-scale100.webp\" alt=\"5 10 pouces Cadre en plastique 80 100 200 microns Cartouche de filtre \u00e0 maille lavable pour \u00e9l\u00e9ment de filtration de pr\u00e9-filtre d&#039;eau 7\" data-id=\"child-image-0\" data-lazy=\"2\" title=\"\"><\/div>\n<div class=\"magic-10\"><img decoding=\"async\" class=\"magic-9\" src=\"https:\/\/img.yfisher.com\/m6076\/1725727431fv4\/jpg70-t3-scale100.webp\" alt=\"5 10 pouces Cadre en plastique 80 100 200 microns Cartouche de filtre \u00e0 maille lavable pour \u00e9l\u00e9ment de filtration de pr\u00e9-filtre \u00e0 eau 9\" data-id=\"child-image-1\" data-lazy=\"2\" title=\"\"><\/div>\n<\/div>\n<\/div>\n<\/div>\n<\/div>\n<div class=\"icbu-pc-images magic-7\">\n<div>\n<div class=\"flex-layout-v\">\n<div class=\"flex-layout-h magic-7\">\n<div class=\"magic-11\"><img decoding=\"async\" class=\"magic-12\" src=\"https:\/\/img.yfisher.com\/m6076\/1725727320ygr\/jpg70-t3-scale100.webp\" alt=\"5 10 pouces Cadre en plastique 80 100 200 microns Cartouche de filtre \u00e0 maille lavable pour \u00e9l\u00e9ment de filtration de pr\u00e9-filtre d&#039;eau 11\" data-lazy=\"2\" title=\"\"><\/div>\n<\/div>\n<\/div>\n<\/div>\n<\/div>\n<div class=\"ife-detail-decorate-table\">\n<div class=\"table-responsive\">\n<table class=\"all magic-13\">\n<tbody>\n<tr>\n<td colspan=\"1\" rowspan=\"1\">\n<div class=\"magic-14\">Nom du produit<\/div>\n<\/td>\n<td colspan=\"1\" rowspan=\"1\">\n<div class=\"magic-15\">5 10 pouces Cadre en plastique 80 100 200 microns Cartouche de filtre \u00e0 maille lavable pour la filtration d'\u00e9l\u00e9ments de pr\u00e9-filtration d'eau<\/div>\n<\/td>\n<\/tr>\n<tr>\n<td colspan=\"1\" rowspan=\"1\">\n<div class=\"magic-14\">Peut \u00eatre rempli<\/div>\n<\/td>\n<td colspan=\"1\" rowspan=\"1\">\n<div class=\"magic-15\">Power PHOS, Siliphos, Polyphosphate crytal ball<\/div>\n<\/td>\n<\/tr>\n<tr>\n<td colspan=\"1\" rowspan=\"1\">\n<div class=\"magic-16\"><span style=\"color: #000000;\" data-spm-anchor-id=\"a2700.siteadmin.0.i42.4c773333dtqLo6\">Mat\u00e9riau net<\/span><\/div>\n<\/td>\n<td colspan=\"1\" rowspan=\"1\">\n<div class=\"magic-17\">Maille en nylon ou en acier inoxydable<\/div>\n<\/td>\n<\/tr>\n<tr>\n<td colspan=\"1\" rowspan=\"1\">\n<div class=\"magic-14\">Mat\u00e9riau du bo\u00eetier du filtre<\/div>\n<\/td>\n<td colspan=\"1\" rowspan=\"1\">\n<div class=\"magic-15\">PP<\/div>\n<\/td>\n<\/tr>\n<tr>\n<td colspan=\"1\" rowspan=\"1\">\n<div class=\"magic-14\">Longueur<\/div>\n<\/td>\n<td colspan=\"1\" rowspan=\"1\">\n<div class=\"magic-15\">5, 10 pouces<\/div>\n<\/td>\n<\/tr>\n<tr>\n<td colspan=\"1\" rowspan=\"1\">\n<div class=\"magic-14\">Couleur du bo\u00eetier du filtre<\/div>\n<\/td>\n<td colspan=\"1\" rowspan=\"1\">\n<div class=\"magic-15\">blanc, transparent<\/div>\n<\/td>\n<\/tr>\n<tr>\n<td colspan=\"1\" rowspan=\"1\">\n<div class=\"magic-14\">Fonction<\/div>\n<\/td>\n<td colspan=\"1\" rowspan=\"1\">\n<div class=\"magic-15\">anti-corrosion et anti-calcaire<\/div>\n<\/td>\n<\/tr>\n<tr>\n<td colspan=\"1\" rowspan=\"1\">\n<div class=\"magic-14\">Installation<\/div>\n<\/td>\n<td colspan=\"1\" rowspan=\"1\">\n<div class=\"magic-15\">Sous l'\u00e9vier, maison Pr\u00e9filtration<\/div>\n<\/td>\n<\/tr>\n<tr>\n<td colspan=\"1\" rowspan=\"1\">\n<div class=\"magic-14\">Fonctionnalit\u00e9<\/div>\n<\/td>\n<td colspan=\"1\" rowspan=\"1\">\n<div class=\"magic-15\">Rechargeable, r\u00e9utilisable<\/div>\n<\/td>\n<\/tr>\n<\/tbody>\n<\/table>\n<\/div>\n<\/div>\n<div id=\"ali-anchor-AliMagic-ku05x9\" class=\"magic-0\" data-section=\"AliMagic-ku05x9\" data-section-title=\"Product Show\">Pr\u00e9sentation du produit<\/div>\n<div class=\"icbu-pc-images magic-7\">\n<div>\n<div class=\"flex-layout-v\">\n<div class=\"flex-layout-h magic-7\">\n<div class=\"magic-11\"><img decoding=\"async\" class=\"magic-12\" src=\"https:\/\/img.yfisher.com\/m6076\/1725727320oes\/jpg70-t3-scale100.webp\" alt=\"5 10 pouces Cadre en plastique 80 100 200 microns Cartouche de filtre \u00e0 maille lavable pour la filtration de l&#039;eau 13\" data-lazy=\"2\" title=\"\"><\/div>\n<\/div>\n<\/div>\n<\/div>\n<\/div>\n<div class=\"icbu-pc-images magic-7\">\n<div>\n<div class=\"flex-layout-v\">\n<div class=\"flex-layout-h magic-7\">\n<div class=\"magic-11\"><img decoding=\"async\" class=\"magic-12\" src=\"https:\/\/img.yfisher.com\/m6076\/1725727320zlw\/jpg70-t3-scale100.webp\" alt=\"5 10 pouces Cadre en plastique 80 100 200 microns Cartouche de filtre \u00e0 maille lavable pour pr\u00e9-filtre d&#039;eau \u00e9l\u00e9ment de filtration 15\" data-lazy=\"2\" title=\"\"><\/div>\n<\/div>\n<\/div>\n<\/div>\n<\/div>\n<div class=\"icbu-pc-images magic-7\">\n<div>\n<div class=\"flex-layout-v\">\n<div class=\"flex-layout-h magic-7\">\n<div class=\"magic-18\"><img decoding=\"async\" class=\"magic-19\" src=\"https:\/\/img.yfisher.com\/m6076\/1725727320t9d\/jpg70-t3-scale100.webp\" alt=\"5 10 pouces Cadre en plastique 80 100 200 microns Cartouche de filtre \u00e0 maille lavable pour \u00e9l\u00e9ment de filtration de pr\u00e9-filtre d&#039;eau 17\" data-lazy=\"2\" title=\"\"><\/div>\n<\/div>\n<\/div>\n<\/div>\n<\/div>\n<div id=\"ali-anchor-AliMagic-zn1rbz\" class=\"magic-0\" data-section=\"AliMagic-zn1rbz\" data-section-title=\"Our Company\">Notre entreprise<\/div>\n<div class=\"detail-decorate-json-renderer-container\">\n<div class=\"magic-1\">\n<div class=\"magic-4\">\n<div class=\"magic-5\">\n<div class=\"magic-6\">\n<p class=\"magic-20\">Guangzhou Lvyuan Water Purification Equipment Co.,Ltd est situ\u00e9 dans le district de Panyu, dans la ville de Guangzhou. Nous sommes une entreprise compl\u00e8te. Nos lignes de production comp\u00e9titives comprennent :<br \/>\n1. Toutes sortes de cartouches filtrantes<br \/>\n2. Cartouches filtrantes et filtres \u00e0 manches<br \/>\n3. Purificateurs d'eau et \u00e9quipements RO, UF, MBR<br \/>\n4. Plusieurs types d'\u00e9quipements de traitement de l'eau<br \/>\n5. De nombreux types de purificateurs d'eau et d'\u00e9quipements, d'adoucisseurs d'eau, etc.<br \/>\nNous nous consacrons au d\u00e9veloppement de la filtration depuis plus de 10 ans. Nous pouvons fournir une assistance technique avanc\u00e9e et des solutions \u00e0 tous nos clients.<\/p>\n<\/div>\n<\/div>\n<\/div>\n<\/div>\n<\/div>\n<div class=\"icbu-pc-images magic-7\">\n<div>\n<div class=\"flex-layout-v\">\n<div class=\"flex-layout-h magic-7\">\n<div class=\"magic-21\"><img decoding=\"async\" class=\"magic-22\" src=\"https:\/\/img.yfisher.com\/m6076\/1725286988dit\/jpg70-t3-scale100.webp\" alt=\"5 10 pouces Cadre en plastique 80 100 200 microns Cartouche de filtre \u00e0 maille lavable pour \u00e9l\u00e9ment de filtration de pr\u00e9-filtre \u00e0 eau 19\" data-lazy=\"2\" title=\"\"><\/div>\n<\/div>\n<\/div>\n<\/div>\n<\/div>\n<div class=\"icbu-pc-images magic-7\">\n<div>\n<div class=\"flex-layout-v\">\n<div class=\"flex-layout-h magic-7\">\n<div class=\"magic-23\"><img decoding=\"async\" class=\"magic-24\" src=\"https:\/\/img.yfisher.com\/m6076\/1725726960zy4\/jpg70-t3-scale100.webp\" alt=\"5 10 pouces Cadre en plastique 80 100 200 microns Cartouche de filtre \u00e0 maille lavable pour pr\u00e9-filtre \u00e0 eau \u00e9l\u00e9ment de filtration 21\" data-lazy=\"2\" title=\"\"><\/div>\n<\/div>\n<\/div>\n<\/div>\n<\/div>\n<div id=\"ali-anchor-AliMagic-iytxe9\" class=\"magic-0\" data-section=\"AliMagic-iytxe9\" data-section-title=\"Packing &amp; Delivery\">Emballage et livraison<\/div>\n<div class=\"icbu-pc-images magic-7\">\n<div>\n<div class=\"flex-layout-v\">\n<div class=\"flex-layout-h magic-7\">\n<div class=\"magic-25\"><img decoding=\"async\" class=\"magic-26\" src=\"https:\/\/img.yfisher.com\/m6076\/1725726953i81\/jpg70-t3-scale100.webp\" alt=\"5 10 pouces Cadre en plastique 80 100 200 microns Cartouche de filtre \u00e0 maille lavable pour \u00e9l\u00e9ment de filtration de pr\u00e9-filtre \u00e0 eau 23\" data-id=\"child-image-0\" data-lazy=\"2\" title=\"\"><\/div>\n<div class=\"magic-27\"><img class=\"magic-28\" alt=\"5 10 pouces Cadre en plastique 80 100 200 microns Cartouche de filtre \u00e0 maille lavable pour la filtration de l&#039;eau 25\" data-id=\"child-image-1\" data-lazy=\"0\" \/><\/div>\n<div class=\"magic-27\"><img decoding=\"async\" class=\"magic-29\" src=\"https:\/\/img.yfisher.com\/m6076\/172572695459i\/jpg70-t3-scale100.webp\" alt=\"5 10 pouces Cadre en plastique 80 100 200 microns Cartouche de filtre \u00e0 maille lavable pour \u00e9l\u00e9ment de pr\u00e9-filtration d&#039;eau 27\" data-id=\"child-image-2\" data-lazy=\"2\" title=\"\"><\/div>\n<\/div>\n<\/div>\n<\/div>\n<\/div>\n<div class=\"icbu-pc-detailSellerRecommend magic-30 J_module\" data-magic=\" \" data-magic-status=\"done\">\n<div class=\"icbu-pc-detailSellerRecommend\" data-reactroot=\"\"><\/div>\n<\/div>\n<div id=\"ali-anchor-AliMagic-aynhhf\" class=\"magic-0\" data-section=\"AliMagic-aynhhf\" data-section-title=\"Contact\">Contact<\/div>\n<div class=\"icbu-pc-images magic-7\">\n<div>\n<div class=\"flex-layout-v\">\n<div class=\"flex-layout-h magic-7\">\n<div class=\"magic-31\"><img decoding=\"async\" class=\"magic-32\" src=\"https:\/\/img.yfisher.com\/m6076\/1725727157evo\/jpg70-t3-scale100.webp\" alt=\"5 10 pouces Cadre en plastique 80 100 200 microns Cartouche de filtre \u00e0 maille lavable pour \u00e9l\u00e9ment de pr\u00e9-filtration d&#039;eau 29\" data-lazy=\"2\" title=\"\"><\/div>\n<\/div>\n<\/div>\n<\/div>\n<\/div>\n<div id=\"7663915323\" class=\"J_module\"><\/div>\n<\/div>\n<\/div>\n<\/div>\n<div data-module=\"detailMarketPackage\"><\/div>\n<div data-module=\"productAuth\"><\/div>\n<\/div>\n<\/div>\n<div class=\"diffStatement\">Guangzhou Lvyuan Water Purification Equipment Co. est une entreprise de haute technologie qui int\u00e8gre la recherche et le d\u00e9veloppement, la production, la commercialisation et le service apr\u00e8s-vente.\u00a0<a href=\"https:\/\/lyfilter.com\/fr\/products.html\/\">cartouches de filtre \u00e0 eau<\/a>\u00a0ensemble. Il offre une excellente filtration et une bonne stabilit\u00e9 thermique. Guangzhou Lvyuan Water Purification Equipment Co. utilise des cartons solides pour emballer les cartouches de filtre \u00e0 eau afin de s'assurer qu'elles sont suffisamment s\u00fbres. Elle offre une excellente filtration et une bonne stabilit\u00e9 thermique.<\/div>","protected":false},"excerpt":{"rendered":"<table>\n<thead>\n<tr>\n<th><strong>Champ d'application<\/strong><\/th>\n<th><strong>Valeur<\/strong><\/th>\n<\/tr>\n<\/thead>\n<tbody>\n<tr>\n<td>Type<\/td>\n<td>Pi\u00e8ces d\u00e9tach\u00e9es pour filtres \u00e0 eau<\/td>\n<\/tr>\n<tr>\n<td>Nom du produit<\/td>\n<td>Cartouche de filet lavable<\/td>\n<\/tr>\n<tr>\n<td>Num\u00e9ro de mod\u00e8le<\/td>\n<td>LY-NET<\/td>\n<\/tr>\n<tr>\n<td>Nom de la marque<\/td>\n<td>Lvyuan \/ OEM<\/td>\n<\/tr>\n<tr>\n<td>Lieu d'origine<\/td>\n<td>Guangdong, Chine<\/td>\n<\/tr>\n<tr>\n<td>Application<\/td>\n<td>H\u00f4tel, commerce, m\u00e9nage<\/td>\n<\/tr>\n<tr>\n<td>Source d'\u00e9nergie<\/td>\n<td>Manuel<\/td>\n<\/tr>\n<tr>\n<td>Service apr\u00e8s-vente<\/td>\n<td>Aucun<\/td>\n<\/tr>\n<tr>\n<td>Garantie<\/td>\n<td>Aucun<\/td>\n<\/tr>\n<tr>\n<td>Certification<\/td>\n<td>CE<\/td>\n<\/tr>\n<tr>\n<td>Application (utilisation)<\/td>\n<td>\u00c9l\u00e9ment de pr\u00e9-filtration<\/td>\n<\/tr>\n<tr>\n<td>Longueur<\/td>\n<td>5\u2033, 10\u2033 pouces<\/td>\n<\/tr>\n<tr>\n<td>Fonction<\/td>\n<td>Pr\u00e9vention du tartre, \u00e9limination des impuret\u00e9s<\/td>\n<\/tr>\n<tr>\n<td>M\u00e9dia filtrant<\/td>\n<td>Power PHOS, Siliphos, Polyphosphate boule de cristal<\/td>\n<\/tr>\n<tr>\n<td>Couleur<\/td>\n<td>Blanc, Transparent<\/td>\n<\/tr>\n<tr>\n<td>Dur\u00e9e de vie du filtre<\/td>\n<td>3 \u00e0 6 mois<\/td>\n<\/tr>\n<tr>\n<td>Installation<\/td>\n<td>Bo\u00eetier de pr\u00e9-filtre<\/td>\n<\/tr>\n<tr>\n<td>Temp. de fonctionnement.<\/td>\n<td>4\u00b0C-80\u00b0C<\/td>\n<\/tr>\n<\/tbody>\n<\/table>","protected":false},"featured_media":862,"comment_status":"open","ping_status":"closed","template":"","meta":{"_gspb_post_css":""},"product_brand":[],"product_cat":[23,17],"product_tag":[369,368,365,367,366,364],"class_list":{"0":"post-856","1":"product","2":"type-product","3":"status-publish","4":"has-post-thumbnail","6":"product_cat-pp-filter-cartridge","7":"product_cat-sediment-filter","8":"product_tag-ce-certified-cartridge","9":"product_tag-hotel-water-filter-parts","10":"product_tag-ly-net-pre-filter","11":"product_tag-polyphosphate-media","12":"product_tag-scale-prevention-filter","13":"product_tag-washable-net-cartridge","15":"first","16":"instock","17":"shipping-taxable","18":"product-type-simple"},"_links":{"self":[{"href":"https:\/\/lyfilter.com\/fr\/wp-json\/wp\/v2\/product\/856","targetHints":{"allow":["GET"]}}],"collection":[{"href":"https:\/\/lyfilter.com\/fr\/wp-json\/wp\/v2\/product"}],"about":[{"href":"https:\/\/lyfilter.com\/fr\/wp-json\/wp\/v2\/types\/product"}],"replies":[{"embeddable":true,"href":"https:\/\/lyfilter.com\/fr\/wp-json\/wp\/v2\/comments?post=856"}],"wp:featuredmedia":[{"embeddable":true,"href":"https:\/\/lyfilter.com\/fr\/wp-json\/wp\/v2\/media\/862"}],"wp:attachment":[{"href":"https:\/\/lyfilter.com\/fr\/wp-json\/wp\/v2\/media?parent=856"}],"wp:term":[{"taxonomy":"product_brand","embeddable":true,"href":"https:\/\/lyfilter.com\/fr\/wp-json\/wp\/v2\/product_brand?post=856"},{"taxonomy":"product_cat","embeddable":true,"href":"https:\/\/lyfilter.com\/fr\/wp-json\/wp\/v2\/product_cat?post=856"},{"taxonomy":"product_tag","embeddable":true,"href":"https:\/\/lyfilter.com\/fr\/wp-json\/wp\/v2\/product_tag?post=856"}],"curies":[{"name":"wp","href":"https:\/\/api.w.org\/{rel}","templated":true}]}}