{"id":849,"date":"2025-12-24T09:41:32","date_gmt":"2025-12-24T09:41:32","guid":{"rendered":"https:\/\/lyfilter.com\/?post_type=product&#038;p=849"},"modified":"2025-12-24T09:41:32","modified_gmt":"2025-12-24T09:41:32","slug":"high-filtration-10-20-inch-big-blue-wine-sediment-filter-pp-water-filter-element","status":"publish","type":"product","link":"https:\/\/lyfilter.com\/fr\/high-filtration-10-20-inch-big-blue-wine-sediment-filter-pp-water-filter-element\/","title":{"rendered":"Filtre \u00e0 s\u00e9diments pour vin bleu 10 20 pouces\/\u00e9l\u00e9ment de filtre \u00e0 eau en PP \u00e0 haute filtration"},"content":{"rendered":"<div class=\"pro_aliData\">\n<div class=\"detail-box\">\n<div class=\"scc-wrapper detail-module module-productPackagingAndQuickDetail\" data-spm=\"prilinga1e\">\n<div class=\"widget-detail-overview\">\n<div class=\"do-content\">\n<div class=\"do-overview\">\n<div class=\"do-entry do-entry-full\">\n<h3 class=\"do-entry-title\">Emballage et livraison<\/h3>\n<div class=\"do-entry-list\">\n<dl class=\"do-entry-item\">\n<dt class=\"do-entry-item-key\">Unit\u00e9s de vente :<\/dt>\n<dd class=\"do-entry-item-val\">Article unique<\/dd>\n<\/dl>\n<dl class=\"do-entry-item\">\n<dt class=\"do-entry-item-key\" title=\"Taille de l&#039;emballage unique :\">Taille de l'emballage unique :<\/dt>\n<dd class=\"do-entry-item-val\">30X5X5 cm<\/dd>\n<\/dl>\n<dl class=\"do-entry-item\">\n<dt class=\"do-entry-item-key\" title=\"Poids brut unique :\">Poids brut unique :<\/dt>\n<dd class=\"do-entry-item-val\">1.000 kg<\/dd>\n<\/dl>\n<dl class=\"do-entry-item\">\n<dt class=\"do-entry-item-key\">Type d'emballage :<\/dt>\n<dd class=\"do-entry-item-val pkg-method\">Filtre \u00e0 s\u00e9diments pour vin bleu 10 20 pouces\/\u00e9l\u00e9ment filtrant pour eau en PP 10\u201d 50PCS\/CTN 20\u201d 25PCS\/CTN 30\u201d 25PCS\/CTN 40\u201d 25PCS\/CTN<\/dd>\n<\/dl>\n<dl class=\"do-entry-item\">\n<dt class=\"do-entry-item-key\" title=\"D\u00e9lai d&#039;ex\u00e9cution\">D\u00e9lai d'ex\u00e9cution\u00a0<i class=\"next-icon next-icon-help next-icon-xs js-leadtimes-tips\"><\/i>:<\/dt>\n<dd class=\"do-entry-item-val\" title=\"D\u00e9lai d&#039;ex\u00e9cution\">\n<div class=\"table-responsive\">\n<table class=\"supply-ability-table ui2-table ui2-table-normal ui2-table-zebra ui2-table-hover\">\n<tbody>\n<tr>\n<td>Quantit\u00e9 (pi\u00e8ces)<\/td>\n<td>1 - 500<\/td>\n<td>501 - 5000<\/td>\n<td>5001 - 10000<\/td>\n<td>&gt;10000<\/td>\n<\/tr>\n<tr>\n<td>Est. Temps (jours)<\/td>\n<td>3<\/td>\n<td>7<\/td>\n<td>10<\/td>\n<td>A n\u00e9gocier<\/td>\n<\/tr>\n<\/tbody>\n<\/table>\n<\/div>\n<\/dd>\n<\/dl>\n<\/div>\n<\/div>\n<\/div>\n<\/div>\n<\/div>\n<\/div>\n<div class=\"scc-wrapper detail-module module-detailVideo\" data-spm=\"detailvideo\"><\/div>\n<div class=\"scc-wrapper detail-module module-productSpecification\" data-spm=\"pronpeci14\">\n<div id=\"J-rich-text-description\" class=\"richtext richtext-detail rich-text-description\">\n<p>Introduction :<\/p>\n<p>La cartouche filtrante PP melt-blown (PPF) est fabriqu\u00e9e \u00e0 partir de polypropyl\u00e8ne.<\/p>\n<p>Il peut \u00e9liminer efficacement les substances en suspension, les particules et la rouille.<\/p>\n<p>Ce type de cartouche est utilis\u00e9 pour la cartouche du filtre avant afin de prot\u00e9ger les autres.<\/p>\n<p>&nbsp;<\/p>\n<p>&nbsp;<\/p>\n<p>&nbsp;<\/p>\n<p>&nbsp;<\/p>\n<p>Param\u00e8tres :<\/p>\n<div class=\"table-responsive\">\n<table class=\"aliDataTable\">\n<tbody>\n<tr align=\"left\">\n<td valign=\"top\">Produit<\/td>\n<td valign=\"top\">Filtre \u00e0 s\u00e9diments pour vin bleu 10 20 pouces\/\u00e9l\u00e9ment de filtre \u00e0 eau en PP \u00e0 haute filtration<\/td>\n<\/tr>\n<tr align=\"left\">\n<td valign=\"top\">Mat\u00e9riau<\/td>\n<td valign=\"top\">PP, polypropyl\u00e8ne<\/td>\n<\/tr>\n<tr align=\"left\">\n<td valign=\"top\">Style<\/td>\n<td valign=\"top\">Rainure, points de pression, plat, croisement<\/td>\n<\/tr>\n<tr align=\"left\">\n<td valign=\"top\">Filtration de pr\u00e9cision<\/td>\n<td valign=\"top\">1~100micron<\/td>\n<\/tr>\n<tr align=\"left\">\n<td valign=\"top\">Diam\u00e8tre ext\u00e9rieur<\/td>\n<td valign=\"top\">60~65mm<\/td>\n<\/tr>\n<tr align=\"left\">\n<td valign=\"top\">Diam\u00e8tre int\u00e9rieur<\/td>\n<td valign=\"top\">28 mm ou 30 mm<\/td>\n<\/tr>\n<tr align=\"left\">\n<td valign=\"top\">Interface<\/td>\n<td valign=\"top\">Plat, ins\u00e9r\u00e9, viss\u00e9<\/td>\n<\/tr>\n<tr align=\"left\">\n<td valign=\"top\">Type d'embout<\/td>\n<td valign=\"top\">222flat, 222fin, 226flat, 226fin, 215flat, 215fin<\/td>\n<\/tr>\n<tr align=\"left\">\n<td valign=\"top\">Longueur<\/td>\n<td valign=\"top\">5\u201d,10\u201d,20\u201d,30\u201d,40\u201d,50\u2033,60\u2033<\/td>\n<\/tr>\n<tr align=\"left\">\n<td valign=\"top\">Pression diff\u00e9rentielle maximale<\/td>\n<td valign=\"top\">3 kgf\/cm\u00b2<\/td>\n<\/tr>\n<tr align=\"left\">\n<td valign=\"top\">Temp\u00e9rature de fonctionnement maximale<\/td>\n<td valign=\"top\">80\u00b0c<\/td>\n<\/tr>\n<tr align=\"left\">\n<td valign=\"top\">Pression diff\u00e9rentielle de fonctionnement<\/td>\n<td valign=\"top\">0,1kgf\/cm2<\/td>\n<\/tr>\n<tr align=\"left\">\n<td valign=\"top\">Marque<\/td>\n<td valign=\"top\">Lvyuan\/OEM<\/td>\n<\/tr>\n<tr align=\"left\">\n<td valign=\"top\">Poids commun<\/td>\n<td valign=\"top\">100- 120g\/10\u2033 (peut \u00eatre personnalis\u00e9)<\/td>\n<\/tr>\n<\/tbody>\n<\/table>\n<\/div>\n<p>&nbsp;<\/p>\n<p>&nbsp;<\/p>\n<p>&nbsp;<\/p>\n<p>&nbsp;<\/p>\n<p>Caract\u00e9ristiques :<\/p>\n<p>1. D\u00e9placer efficacement les substances en suspension, les particules et la rouille.<\/p>\n<p>2. Pr\u00e9filtration de l'eau<\/p>\n<p>3. Large compatibilit\u00e9 chimique<\/p>\n<p>4. R\u00e9sistant \u00e0 la pression<\/p>\n<p>5. Haute r\u00e9sistance chimique.<\/p>\n<p>6. Toutes sortes d'adaptateurs sont disponibles<\/p>\n<p>7. Grande capacit\u00e9 de r\u00e9tention des contaminants et longue dur\u00e9e de vie.<\/p>\n<p>&nbsp;<\/p>\n<p>&nbsp;<\/p>\n<p>&nbsp;<\/p>\n<p>&nbsp;<\/p>\n<p>Champ d'application :<\/p>\n<p>Pr\u00e9filtration ou syst\u00e8me RO, solvant, industrie chimique, industrie p\u00e9troli\u00e8re,<\/p>\n<p>le traitement de l'eau potable, les industries \u00e9lectroniques et \u00e9lectriques, le placage,<\/p>\n<p>alimentation et boissons, vin, etc.<\/p>\n<p>&nbsp;<\/p>\n<p>&nbsp;<\/p>\n<p>&nbsp;<\/p>\n<p>D\u00e9tail de l'emballage : 10\u2033:50PCS\/CTN ; 20\u2033:25PCS\/CTN ; 30\u2033:25PC\/CTN;40\u2033:25PCS\/CTN<\/p>\n<p>D\u00e9tail de la livraison : Dans les 7 jours suivant la r\u00e9ception de l'acompte 30%<\/p>\n<p>&nbsp;<\/p>\n<p>&nbsp;<\/p>\n<p>&nbsp;<\/p>\n<p>&nbsp;<\/p>\n<p>&nbsp;<\/p>\n<p>Spectacle du produit :<\/p>\n<p><img decoding=\"async\" src=\"https:\/\/img.yfisher.com\/m6076\/1725727044j1x\/jpg70-t3-scale100.webp\" alt=\"Filtre \u00e0 s\u00e9diments pour vin bleu 10 20 pouces\/\u00e9l\u00e9ment filtrant pour eau en PP 7\" data-alt=\"High filtration 10 20 inch big blue wine sediment filter\/PP water filter element\" data-=\"\" data-lazy=\"2\" title=\"\"><\/p>\n<p><img decoding=\"async\" src=\"https:\/\/img.yfisher.com\/m6076\/1725727044jk0\/jpg70-t3-scale100.webp\" alt=\"Filtre \u00e0 s\u00e9diments pour vin bleu 10 20 pouces\/\u00e9l\u00e9ment filtrant pour eau en PP 9\" data-alt=\"High filtration 10 20 inch big blue wine sediment filter\/PP water filter element\" data-=\"\" data-lazy=\"2\" title=\"\"><\/p>\n<p><img decoding=\"async\" src=\"https:\/\/img.yfisher.com\/m6076\/1725727044tl5\/jpg70-t3-scale100.webp\" alt=\"Filtre \u00e0 s\u00e9diments pour vin bleu de 10 \u00e0 20 pouces\/\u00e9l\u00e9ment filtrant pour l&#039;eau en PP 11\" data-alt=\"High filtration 10 20 inch big blue wine sediment filter\/PP water filter element\" data-=\"\" data-lazy=\"2\" title=\"\"><\/p>\n<p><img decoding=\"async\" src=\"https:\/\/img.yfisher.com\/m6076\/1725727044ad0\/jpg70-t3-scale100.webp\" alt=\"Filtre \u00e0 s\u00e9diments pour vin bleu 10 20 pouces\/\u00e9l\u00e9ment filtrant pour eau en PP 13\" data-alt=\"High filtration 10 20 inch big blue wine sediment filter\/PP water filter element\" data-=\"\" data-lazy=\"2\" title=\"\"><\/p>\n<p><img decoding=\"async\" src=\"https:\/\/img.yfisher.com\/m6076\/1725727044yry\/jpg70-t3-scale100.webp\" alt=\"Filtre \u00e0 s\u00e9diments pour vin bleu de 10 \u00e0 20 pouces\/\u00e9l\u00e9ment filtrant pour l&#039;eau en PP 15\" data-alt=\"High filtration 10 20 inch big blue wine sediment filter\/PP water filter element\" data-=\"\" data-lazy=\"2\" title=\"\"><\/p>\n<p><img decoding=\"async\" src=\"https:\/\/img.yfisher.com\/m6076\/17257270441yf\/jpg70-t3-scale100.webp\" alt=\"Filtre \u00e0 s\u00e9diments pour vin bleu de 10 \u00e0 20 pouces\/\u00e9l\u00e9ment filtrant pour l&#039;eau en PP 17\" data-alt=\"High filtration 10 20 inch big blue wine sediment filter\/PP water filter element\" data-=\"\" data-lazy=\"2\" title=\"\"><\/p>\n<p><img decoding=\"async\" src=\"https:\/\/img.yfisher.com\/m6076\/17257270449f1\/jpg70-t3-scale100.webp\" alt=\"Filtre \u00e0 s\u00e9diments pour vin bleu de 10 \u00e0 20 pouces\/\u00e9l\u00e9ment filtrant pour l&#039;eau en PP 19\" data-alt=\"High filtration 10 20 inch big blue wine sediment filter\/PP water filter element\" data-=\"\" data-lazy=\"2\" title=\"\"><\/p>\n<p><img decoding=\"async\" src=\"https:\/\/img.yfisher.com\/m6076\/1725727044bwm\/jpg70-t3-scale100.webp\" alt=\"Filtre \u00e0 s\u00e9diments pour vin bleu de 10 \u00e0 20 pouces\/\u00e9l\u00e9ment filtrant pour eau en PP 21\" data-alt=\"High filtration 10 20 inch big blue wine sediment filter\/PP water filter element\" data-=\"\" data-lazy=\"2\" title=\"\"><\/p>\n<p>&nbsp;<\/p>\n<p>&nbsp;<\/p>\n<p>&nbsp;<\/p>\n<p>&nbsp;<\/p>\n<p>&nbsp;<\/p>\n<p>&nbsp;<\/p>\n<p>N'h\u00e9sitez pas \u00e0 nous contacter pour plus de d\u00e9tails ou pour un devis.<\/p>\n<p>si vous \u00eates int\u00e9ress\u00e9 par nos produits ou notre entreprise : )<\/p>\n<p>&nbsp;<\/p>\n<p>&nbsp;<\/p>\n<p>&nbsp;<\/p>\n<p>&nbsp;<\/p>\n<p><strong>Mes coordonn\u00e9es -----<\/strong><\/p>\n<p><img decoding=\"async\" src=\"https:\/\/img.yfisher.com\/m6076\/1725727044sd3\/jpg70-t3-scale100.webp\" alt=\"Filtre \u00e0 s\u00e9diments pour vin bleu de 10 \u00e0 20 pouces\/\u00e9l\u00e9ment filtrant pour eau en PP de haute filtration 23\" data-alt=\"High filtration 10 20 inch big blue wine sediment filter\/PP water filter element\" data-=\"\" data-lazy=\"2\" title=\"\"><\/p>\n<\/div>\n<\/div>\n<div data-module=\"detailMarketPackage\"><\/div>\n<div data-module=\"productAuth\"><\/div>\n<\/div>\n<\/div>\n<div class=\"diffStatement\">Il s'agit d'un produit phare dans ce domaine, tr\u00e8s appr\u00e9ci\u00e9 par de nombreux clients. La couche de support interne est \u00e9troitement li\u00e9e au mat\u00e9riau filtrant, ce qui lui conf\u00e8re une forte r\u00e9sistance aux chocs. Lvyuan Water Purification Equipment s'est forg\u00e9 une excellente r\u00e9putation aupr\u00e8s de ses clients en d\u00e9ployant des efforts consid\u00e9rables dans les domaines suivants\u00a0<a href=\"https:\/\/lyfilter.com\/fr\/products.html\/\">cartouches de filtre \u00e0 eau<\/a>\u00a0et la promotion lourde. La couche de support interne est \u00e9troitement li\u00e9e au mat\u00e9riau filtrant, ce qui lui conf\u00e8re une forte r\u00e9sistance aux chocs.<\/div>","protected":false},"excerpt":{"rendered":"<table>\n<thead>\n<tr>\n<th><strong>Champ d'application<\/strong><\/th>\n<th><strong>Valeur<\/strong><\/th>\n<\/tr>\n<\/thead>\n<tbody>\n<tr>\n<td>Industries concern\u00e9es<\/td>\n<td>H\u00f4tels, magasins de v\u00eatements, magasins de mat\u00e9riaux de construction, usines de fabrication, ateliers de r\u00e9paration de machines, usines de produits alimentaires et de boissons, fermes, restaurants, usage domestique, commerce de d\u00e9tail, magasins d'alimentation, imprimeries, travaux de construction, \u00e9nergie et mines, magasins de produits alimentaires et de boissons, soci\u00e9t\u00e9s de publicit\u00e9.<\/td>\n<\/tr>\n<tr>\n<td>Lieu d'origine<\/td>\n<td>Chine<\/td>\n<\/tr>\n<tr>\n<td>Nom de la marque<\/td>\n<td>Sur mesure<\/td>\n<\/tr>\n<tr>\n<td>Mat\u00e9riau<\/td>\n<td>Personnalis\u00e9, PP, Polypropyl\u00e8ne<\/td>\n<\/tr>\n<tr>\n<td>Poids<\/td>\n<td>Sur mesure<\/td>\n<\/tr>\n<tr>\n<td>Taille<\/td>\n<td>Sur mesure<\/td>\n<\/tr>\n<tr>\n<td>Puissance<\/td>\n<td>0<\/td>\n<\/tr>\n<tr>\n<td>Garantie<\/td>\n<td>1 an<\/td>\n<\/tr>\n<tr>\n<td>Service apr\u00e8s-vente<\/td>\n<td>Soutien en ligne<\/td>\n<\/tr>\n<tr>\n<td>Nom du produit<\/td>\n<td>10\/20 inch Big Blue wine sediment filter \/ PP water filter element<\/td>\n<\/tr>\n<tr>\n<td>Type de filtre<\/td>\n<td>Rainure, Gaufrage, Points, Logo de l'entreprise<\/td>\n<\/tr>\n<tr>\n<td>Longueur<\/td>\n<td>10 \/ 20 pouces<\/td>\n<\/tr>\n<tr>\n<td>Diam\u00e8tre ext\u00e9rieur<\/td>\n<td>60-65 mm<\/td>\n<\/tr>\n<tr>\n<td>Micron<\/td>\n<td>1-100 micron<\/td>\n<\/tr>\n<tr>\n<td>Diam\u00e8tre int\u00e9rieur<\/td>\n<td>28 mm \/ 30 mm<\/td>\n<\/tr>\n<tr>\n<td>Interface du filtre<\/td>\n<td>Type plat, Type 222, Type 226, Type 215<\/td>\n<\/tr>\n<tr>\n<td>Temp\u00e9rature la plus \u00e9lev\u00e9e<\/td>\n<td>80\u2103<\/td>\n<\/tr>\n<tr>\n<td>Chute de pression de travail<\/td>\n<td>0,1 kgf\/c\u33a1<\/td>\n<\/tr>\n<\/tbody>\n<\/table>","protected":false},"featured_media":855,"comment_status":"open","ping_status":"closed","template":"","meta":{"_gspb_post_css":""},"product_brand":[],"product_cat":[23,17],"product_tag":[327,362,359,360,363,361],"class_list":{"0":"post-849","1":"product","2":"type-product","3":"status-publish","4":"has-post-thumbnail","6":"product_cat-pp-filter-cartridge","7":"product_cat-sediment-filter","8":"product_tag-1-100-micron-filter","9":"product_tag-10-20-inch-cartridge","10":"product_tag-big-blue-sediment-filter","11":"product_tag-pp-water-filter-element","12":"product_tag-type-222-226-interface","13":"product_tag-wine-sediment-filtration","15":"first","16":"instock","17":"shipping-taxable","18":"product-type-simple"},"_links":{"self":[{"href":"https:\/\/lyfilter.com\/fr\/wp-json\/wp\/v2\/product\/849","targetHints":{"allow":["GET"]}}],"collection":[{"href":"https:\/\/lyfilter.com\/fr\/wp-json\/wp\/v2\/product"}],"about":[{"href":"https:\/\/lyfilter.com\/fr\/wp-json\/wp\/v2\/types\/product"}],"replies":[{"embeddable":true,"href":"https:\/\/lyfilter.com\/fr\/wp-json\/wp\/v2\/comments?post=849"}],"wp:featuredmedia":[{"embeddable":true,"href":"https:\/\/lyfilter.com\/fr\/wp-json\/wp\/v2\/media\/855"}],"wp:attachment":[{"href":"https:\/\/lyfilter.com\/fr\/wp-json\/wp\/v2\/media?parent=849"}],"wp:term":[{"taxonomy":"product_brand","embeddable":true,"href":"https:\/\/lyfilter.com\/fr\/wp-json\/wp\/v2\/product_brand?post=849"},{"taxonomy":"product_cat","embeddable":true,"href":"https:\/\/lyfilter.com\/fr\/wp-json\/wp\/v2\/product_cat?post=849"},{"taxonomy":"product_tag","embeddable":true,"href":"https:\/\/lyfilter.com\/fr\/wp-json\/wp\/v2\/product_tag?post=849"}],"curies":[{"name":"wp","href":"https:\/\/api.w.org\/{rel}","templated":true}]}}